{"id":10409,"date":"2025-01-05T18:00:31","date_gmt":"2025-01-05T17:00:31","guid":{"rendered":"https:\/\/weareesp.com\/massage-sportif\/"},"modified":"2025-01-05T18:00:32","modified_gmt":"2025-01-05T17:00:32","slug":"massage-sportif","status":"publish","type":"page","link":"https:\/\/weareesp.com\/fr\/massage-sportif\/","title":{"rendered":"Massage Sportif"},"content":{"rendered":"\n<h5 class=\"wp-block-heading has-text-align-left\">Chez ESP x BODYZEN Kortenberg, notre th\u00e9rapie par le massage repose sur une \u00e9coute attentive, une compr\u00e9hension profonde et une connexion authentique avec chaque client. En tant que masseurs passionn\u00e9s et qualifi\u00e9s de BODYZEN, nous pla\u00e7ons vos besoins au c\u0153ur de chaque s\u00e9ance, en veillant \u00e0 ce qu\u2019elle soit adapt\u00e9e pour vous aider \u00e0 atteindre vos objectifs de bien-\u00eatre et de performance.<\/h5>\n\n<p class=\"has-text-align-left\">Notre approche personnalis\u00e9e garantit que chaque massage est une exp\u00e9rience sur mesure, soigneusement con\u00e7ue pour soutenir vos objectifs, que vous soyez en r\u00e9cup\u00e9ration apr\u00e8s une blessure, que vous cherchiez \u00e0 am\u00e9liorer vos performances ou simplement \u00e0 soulager les tensions.<\/p>\n\n<p>Le massage sportif chez ESP est bien plus qu\u2019un simple soin : c\u2019est un outil essentiel pour optimiser les performances, pr\u00e9venir les blessures et acc\u00e9l\u00e9rer la r\u00e9cup\u00e9ration. Nos s\u00e9ances int\u00e8grent des techniques pr\u00e9cises et efficaces, souvent enrichies par des outils avanc\u00e9s tels que le Theragun, le cupping, le scraping et la technique Active Release (ART). Ces m\u00e9thodes agissent ensemble pour pr\u00e9parer votre corps, soulager les tensions musculaires et am\u00e9liorer votre condition physique globale.<\/p>\n\n<p>Notre objectif est simple : allier expertise technique, attention personnalis\u00e9e et passion pour le bien-\u00eatre afin d\u2019offrir le plus haut niveau de massage sportif dans un environnement d\u00e9di\u00e9 \u00e0 votre progression et \u00e0 votre sant\u00e9. Que vous soyez d\u00e9butant, en reprise d\u2019activit\u00e9 ou athl\u00e8te confirm\u00e9, nous sommes l\u00e0 pour vous aider \u00e0 atteindre vos objectifs et \u00e0 vous sentir au mieux de votre forme. Vivez l\u2019\u00e9quilibre parfait entre performance et bien-\u00eatre avec ESP.<\/p>\n\n<figure class=\"wp-block-gallery has-nested-images columns-default is-cropped wp-block-gallery-1 is-layout-flex wp-block-gallery-is-layout-flex\">\n<figure class=\"wp-block-image size-large\"><img fetchpriority=\"high\" decoding=\"async\" width=\"683\" height=\"1024\" data-id=\"10375\" src=\"https:\/\/weareesp.com\/www\/wp-content\/uploads\/2025\/01\/DSCF0820-683x1024.jpg\" alt=\"\" class=\"wp-image-10375\" srcset=\"https:\/\/weareesp.com\/www\/wp-content\/uploads\/2025\/01\/DSCF0820-683x1024.jpg 683w, https:\/\/weareesp.com\/www\/wp-content\/uploads\/2025\/01\/DSCF0820-200x300.jpg 200w, https:\/\/weareesp.com\/www\/wp-content\/uploads\/2025\/01\/DSCF0820-768x1152.jpg 768w, https:\/\/weareesp.com\/www\/wp-content\/uploads\/2025\/01\/DSCF0820-1024x1536.jpg 1024w, https:\/\/weareesp.com\/www\/wp-content\/uploads\/2025\/01\/DSCF0820-1365x2048.jpg 1365w, https:\/\/weareesp.com\/www\/wp-content\/uploads\/2025\/01\/DSCF0820-scaled.jpg 1707w\" sizes=\"(max-width: 683px) 100vw, 683px\" \/><\/figure>\n\n\n\n<figure class=\"wp-block-image size-large\"><img decoding=\"async\" width=\"1024\" height=\"683\" data-id=\"10372\" src=\"https:\/\/weareesp.com\/www\/wp-content\/uploads\/2025\/01\/DSCF0840-1024x683.jpg\" alt=\"\" class=\"wp-image-10372\" srcset=\"https:\/\/weareesp.com\/www\/wp-content\/uploads\/2025\/01\/DSCF0840-1024x683.jpg 1024w, https:\/\/weareesp.com\/www\/wp-content\/uploads\/2025\/01\/DSCF0840-300x200.jpg 300w, https:\/\/weareesp.com\/www\/wp-content\/uploads\/2025\/01\/DSCF0840-768x512.jpg 768w, https:\/\/weareesp.com\/www\/wp-content\/uploads\/2025\/01\/DSCF0840-1536x1024.jpg 1536w, https:\/\/weareesp.com\/www\/wp-content\/uploads\/2025\/01\/DSCF0840-2048x1365.jpg 2048w\" sizes=\"(max-width: 1024px) 100vw, 1024px\" \/><\/figure>\n\n\n\n<figure class=\"wp-block-image size-large\"><img decoding=\"async\" width=\"683\" height=\"1024\" data-id=\"10384\" src=\"https:\/\/weareesp.com\/www\/wp-content\/uploads\/2025\/01\/DSCF0867-683x1024.jpg\" alt=\"\" class=\"wp-image-10384\" srcset=\"https:\/\/weareesp.com\/www\/wp-content\/uploads\/2025\/01\/DSCF0867-683x1024.jpg 683w, https:\/\/weareesp.com\/www\/wp-content\/uploads\/2025\/01\/DSCF0867-200x300.jpg 200w, https:\/\/weareesp.com\/www\/wp-content\/uploads\/2025\/01\/DSCF0867-768x1152.jpg 768w, https:\/\/weareesp.com\/www\/wp-content\/uploads\/2025\/01\/DSCF0867-1024x1536.jpg 1024w, https:\/\/weareesp.com\/www\/wp-content\/uploads\/2025\/01\/DSCF0867-1365x2048.jpg 1365w, https:\/\/weareesp.com\/www\/wp-content\/uploads\/2025\/01\/DSCF0867-scaled.jpg 1707w\" sizes=\"(max-width: 683px) 100vw, 683px\" \/><\/figure>\n\n\n\n<figure class=\"wp-block-image size-large\"><img loading=\"lazy\" decoding=\"async\" width=\"683\" height=\"1024\" data-id=\"10381\" src=\"https:\/\/weareesp.com\/www\/wp-content\/uploads\/2025\/01\/DSCF0890-683x1024.jpg\" alt=\"\" class=\"wp-image-10381\" srcset=\"https:\/\/weareesp.com\/www\/wp-content\/uploads\/2025\/01\/DSCF0890-683x1024.jpg 683w, https:\/\/weareesp.com\/www\/wp-content\/uploads\/2025\/01\/DSCF0890-200x300.jpg 200w, https:\/\/weareesp.com\/www\/wp-content\/uploads\/2025\/01\/DSCF0890-768x1152.jpg 768w, https:\/\/weareesp.com\/www\/wp-content\/uploads\/2025\/01\/DSCF0890-1024x1536.jpg 1024w, https:\/\/weareesp.com\/www\/wp-content\/uploads\/2025\/01\/DSCF0890-1365x2048.jpg 1365w, https:\/\/weareesp.com\/www\/wp-content\/uploads\/2025\/01\/DSCF0890-scaled.jpg 1707w\" sizes=\"(max-width: 683px) 100vw, 683px\" \/><\/figure>\n\n\n\n<figure class=\"wp-block-image size-large\"><img loading=\"lazy\" decoding=\"async\" width=\"1024\" height=\"1024\" data-id=\"10369\" src=\"https:\/\/weareesp.com\/www\/wp-content\/uploads\/2025\/01\/DSCF1080-1024x1024.jpg\" alt=\"\" class=\"wp-image-10369\" srcset=\"https:\/\/weareesp.com\/www\/wp-content\/uploads\/2025\/01\/DSCF1080-1024x1024.jpg 1024w, https:\/\/weareesp.com\/www\/wp-content\/uploads\/2025\/01\/DSCF1080-300x300.jpg 300w, https:\/\/weareesp.com\/www\/wp-content\/uploads\/2025\/01\/DSCF1080-150x150.jpg 150w, https:\/\/weareesp.com\/www\/wp-content\/uploads\/2025\/01\/DSCF1080-768x768.jpg 768w, https:\/\/weareesp.com\/www\/wp-content\/uploads\/2025\/01\/DSCF1080-1536x1536.jpg 1536w, https:\/\/weareesp.com\/www\/wp-content\/uploads\/2025\/01\/DSCF1080-2048x2048.jpg 2048w\" sizes=\"(max-width: 1024px) 100vw, 1024px\" \/><\/figure>\n\n\n\n<figure class=\"wp-block-image size-large\"><img loading=\"lazy\" decoding=\"async\" width=\"683\" height=\"1024\" data-id=\"10378\" src=\"https:\/\/weareesp.com\/www\/wp-content\/uploads\/2025\/01\/DSCF1196-683x1024.jpg\" alt=\"\" class=\"wp-image-10378\" srcset=\"https:\/\/weareesp.com\/www\/wp-content\/uploads\/2025\/01\/DSCF1196-683x1024.jpg 683w, https:\/\/weareesp.com\/www\/wp-content\/uploads\/2025\/01\/DSCF1196-200x300.jpg 200w, https:\/\/weareesp.com\/www\/wp-content\/uploads\/2025\/01\/DSCF1196-768x1152.jpg 768w, https:\/\/weareesp.com\/www\/wp-content\/uploads\/2025\/01\/DSCF1196-1024x1536.jpg 1024w, https:\/\/weareesp.com\/www\/wp-content\/uploads\/2025\/01\/DSCF1196-1365x2048.jpg 1365w, https:\/\/weareesp.com\/www\/wp-content\/uploads\/2025\/01\/DSCF1196-scaled.jpg 1707w\" sizes=\"(max-width: 683px) 100vw, 683px\" \/><\/figure>\n<\/figure>\n","protected":false},"excerpt":{"rendered":"<p>Chez ESP x BODYZEN Kortenberg, notre th\u00e9rapie par le massage repose sur une \u00e9coute attentive, une compr\u00e9hension profonde et une [&hellip;]<\/p>\n","protected":false},"author":3,"featured_media":3018,"parent":0,"menu_order":0,"comment_status":"closed","ping_status":"closed","template":"","meta":{"_acf_changed":false,"_themeisle_gutenberg_block_has_review":false,"footnotes":""},"class_list":["post-10409","page","type-page","status-publish","has-post-thumbnail","hentry"],"featured_image_src":"https:\/\/weareesp.com\/www\/wp-content\/uploads\/2022\/06\/esp-services-rehabilitation-2564-copyright-laetizia-bazzoni.jpg","acf":[],"yoast_head":"<!-- This site is optimized with the Yoast SEO plugin v27.3 - https:\/\/yoast.com\/product\/yoast-seo-wordpress\/ -->\n<title>Massage Therapy - ESP<\/title>\n<meta name=\"description\" content=\"D\u00e9couvrez l&#039;expertise en massage sportif chez ESP x BODYZEN Kortenberg. Du cupping au scraping en passant par la technique Active Release, nous proposons des traitements sur mesure pour optimiser vos performances, pr\u00e9venir les blessures et acc\u00e9l\u00e9rer votre r\u00e9cup\u00e9ration. R\u00e9servez votre s\u00e9ance personnalis\u00e9e d\u00e8s aujourd&#039;hui !\" \/>\n<meta name=\"robots\" content=\"index, follow, max-snippet:-1, max-image-preview:large, max-video-preview:-1\" \/>\n<link rel=\"canonical\" href=\"https:\/\/weareesp.com\/fr\/massage-sportif\/\" \/>\n<meta property=\"og:locale\" content=\"fr_FR\" \/>\n<meta property=\"og:type\" content=\"article\" \/>\n<meta property=\"og:title\" content=\"Massage Therapy - ESP\" \/>\n<meta property=\"og:description\" content=\"D\u00e9couvrez l&#039;expertise en massage sportif chez ESP x BODYZEN Kortenberg. Du cupping au scraping en passant par la technique Active Release, nous proposons des traitements sur mesure pour optimiser vos performances, pr\u00e9venir les blessures et acc\u00e9l\u00e9rer votre r\u00e9cup\u00e9ration. R\u00e9servez votre s\u00e9ance personnalis\u00e9e d\u00e8s aujourd&#039;hui !\" \/>\n<meta property=\"og:url\" content=\"https:\/\/weareesp.com\/fr\/massage-sportif\/\" \/>\n<meta property=\"og:site_name\" content=\"ESP\" \/>\n<meta property=\"article:publisher\" content=\"https:\/\/fr-fr.facebook.com\/elite.sport.performance.rolandclaes\/\" \/>\n<meta property=\"article:modified_time\" content=\"2025-01-05T17:00:32+00:00\" \/>\n<meta property=\"og:image\" content=\"https:\/\/weareesp.com\/www\/wp-content\/uploads\/2022\/06\/esp-services-rehabilitation-2564-copyright-laetizia-bazzoni.jpg\" \/>\n\t<meta property=\"og:image:width\" content=\"1650\" \/>\n\t<meta property=\"og:image:height\" content=\"1100\" \/>\n\t<meta property=\"og:image:type\" content=\"image\/jpeg\" \/>\n<meta name=\"twitter:card\" content=\"summary_large_image\" \/>\n<meta name=\"twitter:label1\" content=\"Dur\u00e9e de lecture estim\u00e9e\" \/>\n\t<meta name=\"twitter:data1\" content=\"1 minute\" \/>\n<script type=\"application\/ld+json\" class=\"yoast-schema-graph\">{\"@context\":\"https:\\\/\\\/schema.org\",\"@graph\":[{\"@type\":\"WebPage\",\"@id\":\"https:\\\/\\\/weareesp.com\\\/fr\\\/massage-sportif\\\/\",\"url\":\"https:\\\/\\\/weareesp.com\\\/fr\\\/massage-sportif\\\/\",\"name\":\"Massage Therapy - ESP\",\"isPartOf\":{\"@id\":\"https:\\\/\\\/weareesp.com\\\/fr\\\/#website\"},\"primaryImageOfPage\":{\"@id\":\"https:\\\/\\\/weareesp.com\\\/fr\\\/massage-sportif\\\/#primaryimage\"},\"image\":{\"@id\":\"https:\\\/\\\/weareesp.com\\\/fr\\\/massage-sportif\\\/#primaryimage\"},\"thumbnailUrl\":\"https:\\\/\\\/weareesp.com\\\/www\\\/wp-content\\\/uploads\\\/2022\\\/06\\\/esp-services-rehabilitation-2564-copyright-laetizia-bazzoni.jpg\",\"datePublished\":\"2025-01-05T17:00:31+00:00\",\"dateModified\":\"2025-01-05T17:00:32+00:00\",\"description\":\"D\u00e9couvrez l'expertise en massage sportif chez ESP x BODYZEN Kortenberg. Du cupping au scraping en passant par la technique Active Release, nous proposons des traitements sur mesure pour optimiser vos performances, pr\u00e9venir les blessures et acc\u00e9l\u00e9rer votre r\u00e9cup\u00e9ration. R\u00e9servez votre s\u00e9ance personnalis\u00e9e d\u00e8s aujourd'hui !\",\"breadcrumb\":{\"@id\":\"https:\\\/\\\/weareesp.com\\\/fr\\\/massage-sportif\\\/#breadcrumb\"},\"inLanguage\":\"fr-FR\",\"potentialAction\":[{\"@type\":\"ReadAction\",\"target\":[\"https:\\\/\\\/weareesp.com\\\/fr\\\/massage-sportif\\\/\"]}]},{\"@type\":\"ImageObject\",\"inLanguage\":\"fr-FR\",\"@id\":\"https:\\\/\\\/weareesp.com\\\/fr\\\/massage-sportif\\\/#primaryimage\",\"url\":\"https:\\\/\\\/weareesp.com\\\/www\\\/wp-content\\\/uploads\\\/2022\\\/06\\\/esp-services-rehabilitation-2564-copyright-laetizia-bazzoni.jpg\",\"contentUrl\":\"https:\\\/\\\/weareesp.com\\\/www\\\/wp-content\\\/uploads\\\/2022\\\/06\\\/esp-services-rehabilitation-2564-copyright-laetizia-bazzoni.jpg\",\"width\":1650,\"height\":1100,\"caption\":\"Service : Revalidation\"},{\"@type\":\"BreadcrumbList\",\"@id\":\"https:\\\/\\\/weareesp.com\\\/fr\\\/massage-sportif\\\/#breadcrumb\",\"itemListElement\":[{\"@type\":\"ListItem\",\"position\":1,\"name\":\"Accueil\",\"item\":\"https:\\\/\\\/weareesp.com\\\/fr\\\/\"},{\"@type\":\"ListItem\",\"position\":2,\"name\":\"Massage Sportif\"}]},{\"@type\":\"WebSite\",\"@id\":\"https:\\\/\\\/weareesp.com\\\/fr\\\/#website\",\"url\":\"https:\\\/\\\/weareesp.com\\\/fr\\\/\",\"name\":\"ESP\",\"description\":\"Elite Sport Performance\",\"publisher\":{\"@id\":\"https:\\\/\\\/weareesp.com\\\/fr\\\/#organization\"},\"potentialAction\":[{\"@type\":\"SearchAction\",\"target\":{\"@type\":\"EntryPoint\",\"urlTemplate\":\"https:\\\/\\\/weareesp.com\\\/fr\\\/?s={search_term_string}\"},\"query-input\":{\"@type\":\"PropertyValueSpecification\",\"valueRequired\":true,\"valueName\":\"search_term_string\"}}],\"inLanguage\":\"fr-FR\"},{\"@type\":\"Organization\",\"@id\":\"https:\\\/\\\/weareesp.com\\\/fr\\\/#organization\",\"name\":\"ESP - Elite Sport Performance\",\"url\":\"https:\\\/\\\/weareesp.com\\\/fr\\\/\",\"logo\":{\"@type\":\"ImageObject\",\"inLanguage\":\"fr-FR\",\"@id\":\"https:\\\/\\\/weareesp.com\\\/fr\\\/#\\\/schema\\\/logo\\\/image\\\/\",\"url\":\"https:\\\/\\\/weareesp.com\\\/www\\\/wp-content\\\/uploads\\\/2022\\\/05\\\/logo-esp.svg\",\"contentUrl\":\"https:\\\/\\\/weareesp.com\\\/www\\\/wp-content\\\/uploads\\\/2022\\\/05\\\/logo-esp.svg\",\"width\":1,\"height\":1,\"caption\":\"ESP - Elite Sport Performance\"},\"image\":{\"@id\":\"https:\\\/\\\/weareesp.com\\\/fr\\\/#\\\/schema\\\/logo\\\/image\\\/\"},\"sameAs\":[\"https:\\\/\\\/fr-fr.facebook.com\\\/elite.sport.performance.rolandclaes\\\/\",\"https:\\\/\\\/www.instagram.com\\\/weareesp\\\/\",\"https:\\\/\\\/www.linkedin.com\\\/company\\\/weareesp\\\/?viewAsMember=true\"]}]}<\/script>\n<!-- \/ Yoast SEO plugin. -->","yoast_head_json":{"title":"Massage Therapy - ESP","description":"D\u00e9couvrez l'expertise en massage sportif chez ESP x BODYZEN Kortenberg. Du cupping au scraping en passant par la technique Active Release, nous proposons des traitements sur mesure pour optimiser vos performances, pr\u00e9venir les blessures et acc\u00e9l\u00e9rer votre r\u00e9cup\u00e9ration. R\u00e9servez votre s\u00e9ance personnalis\u00e9e d\u00e8s aujourd'hui !","robots":{"index":"index","follow":"follow","max-snippet":"max-snippet:-1","max-image-preview":"max-image-preview:large","max-video-preview":"max-video-preview:-1"},"canonical":"https:\/\/weareesp.com\/fr\/massage-sportif\/","og_locale":"fr_FR","og_type":"article","og_title":"Massage Therapy - ESP","og_description":"D\u00e9couvrez l'expertise en massage sportif chez ESP x BODYZEN Kortenberg. Du cupping au scraping en passant par la technique Active Release, nous proposons des traitements sur mesure pour optimiser vos performances, pr\u00e9venir les blessures et acc\u00e9l\u00e9rer votre r\u00e9cup\u00e9ration. R\u00e9servez votre s\u00e9ance personnalis\u00e9e d\u00e8s aujourd'hui !","og_url":"https:\/\/weareesp.com\/fr\/massage-sportif\/","og_site_name":"ESP","article_publisher":"https:\/\/fr-fr.facebook.com\/elite.sport.performance.rolandclaes\/","article_modified_time":"2025-01-05T17:00:32+00:00","og_image":[{"width":1650,"height":1100,"url":"https:\/\/weareesp.com\/www\/wp-content\/uploads\/2022\/06\/esp-services-rehabilitation-2564-copyright-laetizia-bazzoni.jpg","type":"image\/jpeg"}],"twitter_card":"summary_large_image","twitter_misc":{"Dur\u00e9e de lecture estim\u00e9e":"1 minute"},"schema":{"@context":"https:\/\/schema.org","@graph":[{"@type":"WebPage","@id":"https:\/\/weareesp.com\/fr\/massage-sportif\/","url":"https:\/\/weareesp.com\/fr\/massage-sportif\/","name":"Massage Therapy - ESP","isPartOf":{"@id":"https:\/\/weareesp.com\/fr\/#website"},"primaryImageOfPage":{"@id":"https:\/\/weareesp.com\/fr\/massage-sportif\/#primaryimage"},"image":{"@id":"https:\/\/weareesp.com\/fr\/massage-sportif\/#primaryimage"},"thumbnailUrl":"https:\/\/weareesp.com\/www\/wp-content\/uploads\/2022\/06\/esp-services-rehabilitation-2564-copyright-laetizia-bazzoni.jpg","datePublished":"2025-01-05T17:00:31+00:00","dateModified":"2025-01-05T17:00:32+00:00","description":"D\u00e9couvrez l'expertise en massage sportif chez ESP x BODYZEN Kortenberg. Du cupping au scraping en passant par la technique Active Release, nous proposons des traitements sur mesure pour optimiser vos performances, pr\u00e9venir les blessures et acc\u00e9l\u00e9rer votre r\u00e9cup\u00e9ration. R\u00e9servez votre s\u00e9ance personnalis\u00e9e d\u00e8s aujourd'hui !","breadcrumb":{"@id":"https:\/\/weareesp.com\/fr\/massage-sportif\/#breadcrumb"},"inLanguage":"fr-FR","potentialAction":[{"@type":"ReadAction","target":["https:\/\/weareesp.com\/fr\/massage-sportif\/"]}]},{"@type":"ImageObject","inLanguage":"fr-FR","@id":"https:\/\/weareesp.com\/fr\/massage-sportif\/#primaryimage","url":"https:\/\/weareesp.com\/www\/wp-content\/uploads\/2022\/06\/esp-services-rehabilitation-2564-copyright-laetizia-bazzoni.jpg","contentUrl":"https:\/\/weareesp.com\/www\/wp-content\/uploads\/2022\/06\/esp-services-rehabilitation-2564-copyright-laetizia-bazzoni.jpg","width":1650,"height":1100,"caption":"Service : Revalidation"},{"@type":"BreadcrumbList","@id":"https:\/\/weareesp.com\/fr\/massage-sportif\/#breadcrumb","itemListElement":[{"@type":"ListItem","position":1,"name":"Accueil","item":"https:\/\/weareesp.com\/fr\/"},{"@type":"ListItem","position":2,"name":"Massage Sportif"}]},{"@type":"WebSite","@id":"https:\/\/weareesp.com\/fr\/#website","url":"https:\/\/weareesp.com\/fr\/","name":"ESP","description":"Elite Sport Performance","publisher":{"@id":"https:\/\/weareesp.com\/fr\/#organization"},"potentialAction":[{"@type":"SearchAction","target":{"@type":"EntryPoint","urlTemplate":"https:\/\/weareesp.com\/fr\/?s={search_term_string}"},"query-input":{"@type":"PropertyValueSpecification","valueRequired":true,"valueName":"search_term_string"}}],"inLanguage":"fr-FR"},{"@type":"Organization","@id":"https:\/\/weareesp.com\/fr\/#organization","name":"ESP - Elite Sport Performance","url":"https:\/\/weareesp.com\/fr\/","logo":{"@type":"ImageObject","inLanguage":"fr-FR","@id":"https:\/\/weareesp.com\/fr\/#\/schema\/logo\/image\/","url":"https:\/\/weareesp.com\/www\/wp-content\/uploads\/2022\/05\/logo-esp.svg","contentUrl":"https:\/\/weareesp.com\/www\/wp-content\/uploads\/2022\/05\/logo-esp.svg","width":1,"height":1,"caption":"ESP - Elite Sport Performance"},"image":{"@id":"https:\/\/weareesp.com\/fr\/#\/schema\/logo\/image\/"},"sameAs":["https:\/\/fr-fr.facebook.com\/elite.sport.performance.rolandclaes\/","https:\/\/www.instagram.com\/weareesp\/","https:\/\/www.linkedin.com\/company\/weareesp\/?viewAsMember=true"]}]}},"_links":{"self":[{"href":"https:\/\/weareesp.com\/fr\/wp-json\/wp\/v2\/pages\/10409","targetHints":{"allow":["GET"]}}],"collection":[{"href":"https:\/\/weareesp.com\/fr\/wp-json\/wp\/v2\/pages"}],"about":[{"href":"https:\/\/weareesp.com\/fr\/wp-json\/wp\/v2\/types\/page"}],"author":[{"embeddable":true,"href":"https:\/\/weareesp.com\/fr\/wp-json\/wp\/v2\/users\/3"}],"replies":[{"embeddable":true,"href":"https:\/\/weareesp.com\/fr\/wp-json\/wp\/v2\/comments?post=10409"}],"version-history":[{"count":1,"href":"https:\/\/weareesp.com\/fr\/wp-json\/wp\/v2\/pages\/10409\/revisions"}],"predecessor-version":[{"id":10410,"href":"https:\/\/weareesp.com\/fr\/wp-json\/wp\/v2\/pages\/10409\/revisions\/10410"}],"wp:featuredmedia":[{"embeddable":true,"href":"https:\/\/weareesp.com\/fr\/wp-json\/wp\/v2\/media\/3018"}],"wp:attachment":[{"href":"https:\/\/weareesp.com\/fr\/wp-json\/wp\/v2\/media?parent=10409"}],"curies":[{"name":"wp","href":"https:\/\/api.w.org\/{rel}","templated":true}]}}