{"id":11869,"date":"2025-06-22T22:04:23","date_gmt":"2025-06-22T20:04:23","guid":{"rendered":"https:\/\/weareesp.com\/esp-medical\/"},"modified":"2025-06-23T18:37:03","modified_gmt":"2025-06-23T16:37:03","slug":"esp-medical","status":"publish","type":"page","link":"https:\/\/weareesp.com\/fr\/esp-medical\/","title":{"rendered":"ESP Medical"},"content":{"rendered":"\t\t<div data-elementor-type=\"wp-page\" data-elementor-id=\"11869\" class=\"elementor elementor-11869 elementor-11696\" data-elementor-post-type=\"page\">\n\t\t\t\t\t\t<section class=\"elementor-section elementor-top-section elementor-element elementor-element-6769fc2 elementor-section-boxed elementor-section-height-default elementor-section-height-default\" data-id=\"6769fc2\" data-element_type=\"section\" data-e-type=\"section\">\n\t\t\t\t\t\t<div class=\"elementor-container elementor-column-gap-default\">\n\t\t\t\t\t<div class=\"elementor-column elementor-col-100 elementor-top-column elementor-element elementor-element-7f251bf\" data-id=\"7f251bf\" data-element_type=\"column\" data-e-type=\"column\">\n\t\t\t<div class=\"elementor-widget-wrap\">\n\t\t\t\t\t\t\t<\/div>\n\t\t<\/div>\n\t\t\t\t\t<\/div>\n\t\t<\/section>\n\t\t\t\t<section class=\"elementor-section elementor-top-section elementor-element elementor-element-2733668 elementor-section-boxed elementor-section-height-default elementor-section-height-default\" data-id=\"2733668\" data-element_type=\"section\" data-e-type=\"section\">\n\t\t\t\t\t\t<div class=\"elementor-container elementor-column-gap-default\">\n\t\t\t\t\t<div class=\"elementor-column elementor-col-100 elementor-top-column elementor-element elementor-element-787fcc6\" data-id=\"787fcc6\" data-element_type=\"column\" data-e-type=\"column\">\n\t\t\t<div class=\"elementor-widget-wrap\">\n\t\t\t\t\t\t\t<\/div>\n\t\t<\/div>\n\t\t\t\t\t<\/div>\n\t\t<\/section>\n\t\t\t\t<section class=\"elementor-section elementor-top-section elementor-element elementor-element-adeddb6 elementor-section-boxed elementor-section-height-default elementor-section-height-default\" data-id=\"adeddb6\" data-element_type=\"section\" data-e-type=\"section\">\n\t\t\t\t\t\t<div class=\"elementor-container elementor-column-gap-default\">\n\t\t\t\t\t<div class=\"elementor-column elementor-col-100 elementor-top-column elementor-element elementor-element-7f55d42\" data-id=\"7f55d42\" data-element_type=\"column\" data-e-type=\"column\">\n\t\t\t<div class=\"elementor-widget-wrap\">\n\t\t\t\t\t\t\t<\/div>\n\t\t<\/div>\n\t\t\t\t\t<\/div>\n\t\t<\/section>\n\t\t\t\t<section class=\"elementor-section elementor-top-section elementor-element elementor-element-6a9f03d elementor-section-boxed elementor-section-height-default elementor-section-height-default\" data-id=\"6a9f03d\" data-element_type=\"section\" data-e-type=\"section\">\n\t\t\t\t\t\t<div class=\"elementor-container elementor-column-gap-default\">\n\t\t\t\t\t<div class=\"elementor-column elementor-col-100 elementor-top-column elementor-element elementor-element-1ac50e3\" data-id=\"1ac50e3\" data-element_type=\"column\" data-e-type=\"column\">\n\t\t\t<div class=\"elementor-widget-wrap elementor-element-populated\">\n\t\t\t\t\t\t<div class=\"elementor-element elementor-element-2d29151 elementor-widget elementor-widget-spacer\" data-id=\"2d29151\" data-element_type=\"widget\" data-e-type=\"widget\" data-widget_type=\"spacer.default\">\n\t\t\t\t<div class=\"elementor-widget-container\">\n\t\t\t\t\t\t\t<div class=\"elementor-spacer\">\n\t\t\t<div class=\"elementor-spacer-inner\"><\/div>\n\t\t<\/div>\n\t\t\t\t\t\t<\/div>\n\t\t\t\t<\/div>\n\t\t\t\t\t<\/div>\n\t\t<\/div>\n\t\t\t\t\t<\/div>\n\t\t<\/section>\n\t\t\t\t<section class=\"elementor-section elementor-top-section elementor-element elementor-element-b8aab34 elementor-section-boxed elementor-section-height-default elementor-section-height-default\" data-id=\"b8aab34\" data-element_type=\"section\" data-e-type=\"section\">\n\t\t\t\t\t\t<div class=\"elementor-container elementor-column-gap-default\">\n\t\t\t\t\t<div class=\"elementor-column elementor-col-100 elementor-top-column elementor-element elementor-element-89ba068\" data-id=\"89ba068\" data-element_type=\"column\" data-e-type=\"column\">\n\t\t\t<div class=\"elementor-widget-wrap elementor-element-populated\">\n\t\t\t\t\t\t<div class=\"elementor-element elementor-element-06fcb3e elementor-invisible elementor-widget elementor-widget-heading\" data-id=\"06fcb3e\" data-element_type=\"widget\" data-e-type=\"widget\" data-settings=\"{&quot;_animation&quot;:&quot;fadeIn&quot;}\" data-widget_type=\"heading.default\">\n\t\t\t\t<div class=\"elementor-widget-container\">\n\t\t\t\t\t<h2 class=\"elementor-heading-title elementor-size-default\">ESP MEDICAL<\/h2>\t\t\t\t<\/div>\n\t\t\t\t<\/div>\n\t\t\t\t\t<\/div>\n\t\t<\/div>\n\t\t\t\t\t<\/div>\n\t\t<\/section>\n\t\t\t\t<section class=\"elementor-section elementor-top-section elementor-element elementor-element-649da1b elementor-section-boxed elementor-section-height-default elementor-section-height-default\" data-id=\"649da1b\" data-element_type=\"section\" data-e-type=\"section\">\n\t\t\t\t\t\t<div class=\"elementor-container elementor-column-gap-default\">\n\t\t\t\t\t<div class=\"elementor-column elementor-col-100 elementor-top-column elementor-element elementor-element-cf7b55c\" data-id=\"cf7b55c\" data-element_type=\"column\" data-e-type=\"column\">\n\t\t\t<div class=\"elementor-widget-wrap elementor-element-populated\">\n\t\t\t\t\t\t<div class=\"elementor-element elementor-element-86253bf elementor-invisible elementor-widget elementor-widget-text-editor\" data-id=\"86253bf\" data-element_type=\"widget\" data-e-type=\"widget\" data-settings=\"{&quot;_animation&quot;:&quot;fadeIn&quot;}\" data-widget_type=\"text-editor.default\">\n\t\t\t\t<div class=\"elementor-widget-container\">\n\t\t\t\t\t\t\t\t\t<p style=\"text-align: center;\" data-start=\"56\" data-end=\"154\"><span style=\"color: #ffffff;\"><strong data-start=\"56\" data-end=\"86\">Bienvenue chez ESP Medical<\/strong><\/span><br data-start=\"86\" data-end=\"89\" \/><span style=\"color: #ffffff;\"><strong data-start=\"89\" data-end=\"154\">Soins personnalis\u00e9s. Gu\u00e9rison holistique. R\u00e9sultats durables.<\/strong><\/span><\/p><p style=\"text-align: center;\" data-start=\"156\" data-end=\"197\"><span style=\"color: #ffffff;\">Chez ESP, votre sant\u00e9 est notre priorit\u00e9.<\/span><\/p><p style=\"text-align: center;\" data-start=\"199\" data-end=\"350\"><span style=\"color: #ffffff;\">Nous combinons des traitements dirig\u00e9s par des experts avec une approche holistique pour soutenir votre r\u00e9tablissement et votre bien-\u00eatre \u00e0 long terme.<\/span><\/p><p style=\"text-align: center;\" data-start=\"352\" data-end=\"488\"><span style=\"color: #ffffff;\">Gr\u00e2ce \u00e0 des soins personnalis\u00e9s et une \u00e9quipe d\u00e9vou\u00e9e, nous vous accompagnons vers une sant\u00e9 optimale, <strong>\u00e0 chaque \u00e9tape de votre parcours<\/strong>.<\/span><\/p>\t\t\t\t\t\t\t\t<\/div>\n\t\t\t\t<\/div>\n\t\t\t\t\t<\/div>\n\t\t<\/div>\n\t\t\t\t\t<\/div>\n\t\t<\/section>\n\t\t\t\t<section class=\"elementor-section elementor-top-section elementor-element elementor-element-ae7bebb elementor-section-boxed elementor-section-height-default elementor-section-height-default\" data-id=\"ae7bebb\" data-element_type=\"section\" data-e-type=\"section\">\n\t\t\t\t\t\t<div class=\"elementor-container elementor-column-gap-default\">\n\t\t\t\t\t<div class=\"elementor-column elementor-col-100 elementor-top-column elementor-element elementor-element-af650e7\" data-id=\"af650e7\" data-element_type=\"column\" data-e-type=\"column\">\n\t\t\t<div class=\"elementor-widget-wrap elementor-element-populated\">\n\t\t\t\t\t\t<div class=\"elementor-element elementor-element-22537e0 elementor-widget elementor-widget-html\" data-id=\"22537e0\" data-element_type=\"widget\" data-e-type=\"widget\" data-widget_type=\"html.default\">\n\t\t\t\t<div class=\"elementor-widget-container\">\n\t\t\t\t\t<a href=\"https:\/\/weareesp.com\/fr\/services\/revalidation\/kinesitherapie-bruxelles-kortenberg\/\" class=\"video-button\">\r\n  <video class=\"video-bg\" autoplay muted loop playsinline preload=\"auto\">\r\n    <source src=\"https:\/\/weareesp.com\/www\/wp-content\/uploads\/2025\/06\/physio-NL.mp4\" \/>\r\n    Your browser does not support the video tag.\r\n  <\/video>\r\n  <span class=\"btn-label\"><\/span>\r\n<\/a>\t\t\t\t<\/div>\n\t\t\t\t<\/div>\n\t\t\t\t\t<\/div>\n\t\t<\/div>\n\t\t\t\t\t<\/div>\n\t\t<\/section>\n\t\t\t\t<section class=\"elementor-section elementor-top-section elementor-element elementor-element-f144823 elementor-section-boxed elementor-section-height-default elementor-section-height-default\" data-id=\"f144823\" data-element_type=\"section\" data-e-type=\"section\">\n\t\t\t\t\t\t<div class=\"elementor-container elementor-column-gap-default\">\n\t\t\t\t\t<div class=\"elementor-column elementor-col-100 elementor-top-column elementor-element elementor-element-d9eff1f\" data-id=\"d9eff1f\" data-element_type=\"column\" data-e-type=\"column\">\n\t\t\t<div class=\"elementor-widget-wrap elementor-element-populated\">\n\t\t\t\t\t\t<div class=\"elementor-element elementor-element-6580e19 elementor-widget elementor-widget-html\" data-id=\"6580e19\" data-element_type=\"widget\" data-e-type=\"widget\" data-widget_type=\"html.default\">\n\t\t\t\t<div class=\"elementor-widget-container\">\n\t\t\t\t\t<a href=\"https:\/\/weareesp.com\/fr\/chiropraxie\/\" class=\"video-button\">\r\n  <video class=\"video-bg\" autoplay muted loop playsinline preload=\"auto\">\r\n    <source src=\"https:\/\/weareesp.com\/www\/wp-content\/uploads\/2025\/06\/chiro-NL.mp4\" \/>\r\n    Your browser does not support the video tag.\r\n  <\/video>\r\n  <span class=\"btn-label\"><\/span>\r\n<\/a>\t\t\t\t<\/div>\n\t\t\t\t<\/div>\n\t\t\t\t\t<\/div>\n\t\t<\/div>\n\t\t\t\t\t<\/div>\n\t\t<\/section>\n\t\t\t\t<section class=\"elementor-section elementor-top-section elementor-element elementor-element-897f718 elementor-section-boxed elementor-section-height-default elementor-section-height-default\" data-id=\"897f718\" data-element_type=\"section\" data-e-type=\"section\">\n\t\t\t\t\t\t<div class=\"elementor-container elementor-column-gap-default\">\n\t\t\t\t\t<div class=\"elementor-column elementor-col-100 elementor-top-column elementor-element elementor-element-ef0893e\" data-id=\"ef0893e\" data-element_type=\"column\" data-e-type=\"column\">\n\t\t\t<div class=\"elementor-widget-wrap elementor-element-populated\">\n\t\t\t\t\t\t<div class=\"elementor-element elementor-element-e9c2b68 elementor-widget elementor-widget-html\" data-id=\"e9c2b68\" data-element_type=\"widget\" data-e-type=\"widget\" data-widget_type=\"html.default\">\n\t\t\t\t<div class=\"elementor-widget-container\">\n\t\t\t\t\t<a href=\"https:\/\/weareesp.com\/fr\/massage-sportif\/\" class=\"video-button\">\r\n  <video class=\"video-bg\" autoplay muted loop playsinline preload=\"auto\">\r\n    <source src=\"https:\/\/weareesp.com\/www\/wp-content\/uploads\/2025\/06\/SM-FR.mp4\" \/>\r\n    Your browser does not support the video tag.\r\n  <\/video>\r\n  <span class=\"btn-label\"><\/span>\r\n<\/a>\t\t\t\t<\/div>\n\t\t\t\t<\/div>\n\t\t\t\t\t<\/div>\n\t\t<\/div>\n\t\t\t\t\t<\/div>\n\t\t<\/section>\n\t\t\t\t<section class=\"elementor-section elementor-top-section elementor-element elementor-element-309db7f elementor-section-boxed elementor-section-height-default elementor-section-height-default\" data-id=\"309db7f\" data-element_type=\"section\" data-e-type=\"section\">\n\t\t\t\t\t\t<div class=\"elementor-container elementor-column-gap-default\">\n\t\t\t\t\t<div class=\"elementor-column elementor-col-100 elementor-top-column elementor-element elementor-element-1a62939\" data-id=\"1a62939\" data-element_type=\"column\" data-e-type=\"column\">\n\t\t\t<div class=\"elementor-widget-wrap elementor-element-populated\">\n\t\t\t\t\t\t<div class=\"elementor-element elementor-element-e214193 elementor-widget elementor-widget-html\" data-id=\"e214193\" data-element_type=\"widget\" data-e-type=\"widget\" data-widget_type=\"html.default\">\n\t\t\t\t<div class=\"elementor-widget-container\">\n\t\t\t\t\t<a href=\"#\" class=\"video-button\">\r\n  <video class=\"video-bg\" autoplay muted loop playsinline preload=\"auto\"\r\n         webkit-playsinline >\r\n    <source src=\"https:\/\/weareesp.com\/www\/wp-content\/uploads\/2025\/06\/nutritherapy.mp4\" type=\"video\/mp4\" \/>\r\n    Your browser does not support the video tag.\r\n  <\/video>\r\n  <span class=\"btn-label\"><\/span>\r\n<\/a>\t\t\t\t<\/div>\n\t\t\t\t<\/div>\n\t\t\t\t\t<\/div>\n\t\t<\/div>\n\t\t\t\t\t<\/div>\n\t\t<\/section>\n\t\t\t\t<section class=\"elementor-section elementor-top-section elementor-element elementor-element-e112142 elementor-section-boxed elementor-section-height-default elementor-section-height-default\" data-id=\"e112142\" data-element_type=\"section\" data-e-type=\"section\">\n\t\t\t\t\t\t<div class=\"elementor-container elementor-column-gap-default\">\n\t\t\t\t\t<div class=\"elementor-column elementor-col-100 elementor-top-column elementor-element elementor-element-7984191\" data-id=\"7984191\" data-element_type=\"column\" data-e-type=\"column\">\n\t\t\t<div class=\"elementor-widget-wrap elementor-element-populated\">\n\t\t\t\t\t\t<div class=\"elementor-element elementor-element-c554033 elementor-widget elementor-widget-html\" data-id=\"c554033\" data-element_type=\"widget\" data-e-type=\"widget\" data-widget_type=\"html.default\">\n\t\t\t\t<div class=\"elementor-widget-container\">\n\t\t\t\t\t<a href=\"#\" class=\"video-button\">\r\n  <video class=\"video-bg\" autoplay muted loop playsinline preload=\"auto\"\r\n         webkit-playsinline >\r\n    <source src=\"https:\/\/weareesp.com\/www\/wp-content\/uploads\/2025\/06\/mentalcoaching.mp4\" \/>\r\n    Your browser does not support the video tag.\r\n  <\/video>\r\n  <span class=\"btn-label\"><\/span>\r\n<\/a>\t\t\t\t<\/div>\n\t\t\t\t<\/div>\n\t\t\t\t\t<\/div>\n\t\t<\/div>\n\t\t\t\t\t<\/div>\n\t\t<\/section>\n\t\t\t\t<\/div>\n\t\t","protected":false},"excerpt":{"rendered":"<p>ESP MEDICAL Bienvenue chez ESP MedicalSoins personnalis\u00e9s. Gu\u00e9rison holistique. R\u00e9sultats durables. Chez ESP, votre sant\u00e9 est notre priorit\u00e9. Nous combinons [&hellip;]<\/p>\n","protected":false},"author":3,"featured_media":0,"parent":0,"menu_order":0,"comment_status":"closed","ping_status":"closed","template":"elementor_header_footer","meta":{"_acf_changed":false,"_themeisle_gutenberg_block_has_review":false,"footnotes":""},"class_list":["post-11869","page","type-page","status-publish","hentry"],"featured_image_src":null,"acf":[],"yoast_head":"<!-- This site is optimized with the Yoast SEO plugin v27.4 - https:\/\/yoast.com\/product\/yoast-seo-wordpress\/ -->\n<title>ESP Medical<\/title>\n<meta name=\"description\" content=\"D\u00e9couvrez ESP Medical, o\u00f9 les soins d\u2019experts rencontrent une approche holistique de la gu\u00e9rison. Nous proposons des plans de traitement personnalis\u00e9s pour soutenir votre r\u00e9\u00e9ducation, votre sant\u00e9 et votre bien-\u00eatre \u00e0 long terme.\" \/>\n<meta name=\"robots\" content=\"index, follow, max-snippet:-1, max-image-preview:large, max-video-preview:-1\" \/>\n<link rel=\"canonical\" href=\"https:\/\/weareesp.com\/fr\/esp-medical\/\" \/>\n<meta property=\"og:locale\" content=\"fr_FR\" \/>\n<meta property=\"og:type\" content=\"article\" \/>\n<meta property=\"og:title\" content=\"ESP Medical\" \/>\n<meta property=\"og:description\" content=\"D\u00e9couvrez ESP Medical, o\u00f9 les soins d\u2019experts rencontrent une approche holistique de la gu\u00e9rison. Nous proposons des plans de traitement personnalis\u00e9s pour soutenir votre r\u00e9\u00e9ducation, votre sant\u00e9 et votre bien-\u00eatre \u00e0 long terme.\" \/>\n<meta property=\"og:url\" content=\"https:\/\/weareesp.com\/fr\/esp-medical\/\" \/>\n<meta property=\"og:site_name\" content=\"ESP\" \/>\n<meta property=\"article:publisher\" content=\"https:\/\/fr-fr.facebook.com\/elite.sport.performance.rolandclaes\/\" \/>\n<meta property=\"article:modified_time\" content=\"2025-06-23T16:37:03+00:00\" \/>\n<meta property=\"og:image\" content=\"https:\/\/weareesp.com\/www\/wp-content\/uploads\/2022\/07\/esp-about-kortenberg-02.jpg\" \/>\n\t<meta property=\"og:image:width\" content=\"1024\" \/>\n\t<meta property=\"og:image:height\" content=\"768\" \/>\n\t<meta property=\"og:image:type\" content=\"image\/jpeg\" \/>\n<meta name=\"twitter:card\" content=\"summary_large_image\" \/>\n<meta name=\"twitter:label1\" content=\"Dur\u00e9e de lecture estim\u00e9e\" \/>\n\t<meta name=\"twitter:data1\" content=\"1 minute\" \/>\n<script type=\"application\/ld+json\" class=\"yoast-schema-graph\">{\"@context\":\"https:\\\/\\\/schema.org\",\"@graph\":[{\"@type\":\"WebPage\",\"@id\":\"https:\\\/\\\/weareesp.com\\\/fr\\\/esp-medical\\\/\",\"url\":\"https:\\\/\\\/weareesp.com\\\/fr\\\/esp-medical\\\/\",\"name\":\"ESP Medical\",\"isPartOf\":{\"@id\":\"https:\\\/\\\/weareesp.com\\\/fr\\\/#website\"},\"datePublished\":\"2025-06-22T20:04:23+00:00\",\"dateModified\":\"2025-06-23T16:37:03+00:00\",\"description\":\"D\u00e9couvrez ESP Medical, o\u00f9 les soins d\u2019experts rencontrent une approche holistique de la gu\u00e9rison. Nous proposons des plans de traitement personnalis\u00e9s pour soutenir votre r\u00e9\u00e9ducation, votre sant\u00e9 et votre bien-\u00eatre \u00e0 long terme.\",\"breadcrumb\":{\"@id\":\"https:\\\/\\\/weareesp.com\\\/fr\\\/esp-medical\\\/#breadcrumb\"},\"inLanguage\":\"fr-FR\",\"potentialAction\":[{\"@type\":\"ReadAction\",\"target\":[\"https:\\\/\\\/weareesp.com\\\/fr\\\/esp-medical\\\/\"]}]},{\"@type\":\"BreadcrumbList\",\"@id\":\"https:\\\/\\\/weareesp.com\\\/fr\\\/esp-medical\\\/#breadcrumb\",\"itemListElement\":[{\"@type\":\"ListItem\",\"position\":1,\"name\":\"Accueil\",\"item\":\"https:\\\/\\\/weareesp.com\\\/fr\\\/\"},{\"@type\":\"ListItem\",\"position\":2,\"name\":\"ESP Medical\"}]},{\"@type\":\"WebSite\",\"@id\":\"https:\\\/\\\/weareesp.com\\\/fr\\\/#website\",\"url\":\"https:\\\/\\\/weareesp.com\\\/fr\\\/\",\"name\":\"ESP\",\"description\":\"Elite Sport Performance\",\"publisher\":{\"@id\":\"https:\\\/\\\/weareesp.com\\\/fr\\\/#organization\"},\"potentialAction\":[{\"@type\":\"SearchAction\",\"target\":{\"@type\":\"EntryPoint\",\"urlTemplate\":\"https:\\\/\\\/weareesp.com\\\/fr\\\/?s={search_term_string}\"},\"query-input\":{\"@type\":\"PropertyValueSpecification\",\"valueRequired\":true,\"valueName\":\"search_term_string\"}}],\"inLanguage\":\"fr-FR\"},{\"@type\":\"Organization\",\"@id\":\"https:\\\/\\\/weareesp.com\\\/fr\\\/#organization\",\"name\":\"ESP - Elite Sport Performance\",\"url\":\"https:\\\/\\\/weareesp.com\\\/fr\\\/\",\"logo\":{\"@type\":\"ImageObject\",\"inLanguage\":\"fr-FR\",\"@id\":\"https:\\\/\\\/weareesp.com\\\/fr\\\/#\\\/schema\\\/logo\\\/image\\\/\",\"url\":\"https:\\\/\\\/weareesp.com\\\/www\\\/wp-content\\\/uploads\\\/2022\\\/05\\\/logo-esp.svg\",\"contentUrl\":\"https:\\\/\\\/weareesp.com\\\/www\\\/wp-content\\\/uploads\\\/2022\\\/05\\\/logo-esp.svg\",\"width\":1,\"height\":1,\"caption\":\"ESP - Elite Sport Performance\"},\"image\":{\"@id\":\"https:\\\/\\\/weareesp.com\\\/fr\\\/#\\\/schema\\\/logo\\\/image\\\/\"},\"sameAs\":[\"https:\\\/\\\/fr-fr.facebook.com\\\/elite.sport.performance.rolandclaes\\\/\",\"https:\\\/\\\/www.instagram.com\\\/weareesp\\\/\",\"https:\\\/\\\/www.linkedin.com\\\/company\\\/weareesp\\\/?viewAsMember=true\"]}]}<\/script>\n<!-- \/ Yoast SEO plugin. -->","yoast_head_json":{"title":"ESP Medical","description":"D\u00e9couvrez ESP Medical, o\u00f9 les soins d\u2019experts rencontrent une approche holistique de la gu\u00e9rison. Nous proposons des plans de traitement personnalis\u00e9s pour soutenir votre r\u00e9\u00e9ducation, votre sant\u00e9 et votre bien-\u00eatre \u00e0 long terme.","robots":{"index":"index","follow":"follow","max-snippet":"max-snippet:-1","max-image-preview":"max-image-preview:large","max-video-preview":"max-video-preview:-1"},"canonical":"https:\/\/weareesp.com\/fr\/esp-medical\/","og_locale":"fr_FR","og_type":"article","og_title":"ESP Medical","og_description":"D\u00e9couvrez ESP Medical, o\u00f9 les soins d\u2019experts rencontrent une approche holistique de la gu\u00e9rison. Nous proposons des plans de traitement personnalis\u00e9s pour soutenir votre r\u00e9\u00e9ducation, votre sant\u00e9 et votre bien-\u00eatre \u00e0 long terme.","og_url":"https:\/\/weareesp.com\/fr\/esp-medical\/","og_site_name":"ESP","article_publisher":"https:\/\/fr-fr.facebook.com\/elite.sport.performance.rolandclaes\/","article_modified_time":"2025-06-23T16:37:03+00:00","og_image":[{"width":1024,"height":768,"url":"https:\/\/weareesp.com\/www\/wp-content\/uploads\/2022\/07\/esp-about-kortenberg-02.jpg","type":"image\/jpeg"}],"twitter_card":"summary_large_image","twitter_misc":{"Dur\u00e9e de lecture estim\u00e9e":"1 minute"},"schema":{"@context":"https:\/\/schema.org","@graph":[{"@type":"WebPage","@id":"https:\/\/weareesp.com\/fr\/esp-medical\/","url":"https:\/\/weareesp.com\/fr\/esp-medical\/","name":"ESP Medical","isPartOf":{"@id":"https:\/\/weareesp.com\/fr\/#website"},"datePublished":"2025-06-22T20:04:23+00:00","dateModified":"2025-06-23T16:37:03+00:00","description":"D\u00e9couvrez ESP Medical, o\u00f9 les soins d\u2019experts rencontrent une approche holistique de la gu\u00e9rison. Nous proposons des plans de traitement personnalis\u00e9s pour soutenir votre r\u00e9\u00e9ducation, votre sant\u00e9 et votre bien-\u00eatre \u00e0 long terme.","breadcrumb":{"@id":"https:\/\/weareesp.com\/fr\/esp-medical\/#breadcrumb"},"inLanguage":"fr-FR","potentialAction":[{"@type":"ReadAction","target":["https:\/\/weareesp.com\/fr\/esp-medical\/"]}]},{"@type":"BreadcrumbList","@id":"https:\/\/weareesp.com\/fr\/esp-medical\/#breadcrumb","itemListElement":[{"@type":"ListItem","position":1,"name":"Accueil","item":"https:\/\/weareesp.com\/fr\/"},{"@type":"ListItem","position":2,"name":"ESP Medical"}]},{"@type":"WebSite","@id":"https:\/\/weareesp.com\/fr\/#website","url":"https:\/\/weareesp.com\/fr\/","name":"ESP","description":"Elite Sport Performance","publisher":{"@id":"https:\/\/weareesp.com\/fr\/#organization"},"potentialAction":[{"@type":"SearchAction","target":{"@type":"EntryPoint","urlTemplate":"https:\/\/weareesp.com\/fr\/?s={search_term_string}"},"query-input":{"@type":"PropertyValueSpecification","valueRequired":true,"valueName":"search_term_string"}}],"inLanguage":"fr-FR"},{"@type":"Organization","@id":"https:\/\/weareesp.com\/fr\/#organization","name":"ESP - Elite Sport Performance","url":"https:\/\/weareesp.com\/fr\/","logo":{"@type":"ImageObject","inLanguage":"fr-FR","@id":"https:\/\/weareesp.com\/fr\/#\/schema\/logo\/image\/","url":"https:\/\/weareesp.com\/www\/wp-content\/uploads\/2022\/05\/logo-esp.svg","contentUrl":"https:\/\/weareesp.com\/www\/wp-content\/uploads\/2022\/05\/logo-esp.svg","width":1,"height":1,"caption":"ESP - Elite Sport Performance"},"image":{"@id":"https:\/\/weareesp.com\/fr\/#\/schema\/logo\/image\/"},"sameAs":["https:\/\/fr-fr.facebook.com\/elite.sport.performance.rolandclaes\/","https:\/\/www.instagram.com\/weareesp\/","https:\/\/www.linkedin.com\/company\/weareesp\/?viewAsMember=true"]}]}},"_links":{"self":[{"href":"https:\/\/weareesp.com\/fr\/wp-json\/wp\/v2\/pages\/11869","targetHints":{"allow":["GET"]}}],"collection":[{"href":"https:\/\/weareesp.com\/fr\/wp-json\/wp\/v2\/pages"}],"about":[{"href":"https:\/\/weareesp.com\/fr\/wp-json\/wp\/v2\/types\/page"}],"author":[{"embeddable":true,"href":"https:\/\/weareesp.com\/fr\/wp-json\/wp\/v2\/users\/3"}],"replies":[{"embeddable":true,"href":"https:\/\/weareesp.com\/fr\/wp-json\/wp\/v2\/comments?post=11869"}],"version-history":[{"count":13,"href":"https:\/\/weareesp.com\/fr\/wp-json\/wp\/v2\/pages\/11869\/revisions"}],"predecessor-version":[{"id":11915,"href":"https:\/\/weareesp.com\/fr\/wp-json\/wp\/v2\/pages\/11869\/revisions\/11915"}],"wp:attachment":[{"href":"https:\/\/weareesp.com\/fr\/wp-json\/wp\/v2\/media?parent=11869"}],"curies":[{"name":"wp","href":"https:\/\/api.w.org\/{rel}","templated":true}]}}