{"id":12404,"date":"2025-08-12T19:50:14","date_gmt":"2025-08-12T17:50:14","guid":{"rendered":"https:\/\/weareesp.com\/esp-blog-la-science-du-mouvement-humain-pourquoi-la-biomecanique-est-importante-dans-lentrainement\/"},"modified":"2025-09-06T13:10:44","modified_gmt":"2025-09-06T11:10:44","slug":"esp-blog-la-science-du-mouvement-humain-pourquoi-la-biomecanique-est-importante-dans-lentrainement","status":"publish","type":"page","link":"https:\/\/weareesp.com\/fr\/esp-blog-la-science-du-mouvement-humain-pourquoi-la-biomecanique-est-importante-dans-lentrainement\/","title":{"rendered":"ESP BLOG \u2013 Comprendre la m\u00e9canique articulaire : la cl\u00e9 de la pr\u00e9vention des blessures"},"content":{"rendered":"\t\t<div data-elementor-type=\"wp-page\" data-elementor-id=\"12404\" class=\"elementor elementor-12404 elementor-12394\" data-elementor-post-type=\"page\">\n\t\t\t\t\t\t<section class=\"elementor-section elementor-top-section elementor-element elementor-element-db57812 elementor-section-boxed elementor-section-height-default elementor-section-height-default\" data-id=\"db57812\" data-element_type=\"section\" data-e-type=\"section\">\n\t\t\t\t\t\t<div class=\"elementor-container elementor-column-gap-default\">\n\t\t\t\t\t<div class=\"elementor-column elementor-col-100 elementor-top-column elementor-element elementor-element-4e3e3ba\" data-id=\"4e3e3ba\" data-element_type=\"column\" data-e-type=\"column\">\n\t\t\t<div class=\"elementor-widget-wrap elementor-element-populated\">\n\t\t\t\t\t\t<div class=\"elementor-element elementor-element-02027f3 elementor-widget elementor-widget-text-editor\" data-id=\"02027f3\" data-element_type=\"widget\" data-e-type=\"widget\" data-widget_type=\"text-editor.default\">\n\t\t\t\t<div class=\"elementor-widget-container\">\n\t\t\t\t\t\t\t\t\t<p data-start=\"6001\" data-end=\"6405\"><span style=\"color: #ffffff;\">En mati\u00e8re d\u2019entra\u00eenement et de performance sportive, la plupart des gens se concentrent sur les muscles et la force. Mais la v\u00e9ritable cl\u00e9 de la pr\u00e9vention des blessures se trouve ailleurs \u2014 dans la <strong data-start=\"6201\" data-end=\"6235\">m\u00e9canique de vos articulations<\/strong>. Chez <strong data-start=\"6242\" data-end=\"6275\">Elite Sport Performance (ESP)<\/strong>, nous pensons que comprendre et am\u00e9liorer la m\u00e9canique articulaire est essentiel pour rester en bonne sant\u00e9, fort et r\u00e9silient.<\/span><\/p>\n<h3 data-start=\"6407\" data-end=\"6457\"><span style=\"color: #ffffff;\"><strong data-start=\"6411\" data-end=\"6455\">Qu\u2019est-ce que la m\u00e9canique articulaire ?<\/strong><\/span><\/h3>\n<p><\/p>\n<p data-start=\"6458\" data-end=\"6859\"><span style=\"color: #ffffff;\">La m\u00e9canique articulaire d\u00e9crit comment les os, muscles, ligaments et tendons interagissent pour produire un mouvement fluide, stable et efficace. Chaque articulation \u2014 des \u00e9paules et hanches aux genoux et chevilles \u2014 a un <strong data-start=\"6681\" data-end=\"6734\">alignement et une amplitude de mouvement optimaux<\/strong>. Lorsque ceux-ci sont perturb\u00e9s, cela entra\u00eene des surcharges, de mauvais sch\u00e9mas de mouvement et, \u00e0 terme, des blessures.<\/span><\/p>\n<h3 data-start=\"6861\" data-end=\"6957\"><span style=\"color: #ffffff;\"><strong data-start=\"6865\" data-end=\"6955\">Pourquoi la m\u00e9canique articulaire est-elle essentielle \u00e0 la pr\u00e9vention des blessures ?<\/strong><\/span><\/h3>\n<p><\/p>\n<ol data-start=\"6958\" data-end=\"7435\">\n<li data-start=\"6958\" data-end=\"7132\">\n<p data-start=\"6961\" data-end=\"7132\"><span style=\"color: #ffffff;\"><strong data-start=\"6961\" data-end=\"6988\">R\u00e9partition des charges<\/strong><\/span><br data-start=\"6988\" data-end=\"6991\" \/><span style=\"color: #ffffff;\">Un bon alignement r\u00e9partit les forces de mani\u00e8re \u00e9quilibr\u00e9e. Une mauvaise m\u00e9canique surcharge inutilement les ligaments et le cartilage.<\/span><\/p>\n<\/li>\n<li data-start=\"7134\" data-end=\"7307\">\n<p data-start=\"7137\" data-end=\"7307\"><span style=\"color: #ffffff;\"><strong data-start=\"7137\" data-end=\"7164\">Efficacit\u00e9 du mouvement<\/strong><\/span><br data-start=\"7164\" data-end=\"7167\" \/><span style=\"color: #ffffff;\">Quand les articulations fonctionnent correctement, les muscles n\u2019ont pas besoin de compenser, ce qui r\u00e9duit la fatigue et les tensions.<\/span><\/p>\n<\/li>\n<li data-start=\"7309\" data-end=\"7435\">\n<p data-start=\"7312\" data-end=\"7435\"><span style=\"color: #ffffff;\"><strong data-start=\"7312\" data-end=\"7325\">Long\u00e9vit\u00e9<\/strong><\/span><br data-start=\"7325\" data-end=\"7328\" \/><span style=\"color: #ffffff;\">Une m\u00e9canique articulaire saine prot\u00e8ge contre l\u2019usure, comme l\u2019arthrose ou les tendinites chroniques.<\/span><\/p>\n<\/li>\n<\/ol>\n<p><\/p>\n<h3 data-start=\"7437\" data-end=\"7491\"><span style=\"color: #ffffff;\"><strong data-start=\"7441\" data-end=\"7489\">L\u2019approche ESP pour des articulations saines<\/strong><\/span><\/h3>\n<p><\/p>\n<ul data-start=\"7492\" data-end=\"7811\">\n<li data-start=\"7492\" data-end=\"7563\">\n<p data-start=\"7494\" data-end=\"7563\"><span style=\"color: #ffffff;\"><strong data-start=\"7494\" data-end=\"7520\">Analyse du mouvement :<\/strong> Identifier d\u00e9s\u00e9quilibres et limitations.<\/span><\/p>\n<\/li>\n<li data-start=\"7564\" data-end=\"7634\">\n<p data-start=\"7566\" data-end=\"7634\"><span style=\"color: #ffffff;\"><strong data-start=\"7566\" data-end=\"7592\">Exercices correctifs :<\/strong> Restaurer la stabilit\u00e9 et l\u2019alignement.<\/span><\/p>\n<\/li>\n<li data-start=\"7635\" data-end=\"7719\">\n<p data-start=\"7637\" data-end=\"7719\"><span style=\"color: #ffffff;\"><strong data-start=\"7637\" data-end=\"7666\">Renforcement &amp; mobilit\u00e9 :<\/strong> Consolider la r\u00e9sistance autour des articulations.<\/span><\/p>\n<\/li>\n<li data-start=\"7720\" data-end=\"7811\">\n<p data-start=\"7722\" data-end=\"7811\"><span style=\"color: #ffffff;\"><strong data-start=\"7722\" data-end=\"7758\">Exercices sp\u00e9cifiques au sport :<\/strong> Ancrer de bonnes m\u00e9caniques en conditions r\u00e9elles.<\/span><\/p>\n<\/li>\n<\/ul>\n<p><\/p>\n<h3 data-start=\"7813\" data-end=\"7856\"><span style=\"color: #ffffff;\"><strong data-start=\"7817\" data-end=\"7854\">Exemple : l\u2019articulation du genou<\/strong><\/span><\/h3>\n<p><\/p>\n<p data-start=\"7857\" data-end=\"8171\"><span style=\"color: #ffffff;\">Une mauvaise m\u00e9canique du genou \u2014 comme les genoux qui s\u2019affaissent vers l\u2019int\u00e9rieur lors des squats ou des sauts \u2014 augmente le risque de blessure du ligament crois\u00e9 ant\u00e9rieur (LCA). En corrigeant l\u2019alignement des hanches et des chevilles, ESP aide les athl\u00e8tes \u00e0 <strong data-start=\"8121\" data-end=\"8168\">bouger de fa\u00e7on plus s\u00fbre et plus puissante<\/strong>.<\/span><\/p>\n<h3 data-start=\"8173\" data-end=\"8223\"><span style=\"color: #ffffff;\"><strong data-start=\"8177\" data-end=\"8221\">Conseils pour prot\u00e9ger vos articulations<\/strong><\/span><\/h3>\n<p><\/p>\n<ul data-start=\"8224\" data-end=\"8498\">\n<li data-start=\"8224\" data-end=\"8274\">\n<p data-start=\"8226\" data-end=\"8274\"><span style=\"color: #ffffff;\">\u00c9chauffez-vous avec des exercices de mobilit\u00e9.<\/span><\/p>\n<\/li>\n<li data-start=\"8275\" data-end=\"8338\">\n<p data-start=\"8277\" data-end=\"8338\"><span style=\"color: #ffffff;\">Renforcez les muscles de soutien (hanches, tronc, \u00e9paules).<\/span><\/p>\n<\/li>\n<li data-start=\"8339\" data-end=\"8395\">\n<p data-start=\"8341\" data-end=\"8395\"><span style=\"color: #ffffff;\">Privil\u00e9giez la bonne technique plut\u00f4t que la charge.<\/span><\/p>\n<\/li>\n<li data-start=\"8396\" data-end=\"8498\">\n<p data-start=\"8398\" data-end=\"8498\"><span style=\"color: #ffffff;\">Faites analyser vos mouvements par un professionnel si la douleur ou les d\u00e9s\u00e9quilibres persistent.<\/span><\/p>\n<\/li>\n<\/ul>\n<p><\/p>\n<h3 data-start=\"8500\" data-end=\"8520\"><span style=\"color: #ffffff;\"><strong data-start=\"8504\" data-end=\"8518\">Conclusion<\/strong><\/span><\/h3>\n<p><\/p>\n<p data-start=\"8521\" data-end=\"8808\"><span style=\"color: #ffffff;\">Des muscles forts ne suffisent pas \u00e0 pr\u00e9venir les blessures \u2014 <strong data-start=\"8583\" data-end=\"8623\">une m\u00e9canique articulaire saine, oui<\/strong>. Chez ESP, nous int\u00e9grons l\u2019analyse articulaire dans chaque programme d\u2019entra\u00eenement pour vous aider \u00e0 bouger en toute s\u00e9curit\u00e9, r\u00e9cup\u00e9rer plus vite et performer au plus haut niveau.<\/span><\/p>\n<p><\/p>\n<p data-start=\"8810\" data-end=\"8902\"><span style=\"color: #ffffff;\">\ud83d\udc49 <strong data-start=\"8813\" data-end=\"8900\">R\u00e9servez d\u00e8s aujourd\u2019hui votre \u00e9valuation articulaire chez Elite Sport Performance.<\/strong><\/span><\/p>\n\t\t\t\t\t\t\t\t<\/div>\n\t\t\t\t<\/div>\n\t\t\t\t\t<\/div>\n\t\t<\/div>\n\t\t\t\t\t<\/div>\n\t\t<\/section>\n\t\t\t\t<\/div>\n\t\t","protected":false},"excerpt":{"rendered":"<p>En mati\u00e8re d\u2019entra\u00eenement et de performance sportive, la plupart des gens se concentrent sur les muscles et la force. Mais [&hellip;]<\/p>\n","protected":false},"author":3,"featured_media":0,"parent":0,"menu_order":0,"comment_status":"closed","ping_status":"closed","template":"","meta":{"_acf_changed":false,"_themeisle_gutenberg_block_has_review":false,"footnotes":""},"class_list":["post-12404","page","type-page","status-publish","hentry"],"featured_image_src":null,"acf":[],"yoast_head":"<!-- This site is optimized with the Yoast SEO plugin v27.4 - https:\/\/yoast.com\/product\/yoast-seo-wordpress\/ -->\n<title>ESP BLOG \u2013 Comprendre la m\u00e9canique articulaire<\/title>\n<meta name=\"description\" content=\"D\u00e9couvrez comment une bonne m\u00e9canique articulaire pr\u00e9vient les blessures et am\u00e9liore vos performances avec l\u2019approche ESP.\" \/>\n<meta name=\"robots\" content=\"index, follow, max-snippet:-1, max-image-preview:large, max-video-preview:-1\" \/>\n<link rel=\"canonical\" href=\"https:\/\/weareesp.com\/fr\/esp-blog-la-science-du-mouvement-humain-pourquoi-la-biomecanique-est-importante-dans-lentrainement\/\" \/>\n<meta property=\"og:locale\" content=\"fr_FR\" \/>\n<meta property=\"og:type\" content=\"article\" \/>\n<meta property=\"og:title\" content=\"ESP BLOG \u2013 Comprendre la m\u00e9canique articulaire\" \/>\n<meta property=\"og:description\" content=\"D\u00e9couvrez comment une bonne m\u00e9canique articulaire pr\u00e9vient les blessures et am\u00e9liore vos performances avec l\u2019approche ESP.\" \/>\n<meta property=\"og:url\" content=\"https:\/\/weareesp.com\/fr\/esp-blog-la-science-du-mouvement-humain-pourquoi-la-biomecanique-est-importante-dans-lentrainement\/\" \/>\n<meta property=\"og:site_name\" content=\"ESP\" \/>\n<meta property=\"article:publisher\" content=\"https:\/\/fr-fr.facebook.com\/elite.sport.performance.rolandclaes\/\" \/>\n<meta property=\"article:modified_time\" content=\"2025-09-06T11:10:44+00:00\" \/>\n<meta property=\"og:image\" content=\"https:\/\/weareesp.com\/www\/wp-content\/uploads\/2022\/07\/esp-about-kortenberg-02.jpg\" \/>\n\t<meta property=\"og:image:width\" content=\"1024\" \/>\n\t<meta property=\"og:image:height\" content=\"768\" \/>\n\t<meta property=\"og:image:type\" content=\"image\/jpeg\" \/>\n<meta name=\"twitter:card\" content=\"summary_large_image\" \/>\n<meta name=\"twitter:label1\" content=\"Dur\u00e9e de lecture estim\u00e9e\" \/>\n\t<meta name=\"twitter:data1\" content=\"2 minutes\" \/>\n<script type=\"application\/ld+json\" class=\"yoast-schema-graph\">{\"@context\":\"https:\\\/\\\/schema.org\",\"@graph\":[{\"@type\":\"WebPage\",\"@id\":\"https:\\\/\\\/weareesp.com\\\/fr\\\/esp-blog-la-science-du-mouvement-humain-pourquoi-la-biomecanique-est-importante-dans-lentrainement\\\/\",\"url\":\"https:\\\/\\\/weareesp.com\\\/fr\\\/esp-blog-la-science-du-mouvement-humain-pourquoi-la-biomecanique-est-importante-dans-lentrainement\\\/\",\"name\":\"ESP BLOG \u2013 Comprendre la m\u00e9canique articulaire\",\"isPartOf\":{\"@id\":\"https:\\\/\\\/weareesp.com\\\/fr\\\/#website\"},\"datePublished\":\"2025-08-12T17:50:14+00:00\",\"dateModified\":\"2025-09-06T11:10:44+00:00\",\"description\":\"D\u00e9couvrez comment une bonne m\u00e9canique articulaire pr\u00e9vient les blessures et am\u00e9liore vos performances avec l\u2019approche ESP.\",\"breadcrumb\":{\"@id\":\"https:\\\/\\\/weareesp.com\\\/fr\\\/esp-blog-la-science-du-mouvement-humain-pourquoi-la-biomecanique-est-importante-dans-lentrainement\\\/#breadcrumb\"},\"inLanguage\":\"fr-FR\",\"potentialAction\":[{\"@type\":\"ReadAction\",\"target\":[\"https:\\\/\\\/weareesp.com\\\/fr\\\/esp-blog-la-science-du-mouvement-humain-pourquoi-la-biomecanique-est-importante-dans-lentrainement\\\/\"]}]},{\"@type\":\"BreadcrumbList\",\"@id\":\"https:\\\/\\\/weareesp.com\\\/fr\\\/esp-blog-la-science-du-mouvement-humain-pourquoi-la-biomecanique-est-importante-dans-lentrainement\\\/#breadcrumb\",\"itemListElement\":[{\"@type\":\"ListItem\",\"position\":1,\"name\":\"Accueil\",\"item\":\"https:\\\/\\\/weareesp.com\\\/fr\\\/\"},{\"@type\":\"ListItem\",\"position\":2,\"name\":\"ESP BLOG \u2013 Comprendre la m\u00e9canique articulaire : la cl\u00e9 de la pr\u00e9vention des blessures\"}]},{\"@type\":\"WebSite\",\"@id\":\"https:\\\/\\\/weareesp.com\\\/fr\\\/#website\",\"url\":\"https:\\\/\\\/weareesp.com\\\/fr\\\/\",\"name\":\"ESP\",\"description\":\"Elite Sport Performance\",\"publisher\":{\"@id\":\"https:\\\/\\\/weareesp.com\\\/fr\\\/#organization\"},\"potentialAction\":[{\"@type\":\"SearchAction\",\"target\":{\"@type\":\"EntryPoint\",\"urlTemplate\":\"https:\\\/\\\/weareesp.com\\\/fr\\\/?s={search_term_string}\"},\"query-input\":{\"@type\":\"PropertyValueSpecification\",\"valueRequired\":true,\"valueName\":\"search_term_string\"}}],\"inLanguage\":\"fr-FR\"},{\"@type\":\"Organization\",\"@id\":\"https:\\\/\\\/weareesp.com\\\/fr\\\/#organization\",\"name\":\"ESP - Elite Sport Performance\",\"url\":\"https:\\\/\\\/weareesp.com\\\/fr\\\/\",\"logo\":{\"@type\":\"ImageObject\",\"inLanguage\":\"fr-FR\",\"@id\":\"https:\\\/\\\/weareesp.com\\\/fr\\\/#\\\/schema\\\/logo\\\/image\\\/\",\"url\":\"https:\\\/\\\/weareesp.com\\\/www\\\/wp-content\\\/uploads\\\/2022\\\/05\\\/logo-esp.svg\",\"contentUrl\":\"https:\\\/\\\/weareesp.com\\\/www\\\/wp-content\\\/uploads\\\/2022\\\/05\\\/logo-esp.svg\",\"width\":1,\"height\":1,\"caption\":\"ESP - Elite Sport Performance\"},\"image\":{\"@id\":\"https:\\\/\\\/weareesp.com\\\/fr\\\/#\\\/schema\\\/logo\\\/image\\\/\"},\"sameAs\":[\"https:\\\/\\\/fr-fr.facebook.com\\\/elite.sport.performance.rolandclaes\\\/\",\"https:\\\/\\\/www.instagram.com\\\/weareesp\\\/\",\"https:\\\/\\\/www.linkedin.com\\\/company\\\/weareesp\\\/?viewAsMember=true\"]}]}<\/script>\n<!-- \/ Yoast SEO plugin. -->","yoast_head_json":{"title":"ESP BLOG \u2013 Comprendre la m\u00e9canique articulaire","description":"D\u00e9couvrez comment une bonne m\u00e9canique articulaire pr\u00e9vient les blessures et am\u00e9liore vos performances avec l\u2019approche ESP.","robots":{"index":"index","follow":"follow","max-snippet":"max-snippet:-1","max-image-preview":"max-image-preview:large","max-video-preview":"max-video-preview:-1"},"canonical":"https:\/\/weareesp.com\/fr\/esp-blog-la-science-du-mouvement-humain-pourquoi-la-biomecanique-est-importante-dans-lentrainement\/","og_locale":"fr_FR","og_type":"article","og_title":"ESP BLOG \u2013 Comprendre la m\u00e9canique articulaire","og_description":"D\u00e9couvrez comment une bonne m\u00e9canique articulaire pr\u00e9vient les blessures et am\u00e9liore vos performances avec l\u2019approche ESP.","og_url":"https:\/\/weareesp.com\/fr\/esp-blog-la-science-du-mouvement-humain-pourquoi-la-biomecanique-est-importante-dans-lentrainement\/","og_site_name":"ESP","article_publisher":"https:\/\/fr-fr.facebook.com\/elite.sport.performance.rolandclaes\/","article_modified_time":"2025-09-06T11:10:44+00:00","og_image":[{"width":1024,"height":768,"url":"https:\/\/weareesp.com\/www\/wp-content\/uploads\/2022\/07\/esp-about-kortenberg-02.jpg","type":"image\/jpeg"}],"twitter_card":"summary_large_image","twitter_misc":{"Dur\u00e9e de lecture estim\u00e9e":"2 minutes"},"schema":{"@context":"https:\/\/schema.org","@graph":[{"@type":"WebPage","@id":"https:\/\/weareesp.com\/fr\/esp-blog-la-science-du-mouvement-humain-pourquoi-la-biomecanique-est-importante-dans-lentrainement\/","url":"https:\/\/weareesp.com\/fr\/esp-blog-la-science-du-mouvement-humain-pourquoi-la-biomecanique-est-importante-dans-lentrainement\/","name":"ESP BLOG \u2013 Comprendre la m\u00e9canique articulaire","isPartOf":{"@id":"https:\/\/weareesp.com\/fr\/#website"},"datePublished":"2025-08-12T17:50:14+00:00","dateModified":"2025-09-06T11:10:44+00:00","description":"D\u00e9couvrez comment une bonne m\u00e9canique articulaire pr\u00e9vient les blessures et am\u00e9liore vos performances avec l\u2019approche ESP.","breadcrumb":{"@id":"https:\/\/weareesp.com\/fr\/esp-blog-la-science-du-mouvement-humain-pourquoi-la-biomecanique-est-importante-dans-lentrainement\/#breadcrumb"},"inLanguage":"fr-FR","potentialAction":[{"@type":"ReadAction","target":["https:\/\/weareesp.com\/fr\/esp-blog-la-science-du-mouvement-humain-pourquoi-la-biomecanique-est-importante-dans-lentrainement\/"]}]},{"@type":"BreadcrumbList","@id":"https:\/\/weareesp.com\/fr\/esp-blog-la-science-du-mouvement-humain-pourquoi-la-biomecanique-est-importante-dans-lentrainement\/#breadcrumb","itemListElement":[{"@type":"ListItem","position":1,"name":"Accueil","item":"https:\/\/weareesp.com\/fr\/"},{"@type":"ListItem","position":2,"name":"ESP BLOG \u2013 Comprendre la m\u00e9canique articulaire : la cl\u00e9 de la pr\u00e9vention des blessures"}]},{"@type":"WebSite","@id":"https:\/\/weareesp.com\/fr\/#website","url":"https:\/\/weareesp.com\/fr\/","name":"ESP","description":"Elite Sport Performance","publisher":{"@id":"https:\/\/weareesp.com\/fr\/#organization"},"potentialAction":[{"@type":"SearchAction","target":{"@type":"EntryPoint","urlTemplate":"https:\/\/weareesp.com\/fr\/?s={search_term_string}"},"query-input":{"@type":"PropertyValueSpecification","valueRequired":true,"valueName":"search_term_string"}}],"inLanguage":"fr-FR"},{"@type":"Organization","@id":"https:\/\/weareesp.com\/fr\/#organization","name":"ESP - Elite Sport Performance","url":"https:\/\/weareesp.com\/fr\/","logo":{"@type":"ImageObject","inLanguage":"fr-FR","@id":"https:\/\/weareesp.com\/fr\/#\/schema\/logo\/image\/","url":"https:\/\/weareesp.com\/www\/wp-content\/uploads\/2022\/05\/logo-esp.svg","contentUrl":"https:\/\/weareesp.com\/www\/wp-content\/uploads\/2022\/05\/logo-esp.svg","width":1,"height":1,"caption":"ESP - Elite Sport Performance"},"image":{"@id":"https:\/\/weareesp.com\/fr\/#\/schema\/logo\/image\/"},"sameAs":["https:\/\/fr-fr.facebook.com\/elite.sport.performance.rolandclaes\/","https:\/\/www.instagram.com\/weareesp\/","https:\/\/www.linkedin.com\/company\/weareesp\/?viewAsMember=true"]}]}},"_links":{"self":[{"href":"https:\/\/weareesp.com\/fr\/wp-json\/wp\/v2\/pages\/12404","targetHints":{"allow":["GET"]}}],"collection":[{"href":"https:\/\/weareesp.com\/fr\/wp-json\/wp\/v2\/pages"}],"about":[{"href":"https:\/\/weareesp.com\/fr\/wp-json\/wp\/v2\/types\/page"}],"author":[{"embeddable":true,"href":"https:\/\/weareesp.com\/fr\/wp-json\/wp\/v2\/users\/3"}],"replies":[{"embeddable":true,"href":"https:\/\/weareesp.com\/fr\/wp-json\/wp\/v2\/comments?post=12404"}],"version-history":[{"count":3,"href":"https:\/\/weareesp.com\/fr\/wp-json\/wp\/v2\/pages\/12404\/revisions"}],"predecessor-version":[{"id":12601,"href":"https:\/\/weareesp.com\/fr\/wp-json\/wp\/v2\/pages\/12404\/revisions\/12601"}],"wp:attachment":[{"href":"https:\/\/weareesp.com\/fr\/wp-json\/wp\/v2\/media?parent=12404"}],"curies":[{"name":"wp","href":"https:\/\/api.w.org\/{rel}","templated":true}]}}