{"id":12604,"date":"2025-09-06T14:06:41","date_gmt":"2025-09-06T12:06:41","guid":{"rendered":"https:\/\/weareesp.com\/?page_id=12604"},"modified":"2025-09-06T14:06:41","modified_gmt":"2025-09-06T12:06:41","slug":"la-science-du-mouvement-humain","status":"publish","type":"page","link":"https:\/\/weareesp.com\/fr\/la-science-du-mouvement-humain\/","title":{"rendered":"ESP BLOG &#8211; La science du mouvement humain : pourquoi la biom\u00e9canique est essentielle \u00e0 l\u2019entra\u00eenement"},"content":{"rendered":"\t\t<div data-elementor-type=\"wp-page\" data-elementor-id=\"12604\" class=\"elementor elementor-12604 elementor-12594\" data-elementor-post-type=\"page\">\n\t\t\t\t\t\t<section class=\"elementor-section elementor-top-section elementor-element elementor-element-db57812 elementor-section-boxed elementor-section-height-default elementor-section-height-default\" data-id=\"db57812\" data-element_type=\"section\" data-e-type=\"section\">\n\t\t\t\t\t\t<div class=\"elementor-container elementor-column-gap-default\">\n\t\t\t\t\t<div class=\"elementor-column elementor-col-100 elementor-top-column elementor-element elementor-element-4e3e3ba\" data-id=\"4e3e3ba\" data-element_type=\"column\" data-e-type=\"column\">\n\t\t\t<div class=\"elementor-widget-wrap elementor-element-populated\">\n\t\t\t\t\t\t<div class=\"elementor-element elementor-element-02027f3 elementor-widget elementor-widget-text-editor\" data-id=\"02027f3\" data-element_type=\"widget\" data-e-type=\"widget\" data-widget_type=\"text-editor.default\">\n\t\t\t\t<div class=\"elementor-widget-container\">\n\t\t\t\t\t\t\t\t\t<p data-start=\"160\" data-end=\"711\"><span style=\"color: #ffffff;\">Lorsqu\u2019il s\u2019agit de performances sportives et de r\u00e9sultats en fitness, s\u2019entra\u00eener dur n\u2019est que la moiti\u00e9 de l\u2019histoire \u2014 s\u2019entra\u00eener intelligemment fait toute la diff\u00e9rence. Chez <strong data-start=\"341\" data-end=\"374\">Elite Sport Performance (ESP)<\/strong>, nous croyons que la base de tout programme de fitness r\u00e9ussi r\u00e9side dans la <strong data-start=\"452\" data-end=\"468\">biom\u00e9canique<\/strong> \u2014 la science de la fa\u00e7on dont votre corps bouge. Comprendre la biom\u00e9canique n\u2019est pas r\u00e9serv\u00e9 aux athl\u00e8tes de haut niveau ; c\u2019est pour toute personne qui souhaite mieux bouger, \u00e9viter les blessures et performer au meilleur de ses capacit\u00e9s.<\/span><\/p>\n<p><\/p>\n<hr data-start=\"713\" data-end=\"716\" \/>\n<h2 data-start=\"718\" data-end=\"758\"><span style=\"color: #ffffff;\"><strong data-start=\"721\" data-end=\"756\">Qu\u2019est-ce que la biom\u00e9canique ?<\/strong><\/span><\/h2>\n<p><\/p>\n<p data-start=\"759\" data-end=\"1088\"><span style=\"color: #ffffff;\">La biom\u00e9canique est l\u2019\u00e9tude des <strong data-start=\"791\" data-end=\"815\">sch\u00e9mas de mouvement<\/strong>, des <strong data-start=\"821\" data-end=\"831\">forces<\/strong> et de la <strong data-start=\"841\" data-end=\"854\">m\u00e9canique<\/strong> du corps humain. Elle examine comment vos muscles, vos articulations et vos os travaillent ensemble pour produire un mouvement. En analysant scientifiquement le mouvement, la biom\u00e9canique nous aide \u00e0 r\u00e9pondre \u00e0 des questions cl\u00e9s :<\/span><\/p>\n<ul data-start=\"1090\" data-end=\"1290\">\n<li data-start=\"1090\" data-end=\"1138\">\n<p data-start=\"1092\" data-end=\"1138\"><span style=\"color: #ffffff;\">Est-ce que vous bougez de mani\u00e8re efficace ?<\/span><\/p>\n<\/li>\n<li data-start=\"1139\" data-end=\"1214\">\n<p data-start=\"1141\" data-end=\"1214\"><span style=\"color: #ffffff;\">Vos articulations sont-elles correctement align\u00e9es pendant l\u2019exercice ?<\/span><\/p>\n<\/li>\n<li data-start=\"1215\" data-end=\"1290\">\n<p data-start=\"1217\" data-end=\"1290\"><span style=\"color: #ffffff;\">Certains sch\u00e9mas de mouvement augmentent-ils votre risque de blessure ?<\/span><\/p>\n<\/li>\n<\/ul>\n<hr data-start=\"1292\" data-end=\"1295\" \/>\n<h2 data-start=\"1297\" data-end=\"1363\"><span style=\"color: #ffffff;\"><strong data-start=\"1300\" data-end=\"1361\">Pourquoi la biom\u00e9canique est essentielle \u00e0 l\u2019entra\u00eenement<\/strong><\/span><\/h2>\n<p><\/p>\n<h3 data-start=\"1365\" data-end=\"1402\"><span style=\"color: #ffffff;\"><strong data-start=\"1369\" data-end=\"1400\">1. Pr\u00e9vention des blessures<\/strong><\/span><\/h3>\n<p><\/p>\n<p data-start=\"1403\" data-end=\"1677\"><span style=\"color: #ffffff;\">Une mauvaise m\u00e9canique de mouvement entra\u00eene souvent des blessures r\u00e9p\u00e9titives et des surcharges. En \u00e9valuant la biom\u00e9canique, nous pouvons rep\u00e9rer les d\u00e9s\u00e9quilibres, les angles articulaires incorrects ou les mouvements inadapt\u00e9s <strong data-start=\"1633\" data-end=\"1674\">avant qu\u2019ils ne causent des probl\u00e8mes<\/strong>.<\/span><\/p>\n<h3 data-start=\"1679\" data-end=\"1721\"><span style=\"color: #ffffff;\"><strong data-start=\"1683\" data-end=\"1719\">2. Am\u00e9lioration des performances<\/strong><\/span><\/h3>\n<p><\/p>\n<p data-start=\"1722\" data-end=\"1950\"><span style=\"color: #ffffff;\">Une biom\u00e9canique correcte maximise l\u2019efficacit\u00e9 du mouvement. Que vous sprintiez, souleviez ou sautiez, des sch\u00e9mas de mouvement optimis\u00e9s signifient <strong data-start=\"1872\" data-end=\"1947\">plus de puissance, un meilleur contr\u00f4le et une r\u00e9cup\u00e9ration plus rapide<\/strong>.<\/span><\/p>\n<h3 data-start=\"1952\" data-end=\"1990\"><span style=\"color: #ffffff;\"><strong data-start=\"1956\" data-end=\"1988\">3. Entra\u00eenement personnalis\u00e9<\/strong><\/span><\/h3>\n<p><\/p>\n<p data-start=\"1991\" data-end=\"2265\"><span style=\"color: #ffffff;\">Les \u00e9valuations biom\u00e9caniques permettent aux entra\u00eeneurs d\u2019<strong data-start=\"2050\" data-end=\"2075\">adapter les exercices<\/strong> \u00e0 votre morphologie, \u00e0 votre sport et \u00e0 vos objectifs. Cela garantit que vous travaillez d\u2019une mani\u00e8re qui correspond \u00e0 votre anatomie unique, plut\u00f4t que de suivre un programme g\u00e9n\u00e9rique.<\/span><\/p>\n<p><\/p>\n<hr data-start=\"2267\" data-end=\"2270\" \/>\n<h2 data-start=\"2272\" data-end=\"2336\"><span style=\"color: #ffffff;\"><strong data-start=\"2275\" data-end=\"2334\">Comment ESP int\u00e8gre la biom\u00e9canique dans l\u2019entra\u00eenement<\/strong><\/span><\/h2>\n<p><\/p>\n<p data-start=\"2337\" data-end=\"2451\"><span style=\"color: #ffffff;\">Chez <strong data-start=\"2342\" data-end=\"2369\">Elite Sport Performance<\/strong>, nous appliquons les principes biom\u00e9caniques \u00e0 chaque \u00e9tape de l\u2019entra\u00eenement :<\/span><\/p>\n<ul data-start=\"2453\" data-end=\"2824\">\n<li data-start=\"2453\" data-end=\"2539\">\n<p data-start=\"2455\" data-end=\"2539\"><span style=\"color: #ffffff;\"><strong data-start=\"2455\" data-end=\"2479\">Analyse du mouvement<\/strong> : Identification des forces, faiblesses et d\u00e9s\u00e9quilibres.<\/span><\/p>\n<\/li>\n<li data-start=\"2540\" data-end=\"2631\">\n<p data-start=\"2542\" data-end=\"2631\"><span style=\"color: #ffffff;\"><strong data-start=\"2542\" data-end=\"2563\">Analyse technique<\/strong> : Utilisation de la vid\u00e9o au ralenti pour perfectionner la forme.<\/span><\/p>\n<\/li>\n<li data-start=\"2632\" data-end=\"2711\">\n<p data-start=\"2634\" data-end=\"2711\"><span style=\"color: #ffffff;\"><strong data-start=\"2634\" data-end=\"2658\">Exercices correctifs<\/strong> : Renforcement des zones faibles et r\u00e9\u00e9quilibrage.<\/span><\/p>\n<\/li>\n<li data-start=\"2712\" data-end=\"2824\">\n<p data-start=\"2714\" data-end=\"2824\"><span style=\"color: #ffffff;\"><strong data-start=\"2714\" data-end=\"2750\">Adaptations sp\u00e9cifiques au sport<\/strong> : Exercices con\u00e7us pour reproduire les mouvements r\u00e9els en comp\u00e9tition.<\/span><\/p>\n<\/li>\n<\/ul>\n<hr data-start=\"2826\" data-end=\"2829\" \/>\n<h2 data-start=\"2831\" data-end=\"2879\"><span style=\"color: #ffffff;\"><strong data-start=\"2834\" data-end=\"2877\">Exemple concret : la m\u00e9canique du squat<\/strong><\/span><\/h2>\n<p><\/p>\n<p data-start=\"2880\" data-end=\"3346\"><span style=\"color: #ffffff;\">Prenons le squat \u2014 l\u2019un des exercices les plus courants. Avec une mauvaise biom\u00e9canique (par exemple, les genoux qui s\u2019affaissent vers l\u2019int\u00e9rieur, les talons qui se soul\u00e8vent ou un mouvement de hanches in\u00e9gal), vous augmentez le risque de blessure au genou et au bas du dos. En <strong data-start=\"3159\" data-end=\"3194\">analysant la m\u00e9canique du squat<\/strong>, nous pouvons ajuster la largeur de la position, l\u2019angle des pieds et l\u2019activation musculaire pour rendre le mouvement <strong data-start=\"3314\" data-end=\"3343\">plus s\u00fbr et plus efficace<\/strong>.<\/span><\/p>\n<p><\/p>\n<hr data-start=\"3348\" data-end=\"3351\" \/>\n<h2 data-start=\"3353\" data-end=\"3414\"><span style=\"color: #ffffff;\"><strong data-start=\"3356\" data-end=\"3412\">Conseils pour am\u00e9liorer votre m\u00e9canique de mouvement<\/strong><\/span><\/h2>\n<p><\/p>\n<ul data-start=\"3416\" data-end=\"3850\">\n<li data-start=\"3416\" data-end=\"3493\">\n<p data-start=\"3418\" data-end=\"3493\"><span style=\"color: #ffffff;\"><strong data-start=\"3418\" data-end=\"3444\">Priorisez la technique<\/strong> : Ma\u00eetrisez le geste avant d\u2019ajouter du poids.<\/span><\/p>\n<\/li>\n<li data-start=\"3494\" data-end=\"3581\">\n<p data-start=\"3496\" data-end=\"3581\"><span style=\"color: #ffffff;\"><strong data-start=\"3496\" data-end=\"3518\">Filmez vos s\u00e9ances<\/strong> : Rep\u00e9rez les \u00e9carts de posture ou d\u2019alignement articulaire.<\/span><\/p>\n<\/li>\n<li data-start=\"3582\" data-end=\"3692\">\n<p data-start=\"3584\" data-end=\"3692\"><span style=\"color: #ffffff;\"><strong data-start=\"3584\" data-end=\"3610\">Travaillez la mobilit\u00e9<\/strong> : Am\u00e9liorez la flexibilit\u00e9 des zones raides comme les hanches et les chevilles.<\/span><\/p>\n<\/li>\n<li data-start=\"3693\" data-end=\"3850\">\n<p data-start=\"3695\" data-end=\"3850\"><span style=\"color: #ffffff;\"><strong data-start=\"3695\" data-end=\"3740\">Faites-vous analyser par un professionnel<\/strong> : Une \u00e9valuation biom\u00e9canique chez ESP peut r\u00e9v\u00e9ler des points \u00e0 am\u00e9liorer que vous ne voyez pas vous-m\u00eame.<\/span><\/p>\n<\/li>\n<\/ul>\n<hr data-start=\"3852\" data-end=\"3855\" \/>\n<h2 data-start=\"3857\" data-end=\"3876\"><span style=\"color: #ffffff;\"><strong data-start=\"3860\" data-end=\"3874\">Conclusion<\/strong><\/span><\/h2>\n<p><\/p>\n<p data-start=\"3877\" data-end=\"4205\"><span style=\"color: #ffffff;\">La biom\u00e9canique est le lien entre l\u2019entra\u00eenement et la performance. Chez ESP, nous l\u2019utilisons pour aider nos clients \u00e0 <strong data-start=\"3997\" data-end=\"4049\">mieux bouger, se sentir mieux et mieux performer<\/strong> \u2014 qu\u2019ils soient en r\u00e9\u00e9ducation apr\u00e8s une blessure, \u00e0 la recherche d\u2019un record personnel ou simplement d\u00e9sireux de rester actifs tout au long de leur vie.<\/span><\/p>\n<p><\/p>\n<p data-start=\"4207\" data-end=\"4348\"><span style=\"color: #ffffff;\">Pr\u00eat \u00e0 exploiter tout votre potentiel de mouvement ? <strong data-start=\"4260\" data-end=\"4346\">R\u00e9servez d\u00e8s aujourd\u2019hui une \u00e9valuation biom\u00e9canique chez Elite Sport Performance.<\/strong><\/span><\/p>\n\t\t\t\t\t\t\t\t<\/div>\n\t\t\t\t<\/div>\n\t\t\t\t\t<\/div>\n\t\t<\/div>\n\t\t\t\t\t<\/div>\n\t\t<\/section>\n\t\t\t\t<\/div>\n\t\t","protected":false},"excerpt":{"rendered":"<p>Lorsqu\u2019il s\u2019agit de performances sportives et de r\u00e9sultats en fitness, s\u2019entra\u00eener dur n\u2019est que la moiti\u00e9 de l\u2019histoire \u2014 s\u2019entra\u00eener [&hellip;]<\/p>\n","protected":false},"author":3,"featured_media":0,"parent":0,"menu_order":0,"comment_status":"closed","ping_status":"closed","template":"","meta":{"_acf_changed":false,"_themeisle_gutenberg_block_has_review":false,"footnotes":""},"class_list":["post-12604","page","type-page","status-publish","hentry"],"featured_image_src":null,"acf":[],"yoast_head":"<!-- This site is optimized with the Yoast SEO plugin v27.4 - https:\/\/yoast.com\/product\/yoast-seo-wordpress\/ -->\n<title>ESP BLOG - Pourquoi la biom\u00e9canique est essentielle \u00e0 l\u2019entra\u00eenement<\/title>\n<meta name=\"description\" content=\"Discover how biomechanics can improve your performance, prevent injury, and maximize results in training with Elite Sport Performance.\" \/>\n<meta name=\"robots\" content=\"index, follow, max-snippet:-1, max-image-preview:large, max-video-preview:-1\" \/>\n<link rel=\"canonical\" href=\"https:\/\/weareesp.com\/fr\/la-science-du-mouvement-humain\/\" \/>\n<meta property=\"og:locale\" content=\"fr_FR\" \/>\n<meta property=\"og:type\" content=\"article\" \/>\n<meta property=\"og:title\" content=\"ESP BLOG - Pourquoi la biom\u00e9canique est essentielle \u00e0 l\u2019entra\u00eenement\" \/>\n<meta property=\"og:description\" content=\"Discover how biomechanics can improve your performance, prevent injury, and maximize results in training with Elite Sport Performance.\" \/>\n<meta property=\"og:url\" content=\"https:\/\/weareesp.com\/fr\/la-science-du-mouvement-humain\/\" \/>\n<meta property=\"og:site_name\" content=\"ESP\" \/>\n<meta property=\"article:publisher\" content=\"https:\/\/fr-fr.facebook.com\/elite.sport.performance.rolandclaes\/\" \/>\n<meta property=\"og:image\" content=\"https:\/\/weareesp.com\/www\/wp-content\/uploads\/2022\/07\/esp-about-kortenberg-02.jpg\" \/>\n\t<meta property=\"og:image:width\" content=\"1024\" \/>\n\t<meta property=\"og:image:height\" content=\"768\" \/>\n\t<meta property=\"og:image:type\" content=\"image\/jpeg\" \/>\n<meta name=\"twitter:card\" content=\"summary_large_image\" \/>\n<meta name=\"twitter:label1\" content=\"Dur\u00e9e de lecture estim\u00e9e\" \/>\n\t<meta name=\"twitter:data1\" content=\"3 minutes\" \/>\n<script type=\"application\/ld+json\" class=\"yoast-schema-graph\">{\"@context\":\"https:\\\/\\\/schema.org\",\"@graph\":[{\"@type\":\"WebPage\",\"@id\":\"https:\\\/\\\/weareesp.com\\\/fr\\\/la-science-du-mouvement-humain\\\/\",\"url\":\"https:\\\/\\\/weareesp.com\\\/fr\\\/la-science-du-mouvement-humain\\\/\",\"name\":\"ESP BLOG - Pourquoi la biom\u00e9canique est essentielle \u00e0 l\u2019entra\u00eenement\",\"isPartOf\":{\"@id\":\"https:\\\/\\\/weareesp.com\\\/fr\\\/#website\"},\"datePublished\":\"2025-09-06T12:06:41+00:00\",\"description\":\"Discover how biomechanics can improve your performance, prevent injury, and maximize results in training with Elite Sport Performance.\",\"breadcrumb\":{\"@id\":\"https:\\\/\\\/weareesp.com\\\/fr\\\/la-science-du-mouvement-humain\\\/#breadcrumb\"},\"inLanguage\":\"fr-FR\",\"potentialAction\":[{\"@type\":\"ReadAction\",\"target\":[\"https:\\\/\\\/weareesp.com\\\/fr\\\/la-science-du-mouvement-humain\\\/\"]}]},{\"@type\":\"BreadcrumbList\",\"@id\":\"https:\\\/\\\/weareesp.com\\\/fr\\\/la-science-du-mouvement-humain\\\/#breadcrumb\",\"itemListElement\":[{\"@type\":\"ListItem\",\"position\":1,\"name\":\"Accueil\",\"item\":\"https:\\\/\\\/weareesp.com\\\/fr\\\/\"},{\"@type\":\"ListItem\",\"position\":2,\"name\":\"ESP BLOG &#8211; La science du mouvement humain : pourquoi la biom\u00e9canique est essentielle \u00e0 l\u2019entra\u00eenement\"}]},{\"@type\":\"WebSite\",\"@id\":\"https:\\\/\\\/weareesp.com\\\/fr\\\/#website\",\"url\":\"https:\\\/\\\/weareesp.com\\\/fr\\\/\",\"name\":\"ESP\",\"description\":\"Elite Sport Performance\",\"publisher\":{\"@id\":\"https:\\\/\\\/weareesp.com\\\/fr\\\/#organization\"},\"potentialAction\":[{\"@type\":\"SearchAction\",\"target\":{\"@type\":\"EntryPoint\",\"urlTemplate\":\"https:\\\/\\\/weareesp.com\\\/fr\\\/?s={search_term_string}\"},\"query-input\":{\"@type\":\"PropertyValueSpecification\",\"valueRequired\":true,\"valueName\":\"search_term_string\"}}],\"inLanguage\":\"fr-FR\"},{\"@type\":\"Organization\",\"@id\":\"https:\\\/\\\/weareesp.com\\\/fr\\\/#organization\",\"name\":\"ESP - Elite Sport Performance\",\"url\":\"https:\\\/\\\/weareesp.com\\\/fr\\\/\",\"logo\":{\"@type\":\"ImageObject\",\"inLanguage\":\"fr-FR\",\"@id\":\"https:\\\/\\\/weareesp.com\\\/fr\\\/#\\\/schema\\\/logo\\\/image\\\/\",\"url\":\"https:\\\/\\\/weareesp.com\\\/www\\\/wp-content\\\/uploads\\\/2022\\\/05\\\/logo-esp.svg\",\"contentUrl\":\"https:\\\/\\\/weareesp.com\\\/www\\\/wp-content\\\/uploads\\\/2022\\\/05\\\/logo-esp.svg\",\"width\":1,\"height\":1,\"caption\":\"ESP - Elite Sport Performance\"},\"image\":{\"@id\":\"https:\\\/\\\/weareesp.com\\\/fr\\\/#\\\/schema\\\/logo\\\/image\\\/\"},\"sameAs\":[\"https:\\\/\\\/fr-fr.facebook.com\\\/elite.sport.performance.rolandclaes\\\/\",\"https:\\\/\\\/www.instagram.com\\\/weareesp\\\/\",\"https:\\\/\\\/www.linkedin.com\\\/company\\\/weareesp\\\/?viewAsMember=true\"]}]}<\/script>\n<!-- \/ Yoast SEO plugin. -->","yoast_head_json":{"title":"ESP BLOG - Pourquoi la biom\u00e9canique est essentielle \u00e0 l\u2019entra\u00eenement","description":"Discover how biomechanics can improve your performance, prevent injury, and maximize results in training with Elite Sport Performance.","robots":{"index":"index","follow":"follow","max-snippet":"max-snippet:-1","max-image-preview":"max-image-preview:large","max-video-preview":"max-video-preview:-1"},"canonical":"https:\/\/weareesp.com\/fr\/la-science-du-mouvement-humain\/","og_locale":"fr_FR","og_type":"article","og_title":"ESP BLOG - Pourquoi la biom\u00e9canique est essentielle \u00e0 l\u2019entra\u00eenement","og_description":"Discover how biomechanics can improve your performance, prevent injury, and maximize results in training with Elite Sport Performance.","og_url":"https:\/\/weareesp.com\/fr\/la-science-du-mouvement-humain\/","og_site_name":"ESP","article_publisher":"https:\/\/fr-fr.facebook.com\/elite.sport.performance.rolandclaes\/","og_image":[{"width":1024,"height":768,"url":"https:\/\/weareesp.com\/www\/wp-content\/uploads\/2022\/07\/esp-about-kortenberg-02.jpg","type":"image\/jpeg"}],"twitter_card":"summary_large_image","twitter_misc":{"Dur\u00e9e de lecture estim\u00e9e":"3 minutes"},"schema":{"@context":"https:\/\/schema.org","@graph":[{"@type":"WebPage","@id":"https:\/\/weareesp.com\/fr\/la-science-du-mouvement-humain\/","url":"https:\/\/weareesp.com\/fr\/la-science-du-mouvement-humain\/","name":"ESP BLOG - Pourquoi la biom\u00e9canique est essentielle \u00e0 l\u2019entra\u00eenement","isPartOf":{"@id":"https:\/\/weareesp.com\/fr\/#website"},"datePublished":"2025-09-06T12:06:41+00:00","description":"Discover how biomechanics can improve your performance, prevent injury, and maximize results in training with Elite Sport Performance.","breadcrumb":{"@id":"https:\/\/weareesp.com\/fr\/la-science-du-mouvement-humain\/#breadcrumb"},"inLanguage":"fr-FR","potentialAction":[{"@type":"ReadAction","target":["https:\/\/weareesp.com\/fr\/la-science-du-mouvement-humain\/"]}]},{"@type":"BreadcrumbList","@id":"https:\/\/weareesp.com\/fr\/la-science-du-mouvement-humain\/#breadcrumb","itemListElement":[{"@type":"ListItem","position":1,"name":"Accueil","item":"https:\/\/weareesp.com\/fr\/"},{"@type":"ListItem","position":2,"name":"ESP BLOG &#8211; La science du mouvement humain : pourquoi la biom\u00e9canique est essentielle \u00e0 l\u2019entra\u00eenement"}]},{"@type":"WebSite","@id":"https:\/\/weareesp.com\/fr\/#website","url":"https:\/\/weareesp.com\/fr\/","name":"ESP","description":"Elite Sport Performance","publisher":{"@id":"https:\/\/weareesp.com\/fr\/#organization"},"potentialAction":[{"@type":"SearchAction","target":{"@type":"EntryPoint","urlTemplate":"https:\/\/weareesp.com\/fr\/?s={search_term_string}"},"query-input":{"@type":"PropertyValueSpecification","valueRequired":true,"valueName":"search_term_string"}}],"inLanguage":"fr-FR"},{"@type":"Organization","@id":"https:\/\/weareesp.com\/fr\/#organization","name":"ESP - Elite Sport Performance","url":"https:\/\/weareesp.com\/fr\/","logo":{"@type":"ImageObject","inLanguage":"fr-FR","@id":"https:\/\/weareesp.com\/fr\/#\/schema\/logo\/image\/","url":"https:\/\/weareesp.com\/www\/wp-content\/uploads\/2022\/05\/logo-esp.svg","contentUrl":"https:\/\/weareesp.com\/www\/wp-content\/uploads\/2022\/05\/logo-esp.svg","width":1,"height":1,"caption":"ESP - Elite Sport Performance"},"image":{"@id":"https:\/\/weareesp.com\/fr\/#\/schema\/logo\/image\/"},"sameAs":["https:\/\/fr-fr.facebook.com\/elite.sport.performance.rolandclaes\/","https:\/\/www.instagram.com\/weareesp\/","https:\/\/www.linkedin.com\/company\/weareesp\/?viewAsMember=true"]}]}},"_links":{"self":[{"href":"https:\/\/weareesp.com\/fr\/wp-json\/wp\/v2\/pages\/12604","targetHints":{"allow":["GET"]}}],"collection":[{"href":"https:\/\/weareesp.com\/fr\/wp-json\/wp\/v2\/pages"}],"about":[{"href":"https:\/\/weareesp.com\/fr\/wp-json\/wp\/v2\/types\/page"}],"author":[{"embeddable":true,"href":"https:\/\/weareesp.com\/fr\/wp-json\/wp\/v2\/users\/3"}],"replies":[{"embeddable":true,"href":"https:\/\/weareesp.com\/fr\/wp-json\/wp\/v2\/comments?post=12604"}],"version-history":[{"count":2,"href":"https:\/\/weareesp.com\/fr\/wp-json\/wp\/v2\/pages\/12604\/revisions"}],"predecessor-version":[{"id":12609,"href":"https:\/\/weareesp.com\/fr\/wp-json\/wp\/v2\/pages\/12604\/revisions\/12609"}],"wp:attachment":[{"href":"https:\/\/weareesp.com\/fr\/wp-json\/wp\/v2\/media?parent=12604"}],"curies":[{"name":"wp","href":"https:\/\/api.w.org\/{rel}","templated":true}]}}