{"id":2212,"date":"2022-04-30T15:04:08","date_gmt":"2022-04-30T13:04:08","guid":{"rendered":"https:\/\/weareesp.com\/www\/contact\/"},"modified":"2025-06-22T17:42:11","modified_gmt":"2025-06-22T15:42:11","slug":"contact","status":"publish","type":"page","link":"https:\/\/weareesp.com\/fr\/contact\/","title":{"rendered":"Contact"},"content":{"rendered":"\n<div class=\"wp-block-contact-form-7-contact-form-selector\">\n<div class=\"wpcf7 no-js\" id=\"wpcf7-f2493-o1\" lang=\"fr-FR\" dir=\"ltr\" data-wpcf7-id=\"2493\">\n<div class=\"screen-reader-response\"><p role=\"status\" aria-live=\"polite\" aria-atomic=\"true\"><\/p> <ul><\/ul><\/div>\n<form action=\"\/fr\/wp-json\/wp\/v2\/pages\/2212#wpcf7-f2493-o1\" method=\"post\" class=\"wpcf7-form init\" aria-label=\"Formulaire de contact\" novalidate=\"novalidate\" data-status=\"init\">\n<fieldset class=\"hidden-fields-container\"><input type=\"hidden\" name=\"_wpcf7\" value=\"2493\" \/><input type=\"hidden\" name=\"_wpcf7_version\" value=\"6.1.5\" \/><input type=\"hidden\" name=\"_wpcf7_locale\" value=\"fr_FR\" \/><input type=\"hidden\" name=\"_wpcf7_unit_tag\" value=\"wpcf7-f2493-o1\" \/><input type=\"hidden\" name=\"_wpcf7_container_post\" value=\"0\" \/><input type=\"hidden\" name=\"_wpcf7_posted_data_hash\" value=\"\" \/><input type=\"hidden\" name=\"_wpcf7_recaptcha_response\" value=\"\" \/>\n<\/fieldset>\n<p><label> Votre nom<br \/>\n<span class=\"wpcf7-form-control-wrap\" data-name=\"your-name\"><input size=\"40\" maxlength=\"400\" class=\"wpcf7-form-control wpcf7-text wpcf7-validates-as-required\" aria-required=\"true\" aria-invalid=\"false\" value=\"\" type=\"text\" name=\"your-name\" \/><\/span> <\/label>\n<\/p>\n<p><label> Votre email<br \/>\n<span class=\"wpcf7-form-control-wrap\" data-name=\"your-email\"><input size=\"40\" maxlength=\"400\" class=\"wpcf7-form-control wpcf7-email wpcf7-validates-as-required wpcf7-text wpcf7-validates-as-email\" aria-required=\"true\" aria-invalid=\"false\" value=\"\" type=\"email\" name=\"your-email\" \/><\/span> <\/label>\n<\/p>\n<p><span class=\"wpcf7-form-control-wrap\" data-name=\"Service\"><select class=\"wpcf7-form-control wpcf7-select wpcf7-validates-as-required\" aria-required=\"true\" aria-invalid=\"false\" name=\"Service\"><option value=\"Rehabilitation\">Rehabilitation<\/option><option value=\"Personal Training\">Personal Training<\/option><option value=\"Kinesitherapie\">Kinesitherapie<\/option><option value=\"Chiropractie\">Chiropractie<\/option><\/select><\/span>\n<\/p>\n<p><label> Num\u00e9ro de T\u00e9l\u00e9phone<br \/>\n<span class=\"wpcf7-form-control-wrap\" data-name=\"tel-336\"><input size=\"40\" maxlength=\"400\" class=\"wpcf7-form-control wpcf7-tel wpcf7-validates-as-required wpcf7-text wpcf7-validates-as-tel\" aria-required=\"true\" aria-invalid=\"false\" value=\"\" type=\"tel\" name=\"tel-336\" \/><\/span> <\/label>\n<\/p>\n<p><label> Sujet du message<br \/>\n<span class=\"wpcf7-form-control-wrap\" data-name=\"your-subject\"><input size=\"40\" maxlength=\"400\" class=\"wpcf7-form-control wpcf7-text wpcf7-validates-as-required\" aria-required=\"true\" aria-invalid=\"false\" value=\"\" type=\"text\" name=\"your-subject\" \/><\/span> <\/label>\n<\/p>\n<p><label> Votre message (optionnel)<br \/>\n<span class=\"wpcf7-form-control-wrap\" data-name=\"your-message\"><textarea cols=\"40\" rows=\"10\" maxlength=\"2000\" class=\"wpcf7-form-control wpcf7-textarea\" aria-invalid=\"false\" name=\"your-message\"><\/textarea><\/span> <\/label><br \/>\n<span class=\"wpcf7-form-control-wrap\" data-name=\"acceptance-404\"><span class=\"wpcf7-form-control wpcf7-acceptance\"><span class=\"wpcf7-list-item\"><label><input type=\"checkbox\" name=\"acceptance-404\" value=\"1\" aria-invalid=\"false\" \/><span class=\"wpcf7-list-item-label\">J'accepte que ESP conserve mes donn\u00e9es afin de me contacter ult\u00e9rieurement<\/span><\/label><\/span><\/span><\/span>\n<\/p>\n<p><input class=\"wpcf7-form-control wpcf7-submit has-spinner\" type=\"submit\" value=\"Envoyer\" \/>\n<\/p><div class=\"wpcf7-response-output\" aria-hidden=\"true\"><\/div>\n<\/form>\n<\/div>\n<\/div>\n\n\n\n<div class=\"wp-block-columns is-layout-flex wp-container-core-columns-is-layout-9d6595d7 wp-block-columns-is-layout-flex\">\n<div class=\"wp-block-column is-layout-flow wp-block-column-is-layout-flow\" style=\"flex-basis:66.66%\">\n<p class=\"introPage\">Vous avez des questions \u00e0 propos de nos services ou de notre approche? Vous voulez prendre un rendez-vous avec un(e) de nos experts personal trainers, kin\u00e9sith\u00e9rapeutes, chiropractor, spine coach, masseur sportif? Il vous suffit de compl\u00e9ter ce formulaire de contact et nous vous recontacterons dans les plus brefs d\u00e9lais.<\/p>\n<\/div>\n\n\n\n<div class=\"wp-block-column is-layout-flow wp-block-column-is-layout-flow\" style=\"flex-basis:33.33%\">\n<h3 class=\"wp-block-heading\">Les 3 Espaces ESP<\/h3>\n\n\n\n<h4 class=\"wp-block-heading has-danger-color has-text-color\">1. ESP &#8211; HEALTH CENTRE Kortenberg (Guldendelle)<\/h4>\n\n\n\n<p class=\"has-small-font-size\">Chiropractor, Kin\u00e9sith\u00e9rapie, Spine Coach, Personal Training, Performance du Sport, Massage Sportif.<\/p>\n\n\n\n<figure class=\"wp-block-image size-full\"><a href=\"https:\/\/goo.gl\/maps\/is7qtaeWai9LiVVA6\" target=\"_blank\" rel=\"noopener\"><img fetchpriority=\"high\" decoding=\"async\" width=\"818\" height=\"357\" src=\"https:\/\/weareesp.com\/www\/wp-content\/uploads\/2022\/04\/dev-map-esp-guldendelle.jpg\" alt=\"ESP - Kortenberg\" class=\"wp-image-1580\" srcset=\"https:\/\/weareesp.com\/www\/wp-content\/uploads\/2022\/04\/dev-map-esp-guldendelle.jpg 818w, https:\/\/weareesp.com\/www\/wp-content\/uploads\/2022\/04\/dev-map-esp-guldendelle-300x131.jpg 300w, https:\/\/weareesp.com\/www\/wp-content\/uploads\/2022\/04\/dev-map-esp-guldendelle-768x335.jpg 768w\" sizes=\"(max-width: 818px) 100vw, 818px\" \/><\/a><\/figure>\n\n\n\n<p>Jean Baptist Vinkstraat 7<br>3070 Kortenberg<br><a href=\"tel:+32498521521\">+32 498 521 521<\/a><br><a href=\"mailto:info@weareesp.com\" target=\"_blank\" rel=\"noreferrer noopener\">info@weareesp.com<\/a><br>Uniquement sur rendez-vous<\/p>\n\n\n\n<div style=\"height:20px\" aria-hidden=\"true\" class=\"wp-block-spacer\"><\/div>\n\n\n\n<h4 class=\"wp-block-heading has-danger-color has-text-color\">2. ESP &#8211; HEALTH CENTRE Brussels (Quartier de l&rsquo;Europe)<\/h4>\n\n\n\n<p class=\"has-small-font-size\">Chiropractor, Kin\u00e9sith\u00e9rapie, Spine Coach, Personal Training, Massage Sportif.<\/p>\n\n\n\n<figure class=\"wp-block-image size-full\"><a href=\"https:\/\/goo.gl\/maps\/Giet7TAgWr5TDghJA\" target=\"_blank\" rel=\"noopener\"><img decoding=\"async\" width=\"746\" height=\"326\" src=\"https:\/\/weareesp.com\/www\/wp-content\/uploads\/2022\/04\/dev-map-esp-ixelles.jpg\" alt=\"ESP - Roland Claes Chiropractor - Ixelles\" class=\"wp-image-1581\" srcset=\"https:\/\/weareesp.com\/www\/wp-content\/uploads\/2022\/04\/dev-map-esp-ixelles.jpg 746w, https:\/\/weareesp.com\/www\/wp-content\/uploads\/2022\/04\/dev-map-esp-ixelles-300x131.jpg 300w\" sizes=\"(max-width: 746px) 100vw, 746px\" \/><\/a><\/figure>\n\n\n\n<p>Rue du Luxembourg 29<br>1050 Brussels<br><a href=\"tel:+3225133129\">+32 2 513 31 29<\/a><br><a href=\"mailto:info@weareesp.com\" target=\"_blank\" rel=\"noreferrer noopener\">info@weareesp.com<\/a><br>Uniquement sur rendez-vous<\/p>\n\n\n\n<div style=\"height:20px\" aria-hidden=\"true\" class=\"wp-block-spacer\"><\/div>\n\n\n\n<h4 class=\"wp-block-heading has-danger-color has-text-color\">3. ESP &#8211; HEALTH CENTRE Kraainem (Bruxelles-Est)<\/h4>\n\n\n\n<p class=\"has-small-font-size\">Chiropractor, Kin\u00e9sith\u00e9rapie.<\/p>\n\n\n\n<figure class=\"wp-block-image size-full\"><a href=\"https:\/\/goo.gl\/maps\/MptyxQPfspFiTijT6\" target=\"_blank\" rel=\"noopener\"><img decoding=\"async\" width=\"746\" height=\"326\" src=\"https:\/\/weareesp.com\/www\/wp-content\/uploads\/2022\/05\/esp-contact-map-kraainem.jpg\" alt=\"ESP - Kraainem\" class=\"wp-image-2753\" srcset=\"https:\/\/weareesp.com\/www\/wp-content\/uploads\/2022\/05\/esp-contact-map-kraainem.jpg 746w, https:\/\/weareesp.com\/www\/wp-content\/uploads\/2022\/05\/esp-contact-map-kraainem-300x131.jpg 300w\" sizes=\"(max-width: 746px) 100vw, 746px\" \/><\/a><\/figure>\n\n\n\n<p>Avenue Reine Astrid 65 <br>1950 Kraainem<br><a href=\"tel:+32498521521\">+32 498 521 521<\/a><br><a href=\"mailto:info@weareesp.com\" target=\"_blank\" rel=\"noreferrer noopener\">info@weareesp.com<\/a><br>Uniquement sur rendez-vous<\/p>\n<\/div>\n<\/div>\n","protected":false},"excerpt":{"rendered":"<p>Vous avez des questions \u00e0 propos de nos services ou de notre approche? Vous voulez prendre un rendez-vous avec un(e) [&hellip;]<\/p>\n","protected":false},"author":1,"featured_media":2958,"parent":0,"menu_order":0,"comment_status":"closed","ping_status":"closed","template":"","meta":{"_acf_changed":false,"_themeisle_gutenberg_block_has_review":false,"footnotes":""},"class_list":["post-2212","page","type-page","status-publish","has-post-thumbnail","hentry"],"featured_image_src":"https:\/\/weareesp.com\/www\/wp-content\/uploads\/2022\/06\/esp-portraits-0443-trio-claes-02-copyright-laetizia-bazzoni.jpg","acf":[],"yoast_head":"<!-- This site is optimized with the Yoast SEO plugin v27.4 - https:\/\/yoast.com\/product\/yoast-seo-wordpress\/ -->\n<title>Contact - ESP<\/title>\n<meta name=\"robots\" content=\"index, follow, max-snippet:-1, max-image-preview:large, max-video-preview:-1\" \/>\n<link rel=\"canonical\" href=\"https:\/\/weareesp.com\/fr\/contact\/\" \/>\n<meta property=\"og:locale\" content=\"fr_FR\" \/>\n<meta property=\"og:type\" content=\"article\" \/>\n<meta property=\"og:title\" content=\"Contact - ESP\" \/>\n<meta property=\"og:description\" content=\"Vous avez des questions \u00e0 propos de nos services ou de notre approche? Vous voulez prendre un rendez-vous avec un(e) [&hellip;]\" \/>\n<meta property=\"og:url\" content=\"https:\/\/weareesp.com\/fr\/contact\/\" \/>\n<meta property=\"og:site_name\" content=\"ESP\" \/>\n<meta property=\"article:publisher\" content=\"https:\/\/fr-fr.facebook.com\/elite.sport.performance.rolandclaes\/\" \/>\n<meta property=\"article:modified_time\" content=\"2025-06-22T15:42:11+00:00\" \/>\n<meta property=\"og:image\" content=\"https:\/\/weareesp.com\/www\/wp-content\/uploads\/2022\/06\/esp-portraits-0443-trio-claes-02-copyright-laetizia-bazzoni.jpg\" \/>\n\t<meta property=\"og:image:width\" content=\"1900\" \/>\n\t<meta property=\"og:image:height\" content=\"1069\" \/>\n\t<meta property=\"og:image:type\" content=\"image\/jpeg\" \/>\n<meta name=\"twitter:card\" content=\"summary_large_image\" \/>\n<meta name=\"twitter:label1\" content=\"Dur\u00e9e de lecture estim\u00e9e\" \/>\n\t<meta name=\"twitter:data1\" content=\"2 minutes\" \/>\n<script type=\"application\/ld+json\" class=\"yoast-schema-graph\">{\"@context\":\"https:\\\/\\\/schema.org\",\"@graph\":[{\"@type\":\"WebPage\",\"@id\":\"https:\\\/\\\/weareesp.com\\\/fr\\\/contact\\\/\",\"url\":\"https:\\\/\\\/weareesp.com\\\/fr\\\/contact\\\/\",\"name\":\"Contact - ESP\",\"isPartOf\":{\"@id\":\"https:\\\/\\\/weareesp.com\\\/fr\\\/#website\"},\"primaryImageOfPage\":{\"@id\":\"https:\\\/\\\/weareesp.com\\\/fr\\\/contact\\\/#primaryimage\"},\"image\":{\"@id\":\"https:\\\/\\\/weareesp.com\\\/fr\\\/contact\\\/#primaryimage\"},\"thumbnailUrl\":\"https:\\\/\\\/weareesp.com\\\/www\\\/wp-content\\\/uploads\\\/2022\\\/06\\\/esp-portraits-0443-trio-claes-02-copyright-laetizia-bazzoni.jpg\",\"datePublished\":\"2022-04-30T13:04:08+00:00\",\"dateModified\":\"2025-06-22T15:42:11+00:00\",\"breadcrumb\":{\"@id\":\"https:\\\/\\\/weareesp.com\\\/fr\\\/contact\\\/#breadcrumb\"},\"inLanguage\":\"fr-FR\",\"potentialAction\":[{\"@type\":\"ReadAction\",\"target\":[\"https:\\\/\\\/weareesp.com\\\/fr\\\/contact\\\/\"]}]},{\"@type\":\"ImageObject\",\"inLanguage\":\"fr-FR\",\"@id\":\"https:\\\/\\\/weareesp.com\\\/fr\\\/contact\\\/#primaryimage\",\"url\":\"https:\\\/\\\/weareesp.com\\\/www\\\/wp-content\\\/uploads\\\/2022\\\/06\\\/esp-portraits-0443-trio-claes-02-copyright-laetizia-bazzoni.jpg\",\"contentUrl\":\"https:\\\/\\\/weareesp.com\\\/www\\\/wp-content\\\/uploads\\\/2022\\\/06\\\/esp-portraits-0443-trio-claes-02-copyright-laetizia-bazzoni.jpg\",\"width\":1900,\"height\":1069,\"caption\":\"Tristan, Floran & Roland Claes\"},{\"@type\":\"BreadcrumbList\",\"@id\":\"https:\\\/\\\/weareesp.com\\\/fr\\\/contact\\\/#breadcrumb\",\"itemListElement\":[{\"@type\":\"ListItem\",\"position\":1,\"name\":\"Accueil\",\"item\":\"https:\\\/\\\/weareesp.com\\\/fr\\\/\"},{\"@type\":\"ListItem\",\"position\":2,\"name\":\"Contact\"}]},{\"@type\":\"WebSite\",\"@id\":\"https:\\\/\\\/weareesp.com\\\/fr\\\/#website\",\"url\":\"https:\\\/\\\/weareesp.com\\\/fr\\\/\",\"name\":\"ESP\",\"description\":\"Elite Sport Performance\",\"publisher\":{\"@id\":\"https:\\\/\\\/weareesp.com\\\/fr\\\/#organization\"},\"potentialAction\":[{\"@type\":\"SearchAction\",\"target\":{\"@type\":\"EntryPoint\",\"urlTemplate\":\"https:\\\/\\\/weareesp.com\\\/fr\\\/?s={search_term_string}\"},\"query-input\":{\"@type\":\"PropertyValueSpecification\",\"valueRequired\":true,\"valueName\":\"search_term_string\"}}],\"inLanguage\":\"fr-FR\"},{\"@type\":\"Organization\",\"@id\":\"https:\\\/\\\/weareesp.com\\\/fr\\\/#organization\",\"name\":\"ESP - Elite Sport Performance\",\"url\":\"https:\\\/\\\/weareesp.com\\\/fr\\\/\",\"logo\":{\"@type\":\"ImageObject\",\"inLanguage\":\"fr-FR\",\"@id\":\"https:\\\/\\\/weareesp.com\\\/fr\\\/#\\\/schema\\\/logo\\\/image\\\/\",\"url\":\"https:\\\/\\\/weareesp.com\\\/www\\\/wp-content\\\/uploads\\\/2022\\\/05\\\/logo-esp.svg\",\"contentUrl\":\"https:\\\/\\\/weareesp.com\\\/www\\\/wp-content\\\/uploads\\\/2022\\\/05\\\/logo-esp.svg\",\"width\":1,\"height\":1,\"caption\":\"ESP - Elite Sport Performance\"},\"image\":{\"@id\":\"https:\\\/\\\/weareesp.com\\\/fr\\\/#\\\/schema\\\/logo\\\/image\\\/\"},\"sameAs\":[\"https:\\\/\\\/fr-fr.facebook.com\\\/elite.sport.performance.rolandclaes\\\/\",\"https:\\\/\\\/www.instagram.com\\\/weareesp\\\/\",\"https:\\\/\\\/www.linkedin.com\\\/company\\\/weareesp\\\/?viewAsMember=true\"]}]}<\/script>\n<!-- \/ Yoast SEO plugin. -->","yoast_head_json":{"title":"Contact - ESP","robots":{"index":"index","follow":"follow","max-snippet":"max-snippet:-1","max-image-preview":"max-image-preview:large","max-video-preview":"max-video-preview:-1"},"canonical":"https:\/\/weareesp.com\/fr\/contact\/","og_locale":"fr_FR","og_type":"article","og_title":"Contact - ESP","og_description":"Vous avez des questions \u00e0 propos de nos services ou de notre approche? Vous voulez prendre un rendez-vous avec un(e) [&hellip;]","og_url":"https:\/\/weareesp.com\/fr\/contact\/","og_site_name":"ESP","article_publisher":"https:\/\/fr-fr.facebook.com\/elite.sport.performance.rolandclaes\/","article_modified_time":"2025-06-22T15:42:11+00:00","og_image":[{"width":1900,"height":1069,"url":"https:\/\/weareesp.com\/www\/wp-content\/uploads\/2022\/06\/esp-portraits-0443-trio-claes-02-copyright-laetizia-bazzoni.jpg","type":"image\/jpeg"}],"twitter_card":"summary_large_image","twitter_misc":{"Dur\u00e9e de lecture estim\u00e9e":"2 minutes"},"schema":{"@context":"https:\/\/schema.org","@graph":[{"@type":"WebPage","@id":"https:\/\/weareesp.com\/fr\/contact\/","url":"https:\/\/weareesp.com\/fr\/contact\/","name":"Contact - ESP","isPartOf":{"@id":"https:\/\/weareesp.com\/fr\/#website"},"primaryImageOfPage":{"@id":"https:\/\/weareesp.com\/fr\/contact\/#primaryimage"},"image":{"@id":"https:\/\/weareesp.com\/fr\/contact\/#primaryimage"},"thumbnailUrl":"https:\/\/weareesp.com\/www\/wp-content\/uploads\/2022\/06\/esp-portraits-0443-trio-claes-02-copyright-laetizia-bazzoni.jpg","datePublished":"2022-04-30T13:04:08+00:00","dateModified":"2025-06-22T15:42:11+00:00","breadcrumb":{"@id":"https:\/\/weareesp.com\/fr\/contact\/#breadcrumb"},"inLanguage":"fr-FR","potentialAction":[{"@type":"ReadAction","target":["https:\/\/weareesp.com\/fr\/contact\/"]}]},{"@type":"ImageObject","inLanguage":"fr-FR","@id":"https:\/\/weareesp.com\/fr\/contact\/#primaryimage","url":"https:\/\/weareesp.com\/www\/wp-content\/uploads\/2022\/06\/esp-portraits-0443-trio-claes-02-copyright-laetizia-bazzoni.jpg","contentUrl":"https:\/\/weareesp.com\/www\/wp-content\/uploads\/2022\/06\/esp-portraits-0443-trio-claes-02-copyright-laetizia-bazzoni.jpg","width":1900,"height":1069,"caption":"Tristan, Floran & Roland Claes"},{"@type":"BreadcrumbList","@id":"https:\/\/weareesp.com\/fr\/contact\/#breadcrumb","itemListElement":[{"@type":"ListItem","position":1,"name":"Accueil","item":"https:\/\/weareesp.com\/fr\/"},{"@type":"ListItem","position":2,"name":"Contact"}]},{"@type":"WebSite","@id":"https:\/\/weareesp.com\/fr\/#website","url":"https:\/\/weareesp.com\/fr\/","name":"ESP","description":"Elite Sport Performance","publisher":{"@id":"https:\/\/weareesp.com\/fr\/#organization"},"potentialAction":[{"@type":"SearchAction","target":{"@type":"EntryPoint","urlTemplate":"https:\/\/weareesp.com\/fr\/?s={search_term_string}"},"query-input":{"@type":"PropertyValueSpecification","valueRequired":true,"valueName":"search_term_string"}}],"inLanguage":"fr-FR"},{"@type":"Organization","@id":"https:\/\/weareesp.com\/fr\/#organization","name":"ESP - Elite Sport Performance","url":"https:\/\/weareesp.com\/fr\/","logo":{"@type":"ImageObject","inLanguage":"fr-FR","@id":"https:\/\/weareesp.com\/fr\/#\/schema\/logo\/image\/","url":"https:\/\/weareesp.com\/www\/wp-content\/uploads\/2022\/05\/logo-esp.svg","contentUrl":"https:\/\/weareesp.com\/www\/wp-content\/uploads\/2022\/05\/logo-esp.svg","width":1,"height":1,"caption":"ESP - Elite Sport Performance"},"image":{"@id":"https:\/\/weareesp.com\/fr\/#\/schema\/logo\/image\/"},"sameAs":["https:\/\/fr-fr.facebook.com\/elite.sport.performance.rolandclaes\/","https:\/\/www.instagram.com\/weareesp\/","https:\/\/www.linkedin.com\/company\/weareesp\/?viewAsMember=true"]}]}},"_links":{"self":[{"href":"https:\/\/weareesp.com\/fr\/wp-json\/wp\/v2\/pages\/2212","targetHints":{"allow":["GET"]}}],"collection":[{"href":"https:\/\/weareesp.com\/fr\/wp-json\/wp\/v2\/pages"}],"about":[{"href":"https:\/\/weareesp.com\/fr\/wp-json\/wp\/v2\/types\/page"}],"author":[{"embeddable":true,"href":"https:\/\/weareesp.com\/fr\/wp-json\/wp\/v2\/users\/1"}],"replies":[{"embeddable":true,"href":"https:\/\/weareesp.com\/fr\/wp-json\/wp\/v2\/comments?post=2212"}],"version-history":[{"count":50,"href":"https:\/\/weareesp.com\/fr\/wp-json\/wp\/v2\/pages\/2212\/revisions"}],"predecessor-version":[{"id":11864,"href":"https:\/\/weareesp.com\/fr\/wp-json\/wp\/v2\/pages\/2212\/revisions\/11864"}],"wp:featuredmedia":[{"embeddable":true,"href":"https:\/\/weareesp.com\/fr\/wp-json\/wp\/v2\/media\/2958"}],"wp:attachment":[{"href":"https:\/\/weareesp.com\/fr\/wp-json\/wp\/v2\/media?parent=2212"}],"curies":[{"name":"wp","href":"https:\/\/api.w.org\/{rel}","templated":true}]}}