{"id":2243,"date":"2022-04-30T15:36:41","date_gmt":"2022-04-30T13:36:41","guid":{"rendered":"https:\/\/weareesp.com\/www\/yoga\/"},"modified":"2022-07-22T16:41:17","modified_gmt":"2022-07-22T14:41:17","slug":"yoga","status":"publish","type":"page","link":"https:\/\/weareesp.com\/fr\/services\/revalidation\/yoga\/","title":{"rendered":"Yoga"},"content":{"rendered":"\n<div class=\"wp-block-columns is-layout-flex wp-container-core-columns-is-layout-9d6595d7 wp-block-columns-is-layout-flex\">\n<div class=\"wp-block-column is-layout-flow wp-block-column-is-layout-flow\" style=\"flex-basis:66.66%\">\n<p>Le corps constitue un tout, beaucoup plus que la somme des parties, plus que des leviers, des supports, des cordes et des c\u00e2bles. C\u2019est pour cela qu\u2019une approche biom\u00e9canique du corps humain est utile pour affiner la compr\u00e9hension de son propre corps. C\u2019est ce que nous vous offrons. Nous analysons chaque segment de votre corps et sa forme. En d\u2019autres mots, son architecture, ses os, ses articulations, les ligaments, les fascias et les muscles. Ensuite, nous consid\u00e9rons la fonction du segment vert\u00e9bral et ses implications dans le reste du corps gr\u00e2ce \u00e0 notre approche th\u00e9rapeutique du yoga.&#13;\n&#13;\n<\/p>\n\n\n\n<p>Our intention is to optimize spinal health, and this implies a <em>functional<\/em> approach to yoga. Each yoga pose has a reason for being done, an intention. A functional approach to yoga will lead to regaining or maintaining health. One of the great gifts of yoga is the ability to <em>attend, <\/em>to notice what is happening, right now, right here, in your body, in your heart and in your mind. The progress within your body may be psychological, emotional, or purely physical.<\/p>\n\n\n\n<p>Chacun a des limites qu\u2019il ne peut outrepasser. Il est d\u00e8s lors important de prendre en consid\u00e9ration la forme physique et \u00e9motionnelle de votre propre corps. Parce que chacun est unique, une approche sp\u00e9cifique et th\u00e9rapeutique est requise. Nous avons tous plusieurs corps qui r\u00e9pondent diff\u00e9remment au mouvement et \u00e0 l\u2019exercice. Les exercices et les programmes de yoga sont des outils pour atteindre des objectifs sant\u00e9 d\u2019une fa\u00e7on efficace et durable. Nous offrons des programmes sur-mesure pour chacun parce que chaque personne a ses propres objectifs pour sa propre sant\u00e9 et que son corps est unique. <\/p>\n\n\n\n<p>La stabilit\u00e9 de la colonne vert\u00e9brale est un pr\u00e9requis \u00e0 la mobilit\u00e9. Un contr\u00f4le musculaire doit \u00eatre effectu\u00e9 au pr\u00e9ablable. Nous offrons des variations anatomiques et concevons des programmes de yoga sp\u00e9cifiques qui conviennent \u00e0 chaque personne. <\/p>\n<\/div>\n\n\n\n<div class=\"wp-block-column is-layout-flow wp-block-column-is-layout-flow\" style=\"flex-basis:33.33%\"><section id=\"team-block_62505d8d0ba3f\" class=\"team\"><div class=\"teamContainer\"><\/div><\/section>\n\n\n<div class=\"wp-block-group allServicesList\"><div class=\"wp-block-group__inner-container is-layout-flow wp-block-group-is-layout-flow\">\n<h4 class=\"wp-block-heading\">Tous nos services en revalidation<\/h4>\n\n\n\n<!-- Page-list plugin v.5.9 wordpress.org\/plugins\/page-list\/ -->\n<!-- no pages to show -->\n<\/div><\/div>\n<\/div>\n<\/div>\n","protected":false},"excerpt":{"rendered":"<p>Le corps constitue un tout, beaucoup plus que la somme des parties, plus que des leviers, des supports, des cordes [&hellip;]<\/p>\n","protected":false},"author":1,"featured_media":2993,"parent":2268,"menu_order":0,"comment_status":"closed","ping_status":"closed","template":"templates\/tpl-services.php","meta":{"_acf_changed":false,"_themeisle_gutenberg_block_has_review":false,"footnotes":""},"class_list":["post-2243","page","type-page","status-publish","has-post-thumbnail","hentry"],"featured_image_src":"https:\/\/weareesp.com\/www\/wp-content\/uploads\/2022\/06\/esp-services-yoga-2356-copyright-laetizia-bazzoni-e1712682817197.jpg","acf":[],"yoast_head":"<!-- This site is optimized with the Yoast SEO plugin v27.5 - https:\/\/yoast.com\/product\/yoast-seo-wordpress\/ -->\n<title>Yoga - ESP<\/title>\n<meta name=\"robots\" content=\"index, follow, max-snippet:-1, max-image-preview:large, max-video-preview:-1\" \/>\n<link rel=\"canonical\" href=\"https:\/\/weareesp.com\/fr\/services\/revalidation\/yoga\/\" \/>\n<meta property=\"og:locale\" content=\"fr_FR\" \/>\n<meta property=\"og:type\" content=\"article\" \/>\n<meta property=\"og:title\" content=\"Yoga - ESP\" \/>\n<meta property=\"og:description\" content=\"Le corps constitue un tout, beaucoup plus que la somme des parties, plus que des leviers, des supports, des cordes [&hellip;]\" \/>\n<meta property=\"og:url\" content=\"https:\/\/weareesp.com\/fr\/services\/revalidation\/yoga\/\" \/>\n<meta property=\"og:site_name\" content=\"ESP\" \/>\n<meta property=\"article:publisher\" content=\"https:\/\/fr-fr.facebook.com\/elite.sport.performance.rolandclaes\/\" \/>\n<meta property=\"article:modified_time\" content=\"2022-07-22T14:41:17+00:00\" \/>\n<meta property=\"og:image\" content=\"https:\/\/weareesp.com\/www\/wp-content\/uploads\/2022\/06\/esp-services-yoga-2356-copyright-laetizia-bazzoni.jpg\" \/>\n\t<meta property=\"og:image:width\" content=\"1650\" \/>\n\t<meta property=\"og:image:height\" content=\"1100\" \/>\n\t<meta property=\"og:image:type\" content=\"image\/jpeg\" \/>\n<meta name=\"twitter:card\" content=\"summary_large_image\" \/>\n<meta name=\"twitter:label1\" content=\"Dur\u00e9e de lecture estim\u00e9e\" \/>\n\t<meta name=\"twitter:data1\" content=\"2 minutes\" \/>\n<script type=\"application\/ld+json\" class=\"yoast-schema-graph\">{\"@context\":\"https:\\\/\\\/schema.org\",\"@graph\":[{\"@type\":\"WebPage\",\"@id\":\"https:\\\/\\\/weareesp.com\\\/fr\\\/services\\\/revalidation\\\/yoga\\\/\",\"url\":\"https:\\\/\\\/weareesp.com\\\/fr\\\/services\\\/revalidation\\\/yoga\\\/\",\"name\":\"Yoga - ESP\",\"isPartOf\":{\"@id\":\"https:\\\/\\\/weareesp.com\\\/fr\\\/#website\"},\"primaryImageOfPage\":{\"@id\":\"https:\\\/\\\/weareesp.com\\\/fr\\\/services\\\/revalidation\\\/yoga\\\/#primaryimage\"},\"image\":{\"@id\":\"https:\\\/\\\/weareesp.com\\\/fr\\\/services\\\/revalidation\\\/yoga\\\/#primaryimage\"},\"thumbnailUrl\":\"https:\\\/\\\/weareesp.com\\\/www\\\/wp-content\\\/uploads\\\/2022\\\/06\\\/esp-services-yoga-2356-copyright-laetizia-bazzoni-e1712682817197.jpg\",\"datePublished\":\"2022-04-30T13:36:41+00:00\",\"dateModified\":\"2022-07-22T14:41:17+00:00\",\"breadcrumb\":{\"@id\":\"https:\\\/\\\/weareesp.com\\\/fr\\\/services\\\/revalidation\\\/yoga\\\/#breadcrumb\"},\"inLanguage\":\"fr-FR\",\"potentialAction\":[{\"@type\":\"ReadAction\",\"target\":[\"https:\\\/\\\/weareesp.com\\\/fr\\\/services\\\/revalidation\\\/yoga\\\/\"]}]},{\"@type\":\"ImageObject\",\"inLanguage\":\"fr-FR\",\"@id\":\"https:\\\/\\\/weareesp.com\\\/fr\\\/services\\\/revalidation\\\/yoga\\\/#primaryimage\",\"url\":\"https:\\\/\\\/weareesp.com\\\/www\\\/wp-content\\\/uploads\\\/2022\\\/06\\\/esp-services-yoga-2356-copyright-laetizia-bazzoni-e1712682817197.jpg\",\"contentUrl\":\"https:\\\/\\\/weareesp.com\\\/www\\\/wp-content\\\/uploads\\\/2022\\\/06\\\/esp-services-yoga-2356-copyright-laetizia-bazzoni-e1712682817197.jpg\",\"width\":1650,\"height\":1100,\"caption\":\"Service : Yoga\"},{\"@type\":\"BreadcrumbList\",\"@id\":\"https:\\\/\\\/weareesp.com\\\/fr\\\/services\\\/revalidation\\\/yoga\\\/#breadcrumb\",\"itemListElement\":[{\"@type\":\"ListItem\",\"position\":1,\"name\":\"Accueil\",\"item\":\"https:\\\/\\\/weareesp.com\\\/fr\\\/\"},{\"@type\":\"ListItem\",\"position\":2,\"name\":\"Services\",\"item\":\"https:\\\/\\\/weareesp.com\\\/fr\\\/services\\\/\"},{\"@type\":\"ListItem\",\"position\":3,\"name\":\"Revalidation\",\"item\":\"https:\\\/\\\/weareesp.com\\\/fr\\\/services\\\/revalidation\\\/\"},{\"@type\":\"ListItem\",\"position\":4,\"name\":\"Yoga\"}]},{\"@type\":\"WebSite\",\"@id\":\"https:\\\/\\\/weareesp.com\\\/fr\\\/#website\",\"url\":\"https:\\\/\\\/weareesp.com\\\/fr\\\/\",\"name\":\"ESP\",\"description\":\"Elite Sport Performance\",\"publisher\":{\"@id\":\"https:\\\/\\\/weareesp.com\\\/fr\\\/#organization\"},\"potentialAction\":[{\"@type\":\"SearchAction\",\"target\":{\"@type\":\"EntryPoint\",\"urlTemplate\":\"https:\\\/\\\/weareesp.com\\\/fr\\\/?s={search_term_string}\"},\"query-input\":{\"@type\":\"PropertyValueSpecification\",\"valueRequired\":true,\"valueName\":\"search_term_string\"}}],\"inLanguage\":\"fr-FR\"},{\"@type\":\"Organization\",\"@id\":\"https:\\\/\\\/weareesp.com\\\/fr\\\/#organization\",\"name\":\"ESP - Elite Sport Performance\",\"url\":\"https:\\\/\\\/weareesp.com\\\/fr\\\/\",\"logo\":{\"@type\":\"ImageObject\",\"inLanguage\":\"fr-FR\",\"@id\":\"https:\\\/\\\/weareesp.com\\\/fr\\\/#\\\/schema\\\/logo\\\/image\\\/\",\"url\":\"https:\\\/\\\/weareesp.com\\\/www\\\/wp-content\\\/uploads\\\/2022\\\/05\\\/logo-esp.svg\",\"contentUrl\":\"https:\\\/\\\/weareesp.com\\\/www\\\/wp-content\\\/uploads\\\/2022\\\/05\\\/logo-esp.svg\",\"width\":1,\"height\":1,\"caption\":\"ESP - Elite Sport Performance\"},\"image\":{\"@id\":\"https:\\\/\\\/weareesp.com\\\/fr\\\/#\\\/schema\\\/logo\\\/image\\\/\"},\"sameAs\":[\"https:\\\/\\\/fr-fr.facebook.com\\\/elite.sport.performance.rolandclaes\\\/\",\"https:\\\/\\\/www.instagram.com\\\/weareesp\\\/\",\"https:\\\/\\\/www.linkedin.com\\\/company\\\/weareesp\\\/?viewAsMember=true\"]}]}<\/script>\n<!-- \/ Yoast SEO plugin. -->","yoast_head_json":{"title":"Yoga - ESP","robots":{"index":"index","follow":"follow","max-snippet":"max-snippet:-1","max-image-preview":"max-image-preview:large","max-video-preview":"max-video-preview:-1"},"canonical":"https:\/\/weareesp.com\/fr\/services\/revalidation\/yoga\/","og_locale":"fr_FR","og_type":"article","og_title":"Yoga - ESP","og_description":"Le corps constitue un tout, beaucoup plus que la somme des parties, plus que des leviers, des supports, des cordes [&hellip;]","og_url":"https:\/\/weareesp.com\/fr\/services\/revalidation\/yoga\/","og_site_name":"ESP","article_publisher":"https:\/\/fr-fr.facebook.com\/elite.sport.performance.rolandclaes\/","article_modified_time":"2022-07-22T14:41:17+00:00","og_image":[{"width":1650,"height":1100,"url":"https:\/\/weareesp.com\/www\/wp-content\/uploads\/2022\/06\/esp-services-yoga-2356-copyright-laetizia-bazzoni.jpg","type":"image\/jpeg"}],"twitter_card":"summary_large_image","twitter_misc":{"Dur\u00e9e de lecture estim\u00e9e":"2 minutes"},"schema":{"@context":"https:\/\/schema.org","@graph":[{"@type":"WebPage","@id":"https:\/\/weareesp.com\/fr\/services\/revalidation\/yoga\/","url":"https:\/\/weareesp.com\/fr\/services\/revalidation\/yoga\/","name":"Yoga - ESP","isPartOf":{"@id":"https:\/\/weareesp.com\/fr\/#website"},"primaryImageOfPage":{"@id":"https:\/\/weareesp.com\/fr\/services\/revalidation\/yoga\/#primaryimage"},"image":{"@id":"https:\/\/weareesp.com\/fr\/services\/revalidation\/yoga\/#primaryimage"},"thumbnailUrl":"https:\/\/weareesp.com\/www\/wp-content\/uploads\/2022\/06\/esp-services-yoga-2356-copyright-laetizia-bazzoni-e1712682817197.jpg","datePublished":"2022-04-30T13:36:41+00:00","dateModified":"2022-07-22T14:41:17+00:00","breadcrumb":{"@id":"https:\/\/weareesp.com\/fr\/services\/revalidation\/yoga\/#breadcrumb"},"inLanguage":"fr-FR","potentialAction":[{"@type":"ReadAction","target":["https:\/\/weareesp.com\/fr\/services\/revalidation\/yoga\/"]}]},{"@type":"ImageObject","inLanguage":"fr-FR","@id":"https:\/\/weareesp.com\/fr\/services\/revalidation\/yoga\/#primaryimage","url":"https:\/\/weareesp.com\/www\/wp-content\/uploads\/2022\/06\/esp-services-yoga-2356-copyright-laetizia-bazzoni-e1712682817197.jpg","contentUrl":"https:\/\/weareesp.com\/www\/wp-content\/uploads\/2022\/06\/esp-services-yoga-2356-copyright-laetizia-bazzoni-e1712682817197.jpg","width":1650,"height":1100,"caption":"Service : Yoga"},{"@type":"BreadcrumbList","@id":"https:\/\/weareesp.com\/fr\/services\/revalidation\/yoga\/#breadcrumb","itemListElement":[{"@type":"ListItem","position":1,"name":"Accueil","item":"https:\/\/weareesp.com\/fr\/"},{"@type":"ListItem","position":2,"name":"Services","item":"https:\/\/weareesp.com\/fr\/services\/"},{"@type":"ListItem","position":3,"name":"Revalidation","item":"https:\/\/weareesp.com\/fr\/services\/revalidation\/"},{"@type":"ListItem","position":4,"name":"Yoga"}]},{"@type":"WebSite","@id":"https:\/\/weareesp.com\/fr\/#website","url":"https:\/\/weareesp.com\/fr\/","name":"ESP","description":"Elite Sport Performance","publisher":{"@id":"https:\/\/weareesp.com\/fr\/#organization"},"potentialAction":[{"@type":"SearchAction","target":{"@type":"EntryPoint","urlTemplate":"https:\/\/weareesp.com\/fr\/?s={search_term_string}"},"query-input":{"@type":"PropertyValueSpecification","valueRequired":true,"valueName":"search_term_string"}}],"inLanguage":"fr-FR"},{"@type":"Organization","@id":"https:\/\/weareesp.com\/fr\/#organization","name":"ESP - Elite Sport Performance","url":"https:\/\/weareesp.com\/fr\/","logo":{"@type":"ImageObject","inLanguage":"fr-FR","@id":"https:\/\/weareesp.com\/fr\/#\/schema\/logo\/image\/","url":"https:\/\/weareesp.com\/www\/wp-content\/uploads\/2022\/05\/logo-esp.svg","contentUrl":"https:\/\/weareesp.com\/www\/wp-content\/uploads\/2022\/05\/logo-esp.svg","width":1,"height":1,"caption":"ESP - Elite Sport Performance"},"image":{"@id":"https:\/\/weareesp.com\/fr\/#\/schema\/logo\/image\/"},"sameAs":["https:\/\/fr-fr.facebook.com\/elite.sport.performance.rolandclaes\/","https:\/\/www.instagram.com\/weareesp\/","https:\/\/www.linkedin.com\/company\/weareesp\/?viewAsMember=true"]}]}},"_links":{"self":[{"href":"https:\/\/weareesp.com\/fr\/wp-json\/wp\/v2\/pages\/2243","targetHints":{"allow":["GET"]}}],"collection":[{"href":"https:\/\/weareesp.com\/fr\/wp-json\/wp\/v2\/pages"}],"about":[{"href":"https:\/\/weareesp.com\/fr\/wp-json\/wp\/v2\/types\/page"}],"author":[{"embeddable":true,"href":"https:\/\/weareesp.com\/fr\/wp-json\/wp\/v2\/users\/1"}],"replies":[{"embeddable":true,"href":"https:\/\/weareesp.com\/fr\/wp-json\/wp\/v2\/comments?post=2243"}],"version-history":[{"count":11,"href":"https:\/\/weareesp.com\/fr\/wp-json\/wp\/v2\/pages\/2243\/revisions"}],"predecessor-version":[{"id":3845,"href":"https:\/\/weareesp.com\/fr\/wp-json\/wp\/v2\/pages\/2243\/revisions\/3845"}],"up":[{"embeddable":true,"href":"https:\/\/weareesp.com\/fr\/wp-json\/wp\/v2\/pages\/2268"}],"wp:featuredmedia":[{"embeddable":true,"href":"https:\/\/weareesp.com\/fr\/wp-json\/wp\/v2\/media\/2993"}],"wp:attachment":[{"href":"https:\/\/weareesp.com\/fr\/wp-json\/wp\/v2\/media?parent=2243"}],"curies":[{"name":"wp","href":"https:\/\/api.w.org\/{rel}","templated":true}]}}