{"id":2256,"date":"2022-04-30T15:44:50","date_gmt":"2022-04-30T13:44:50","guid":{"rendered":"https:\/\/weareesp.com\/www\/services\/performance\/amelioration-de-la-performance\/"},"modified":"2022-08-14T00:48:26","modified_gmt":"2022-08-13T22:48:26","slug":"amelioration-de-la-performance","status":"publish","type":"page","link":"https:\/\/weareesp.com\/fr\/services\/performance\/amelioration-de-la-performance\/","title":{"rendered":"Am\u00e9lioration de la performance"},"content":{"rendered":"\n<div class=\"wp-block-columns is-layout-flex wp-container-core-columns-is-layout-9d6595d7 wp-block-columns-is-layout-flex\">\n<div class=\"wp-block-column is-layout-flow wp-block-column-is-layout-flow\" style=\"flex-basis:66.66%\">\n<p>ESP &#8211; Elite Sport performance vous aide \u00e0 substantiellement am\u00e9liorer vos performances sur le terrain:  votre vitesse, votre force et de fa\u00e7on g\u00e9n\u00e9rale, votre condition physique. Tous les athl\u00e8tes, qu&rsquo;ils soient jeunes ou adultes, b\u00e9n\u00e9ficieront d&rsquo;un entrainement sp\u00e9cifique chez ESP pour les aider \u00e0 se d\u00e9passer et \u00e0 gagner. <\/p>\n\n\n\n<p><\/p>\n<\/div>\n\n\n\n<div class=\"wp-block-column is-layout-flow wp-block-column-is-layout-flow\" style=\"flex-basis:33.33%\"><section id=\"team-block_62505d8d0ba3f\" class=\"team\"><div class=\"teamContainer\"><h4>Nos sp\u00e9cialistes en<br\/>Performance enhancement<\/h4><ul class=\"teamMembersList cols3\"><li><a class=\"teamFig\" href=\"https:\/\/weareesp.com\/fr\/\/team\/#memb13019\" title=\"Sarah Esposito\" style=\"background-image:url(https:\/\/weareesp.com\/www\/wp-content\/uploads\/2025\/11\/Sarah.jpg);\"><h4 class=\"theName\">Sarah Esposito<\/h4><\/a><\/li><li><a class=\"teamFig\" href=\"https:\/\/weareesp.com\/fr\/\/team\/#memb2197\" title=\"Florian Claes\" style=\"background-image:url(https:\/\/weareesp.com\/www\/wp-content\/uploads\/2022\/06\/florian.jpg);\"><h4 class=\"theName\">Florian Claes<\/h4><\/a><\/li><li><a class=\"teamFig\" href=\"https:\/\/weareesp.com\/fr\/\/team\/#memb2089\" title=\"C\u00e9dric Goovaerts\" style=\"background-image:url(https:\/\/weareesp.com\/www\/wp-content\/uploads\/2022\/04\/WhatsApp-Image-2025-12-13-at-15.27.55_f4a2fc24.jpg);\"><h4 class=\"theName\">C\u00e9dric Goovaerts<\/h4><\/a><\/li><li><a class=\"teamFig\" href=\"https:\/\/weareesp.com\/fr\/\/team\/#memb2314\" title=\"Roland Claes\" style=\"background-image:url(https:\/\/weareesp.com\/www\/wp-content\/uploads\/2022\/02\/WhatsApp-Image-2025-12-13-at-15.27.55_5d921fb4.jpg);\"><h4 class=\"theName\">Roland Claes<\/h4><\/a><\/li><\/ul><\/div><\/section>\n\n\n<div class=\"wp-block-group allServicesList\"><div class=\"wp-block-group__inner-container is-layout-flow wp-block-group-is-layout-flow\">\n<h4 class=\"wp-block-heading\">Nos services en performance<\/h4>\n\n\n\n<!-- Page-list plugin v.5.9 wordpress.org\/plugins\/page-list\/ -->\n<!-- no pages to show -->\n<\/div><\/div>\n<\/div>\n<\/div>\n","protected":false},"excerpt":{"rendered":"<p>ESP &#8211; Elite Sport performance vous aide \u00e0 substantiellement am\u00e9liorer vos performances sur le terrain: votre vitesse, votre force et [&hellip;]<\/p>\n","protected":false},"author":1,"featured_media":3014,"parent":2231,"menu_order":0,"comment_status":"closed","ping_status":"closed","template":"","meta":{"_acf_changed":false,"_themeisle_gutenberg_block_has_review":false,"footnotes":""},"class_list":["post-2256","page","type-page","status-publish","has-post-thumbnail","hentry"],"featured_image_src":"https:\/\/weareesp.com\/www\/wp-content\/uploads\/2022\/06\/esp-services-performance-enhancement-2755-copyright-laetizia-bazzoni.jpg","acf":[],"yoast_head":"<!-- This site is optimized with the Yoast SEO plugin v27.4 - https:\/\/yoast.com\/product\/yoast-seo-wordpress\/ -->\n<title>Am\u00e9lioration de la performance - ESP<\/title>\n<meta name=\"robots\" content=\"index, follow, max-snippet:-1, max-image-preview:large, max-video-preview:-1\" \/>\n<link rel=\"canonical\" href=\"https:\/\/weareesp.com\/fr\/services\/performance\/amelioration-de-la-performance\/\" \/>\n<meta property=\"og:locale\" content=\"fr_FR\" \/>\n<meta property=\"og:type\" content=\"article\" \/>\n<meta property=\"og:title\" content=\"Am\u00e9lioration de la performance - ESP\" \/>\n<meta property=\"og:description\" content=\"ESP &#8211; Elite Sport performance vous aide \u00e0 substantiellement am\u00e9liorer vos performances sur le terrain: votre vitesse, votre force et [&hellip;]\" \/>\n<meta property=\"og:url\" content=\"https:\/\/weareesp.com\/fr\/services\/performance\/amelioration-de-la-performance\/\" \/>\n<meta property=\"og:site_name\" content=\"ESP\" \/>\n<meta property=\"article:publisher\" content=\"https:\/\/fr-fr.facebook.com\/elite.sport.performance.rolandclaes\/\" \/>\n<meta property=\"article:modified_time\" content=\"2022-08-13T22:48:26+00:00\" \/>\n<meta property=\"og:image\" content=\"https:\/\/weareesp.com\/www\/wp-content\/uploads\/2022\/06\/esp-services-performance-enhancement-2755-copyright-laetizia-bazzoni.jpg\" \/>\n\t<meta property=\"og:image:width\" content=\"1650\" \/>\n\t<meta property=\"og:image:height\" content=\"1100\" \/>\n\t<meta property=\"og:image:type\" content=\"image\/jpeg\" \/>\n<meta name=\"twitter:card\" content=\"summary_large_image\" \/>\n<meta name=\"twitter:label1\" content=\"Dur\u00e9e de lecture estim\u00e9e\" \/>\n\t<meta name=\"twitter:data1\" content=\"1 minute\" \/>\n<script type=\"application\/ld+json\" class=\"yoast-schema-graph\">{\"@context\":\"https:\\\/\\\/schema.org\",\"@graph\":[{\"@type\":\"WebPage\",\"@id\":\"https:\\\/\\\/weareesp.com\\\/fr\\\/services\\\/performance\\\/amelioration-de-la-performance\\\/\",\"url\":\"https:\\\/\\\/weareesp.com\\\/fr\\\/services\\\/performance\\\/amelioration-de-la-performance\\\/\",\"name\":\"Am\u00e9lioration de la performance - ESP\",\"isPartOf\":{\"@id\":\"https:\\\/\\\/weareesp.com\\\/fr\\\/#website\"},\"primaryImageOfPage\":{\"@id\":\"https:\\\/\\\/weareesp.com\\\/fr\\\/services\\\/performance\\\/amelioration-de-la-performance\\\/#primaryimage\"},\"image\":{\"@id\":\"https:\\\/\\\/weareesp.com\\\/fr\\\/services\\\/performance\\\/amelioration-de-la-performance\\\/#primaryimage\"},\"thumbnailUrl\":\"https:\\\/\\\/weareesp.com\\\/www\\\/wp-content\\\/uploads\\\/2022\\\/06\\\/esp-services-performance-enhancement-2755-copyright-laetizia-bazzoni.jpg\",\"datePublished\":\"2022-04-30T13:44:50+00:00\",\"dateModified\":\"2022-08-13T22:48:26+00:00\",\"breadcrumb\":{\"@id\":\"https:\\\/\\\/weareesp.com\\\/fr\\\/services\\\/performance\\\/amelioration-de-la-performance\\\/#breadcrumb\"},\"inLanguage\":\"fr-FR\",\"potentialAction\":[{\"@type\":\"ReadAction\",\"target\":[\"https:\\\/\\\/weareesp.com\\\/fr\\\/services\\\/performance\\\/amelioration-de-la-performance\\\/\"]}]},{\"@type\":\"ImageObject\",\"inLanguage\":\"fr-FR\",\"@id\":\"https:\\\/\\\/weareesp.com\\\/fr\\\/services\\\/performance\\\/amelioration-de-la-performance\\\/#primaryimage\",\"url\":\"https:\\\/\\\/weareesp.com\\\/www\\\/wp-content\\\/uploads\\\/2022\\\/06\\\/esp-services-performance-enhancement-2755-copyright-laetizia-bazzoni.jpg\",\"contentUrl\":\"https:\\\/\\\/weareesp.com\\\/www\\\/wp-content\\\/uploads\\\/2022\\\/06\\\/esp-services-performance-enhancement-2755-copyright-laetizia-bazzoni.jpg\",\"width\":1650,\"height\":1100,\"caption\":\"Service : Performance\"},{\"@type\":\"BreadcrumbList\",\"@id\":\"https:\\\/\\\/weareesp.com\\\/fr\\\/services\\\/performance\\\/amelioration-de-la-performance\\\/#breadcrumb\",\"itemListElement\":[{\"@type\":\"ListItem\",\"position\":1,\"name\":\"Accueil\",\"item\":\"https:\\\/\\\/weareesp.com\\\/fr\\\/\"},{\"@type\":\"ListItem\",\"position\":2,\"name\":\"Services\",\"item\":\"https:\\\/\\\/weareesp.com\\\/fr\\\/services\\\/\"},{\"@type\":\"ListItem\",\"position\":3,\"name\":\"Performance\",\"item\":\"https:\\\/\\\/weareesp.com\\\/fr\\\/services\\\/performance\\\/\"},{\"@type\":\"ListItem\",\"position\":4,\"name\":\"Am\u00e9lioration de la performance\"}]},{\"@type\":\"WebSite\",\"@id\":\"https:\\\/\\\/weareesp.com\\\/fr\\\/#website\",\"url\":\"https:\\\/\\\/weareesp.com\\\/fr\\\/\",\"name\":\"ESP\",\"description\":\"Elite Sport Performance\",\"publisher\":{\"@id\":\"https:\\\/\\\/weareesp.com\\\/fr\\\/#organization\"},\"potentialAction\":[{\"@type\":\"SearchAction\",\"target\":{\"@type\":\"EntryPoint\",\"urlTemplate\":\"https:\\\/\\\/weareesp.com\\\/fr\\\/?s={search_term_string}\"},\"query-input\":{\"@type\":\"PropertyValueSpecification\",\"valueRequired\":true,\"valueName\":\"search_term_string\"}}],\"inLanguage\":\"fr-FR\"},{\"@type\":\"Organization\",\"@id\":\"https:\\\/\\\/weareesp.com\\\/fr\\\/#organization\",\"name\":\"ESP - Elite Sport Performance\",\"url\":\"https:\\\/\\\/weareesp.com\\\/fr\\\/\",\"logo\":{\"@type\":\"ImageObject\",\"inLanguage\":\"fr-FR\",\"@id\":\"https:\\\/\\\/weareesp.com\\\/fr\\\/#\\\/schema\\\/logo\\\/image\\\/\",\"url\":\"https:\\\/\\\/weareesp.com\\\/www\\\/wp-content\\\/uploads\\\/2022\\\/05\\\/logo-esp.svg\",\"contentUrl\":\"https:\\\/\\\/weareesp.com\\\/www\\\/wp-content\\\/uploads\\\/2022\\\/05\\\/logo-esp.svg\",\"width\":1,\"height\":1,\"caption\":\"ESP - Elite Sport Performance\"},\"image\":{\"@id\":\"https:\\\/\\\/weareesp.com\\\/fr\\\/#\\\/schema\\\/logo\\\/image\\\/\"},\"sameAs\":[\"https:\\\/\\\/fr-fr.facebook.com\\\/elite.sport.performance.rolandclaes\\\/\",\"https:\\\/\\\/www.instagram.com\\\/weareesp\\\/\",\"https:\\\/\\\/www.linkedin.com\\\/company\\\/weareesp\\\/?viewAsMember=true\"]}]}<\/script>\n<!-- \/ Yoast SEO plugin. -->","yoast_head_json":{"title":"Am\u00e9lioration de la performance - ESP","robots":{"index":"index","follow":"follow","max-snippet":"max-snippet:-1","max-image-preview":"max-image-preview:large","max-video-preview":"max-video-preview:-1"},"canonical":"https:\/\/weareesp.com\/fr\/services\/performance\/amelioration-de-la-performance\/","og_locale":"fr_FR","og_type":"article","og_title":"Am\u00e9lioration de la performance - ESP","og_description":"ESP &#8211; Elite Sport performance vous aide \u00e0 substantiellement am\u00e9liorer vos performances sur le terrain: votre vitesse, votre force et [&hellip;]","og_url":"https:\/\/weareesp.com\/fr\/services\/performance\/amelioration-de-la-performance\/","og_site_name":"ESP","article_publisher":"https:\/\/fr-fr.facebook.com\/elite.sport.performance.rolandclaes\/","article_modified_time":"2022-08-13T22:48:26+00:00","og_image":[{"width":1650,"height":1100,"url":"https:\/\/weareesp.com\/www\/wp-content\/uploads\/2022\/06\/esp-services-performance-enhancement-2755-copyright-laetizia-bazzoni.jpg","type":"image\/jpeg"}],"twitter_card":"summary_large_image","twitter_misc":{"Dur\u00e9e de lecture estim\u00e9e":"1 minute"},"schema":{"@context":"https:\/\/schema.org","@graph":[{"@type":"WebPage","@id":"https:\/\/weareesp.com\/fr\/services\/performance\/amelioration-de-la-performance\/","url":"https:\/\/weareesp.com\/fr\/services\/performance\/amelioration-de-la-performance\/","name":"Am\u00e9lioration de la performance - ESP","isPartOf":{"@id":"https:\/\/weareesp.com\/fr\/#website"},"primaryImageOfPage":{"@id":"https:\/\/weareesp.com\/fr\/services\/performance\/amelioration-de-la-performance\/#primaryimage"},"image":{"@id":"https:\/\/weareesp.com\/fr\/services\/performance\/amelioration-de-la-performance\/#primaryimage"},"thumbnailUrl":"https:\/\/weareesp.com\/www\/wp-content\/uploads\/2022\/06\/esp-services-performance-enhancement-2755-copyright-laetizia-bazzoni.jpg","datePublished":"2022-04-30T13:44:50+00:00","dateModified":"2022-08-13T22:48:26+00:00","breadcrumb":{"@id":"https:\/\/weareesp.com\/fr\/services\/performance\/amelioration-de-la-performance\/#breadcrumb"},"inLanguage":"fr-FR","potentialAction":[{"@type":"ReadAction","target":["https:\/\/weareesp.com\/fr\/services\/performance\/amelioration-de-la-performance\/"]}]},{"@type":"ImageObject","inLanguage":"fr-FR","@id":"https:\/\/weareesp.com\/fr\/services\/performance\/amelioration-de-la-performance\/#primaryimage","url":"https:\/\/weareesp.com\/www\/wp-content\/uploads\/2022\/06\/esp-services-performance-enhancement-2755-copyright-laetizia-bazzoni.jpg","contentUrl":"https:\/\/weareesp.com\/www\/wp-content\/uploads\/2022\/06\/esp-services-performance-enhancement-2755-copyright-laetizia-bazzoni.jpg","width":1650,"height":1100,"caption":"Service : Performance"},{"@type":"BreadcrumbList","@id":"https:\/\/weareesp.com\/fr\/services\/performance\/amelioration-de-la-performance\/#breadcrumb","itemListElement":[{"@type":"ListItem","position":1,"name":"Accueil","item":"https:\/\/weareesp.com\/fr\/"},{"@type":"ListItem","position":2,"name":"Services","item":"https:\/\/weareesp.com\/fr\/services\/"},{"@type":"ListItem","position":3,"name":"Performance","item":"https:\/\/weareesp.com\/fr\/services\/performance\/"},{"@type":"ListItem","position":4,"name":"Am\u00e9lioration de la performance"}]},{"@type":"WebSite","@id":"https:\/\/weareesp.com\/fr\/#website","url":"https:\/\/weareesp.com\/fr\/","name":"ESP","description":"Elite Sport Performance","publisher":{"@id":"https:\/\/weareesp.com\/fr\/#organization"},"potentialAction":[{"@type":"SearchAction","target":{"@type":"EntryPoint","urlTemplate":"https:\/\/weareesp.com\/fr\/?s={search_term_string}"},"query-input":{"@type":"PropertyValueSpecification","valueRequired":true,"valueName":"search_term_string"}}],"inLanguage":"fr-FR"},{"@type":"Organization","@id":"https:\/\/weareesp.com\/fr\/#organization","name":"ESP - Elite Sport Performance","url":"https:\/\/weareesp.com\/fr\/","logo":{"@type":"ImageObject","inLanguage":"fr-FR","@id":"https:\/\/weareesp.com\/fr\/#\/schema\/logo\/image\/","url":"https:\/\/weareesp.com\/www\/wp-content\/uploads\/2022\/05\/logo-esp.svg","contentUrl":"https:\/\/weareesp.com\/www\/wp-content\/uploads\/2022\/05\/logo-esp.svg","width":1,"height":1,"caption":"ESP - Elite Sport Performance"},"image":{"@id":"https:\/\/weareesp.com\/fr\/#\/schema\/logo\/image\/"},"sameAs":["https:\/\/fr-fr.facebook.com\/elite.sport.performance.rolandclaes\/","https:\/\/www.instagram.com\/weareesp\/","https:\/\/www.linkedin.com\/company\/weareesp\/?viewAsMember=true"]}]}},"_links":{"self":[{"href":"https:\/\/weareesp.com\/fr\/wp-json\/wp\/v2\/pages\/2256","targetHints":{"allow":["GET"]}}],"collection":[{"href":"https:\/\/weareesp.com\/fr\/wp-json\/wp\/v2\/pages"}],"about":[{"href":"https:\/\/weareesp.com\/fr\/wp-json\/wp\/v2\/types\/page"}],"author":[{"embeddable":true,"href":"https:\/\/weareesp.com\/fr\/wp-json\/wp\/v2\/users\/1"}],"replies":[{"embeddable":true,"href":"https:\/\/weareesp.com\/fr\/wp-json\/wp\/v2\/comments?post=2256"}],"version-history":[{"count":8,"href":"https:\/\/weareesp.com\/fr\/wp-json\/wp\/v2\/pages\/2256\/revisions"}],"predecessor-version":[{"id":4170,"href":"https:\/\/weareesp.com\/fr\/wp-json\/wp\/v2\/pages\/2256\/revisions\/4170"}],"up":[{"embeddable":true,"href":"https:\/\/weareesp.com\/fr\/wp-json\/wp\/v2\/pages\/2231"}],"wp:featuredmedia":[{"embeddable":true,"href":"https:\/\/weareesp.com\/fr\/wp-json\/wp\/v2\/media\/3014"}],"wp:attachment":[{"href":"https:\/\/weareesp.com\/fr\/wp-json\/wp\/v2\/media?parent=2256"}],"curies":[{"name":"wp","href":"https:\/\/api.w.org\/{rel}","templated":true}]}}