{"id":2266,"date":"2022-04-30T15:51:31","date_gmt":"2022-04-30T13:51:31","guid":{"rendered":"https:\/\/weareesp.com\/www\/services\/performance\/renforcement-et-conditionnement-physique\/"},"modified":"2022-07-22T16:29:36","modified_gmt":"2022-07-22T14:29:36","slug":"renforcement-et-conditionnement-physique","status":"publish","type":"page","link":"https:\/\/weareesp.com\/fr\/services\/performance\/renforcement-et-conditionnement-physique\/","title":{"rendered":"Renforcement et conditionnement physique"},"content":{"rendered":"\n<div class=\"wp-block-columns is-layout-flex wp-container-core-columns-is-layout-9d6595d7 wp-block-columns-is-layout-flex\">\n<div class=\"wp-block-column is-layout-flow wp-block-column-is-layout-flow\" style=\"flex-basis:66.66%\">\n<p>Comment renforcer votre condition peu importe votre niveau de d\u00e9part ? Comment d\u00e9velopper votre endurance voire m\u00eame diff\u00e9rents types d\u2019endurance ? Comment acqu\u00e9rir de la force et faire de l\u2019hypertrophie pour favoriser le d\u00e9veloppement des fibres musculaires ?  Si vous cherchez \u00e0 vous renforcer et\/ou \u00e0 gagner en muscle ou en endurance, nos entraineurs et nos experts sont l\u00e0 pour vous aider.<\/p>\n\n\n\n<p>Vous allez aussi apprendre \u00e0 gagner en souplesse et en mobilit\u00e9, \u00e0 vous hydrater correctement pour et pendant l\u2019entrainement. Vous allez recevoir de pr\u00e9cieuses informations en nutrition et sur les compl\u00e9ments alimentaires. Nos entraineurs sont form\u00e9s dans tous les domaines des sciences de la motricit\u00e9, ce qui leur permet d\u2019\u00e9laborer des programmes d\u2019entrainement sp\u00e9cifiques pour vous aider \u00e0 gagner en force, muscle et endurance.<\/p>\n\n\n\n<p>\u00c0 ESP, nous entrainons des sportifs professionnels et amateurs dans un grand nombre de disciplines, gr\u00e2ce \u00e0 nos m\u00e9thodes pratiques pour d\u00e9velopper force, hypertrophie et endurance. Nous abordons avec nos clients les principes fondamentaux de la force et de l\u2019hypertrophie, les m\u00e9canismes qui les sous-tendent et les protocoles sp\u00e9cifiques qui permettent d\u2019optimiser l\u2019entrainement et la r\u00e9cup\u00e9ration. <\/p>\n\n\n\n<p>Nous discutons \u00e9galement d\u2019\u00e9l\u00e9ments essentiels avec nos clients : le sommeil, la nutrition, les compl\u00e9ments alimentaires et les outils qui permettent d\u2019acc\u00e9l\u00e9rer l\u2019adaptation et d\u2019augmenter les chances de gagner en force, muscle et\/ou endurance. <\/p>\n<\/div>\n\n\n\n<div class=\"wp-block-column is-layout-flow wp-block-column-is-layout-flow\" style=\"flex-basis:33.33%\"><section id=\"team-block_62505d8d0ba3f\" class=\"team\"><div class=\"teamContainer\"><h4>Nos sp\u00e9cialistes en<br\/>Strength and conditioning<\/h4><ul class=\"teamMembersList cols3\"><li><a class=\"teamFig\" href=\"https:\/\/weareesp.com\/fr\/\/team\/#memb13674\" title=\"Cindy Deschoenmaeker\" style=\"background-image:url(https:\/\/weareesp.com\/www\/wp-content\/uploads\/2026\/03\/cindy.jpeg);\"><h4 class=\"theName\">Cindy Deschoenmaeker<\/h4><\/a><\/li><li><a class=\"teamFig\" href=\"https:\/\/weareesp.com\/fr\/\/team\/#memb2197\" title=\"Florian Claes\" style=\"background-image:url(https:\/\/weareesp.com\/www\/wp-content\/uploads\/2022\/06\/florian.jpg);\"><h4 class=\"theName\">Florian Claes<\/h4><\/a><\/li><li><a class=\"teamFig\" href=\"https:\/\/weareesp.com\/fr\/\/team\/#memb2304\" title=\"Tristan Claes\" style=\"background-image:url(https:\/\/weareesp.com\/www\/wp-content\/uploads\/2022\/04\/Tristan-1.jpg);\"><h4 class=\"theName\">Tristan Claes<\/h4><\/a><\/li><li><a class=\"teamFig\" href=\"https:\/\/weareesp.com\/fr\/\/team\/#memb2089\" title=\"C\u00e9dric Goovaerts\" style=\"background-image:url(https:\/\/weareesp.com\/www\/wp-content\/uploads\/2022\/04\/WhatsApp-Image-2025-12-13-at-15.27.55_f4a2fc24.jpg);\"><h4 class=\"theName\">C\u00e9dric Goovaerts<\/h4><\/a><\/li><li><a class=\"teamFig\" href=\"https:\/\/weareesp.com\/fr\/\/team\/#memb2314\" title=\"Roland Claes\" style=\"background-image:url(https:\/\/weareesp.com\/www\/wp-content\/uploads\/2022\/02\/WhatsApp-Image-2025-12-13-at-15.27.55_5d921fb4.jpg);\"><h4 class=\"theName\">Roland Claes<\/h4><\/a><\/li><\/ul><\/div><\/section>\n\n\n<div class=\"wp-block-group allServicesList\"><div class=\"wp-block-group__inner-container is-layout-flow wp-block-group-is-layout-flow\">\n<h4 class=\"wp-block-heading\">Nos services en performance<\/h4>\n\n\n\n<!-- Page-list plugin v.5.9 wordpress.org\/plugins\/page-list\/ -->\n<!-- no pages to show -->\n<\/div><\/div>\n<\/div>\n<\/div>\n","protected":false},"excerpt":{"rendered":"<p>Comment renforcer votre condition peu importe votre niveau de d\u00e9part ? Comment d\u00e9velopper votre endurance voire m\u00eame diff\u00e9rents types d\u2019endurance [&hellip;]<\/p>\n","protected":false},"author":1,"featured_media":3009,"parent":2231,"menu_order":0,"comment_status":"closed","ping_status":"closed","template":"","meta":{"_acf_changed":false,"_themeisle_gutenberg_block_has_review":false,"footnotes":""},"class_list":["post-2266","page","type-page","status-publish","has-post-thumbnail","hentry"],"featured_image_src":"https:\/\/weareesp.com\/www\/wp-content\/uploads\/2022\/06\/esp-services-strength-and-conditioning-2802-copyright-laetizia-bazzoni.jpg","acf":[],"yoast_head":"<!-- This site is optimized with the Yoast SEO plugin v27.4 - https:\/\/yoast.com\/product\/yoast-seo-wordpress\/ -->\n<title>Renforcement et conditionnement physique - ESP<\/title>\n<meta name=\"robots\" content=\"index, follow, max-snippet:-1, max-image-preview:large, max-video-preview:-1\" \/>\n<link rel=\"canonical\" href=\"https:\/\/weareesp.com\/fr\/services\/performance\/renforcement-et-conditionnement-physique\/\" \/>\n<meta property=\"og:locale\" content=\"fr_FR\" \/>\n<meta property=\"og:type\" content=\"article\" \/>\n<meta property=\"og:title\" content=\"Renforcement et conditionnement physique - ESP\" \/>\n<meta property=\"og:description\" content=\"Comment renforcer votre condition peu importe votre niveau de d\u00e9part ? Comment d\u00e9velopper votre endurance voire m\u00eame diff\u00e9rents types d\u2019endurance [&hellip;]\" \/>\n<meta property=\"og:url\" content=\"https:\/\/weareesp.com\/fr\/services\/performance\/renforcement-et-conditionnement-physique\/\" \/>\n<meta property=\"og:site_name\" content=\"ESP\" \/>\n<meta property=\"article:publisher\" content=\"https:\/\/fr-fr.facebook.com\/elite.sport.performance.rolandclaes\/\" \/>\n<meta property=\"article:modified_time\" content=\"2022-07-22T14:29:36+00:00\" \/>\n<meta property=\"og:image\" content=\"https:\/\/weareesp.com\/www\/wp-content\/uploads\/2022\/06\/esp-services-strength-and-conditioning-2802-copyright-laetizia-bazzoni.jpg\" \/>\n\t<meta property=\"og:image:width\" content=\"1650\" \/>\n\t<meta property=\"og:image:height\" content=\"1100\" \/>\n\t<meta property=\"og:image:type\" content=\"image\/jpeg\" \/>\n<meta name=\"twitter:card\" content=\"summary_large_image\" \/>\n<meta name=\"twitter:label1\" content=\"Dur\u00e9e de lecture estim\u00e9e\" \/>\n\t<meta name=\"twitter:data1\" content=\"1 minute\" \/>\n<script type=\"application\/ld+json\" class=\"yoast-schema-graph\">{\"@context\":\"https:\\\/\\\/schema.org\",\"@graph\":[{\"@type\":\"WebPage\",\"@id\":\"https:\\\/\\\/weareesp.com\\\/fr\\\/services\\\/performance\\\/renforcement-et-conditionnement-physique\\\/\",\"url\":\"https:\\\/\\\/weareesp.com\\\/fr\\\/services\\\/performance\\\/renforcement-et-conditionnement-physique\\\/\",\"name\":\"Renforcement et conditionnement physique - ESP\",\"isPartOf\":{\"@id\":\"https:\\\/\\\/weareesp.com\\\/fr\\\/#website\"},\"primaryImageOfPage\":{\"@id\":\"https:\\\/\\\/weareesp.com\\\/fr\\\/services\\\/performance\\\/renforcement-et-conditionnement-physique\\\/#primaryimage\"},\"image\":{\"@id\":\"https:\\\/\\\/weareesp.com\\\/fr\\\/services\\\/performance\\\/renforcement-et-conditionnement-physique\\\/#primaryimage\"},\"thumbnailUrl\":\"https:\\\/\\\/weareesp.com\\\/www\\\/wp-content\\\/uploads\\\/2022\\\/06\\\/esp-services-strength-and-conditioning-2802-copyright-laetizia-bazzoni.jpg\",\"datePublished\":\"2022-04-30T13:51:31+00:00\",\"dateModified\":\"2022-07-22T14:29:36+00:00\",\"breadcrumb\":{\"@id\":\"https:\\\/\\\/weareesp.com\\\/fr\\\/services\\\/performance\\\/renforcement-et-conditionnement-physique\\\/#breadcrumb\"},\"inLanguage\":\"fr-FR\",\"potentialAction\":[{\"@type\":\"ReadAction\",\"target\":[\"https:\\\/\\\/weareesp.com\\\/fr\\\/services\\\/performance\\\/renforcement-et-conditionnement-physique\\\/\"]}]},{\"@type\":\"ImageObject\",\"inLanguage\":\"fr-FR\",\"@id\":\"https:\\\/\\\/weareesp.com\\\/fr\\\/services\\\/performance\\\/renforcement-et-conditionnement-physique\\\/#primaryimage\",\"url\":\"https:\\\/\\\/weareesp.com\\\/www\\\/wp-content\\\/uploads\\\/2022\\\/06\\\/esp-services-strength-and-conditioning-2802-copyright-laetizia-bazzoni.jpg\",\"contentUrl\":\"https:\\\/\\\/weareesp.com\\\/www\\\/wp-content\\\/uploads\\\/2022\\\/06\\\/esp-services-strength-and-conditioning-2802-copyright-laetizia-bazzoni.jpg\",\"width\":1650,\"height\":1100,\"caption\":\"Service : Strength & Conditioning\"},{\"@type\":\"BreadcrumbList\",\"@id\":\"https:\\\/\\\/weareesp.com\\\/fr\\\/services\\\/performance\\\/renforcement-et-conditionnement-physique\\\/#breadcrumb\",\"itemListElement\":[{\"@type\":\"ListItem\",\"position\":1,\"name\":\"Accueil\",\"item\":\"https:\\\/\\\/weareesp.com\\\/fr\\\/\"},{\"@type\":\"ListItem\",\"position\":2,\"name\":\"Services\",\"item\":\"https:\\\/\\\/weareesp.com\\\/fr\\\/services\\\/\"},{\"@type\":\"ListItem\",\"position\":3,\"name\":\"Performance\",\"item\":\"https:\\\/\\\/weareesp.com\\\/fr\\\/services\\\/performance\\\/\"},{\"@type\":\"ListItem\",\"position\":4,\"name\":\"Renforcement et conditionnement physique\"}]},{\"@type\":\"WebSite\",\"@id\":\"https:\\\/\\\/weareesp.com\\\/fr\\\/#website\",\"url\":\"https:\\\/\\\/weareesp.com\\\/fr\\\/\",\"name\":\"ESP\",\"description\":\"Elite Sport Performance\",\"publisher\":{\"@id\":\"https:\\\/\\\/weareesp.com\\\/fr\\\/#organization\"},\"potentialAction\":[{\"@type\":\"SearchAction\",\"target\":{\"@type\":\"EntryPoint\",\"urlTemplate\":\"https:\\\/\\\/weareesp.com\\\/fr\\\/?s={search_term_string}\"},\"query-input\":{\"@type\":\"PropertyValueSpecification\",\"valueRequired\":true,\"valueName\":\"search_term_string\"}}],\"inLanguage\":\"fr-FR\"},{\"@type\":\"Organization\",\"@id\":\"https:\\\/\\\/weareesp.com\\\/fr\\\/#organization\",\"name\":\"ESP - Elite Sport Performance\",\"url\":\"https:\\\/\\\/weareesp.com\\\/fr\\\/\",\"logo\":{\"@type\":\"ImageObject\",\"inLanguage\":\"fr-FR\",\"@id\":\"https:\\\/\\\/weareesp.com\\\/fr\\\/#\\\/schema\\\/logo\\\/image\\\/\",\"url\":\"https:\\\/\\\/weareesp.com\\\/www\\\/wp-content\\\/uploads\\\/2022\\\/05\\\/logo-esp.svg\",\"contentUrl\":\"https:\\\/\\\/weareesp.com\\\/www\\\/wp-content\\\/uploads\\\/2022\\\/05\\\/logo-esp.svg\",\"width\":1,\"height\":1,\"caption\":\"ESP - Elite Sport Performance\"},\"image\":{\"@id\":\"https:\\\/\\\/weareesp.com\\\/fr\\\/#\\\/schema\\\/logo\\\/image\\\/\"},\"sameAs\":[\"https:\\\/\\\/fr-fr.facebook.com\\\/elite.sport.performance.rolandclaes\\\/\",\"https:\\\/\\\/www.instagram.com\\\/weareesp\\\/\",\"https:\\\/\\\/www.linkedin.com\\\/company\\\/weareesp\\\/?viewAsMember=true\"]}]}<\/script>\n<!-- \/ Yoast SEO plugin. -->","yoast_head_json":{"title":"Renforcement et conditionnement physique - ESP","robots":{"index":"index","follow":"follow","max-snippet":"max-snippet:-1","max-image-preview":"max-image-preview:large","max-video-preview":"max-video-preview:-1"},"canonical":"https:\/\/weareesp.com\/fr\/services\/performance\/renforcement-et-conditionnement-physique\/","og_locale":"fr_FR","og_type":"article","og_title":"Renforcement et conditionnement physique - ESP","og_description":"Comment renforcer votre condition peu importe votre niveau de d\u00e9part ? Comment d\u00e9velopper votre endurance voire m\u00eame diff\u00e9rents types d\u2019endurance [&hellip;]","og_url":"https:\/\/weareesp.com\/fr\/services\/performance\/renforcement-et-conditionnement-physique\/","og_site_name":"ESP","article_publisher":"https:\/\/fr-fr.facebook.com\/elite.sport.performance.rolandclaes\/","article_modified_time":"2022-07-22T14:29:36+00:00","og_image":[{"width":1650,"height":1100,"url":"https:\/\/weareesp.com\/www\/wp-content\/uploads\/2022\/06\/esp-services-strength-and-conditioning-2802-copyright-laetizia-bazzoni.jpg","type":"image\/jpeg"}],"twitter_card":"summary_large_image","twitter_misc":{"Dur\u00e9e de lecture estim\u00e9e":"1 minute"},"schema":{"@context":"https:\/\/schema.org","@graph":[{"@type":"WebPage","@id":"https:\/\/weareesp.com\/fr\/services\/performance\/renforcement-et-conditionnement-physique\/","url":"https:\/\/weareesp.com\/fr\/services\/performance\/renforcement-et-conditionnement-physique\/","name":"Renforcement et conditionnement physique - ESP","isPartOf":{"@id":"https:\/\/weareesp.com\/fr\/#website"},"primaryImageOfPage":{"@id":"https:\/\/weareesp.com\/fr\/services\/performance\/renforcement-et-conditionnement-physique\/#primaryimage"},"image":{"@id":"https:\/\/weareesp.com\/fr\/services\/performance\/renforcement-et-conditionnement-physique\/#primaryimage"},"thumbnailUrl":"https:\/\/weareesp.com\/www\/wp-content\/uploads\/2022\/06\/esp-services-strength-and-conditioning-2802-copyright-laetizia-bazzoni.jpg","datePublished":"2022-04-30T13:51:31+00:00","dateModified":"2022-07-22T14:29:36+00:00","breadcrumb":{"@id":"https:\/\/weareesp.com\/fr\/services\/performance\/renforcement-et-conditionnement-physique\/#breadcrumb"},"inLanguage":"fr-FR","potentialAction":[{"@type":"ReadAction","target":["https:\/\/weareesp.com\/fr\/services\/performance\/renforcement-et-conditionnement-physique\/"]}]},{"@type":"ImageObject","inLanguage":"fr-FR","@id":"https:\/\/weareesp.com\/fr\/services\/performance\/renforcement-et-conditionnement-physique\/#primaryimage","url":"https:\/\/weareesp.com\/www\/wp-content\/uploads\/2022\/06\/esp-services-strength-and-conditioning-2802-copyright-laetizia-bazzoni.jpg","contentUrl":"https:\/\/weareesp.com\/www\/wp-content\/uploads\/2022\/06\/esp-services-strength-and-conditioning-2802-copyright-laetizia-bazzoni.jpg","width":1650,"height":1100,"caption":"Service : Strength & Conditioning"},{"@type":"BreadcrumbList","@id":"https:\/\/weareesp.com\/fr\/services\/performance\/renforcement-et-conditionnement-physique\/#breadcrumb","itemListElement":[{"@type":"ListItem","position":1,"name":"Accueil","item":"https:\/\/weareesp.com\/fr\/"},{"@type":"ListItem","position":2,"name":"Services","item":"https:\/\/weareesp.com\/fr\/services\/"},{"@type":"ListItem","position":3,"name":"Performance","item":"https:\/\/weareesp.com\/fr\/services\/performance\/"},{"@type":"ListItem","position":4,"name":"Renforcement et conditionnement physique"}]},{"@type":"WebSite","@id":"https:\/\/weareesp.com\/fr\/#website","url":"https:\/\/weareesp.com\/fr\/","name":"ESP","description":"Elite Sport Performance","publisher":{"@id":"https:\/\/weareesp.com\/fr\/#organization"},"potentialAction":[{"@type":"SearchAction","target":{"@type":"EntryPoint","urlTemplate":"https:\/\/weareesp.com\/fr\/?s={search_term_string}"},"query-input":{"@type":"PropertyValueSpecification","valueRequired":true,"valueName":"search_term_string"}}],"inLanguage":"fr-FR"},{"@type":"Organization","@id":"https:\/\/weareesp.com\/fr\/#organization","name":"ESP - Elite Sport Performance","url":"https:\/\/weareesp.com\/fr\/","logo":{"@type":"ImageObject","inLanguage":"fr-FR","@id":"https:\/\/weareesp.com\/fr\/#\/schema\/logo\/image\/","url":"https:\/\/weareesp.com\/www\/wp-content\/uploads\/2022\/05\/logo-esp.svg","contentUrl":"https:\/\/weareesp.com\/www\/wp-content\/uploads\/2022\/05\/logo-esp.svg","width":1,"height":1,"caption":"ESP - Elite Sport Performance"},"image":{"@id":"https:\/\/weareesp.com\/fr\/#\/schema\/logo\/image\/"},"sameAs":["https:\/\/fr-fr.facebook.com\/elite.sport.performance.rolandclaes\/","https:\/\/www.instagram.com\/weareesp\/","https:\/\/www.linkedin.com\/company\/weareesp\/?viewAsMember=true"]}]}},"_links":{"self":[{"href":"https:\/\/weareesp.com\/fr\/wp-json\/wp\/v2\/pages\/2266","targetHints":{"allow":["GET"]}}],"collection":[{"href":"https:\/\/weareesp.com\/fr\/wp-json\/wp\/v2\/pages"}],"about":[{"href":"https:\/\/weareesp.com\/fr\/wp-json\/wp\/v2\/types\/page"}],"author":[{"embeddable":true,"href":"https:\/\/weareesp.com\/fr\/wp-json\/wp\/v2\/users\/1"}],"replies":[{"embeddable":true,"href":"https:\/\/weareesp.com\/fr\/wp-json\/wp\/v2\/comments?post=2266"}],"version-history":[{"count":11,"href":"https:\/\/weareesp.com\/fr\/wp-json\/wp\/v2\/pages\/2266\/revisions"}],"predecessor-version":[{"id":3842,"href":"https:\/\/weareesp.com\/fr\/wp-json\/wp\/v2\/pages\/2266\/revisions\/3842"}],"up":[{"embeddable":true,"href":"https:\/\/weareesp.com\/fr\/wp-json\/wp\/v2\/pages\/2231"}],"wp:featuredmedia":[{"embeddable":true,"href":"https:\/\/weareesp.com\/fr\/wp-json\/wp\/v2\/media\/3009"}],"wp:attachment":[{"href":"https:\/\/weareesp.com\/fr\/wp-json\/wp\/v2\/media?parent=2266"}],"curies":[{"name":"wp","href":"https:\/\/api.w.org\/{rel}","templated":true}]}}