{"id":2268,"date":"2022-04-30T15:54:37","date_gmt":"2022-04-30T13:54:37","guid":{"rendered":"https:\/\/weareesp.com\/www\/services\/revalidation\/"},"modified":"2023-04-10T14:14:05","modified_gmt":"2023-04-10T12:14:05","slug":"revalidation","status":"publish","type":"page","link":"https:\/\/weareesp.com\/fr\/services\/revalidation\/","title":{"rendered":"Revalidation"},"content":{"rendered":"\n<p class=\"introPage\">La revalidation est une approche multidisciplinaire qui vise \u00e0 soigner les blessures survenues dans la pratique d\u2019un sport ou dans la vie quotidienne. L\u2019objectif est que l\u2019athl\u00e8te ou le patient puisse retrouver une mobilit\u00e9 normale et sans douleur. L\u2019\u00e9quipe d\u2019ESP est compos\u00e9e de professionnels hautement qualifi\u00e9s. Parmi eux des kin\u00e9sith\u00e9rapeutes, des entraineurs sportifs, un chiropracteur, une psychologue, une di\u00e9t\u00e9ticienne et une massoth\u00e9rapeute. Ils oeuvrent chacun(es) pour permettre au patient de reprendre les activit\u00e9s qu\u2019il pratiquait avant qu\u2019il ne se soit bless\u00e9, qu\u2019il soit athl\u00e8te professionnel, amateur ou sportif occasionnel. ESP soigne \u00e9galement des non-athl\u00e8tes de tous \u00e2ges, jeunes et moins jeunes.<\/p>\n\n\n\n<div style=\"height:30px\" aria-hidden=\"true\" class=\"wp-block-spacer\"><\/div>\n\n\n\n<div class=\"wp-block-media-text has-media-on-the-right is-stacked-on-mobile\"><div class=\"wp-block-media-text__content\">\n<h2 class=\"wp-block-heading\">Chiropraxie<\/h2>\n\n\n\n<div class=\"wp-block-buttons is-layout-flex wp-block-buttons-is-layout-flex\">\n<div class=\"wp-block-button\"><a class=\"wp-block-button__link has-danger-background-color has-background wp-element-button\" href=\"https:\/\/weareesp.com\/fr\/chiropraxie\/\">En Savoir Plus..<\/a><\/div>\n<\/div>\n<\/div><figure class=\"wp-block-media-text__media\"><img fetchpriority=\"high\" decoding=\"async\" width=\"1024\" height=\"683\" src=\"https:\/\/weareesp.com\/wp-content\/uploads\/2022\/06\/esp-services-chiropractic-2551-copyright-laetizia-bazzoni-1024x683.jpg\" alt=\"\" class=\"wp-image-2998 size-full\" srcset=\"https:\/\/weareesp.com\/www\/wp-content\/uploads\/2022\/06\/esp-services-chiropractic-2551-copyright-laetizia-bazzoni-1024x683.jpg 1024w, https:\/\/weareesp.com\/www\/wp-content\/uploads\/2022\/06\/esp-services-chiropractic-2551-copyright-laetizia-bazzoni-300x200.jpg 300w, https:\/\/weareesp.com\/www\/wp-content\/uploads\/2022\/06\/esp-services-chiropractic-2551-copyright-laetizia-bazzoni-768x512.jpg 768w, https:\/\/weareesp.com\/www\/wp-content\/uploads\/2022\/06\/esp-services-chiropractic-2551-copyright-laetizia-bazzoni-1536x1024.jpg 1536w, https:\/\/weareesp.com\/www\/wp-content\/uploads\/2022\/06\/esp-services-chiropractic-2551-copyright-laetizia-bazzoni.jpg 1650w\" sizes=\"(max-width: 1024px) 100vw, 1024px\" \/><\/figure><\/div>\n\n\n\n<div class=\"wp-block-media-text is-stacked-on-mobile\"><figure class=\"wp-block-media-text__media\"><img decoding=\"async\" width=\"1024\" height=\"683\" src=\"https:\/\/weareesp.com\/wp-content\/uploads\/2022\/06\/esp-services-physical-therapy-2531-copyright-laetizia-bazzoni-1024x683.jpg\" alt=\"Service : Kin\u00e9sith\u00e9rapie\" class=\"wp-image-3213 size-full\" srcset=\"https:\/\/weareesp.com\/www\/wp-content\/uploads\/2022\/06\/esp-services-physical-therapy-2531-copyright-laetizia-bazzoni-1024x683.jpg 1024w, https:\/\/weareesp.com\/www\/wp-content\/uploads\/2022\/06\/esp-services-physical-therapy-2531-copyright-laetizia-bazzoni-300x200.jpg 300w, https:\/\/weareesp.com\/www\/wp-content\/uploads\/2022\/06\/esp-services-physical-therapy-2531-copyright-laetizia-bazzoni-768x512.jpg 768w, https:\/\/weareesp.com\/www\/wp-content\/uploads\/2022\/06\/esp-services-physical-therapy-2531-copyright-laetizia-bazzoni-1536x1024.jpg 1536w, https:\/\/weareesp.com\/www\/wp-content\/uploads\/2022\/06\/esp-services-physical-therapy-2531-copyright-laetizia-bazzoni.jpg 1650w\" sizes=\"(max-width: 1024px) 100vw, 1024px\" \/><\/figure><div class=\"wp-block-media-text__content\">\n<h2 class=\"wp-block-heading\">Kin\u00e9sith\u00e9rapie<\/h2>\n\n\n\n<div class=\"wp-block-buttons is-layout-flex wp-block-buttons-is-layout-flex\">\n<div class=\"wp-block-button\"><a class=\"wp-block-button__link has-danger-background-color has-background wp-element-button\" href=\"https:\/\/weareesp.com\/fr\/services\/revalidation\/kinesitherapie\/\">En Savoir Plus&#8230;<\/a><\/div>\n<\/div>\n<\/div><\/div>\n\n\n\n<div class=\"wp-block-media-text has-media-on-the-right is-stacked-on-mobile\"><figure class=\"wp-block-media-text__media\"><a href=\"https:\/\/weareesp.com\/fr\/services\/revalidation\/revalidation-sportive\/\"><img decoding=\"async\" width=\"1024\" height=\"683\" src=\"https:\/\/weareesp.com\/wp-content\/uploads\/2022\/06\/esp-services-sport-rehabilitation-2725-copyright-laetizia-bazzoni-1024x683.jpg\" alt=\"\" class=\"wp-image-3198 size-full\" srcset=\"https:\/\/weareesp.com\/www\/wp-content\/uploads\/2022\/06\/esp-services-sport-rehabilitation-2725-copyright-laetizia-bazzoni-1024x683.jpg 1024w, https:\/\/weareesp.com\/www\/wp-content\/uploads\/2022\/06\/esp-services-sport-rehabilitation-2725-copyright-laetizia-bazzoni-300x200.jpg 300w, https:\/\/weareesp.com\/www\/wp-content\/uploads\/2022\/06\/esp-services-sport-rehabilitation-2725-copyright-laetizia-bazzoni-768x512.jpg 768w, https:\/\/weareesp.com\/www\/wp-content\/uploads\/2022\/06\/esp-services-sport-rehabilitation-2725-copyright-laetizia-bazzoni-1536x1024.jpg 1536w, https:\/\/weareesp.com\/www\/wp-content\/uploads\/2022\/06\/esp-services-sport-rehabilitation-2725-copyright-laetizia-bazzoni.jpg 1650w\" sizes=\"(max-width: 1024px) 100vw, 1024px\" \/><\/a><\/figure><div class=\"wp-block-media-text__content\">\n\n<h2 class=\"wp-block-heading\">Revalidation sportive<\/h2>\n\n<\/div><\/div>\n\n\n\n<div class=\"wp-block-media-text is-stacked-on-mobile\"><figure class=\"wp-block-media-text__media\"><a href=\"https:\/\/weareesp.com\/fr\/services\/revalidation\/yoga\/\"><img loading=\"lazy\" decoding=\"async\" width=\"1024\" height=\"683\" src=\"https:\/\/weareesp.com\/wp-content\/uploads\/2022\/06\/esp-services-yoga-2356-copyright-laetizia-bazzoni-1024x683.jpg\" alt=\"Service : Yoga\" class=\"wp-image-2993 size-full\" srcset=\"https:\/\/weareesp.com\/www\/wp-content\/uploads\/2022\/06\/esp-services-yoga-2356-copyright-laetizia-bazzoni-1024x683.jpg 1024w, https:\/\/weareesp.com\/www\/wp-content\/uploads\/2022\/06\/esp-services-yoga-2356-copyright-laetizia-bazzoni-300x200.jpg 300w, https:\/\/weareesp.com\/www\/wp-content\/uploads\/2022\/06\/esp-services-yoga-2356-copyright-laetizia-bazzoni-768x512.jpg 768w, https:\/\/weareesp.com\/www\/wp-content\/uploads\/2022\/06\/esp-services-yoga-2356-copyright-laetizia-bazzoni-1536x1024.jpg 1536w, https:\/\/weareesp.com\/www\/wp-content\/uploads\/2022\/06\/esp-services-yoga-2356-copyright-laetizia-bazzoni.jpg 1650w\" sizes=\"(max-width: 1024px) 100vw, 1024px\" \/><\/a><\/figure><div class=\"wp-block-media-text__content\">\n\n<h2 class=\"wp-block-heading\">Yoga<\/h2>\n\n\n<div class=\"wp-block-buttons is-layout-flex wp-block-buttons-is-layout-flex\">\n\n<div class=\"wp-block-button is-style-fill\"><a class=\"wp-block-button__link\" href=\"https:\/\/weareesp.com\/fr\/services\/revalidation\/yoga\/\">Lire plus<\/a><\/div>\n\n<\/div>\n\n<\/div><\/div>\n\n\n\n<div class=\"wp-block-media-text has-media-on-the-right is-stacked-on-mobile\"><figure class=\"wp-block-media-text__media\"><img loading=\"lazy\" decoding=\"async\" width=\"1024\" height=\"683\" src=\"https:\/\/weareesp.com\/wp-content\/uploads\/2022\/06\/esp-services-massage-therapy-2473-copyright-laetizia-bazzoni-1024x683.jpg\" alt=\"Service : Massage th\u00e9rapeutique\" class=\"wp-image-2996 size-full\" srcset=\"https:\/\/weareesp.com\/www\/wp-content\/uploads\/2022\/06\/esp-services-massage-therapy-2473-copyright-laetizia-bazzoni-1024x683.jpg 1024w, https:\/\/weareesp.com\/www\/wp-content\/uploads\/2022\/06\/esp-services-massage-therapy-2473-copyright-laetizia-bazzoni-300x200.jpg 300w, https:\/\/weareesp.com\/www\/wp-content\/uploads\/2022\/06\/esp-services-massage-therapy-2473-copyright-laetizia-bazzoni-768x512.jpg 768w, https:\/\/weareesp.com\/www\/wp-content\/uploads\/2022\/06\/esp-services-massage-therapy-2473-copyright-laetizia-bazzoni-1536x1024.jpg 1536w, https:\/\/weareesp.com\/www\/wp-content\/uploads\/2022\/06\/esp-services-massage-therapy-2473-copyright-laetizia-bazzoni.jpg 1650w\" sizes=\"(max-width: 1024px) 100vw, 1024px\" \/><\/figure><div class=\"wp-block-media-text__content\">\n\n<h2 class=\"wp-block-heading\">Massage th\u00e9rapeutique<\/h2>\n\n<\/div><\/div>\n\n\n\n<div class=\"wp-block-media-text is-stacked-on-mobile\"><figure class=\"wp-block-media-text__media\"><a href=\"https:\/\/weareesp.com\/fr\/services\/revalidation\/analyse-de-la-composition-corporelle\/\"><img loading=\"lazy\" decoding=\"async\" width=\"1024\" height=\"683\" src=\"https:\/\/weareesp.com\/wp-content\/uploads\/2022\/06\/esp-services-body-composition-analysis-1-1024x683.jpg\" alt=\"\" class=\"wp-image-3041 size-full\" srcset=\"https:\/\/weareesp.com\/www\/wp-content\/uploads\/2022\/06\/esp-services-body-composition-analysis-1-1024x683.jpg 1024w, https:\/\/weareesp.com\/www\/wp-content\/uploads\/2022\/06\/esp-services-body-composition-analysis-1-300x200.jpg 300w, https:\/\/weareesp.com\/www\/wp-content\/uploads\/2022\/06\/esp-services-body-composition-analysis-1-768x512.jpg 768w, https:\/\/weareesp.com\/www\/wp-content\/uploads\/2022\/06\/esp-services-body-composition-analysis-1.jpg 1450w\" sizes=\"(max-width: 1024px) 100vw, 1024px\" \/><\/a><\/figure><div class=\"wp-block-media-text__content\">\n\n<h2 class=\"wp-block-heading\">Analyse de la composition corporelle<\/h2>\n\n\n<div class=\"wp-block-buttons is-layout-flex wp-block-buttons-is-layout-flex\">\n\n<div class=\"wp-block-button is-style-fill\"><a class=\"wp-block-button__link\" href=\"https:\/\/weareesp.com\/fr\/services\/revalidation\/analyse-de-la-composition-corporelle\/\">Lire plus<\/a><\/div>\n\n<\/div>\n\n\n<p><\/p>\n\n<\/div><\/div>\n\n\n\n<div class=\"wp-block-media-text has-media-on-the-right is-stacked-on-mobile\"><figure class=\"wp-block-media-text__media\"><img loading=\"lazy\" decoding=\"async\" width=\"1024\" height=\"683\" src=\"https:\/\/weareesp.com\/wp-content\/uploads\/2022\/04\/esp-page-nutrition-illustration-1024x683.jpg\" alt=\"\" class=\"wp-image-2096 size-full\" srcset=\"https:\/\/weareesp.com\/www\/wp-content\/uploads\/2022\/04\/esp-page-nutrition-illustration-1024x683.jpg 1024w, https:\/\/weareesp.com\/www\/wp-content\/uploads\/2022\/04\/esp-page-nutrition-illustration-300x200.jpg 300w, https:\/\/weareesp.com\/www\/wp-content\/uploads\/2022\/04\/esp-page-nutrition-illustration-768x512.jpg 768w, https:\/\/weareesp.com\/www\/wp-content\/uploads\/2022\/04\/esp-page-nutrition-illustration-1536x1024.jpg 1536w, https:\/\/weareesp.com\/www\/wp-content\/uploads\/2022\/04\/esp-page-nutrition-illustration-1200x800.jpg 1200w, https:\/\/weareesp.com\/www\/wp-content\/uploads\/2022\/04\/esp-page-nutrition-illustration.jpg 1600w\" sizes=\"(max-width: 1024px) 100vw, 1024px\" \/><\/figure><div class=\"wp-block-media-text__content\">\n\n<h2 class=\"wp-block-heading\">Nutrition<\/h2>\n\n<\/div><\/div>\n\n\n\n<div class=\"wp-block-media-text is-stacked-on-mobile\"><figure class=\"wp-block-media-text__media\"><a href=\"https:\/\/weareesp.com\/fr\/services\/revalidation\/2680-revision-v1\/\"><img loading=\"lazy\" decoding=\"async\" width=\"1024\" height=\"683\" src=\"https:\/\/weareesp.com\/wp-content\/uploads\/2022\/06\/esp-services-mental-coaching-nlp-1024x683.jpg\" alt=\"Mental Coaching (NLP)\" class=\"wp-image-3369 size-full\" srcset=\"https:\/\/weareesp.com\/www\/wp-content\/uploads\/2022\/06\/esp-services-mental-coaching-nlp-1024x683.jpg 1024w, https:\/\/weareesp.com\/www\/wp-content\/uploads\/2022\/06\/esp-services-mental-coaching-nlp-300x200.jpg 300w, https:\/\/weareesp.com\/www\/wp-content\/uploads\/2022\/06\/esp-services-mental-coaching-nlp-768x512.jpg 768w, https:\/\/weareesp.com\/www\/wp-content\/uploads\/2022\/06\/esp-services-mental-coaching-nlp-1536x1024.jpg 1536w, https:\/\/weareesp.com\/www\/wp-content\/uploads\/2022\/06\/esp-services-mental-coaching-nlp.jpg 1650w\" sizes=\"(max-width: 1024px) 100vw, 1024px\" \/><\/a><\/figure><div class=\"wp-block-media-text__content\">\n\n<h2 class=\"wp-block-heading\">Coaching mental (PNL)<\/h2>\n\n\n<div class=\"wp-block-buttons is-layout-flex wp-block-buttons-is-layout-flex\">\n\n<div class=\"wp-block-button is-style-fill\"><a class=\"wp-block-button__link\" href=\"https:\/\/weareesp.com\/fr\/services\/revalidation\/2680-revision-v1\/\">Lire plus<\/a><\/div>\n\n<\/div>\n\n<\/div><\/div>\n\n\n\n<div class=\"wp-block-media-text has-media-on-the-right is-stacked-on-mobile\"><figure class=\"wp-block-media-text__media\"><a href=\"https:\/\/weareesp.com\/fr\/services\/revalidation\/revalidation-neurologique-bobath\/\"><img loading=\"lazy\" decoding=\"async\" width=\"1024\" height=\"683\" src=\"https:\/\/weareesp.com\/wp-content\/uploads\/2022\/07\/esp-services-neurological-rehab-1024x683.jpg\" alt=\"Neurological Rehab\" class=\"wp-image-3701 size-full\" srcset=\"https:\/\/weareesp.com\/www\/wp-content\/uploads\/2022\/07\/esp-services-neurological-rehab-1024x683.jpg 1024w, https:\/\/weareesp.com\/www\/wp-content\/uploads\/2022\/07\/esp-services-neurological-rehab-300x200.jpg 300w, https:\/\/weareesp.com\/www\/wp-content\/uploads\/2022\/07\/esp-services-neurological-rehab-768x512.jpg 768w, https:\/\/weareesp.com\/www\/wp-content\/uploads\/2022\/07\/esp-services-neurological-rehab-1536x1024.jpg 1536w, https:\/\/weareesp.com\/www\/wp-content\/uploads\/2022\/07\/esp-services-neurological-rehab.jpg 1900w\" sizes=\"(max-width: 1024px) 100vw, 1024px\" \/><\/a><\/figure><div class=\"wp-block-media-text__content\">\n\n<h2 class=\"wp-block-heading\">Revalidation neurologique (Bobath)<\/h2>\n\n<\/div><\/div>\n","protected":false},"excerpt":{"rendered":"<p>La revalidation est une approche multidisciplinaire qui vise \u00e0 soigner les blessures survenues dans la pratique d\u2019un sport ou dans [&hellip;]<\/p>\n","protected":false},"author":1,"featured_media":3018,"parent":2214,"menu_order":0,"comment_status":"closed","ping_status":"closed","template":"templates\/tpl-services.php","meta":{"_acf_changed":false,"_themeisle_gutenberg_block_has_review":false,"footnotes":""},"class_list":["post-2268","page","type-page","status-publish","has-post-thumbnail","hentry"],"featured_image_src":"https:\/\/weareesp.com\/www\/wp-content\/uploads\/2022\/06\/esp-services-rehabilitation-2564-copyright-laetizia-bazzoni.jpg","acf":[],"yoast_head":"<!-- This site is optimized with the Yoast SEO plugin v27.3 - https:\/\/yoast.com\/product\/yoast-seo-wordpress\/ -->\n<title>Revalidation - ESP<\/title>\n<meta name=\"robots\" content=\"index, follow, max-snippet:-1, max-image-preview:large, max-video-preview:-1\" \/>\n<link rel=\"canonical\" href=\"https:\/\/weareesp.com\/fr\/services\/revalidation\/\" \/>\n<meta property=\"og:locale\" content=\"fr_FR\" \/>\n<meta property=\"og:type\" content=\"article\" \/>\n<meta property=\"og:title\" content=\"Revalidation - ESP\" \/>\n<meta property=\"og:description\" content=\"La revalidation est une approche multidisciplinaire qui vise \u00e0 soigner les blessures survenues dans la pratique d\u2019un sport ou dans [&hellip;]\" \/>\n<meta property=\"og:url\" content=\"https:\/\/weareesp.com\/fr\/services\/revalidation\/\" \/>\n<meta property=\"og:site_name\" content=\"ESP\" \/>\n<meta property=\"article:publisher\" content=\"https:\/\/fr-fr.facebook.com\/elite.sport.performance.rolandclaes\/\" \/>\n<meta property=\"article:modified_time\" content=\"2023-04-10T12:14:05+00:00\" \/>\n<meta property=\"og:image\" content=\"https:\/\/weareesp.com\/www\/wp-content\/uploads\/2022\/06\/esp-services-rehabilitation-2564-copyright-laetizia-bazzoni.jpg\" \/>\n\t<meta property=\"og:image:width\" content=\"1650\" \/>\n\t<meta property=\"og:image:height\" content=\"1100\" \/>\n\t<meta property=\"og:image:type\" content=\"image\/jpeg\" \/>\n<meta name=\"twitter:card\" content=\"summary_large_image\" \/>\n<meta name=\"twitter:label1\" content=\"Dur\u00e9e de lecture estim\u00e9e\" \/>\n\t<meta name=\"twitter:data1\" content=\"3 minutes\" \/>\n<script type=\"application\/ld+json\" class=\"yoast-schema-graph\">{\"@context\":\"https:\\\/\\\/schema.org\",\"@graph\":[{\"@type\":\"WebPage\",\"@id\":\"https:\\\/\\\/weareesp.com\\\/fr\\\/services\\\/revalidation\\\/\",\"url\":\"https:\\\/\\\/weareesp.com\\\/fr\\\/services\\\/revalidation\\\/\",\"name\":\"Revalidation - ESP\",\"isPartOf\":{\"@id\":\"https:\\\/\\\/weareesp.com\\\/fr\\\/#website\"},\"primaryImageOfPage\":{\"@id\":\"https:\\\/\\\/weareesp.com\\\/fr\\\/services\\\/revalidation\\\/#primaryimage\"},\"image\":{\"@id\":\"https:\\\/\\\/weareesp.com\\\/fr\\\/services\\\/revalidation\\\/#primaryimage\"},\"thumbnailUrl\":\"https:\\\/\\\/weareesp.com\\\/www\\\/wp-content\\\/uploads\\\/2022\\\/06\\\/esp-services-rehabilitation-2564-copyright-laetizia-bazzoni.jpg\",\"datePublished\":\"2022-04-30T13:54:37+00:00\",\"dateModified\":\"2023-04-10T12:14:05+00:00\",\"breadcrumb\":{\"@id\":\"https:\\\/\\\/weareesp.com\\\/fr\\\/services\\\/revalidation\\\/#breadcrumb\"},\"inLanguage\":\"fr-FR\",\"potentialAction\":[{\"@type\":\"ReadAction\",\"target\":[\"https:\\\/\\\/weareesp.com\\\/fr\\\/services\\\/revalidation\\\/\"]}]},{\"@type\":\"ImageObject\",\"inLanguage\":\"fr-FR\",\"@id\":\"https:\\\/\\\/weareesp.com\\\/fr\\\/services\\\/revalidation\\\/#primaryimage\",\"url\":\"https:\\\/\\\/weareesp.com\\\/www\\\/wp-content\\\/uploads\\\/2022\\\/06\\\/esp-services-rehabilitation-2564-copyright-laetizia-bazzoni.jpg\",\"contentUrl\":\"https:\\\/\\\/weareesp.com\\\/www\\\/wp-content\\\/uploads\\\/2022\\\/06\\\/esp-services-rehabilitation-2564-copyright-laetizia-bazzoni.jpg\",\"width\":1650,\"height\":1100,\"caption\":\"Service : Revalidation\"},{\"@type\":\"BreadcrumbList\",\"@id\":\"https:\\\/\\\/weareesp.com\\\/fr\\\/services\\\/revalidation\\\/#breadcrumb\",\"itemListElement\":[{\"@type\":\"ListItem\",\"position\":1,\"name\":\"Accueil\",\"item\":\"https:\\\/\\\/weareesp.com\\\/fr\\\/\"},{\"@type\":\"ListItem\",\"position\":2,\"name\":\"Services\",\"item\":\"https:\\\/\\\/weareesp.com\\\/fr\\\/services\\\/\"},{\"@type\":\"ListItem\",\"position\":3,\"name\":\"Revalidation\"}]},{\"@type\":\"WebSite\",\"@id\":\"https:\\\/\\\/weareesp.com\\\/fr\\\/#website\",\"url\":\"https:\\\/\\\/weareesp.com\\\/fr\\\/\",\"name\":\"ESP\",\"description\":\"Elite Sport Performance\",\"publisher\":{\"@id\":\"https:\\\/\\\/weareesp.com\\\/fr\\\/#organization\"},\"potentialAction\":[{\"@type\":\"SearchAction\",\"target\":{\"@type\":\"EntryPoint\",\"urlTemplate\":\"https:\\\/\\\/weareesp.com\\\/fr\\\/?s={search_term_string}\"},\"query-input\":{\"@type\":\"PropertyValueSpecification\",\"valueRequired\":true,\"valueName\":\"search_term_string\"}}],\"inLanguage\":\"fr-FR\"},{\"@type\":\"Organization\",\"@id\":\"https:\\\/\\\/weareesp.com\\\/fr\\\/#organization\",\"name\":\"ESP - Elite Sport Performance\",\"url\":\"https:\\\/\\\/weareesp.com\\\/fr\\\/\",\"logo\":{\"@type\":\"ImageObject\",\"inLanguage\":\"fr-FR\",\"@id\":\"https:\\\/\\\/weareesp.com\\\/fr\\\/#\\\/schema\\\/logo\\\/image\\\/\",\"url\":\"https:\\\/\\\/weareesp.com\\\/www\\\/wp-content\\\/uploads\\\/2022\\\/05\\\/logo-esp.svg\",\"contentUrl\":\"https:\\\/\\\/weareesp.com\\\/www\\\/wp-content\\\/uploads\\\/2022\\\/05\\\/logo-esp.svg\",\"width\":1,\"height\":1,\"caption\":\"ESP - Elite Sport Performance\"},\"image\":{\"@id\":\"https:\\\/\\\/weareesp.com\\\/fr\\\/#\\\/schema\\\/logo\\\/image\\\/\"},\"sameAs\":[\"https:\\\/\\\/fr-fr.facebook.com\\\/elite.sport.performance.rolandclaes\\\/\",\"https:\\\/\\\/www.instagram.com\\\/weareesp\\\/\",\"https:\\\/\\\/www.linkedin.com\\\/company\\\/weareesp\\\/?viewAsMember=true\"]}]}<\/script>\n<!-- \/ Yoast SEO plugin. -->","yoast_head_json":{"title":"Revalidation - ESP","robots":{"index":"index","follow":"follow","max-snippet":"max-snippet:-1","max-image-preview":"max-image-preview:large","max-video-preview":"max-video-preview:-1"},"canonical":"https:\/\/weareesp.com\/fr\/services\/revalidation\/","og_locale":"fr_FR","og_type":"article","og_title":"Revalidation - ESP","og_description":"La revalidation est une approche multidisciplinaire qui vise \u00e0 soigner les blessures survenues dans la pratique d\u2019un sport ou dans [&hellip;]","og_url":"https:\/\/weareesp.com\/fr\/services\/revalidation\/","og_site_name":"ESP","article_publisher":"https:\/\/fr-fr.facebook.com\/elite.sport.performance.rolandclaes\/","article_modified_time":"2023-04-10T12:14:05+00:00","og_image":[{"width":1650,"height":1100,"url":"https:\/\/weareesp.com\/www\/wp-content\/uploads\/2022\/06\/esp-services-rehabilitation-2564-copyright-laetizia-bazzoni.jpg","type":"image\/jpeg"}],"twitter_card":"summary_large_image","twitter_misc":{"Dur\u00e9e de lecture estim\u00e9e":"3 minutes"},"schema":{"@context":"https:\/\/schema.org","@graph":[{"@type":"WebPage","@id":"https:\/\/weareesp.com\/fr\/services\/revalidation\/","url":"https:\/\/weareesp.com\/fr\/services\/revalidation\/","name":"Revalidation - ESP","isPartOf":{"@id":"https:\/\/weareesp.com\/fr\/#website"},"primaryImageOfPage":{"@id":"https:\/\/weareesp.com\/fr\/services\/revalidation\/#primaryimage"},"image":{"@id":"https:\/\/weareesp.com\/fr\/services\/revalidation\/#primaryimage"},"thumbnailUrl":"https:\/\/weareesp.com\/www\/wp-content\/uploads\/2022\/06\/esp-services-rehabilitation-2564-copyright-laetizia-bazzoni.jpg","datePublished":"2022-04-30T13:54:37+00:00","dateModified":"2023-04-10T12:14:05+00:00","breadcrumb":{"@id":"https:\/\/weareesp.com\/fr\/services\/revalidation\/#breadcrumb"},"inLanguage":"fr-FR","potentialAction":[{"@type":"ReadAction","target":["https:\/\/weareesp.com\/fr\/services\/revalidation\/"]}]},{"@type":"ImageObject","inLanguage":"fr-FR","@id":"https:\/\/weareesp.com\/fr\/services\/revalidation\/#primaryimage","url":"https:\/\/weareesp.com\/www\/wp-content\/uploads\/2022\/06\/esp-services-rehabilitation-2564-copyright-laetizia-bazzoni.jpg","contentUrl":"https:\/\/weareesp.com\/www\/wp-content\/uploads\/2022\/06\/esp-services-rehabilitation-2564-copyright-laetizia-bazzoni.jpg","width":1650,"height":1100,"caption":"Service : Revalidation"},{"@type":"BreadcrumbList","@id":"https:\/\/weareesp.com\/fr\/services\/revalidation\/#breadcrumb","itemListElement":[{"@type":"ListItem","position":1,"name":"Accueil","item":"https:\/\/weareesp.com\/fr\/"},{"@type":"ListItem","position":2,"name":"Services","item":"https:\/\/weareesp.com\/fr\/services\/"},{"@type":"ListItem","position":3,"name":"Revalidation"}]},{"@type":"WebSite","@id":"https:\/\/weareesp.com\/fr\/#website","url":"https:\/\/weareesp.com\/fr\/","name":"ESP","description":"Elite Sport Performance","publisher":{"@id":"https:\/\/weareesp.com\/fr\/#organization"},"potentialAction":[{"@type":"SearchAction","target":{"@type":"EntryPoint","urlTemplate":"https:\/\/weareesp.com\/fr\/?s={search_term_string}"},"query-input":{"@type":"PropertyValueSpecification","valueRequired":true,"valueName":"search_term_string"}}],"inLanguage":"fr-FR"},{"@type":"Organization","@id":"https:\/\/weareesp.com\/fr\/#organization","name":"ESP - Elite Sport Performance","url":"https:\/\/weareesp.com\/fr\/","logo":{"@type":"ImageObject","inLanguage":"fr-FR","@id":"https:\/\/weareesp.com\/fr\/#\/schema\/logo\/image\/","url":"https:\/\/weareesp.com\/www\/wp-content\/uploads\/2022\/05\/logo-esp.svg","contentUrl":"https:\/\/weareesp.com\/www\/wp-content\/uploads\/2022\/05\/logo-esp.svg","width":1,"height":1,"caption":"ESP - Elite Sport Performance"},"image":{"@id":"https:\/\/weareesp.com\/fr\/#\/schema\/logo\/image\/"},"sameAs":["https:\/\/fr-fr.facebook.com\/elite.sport.performance.rolandclaes\/","https:\/\/www.instagram.com\/weareesp\/","https:\/\/www.linkedin.com\/company\/weareesp\/?viewAsMember=true"]}]}},"_links":{"self":[{"href":"https:\/\/weareesp.com\/fr\/wp-json\/wp\/v2\/pages\/2268","targetHints":{"allow":["GET"]}}],"collection":[{"href":"https:\/\/weareesp.com\/fr\/wp-json\/wp\/v2\/pages"}],"about":[{"href":"https:\/\/weareesp.com\/fr\/wp-json\/wp\/v2\/types\/page"}],"author":[{"embeddable":true,"href":"https:\/\/weareesp.com\/fr\/wp-json\/wp\/v2\/users\/1"}],"replies":[{"embeddable":true,"href":"https:\/\/weareesp.com\/fr\/wp-json\/wp\/v2\/comments?post=2268"}],"version-history":[{"count":32,"href":"https:\/\/weareesp.com\/fr\/wp-json\/wp\/v2\/pages\/2268\/revisions"}],"predecessor-version":[{"id":7045,"href":"https:\/\/weareesp.com\/fr\/wp-json\/wp\/v2\/pages\/2268\/revisions\/7045"}],"up":[{"embeddable":true,"href":"https:\/\/weareesp.com\/fr\/wp-json\/wp\/v2\/pages\/2214"}],"wp:featuredmedia":[{"embeddable":true,"href":"https:\/\/weareesp.com\/fr\/wp-json\/wp\/v2\/media\/3018"}],"wp:attachment":[{"href":"https:\/\/weareesp.com\/fr\/wp-json\/wp\/v2\/media?parent=2268"}],"curies":[{"name":"wp","href":"https:\/\/api.w.org\/{rel}","templated":true}]}}