{"id":2270,"date":"2022-04-30T15:55:11","date_gmt":"2022-04-30T13:55:11","guid":{"rendered":"https:\/\/weareesp.com\/www\/services\/revalidation\/analyse-de-la-composition-corporelle\/"},"modified":"2022-09-23T16:54:39","modified_gmt":"2022-09-23T14:54:39","slug":"analyse-de-la-composition-corporelle","status":"publish","type":"page","link":"https:\/\/weareesp.com\/fr\/services\/revalidation\/analyse-de-la-composition-corporelle\/","title":{"rendered":"Analyse de la composition corporelle"},"content":{"rendered":"\n<div class=\"wp-block-columns is-layout-flex wp-container-core-columns-is-layout-9d6595d7 wp-block-columns-is-layout-flex\">\n<div class=\"wp-block-column is-layout-flow wp-block-column-is-layout-flow\" style=\"flex-basis:66.66%\">\n<p>Fid\u00e8le \u00e0 sa mission de fournir une analyse corporelle fiable et innovante, ESP a fait le choix d\u2019utiliser l\u2019<strong>InBody 970<\/strong>, une machine de pointe dans l\u2019analyse corporelle.<\/p>\n\n\n\n<p>L\u2019InBody970 est \u00e9quip\u00e9 d\u2019une technologie de pointe 3MHZ et d\u2019une ergonomie design pour s\u2019adapter aux patients; il peut \u00eatre utilis\u00e9 dans les sp\u00e9cialit\u00e9s les plus diverses. Aucune machine au monde n\u2019est aussi performante et pr\u00e9cise.  <\/p>\n\n\n\n<p>Auparavant, les instruments d\u2019analyse corporelle conventionnelle (Body Composition Analysis BCA) utilisaient des estimations empiriques pour compenser les limitations technologiques de la mesure du corps entier et de l\u2019utilisation d\u2019une seule basse fr\u00e9quence. Pour calculer la composition corporelle, il \u00e9tait n\u00e9cessaire d\u2019ajouter des donn\u00e9es statistiques telles que l\u2019\u00e2ge et le sexe afin de calculer les r\u00e9sultats. Cependant, l\u2019InBody a d\u00e9pass\u00e9 ces limitations en ayant recours \u00e0 des technologies utilisant la multifr\u00e9quence, la mesure segmentaire directe et un syst\u00e8me d\u2019\u00e9lectrodes tactiles \u00e0 8 points pour fournir des r\u00e9sultats qui ne sont pas influenc\u00e9s par l\u2019\u00e2ge, l\u2019origine ethnique ou le sexe. Seules les fourchettes de r\u00e9f\u00e9rence ou les scores bas\u00e9s sur l\u2019\u00e2ge et le sexe sont utilis\u00e9s comme base pour \u00e9valuer les valeurs calcul\u00e9es.<\/p>\n<\/div>\n\n\n\n<div class=\"wp-block-column is-layout-flow wp-block-column-is-layout-flow\" style=\"flex-basis:33.33%\"><section id=\"team-block_62505d8d0ba3f\" class=\"team\"><div class=\"teamContainer\"><h4>Nos sp\u00e9cialistes en<br\/>Body composition analysis<\/h4><ul class=\"teamMembersList cols3\"><li><a class=\"teamFig\" href=\"https:\/\/weareesp.com\/fr\/\/team\/#memb13674\" title=\"Cindy Deschoenmaeker\" style=\"background-image:url(https:\/\/weareesp.com\/www\/wp-content\/uploads\/2026\/03\/cindy.jpeg);\"><h4 class=\"theName\">Cindy Deschoenmaeker<\/h4><\/a><\/li><li><a class=\"teamFig\" href=\"https:\/\/weareesp.com\/fr\/\/team\/#memb10089\" title=\"Estefan\u00eda Ruiz Guerra\" style=\"background-image:url(https:\/\/weareesp.com\/www\/wp-content\/uploads\/2024\/10\/Untitled-design-68.png);\"><h4 class=\"theName\">Estefan\u00eda Ruiz Guerra<\/h4><\/a><\/li><li><a class=\"teamFig\" href=\"https:\/\/weareesp.com\/fr\/\/team\/#memb2197\" title=\"Florian Claes\" style=\"background-image:url(https:\/\/weareesp.com\/www\/wp-content\/uploads\/2022\/06\/florian.jpg);\"><h4 class=\"theName\">Florian Claes<\/h4><\/a><\/li><\/ul><\/div><\/section>\n\n\n<div class=\"wp-block-group allServicesList\"><div class=\"wp-block-group__inner-container is-layout-flow wp-block-group-is-layout-flow\">\n<h4 class=\"wp-block-heading\">Tous nos services en revalidation<\/h4>\n\n\n\n<!-- Page-list plugin v.5.9 wordpress.org\/plugins\/page-list\/ -->\n<!-- no pages to show -->\n<\/div><\/div>\n<\/div>\n<\/div>\n","protected":false},"excerpt":{"rendered":"<p>Fid\u00e8le \u00e0 sa mission de fournir une analyse corporelle fiable et innovante, ESP a fait le choix d\u2019utiliser l\u2019InBody 970, [&hellip;]<\/p>\n","protected":false},"author":1,"featured_media":4296,"parent":2268,"menu_order":0,"comment_status":"closed","ping_status":"closed","template":"templates\/tpl-services.php","meta":{"_acf_changed":false,"_themeisle_gutenberg_block_has_review":false,"footnotes":""},"class_list":["post-2270","page","type-page","status-publish","has-post-thumbnail","hentry"],"featured_image_src":"https:\/\/weareesp.com\/www\/wp-content\/uploads\/2022\/08\/IMG_9518.jpeg","acf":[],"yoast_head":"<!-- This site is optimized with the Yoast SEO plugin v27.3 - https:\/\/yoast.com\/product\/yoast-seo-wordpress\/ -->\n<title>Analyse de la composition corporelle - ESP<\/title>\n<meta name=\"robots\" content=\"index, follow, max-snippet:-1, max-image-preview:large, max-video-preview:-1\" \/>\n<link rel=\"canonical\" href=\"https:\/\/weareesp.com\/fr\/services\/revalidation\/analyse-de-la-composition-corporelle\/\" \/>\n<meta property=\"og:locale\" content=\"fr_FR\" \/>\n<meta property=\"og:type\" content=\"article\" \/>\n<meta property=\"og:title\" content=\"Analyse de la composition corporelle - ESP\" \/>\n<meta property=\"og:description\" content=\"Fid\u00e8le \u00e0 sa mission de fournir une analyse corporelle fiable et innovante, ESP a fait le choix d\u2019utiliser l\u2019InBody 970, [&hellip;]\" \/>\n<meta property=\"og:url\" content=\"https:\/\/weareesp.com\/fr\/services\/revalidation\/analyse-de-la-composition-corporelle\/\" \/>\n<meta property=\"og:site_name\" content=\"ESP\" \/>\n<meta property=\"article:publisher\" content=\"https:\/\/fr-fr.facebook.com\/elite.sport.performance.rolandclaes\/\" \/>\n<meta property=\"article:modified_time\" content=\"2022-09-23T14:54:39+00:00\" \/>\n<meta property=\"og:image\" content=\"https:\/\/weareesp.com\/www\/wp-content\/uploads\/2022\/08\/IMG_9518.jpeg\" \/>\n\t<meta property=\"og:image:width\" content=\"1284\" \/>\n\t<meta property=\"og:image:height\" content=\"2078\" \/>\n\t<meta property=\"og:image:type\" content=\"image\/jpeg\" \/>\n<meta name=\"twitter:card\" content=\"summary_large_image\" \/>\n<meta name=\"twitter:label1\" content=\"Dur\u00e9e de lecture estim\u00e9e\" \/>\n\t<meta name=\"twitter:data1\" content=\"1 minute\" \/>\n<script type=\"application\/ld+json\" class=\"yoast-schema-graph\">{\"@context\":\"https:\\\/\\\/schema.org\",\"@graph\":[{\"@type\":\"WebPage\",\"@id\":\"https:\\\/\\\/weareesp.com\\\/fr\\\/services\\\/revalidation\\\/analyse-de-la-composition-corporelle\\\/\",\"url\":\"https:\\\/\\\/weareesp.com\\\/fr\\\/services\\\/revalidation\\\/analyse-de-la-composition-corporelle\\\/\",\"name\":\"Analyse de la composition corporelle - ESP\",\"isPartOf\":{\"@id\":\"https:\\\/\\\/weareesp.com\\\/fr\\\/#website\"},\"primaryImageOfPage\":{\"@id\":\"https:\\\/\\\/weareesp.com\\\/fr\\\/services\\\/revalidation\\\/analyse-de-la-composition-corporelle\\\/#primaryimage\"},\"image\":{\"@id\":\"https:\\\/\\\/weareesp.com\\\/fr\\\/services\\\/revalidation\\\/analyse-de-la-composition-corporelle\\\/#primaryimage\"},\"thumbnailUrl\":\"https:\\\/\\\/weareesp.com\\\/www\\\/wp-content\\\/uploads\\\/2022\\\/08\\\/IMG_9518.jpeg\",\"datePublished\":\"2022-04-30T13:55:11+00:00\",\"dateModified\":\"2022-09-23T14:54:39+00:00\",\"breadcrumb\":{\"@id\":\"https:\\\/\\\/weareesp.com\\\/fr\\\/services\\\/revalidation\\\/analyse-de-la-composition-corporelle\\\/#breadcrumb\"},\"inLanguage\":\"fr-FR\",\"potentialAction\":[{\"@type\":\"ReadAction\",\"target\":[\"https:\\\/\\\/weareesp.com\\\/fr\\\/services\\\/revalidation\\\/analyse-de-la-composition-corporelle\\\/\"]}]},{\"@type\":\"ImageObject\",\"inLanguage\":\"fr-FR\",\"@id\":\"https:\\\/\\\/weareesp.com\\\/fr\\\/services\\\/revalidation\\\/analyse-de-la-composition-corporelle\\\/#primaryimage\",\"url\":\"https:\\\/\\\/weareesp.com\\\/www\\\/wp-content\\\/uploads\\\/2022\\\/08\\\/IMG_9518.jpeg\",\"contentUrl\":\"https:\\\/\\\/weareesp.com\\\/www\\\/wp-content\\\/uploads\\\/2022\\\/08\\\/IMG_9518.jpeg\",\"width\":1284,\"height\":2078},{\"@type\":\"BreadcrumbList\",\"@id\":\"https:\\\/\\\/weareesp.com\\\/fr\\\/services\\\/revalidation\\\/analyse-de-la-composition-corporelle\\\/#breadcrumb\",\"itemListElement\":[{\"@type\":\"ListItem\",\"position\":1,\"name\":\"Accueil\",\"item\":\"https:\\\/\\\/weareesp.com\\\/fr\\\/\"},{\"@type\":\"ListItem\",\"position\":2,\"name\":\"Services\",\"item\":\"https:\\\/\\\/weareesp.com\\\/fr\\\/services\\\/\"},{\"@type\":\"ListItem\",\"position\":3,\"name\":\"Revalidation\",\"item\":\"https:\\\/\\\/weareesp.com\\\/fr\\\/services\\\/revalidation\\\/\"},{\"@type\":\"ListItem\",\"position\":4,\"name\":\"Analyse de la composition corporelle\"}]},{\"@type\":\"WebSite\",\"@id\":\"https:\\\/\\\/weareesp.com\\\/fr\\\/#website\",\"url\":\"https:\\\/\\\/weareesp.com\\\/fr\\\/\",\"name\":\"ESP\",\"description\":\"Elite Sport Performance\",\"publisher\":{\"@id\":\"https:\\\/\\\/weareesp.com\\\/fr\\\/#organization\"},\"potentialAction\":[{\"@type\":\"SearchAction\",\"target\":{\"@type\":\"EntryPoint\",\"urlTemplate\":\"https:\\\/\\\/weareesp.com\\\/fr\\\/?s={search_term_string}\"},\"query-input\":{\"@type\":\"PropertyValueSpecification\",\"valueRequired\":true,\"valueName\":\"search_term_string\"}}],\"inLanguage\":\"fr-FR\"},{\"@type\":\"Organization\",\"@id\":\"https:\\\/\\\/weareesp.com\\\/fr\\\/#organization\",\"name\":\"ESP - Elite Sport Performance\",\"url\":\"https:\\\/\\\/weareesp.com\\\/fr\\\/\",\"logo\":{\"@type\":\"ImageObject\",\"inLanguage\":\"fr-FR\",\"@id\":\"https:\\\/\\\/weareesp.com\\\/fr\\\/#\\\/schema\\\/logo\\\/image\\\/\",\"url\":\"https:\\\/\\\/weareesp.com\\\/www\\\/wp-content\\\/uploads\\\/2022\\\/05\\\/logo-esp.svg\",\"contentUrl\":\"https:\\\/\\\/weareesp.com\\\/www\\\/wp-content\\\/uploads\\\/2022\\\/05\\\/logo-esp.svg\",\"width\":1,\"height\":1,\"caption\":\"ESP - Elite Sport Performance\"},\"image\":{\"@id\":\"https:\\\/\\\/weareesp.com\\\/fr\\\/#\\\/schema\\\/logo\\\/image\\\/\"},\"sameAs\":[\"https:\\\/\\\/fr-fr.facebook.com\\\/elite.sport.performance.rolandclaes\\\/\",\"https:\\\/\\\/www.instagram.com\\\/weareesp\\\/\",\"https:\\\/\\\/www.linkedin.com\\\/company\\\/weareesp\\\/?viewAsMember=true\"]}]}<\/script>\n<!-- \/ Yoast SEO plugin. -->","yoast_head_json":{"title":"Analyse de la composition corporelle - ESP","robots":{"index":"index","follow":"follow","max-snippet":"max-snippet:-1","max-image-preview":"max-image-preview:large","max-video-preview":"max-video-preview:-1"},"canonical":"https:\/\/weareesp.com\/fr\/services\/revalidation\/analyse-de-la-composition-corporelle\/","og_locale":"fr_FR","og_type":"article","og_title":"Analyse de la composition corporelle - ESP","og_description":"Fid\u00e8le \u00e0 sa mission de fournir une analyse corporelle fiable et innovante, ESP a fait le choix d\u2019utiliser l\u2019InBody 970, [&hellip;]","og_url":"https:\/\/weareesp.com\/fr\/services\/revalidation\/analyse-de-la-composition-corporelle\/","og_site_name":"ESP","article_publisher":"https:\/\/fr-fr.facebook.com\/elite.sport.performance.rolandclaes\/","article_modified_time":"2022-09-23T14:54:39+00:00","og_image":[{"width":1284,"height":2078,"url":"https:\/\/weareesp.com\/www\/wp-content\/uploads\/2022\/08\/IMG_9518.jpeg","type":"image\/jpeg"}],"twitter_card":"summary_large_image","twitter_misc":{"Dur\u00e9e de lecture estim\u00e9e":"1 minute"},"schema":{"@context":"https:\/\/schema.org","@graph":[{"@type":"WebPage","@id":"https:\/\/weareesp.com\/fr\/services\/revalidation\/analyse-de-la-composition-corporelle\/","url":"https:\/\/weareesp.com\/fr\/services\/revalidation\/analyse-de-la-composition-corporelle\/","name":"Analyse de la composition corporelle - ESP","isPartOf":{"@id":"https:\/\/weareesp.com\/fr\/#website"},"primaryImageOfPage":{"@id":"https:\/\/weareesp.com\/fr\/services\/revalidation\/analyse-de-la-composition-corporelle\/#primaryimage"},"image":{"@id":"https:\/\/weareesp.com\/fr\/services\/revalidation\/analyse-de-la-composition-corporelle\/#primaryimage"},"thumbnailUrl":"https:\/\/weareesp.com\/www\/wp-content\/uploads\/2022\/08\/IMG_9518.jpeg","datePublished":"2022-04-30T13:55:11+00:00","dateModified":"2022-09-23T14:54:39+00:00","breadcrumb":{"@id":"https:\/\/weareesp.com\/fr\/services\/revalidation\/analyse-de-la-composition-corporelle\/#breadcrumb"},"inLanguage":"fr-FR","potentialAction":[{"@type":"ReadAction","target":["https:\/\/weareesp.com\/fr\/services\/revalidation\/analyse-de-la-composition-corporelle\/"]}]},{"@type":"ImageObject","inLanguage":"fr-FR","@id":"https:\/\/weareesp.com\/fr\/services\/revalidation\/analyse-de-la-composition-corporelle\/#primaryimage","url":"https:\/\/weareesp.com\/www\/wp-content\/uploads\/2022\/08\/IMG_9518.jpeg","contentUrl":"https:\/\/weareesp.com\/www\/wp-content\/uploads\/2022\/08\/IMG_9518.jpeg","width":1284,"height":2078},{"@type":"BreadcrumbList","@id":"https:\/\/weareesp.com\/fr\/services\/revalidation\/analyse-de-la-composition-corporelle\/#breadcrumb","itemListElement":[{"@type":"ListItem","position":1,"name":"Accueil","item":"https:\/\/weareesp.com\/fr\/"},{"@type":"ListItem","position":2,"name":"Services","item":"https:\/\/weareesp.com\/fr\/services\/"},{"@type":"ListItem","position":3,"name":"Revalidation","item":"https:\/\/weareesp.com\/fr\/services\/revalidation\/"},{"@type":"ListItem","position":4,"name":"Analyse de la composition corporelle"}]},{"@type":"WebSite","@id":"https:\/\/weareesp.com\/fr\/#website","url":"https:\/\/weareesp.com\/fr\/","name":"ESP","description":"Elite Sport Performance","publisher":{"@id":"https:\/\/weareesp.com\/fr\/#organization"},"potentialAction":[{"@type":"SearchAction","target":{"@type":"EntryPoint","urlTemplate":"https:\/\/weareesp.com\/fr\/?s={search_term_string}"},"query-input":{"@type":"PropertyValueSpecification","valueRequired":true,"valueName":"search_term_string"}}],"inLanguage":"fr-FR"},{"@type":"Organization","@id":"https:\/\/weareesp.com\/fr\/#organization","name":"ESP - Elite Sport Performance","url":"https:\/\/weareesp.com\/fr\/","logo":{"@type":"ImageObject","inLanguage":"fr-FR","@id":"https:\/\/weareesp.com\/fr\/#\/schema\/logo\/image\/","url":"https:\/\/weareesp.com\/www\/wp-content\/uploads\/2022\/05\/logo-esp.svg","contentUrl":"https:\/\/weareesp.com\/www\/wp-content\/uploads\/2022\/05\/logo-esp.svg","width":1,"height":1,"caption":"ESP - Elite Sport Performance"},"image":{"@id":"https:\/\/weareesp.com\/fr\/#\/schema\/logo\/image\/"},"sameAs":["https:\/\/fr-fr.facebook.com\/elite.sport.performance.rolandclaes\/","https:\/\/www.instagram.com\/weareesp\/","https:\/\/www.linkedin.com\/company\/weareesp\/?viewAsMember=true"]}]}},"_links":{"self":[{"href":"https:\/\/weareesp.com\/fr\/wp-json\/wp\/v2\/pages\/2270","targetHints":{"allow":["GET"]}}],"collection":[{"href":"https:\/\/weareesp.com\/fr\/wp-json\/wp\/v2\/pages"}],"about":[{"href":"https:\/\/weareesp.com\/fr\/wp-json\/wp\/v2\/types\/page"}],"author":[{"embeddable":true,"href":"https:\/\/weareesp.com\/fr\/wp-json\/wp\/v2\/users\/1"}],"replies":[{"embeddable":true,"href":"https:\/\/weareesp.com\/fr\/wp-json\/wp\/v2\/comments?post=2270"}],"version-history":[{"count":16,"href":"https:\/\/weareesp.com\/fr\/wp-json\/wp\/v2\/pages\/2270\/revisions"}],"predecessor-version":[{"id":4710,"href":"https:\/\/weareesp.com\/fr\/wp-json\/wp\/v2\/pages\/2270\/revisions\/4710"}],"up":[{"embeddable":true,"href":"https:\/\/weareesp.com\/fr\/wp-json\/wp\/v2\/pages\/2268"}],"wp:featuredmedia":[{"embeddable":true,"href":"https:\/\/weareesp.com\/fr\/wp-json\/wp\/v2\/media\/4296"}],"wp:attachment":[{"href":"https:\/\/weareesp.com\/fr\/wp-json\/wp\/v2\/media?parent=2270"}],"curies":[{"name":"wp","href":"https:\/\/api.w.org\/{rel}","templated":true}]}}