{"id":2282,"date":"2022-04-30T15:56:44","date_gmt":"2022-04-30T13:56:44","guid":{"rendered":"https:\/\/weareesp.com\/www\/services\/revalidation\/kinesitherapie\/"},"modified":"2024-10-27T14:22:02","modified_gmt":"2024-10-27T13:22:02","slug":"kinesitherapie-bruxelles-kortenberg","status":"publish","type":"page","link":"https:\/\/weareesp.com\/fr\/services\/revalidation\/kinesitherapie-bruxelles-kortenberg\/","title":{"rendered":"Kin\u00e9sith\u00e9rapie"},"content":{"rendered":"\n<div class=\"wp-block-columns is-layout-flex wp-container-core-columns-is-layout-9d6595d7 wp-block-columns-is-layout-flex\">\n<div class=\"wp-block-column is-layout-flow wp-block-column-is-layout-flow\" style=\"flex-basis:66.66%\">\n<h2 class=\"wp-block-heading has-text-color\" style=\"color:#fb0606\">Qu\u2019est-ce que la kin\u00e9sith\u00e9rapie :&nbsp;<\/h2>\n\n\n\n<p>La kin\u00e9sith\u00e9rapie est la th\u00e9rapie par le <strong>mouvement.<\/strong> Le kin\u00e9sith\u00e9rapeute a donc comme mission de r\u00e9\u00e9duquer ou de r\u00e9adapter une personne. L\u2019objectif est donc d\u2019<strong>am\u00e9liorer<\/strong> une <strong>fonction<\/strong> et d\u2019am\u00e9liorer la <strong>qualit\u00e9 de vie<\/strong> du patient. Le r\u00f4le du kin\u00e9sith\u00e9rapeute est \u00e9galement de r\u00e9aliser un travail de <strong>pr\u00e9vention<\/strong> afin d\u2019\u00e9viter que de nouvelles blessures surviennent&nbsp; ou pour \u00e9viter qu\u2019elles ne reviennent.&nbsp;<\/p>\n\n\n\n<p>Le patient est donc \u00e9galement <strong>acteur<\/strong> de son traitement et travaille <strong>en collaboration<\/strong> avec le <strong>kin\u00e9sith\u00e9rapeute<\/strong>.&nbsp;<\/p>\n\n\n\n<p>Lors d\u2019une s\u00e9ance le kin\u00e9sith\u00e9rapeute peut avoir recours \u00e0 diff\u00e9rentes techniques :&nbsp;<\/p>\n\n\n\n<ul class=\"wp-block-list\">\n<li>Th\u00e9rapie manuelle (massages, \u00e9tirements, mobilisations, crochetage\u2026)<\/li>\n\n\n\n<li>Machine (Ondes de choc, \u00e9lectroth\u00e9rapie\u2026)<\/li>\n\n\n\n<li>R\u00e9\u00e9ducation fonctionnelle (renforcement musculaire, auto-stretching\u2026)<\/li>\n<\/ul>\n\n\n\n<p>Quelles sont les sp\u00e9cialit\u00e9s pr\u00e9sentes dans notre centre :&nbsp;<\/p>\n\n\n\n<ol class=\"wp-block-list\">\n<li>kin\u00e9sith\u00e9rapie g\u00e9n\u00e9rale\n<ol class=\"wp-block-list\">\n<li>Traitement des douleurs&nbsp;<\/li>\n\n\n\n<li>R\u00e9\u00e9ducation post traumatique<\/li>\n\n\n\n<li>R\u00e9\u00e9ducation post-chirurgicale&nbsp;<\/li>\n\n\n\n<li>R\u00e9\u00e9ducation \u00e0 la marche&nbsp;<\/li>\n<\/ol>\n<\/li>\n\n\n\n<li>Kin\u00e9sith\u00e9rapie sportive\n<ol class=\"wp-block-list\">\n<li>R\u00e9athl\u00e9tisation<\/li>\n\n\n\n<li>R\u00e9entrainement \u00e0 l\u2019effort&nbsp;<\/li>\n\n\n\n<li>Pr\u00e9vention blessure&nbsp;<\/li>\n\n\n\n<li>R\u00e9\u00e9ducation post-traumatique&nbsp;<\/li>\n\n\n\n<li>R\u00e9\u00e9ducation post-chirurgicale&nbsp;<\/li>\n<\/ol>\n<\/li>\n\n\n\n<li>Kin\u00e9sith\u00e9rapie neurologique\n<ol class=\"wp-block-list\">\n<li>Prise en charge apr\u00e8s tout type d\u2019affections neurologiques&nbsp;<\/li>\n<\/ol>\n<\/li>\n<\/ol>\n\n\n\n<p>Tarif et remboursement :&nbsp;<\/p>\n\n\n\n<figure class=\"wp-block-table\"><table><tbody><tr><td><\/td><td class=\"has-text-align-center\" data-align=\"center\"><strong>Honoraire<\/strong><\/td><td class=\"has-text-align-center\" data-align=\"center\"><strong>Remboursement<\/strong><\/td><\/tr><tr><td>Consultation 30 Min. (Standard RIZIV)<\/td><td class=\"has-text-align-center\" data-align=\"center\">      30\u20ac         <\/td><td class=\"has-text-align-center\" data-align=\"center\">           23,75\u20ac                    <\/td><\/tr><tr><td>Frais de dossier(1i\u00e9re s\u00e9ance)<\/td><td class=\"has-text-align-center\" data-align=\"center\">7,00\u20ac<\/td><td class=\"has-text-align-center\" data-align=\"center\">7,00\u20ac<\/td><\/tr><\/tbody><\/table><\/figure>\n<\/div>\n\n\n\n<div class=\"wp-block-column is-layout-flow wp-block-column-is-layout-flow\" style=\"flex-basis:33.33%\"><section id=\"team-block_92cc7d82969638f58620b8574b30924c\" class=\"team\"><div class=\"teamContainer\"><h4>Nos sp\u00e9cialistes en<br\/>Kin\u00e9sith\u00e9rapie<\/h4><ul class=\"teamMembersList cols3\"><li><a class=\"teamFig\" href=\"https:\/\/weareesp.com\/fr\/\/team\/#memb13019\" title=\"Sarah Esposito\" style=\"background-image:url(https:\/\/weareesp.com\/www\/wp-content\/uploads\/2025\/11\/Sarah.jpg);\"><h4 class=\"theName\">Sarah Esposito<\/h4><\/a><\/li><li><a class=\"teamFig\" href=\"https:\/\/weareesp.com\/fr\/\/team\/#memb10089\" title=\"Estefan\u00eda Ruiz Guerra\" style=\"background-image:url(https:\/\/weareesp.com\/www\/wp-content\/uploads\/2024\/10\/Untitled-design-68.png);\"><h4 class=\"theName\">Estefan\u00eda Ruiz Guerra<\/h4><\/a><\/li><li><a class=\"teamFig\" href=\"https:\/\/weareesp.com\/fr\/\/team\/#memb8597\" title=\"Mircea Presura\" style=\"background-image:url(https:\/\/weareesp.com\/www\/wp-content\/uploads\/2024\/03\/Untitled-design-13.jpg);\"><h4 class=\"theName\">Mircea Presura<\/h4><\/a><\/li><li><a class=\"teamFig\" href=\"https:\/\/weareesp.com\/fr\/\/team\/#memb2307\" title=\"Jordi Ribas Ribas\" style=\"background-image:url(https:\/\/weareesp.com\/www\/wp-content\/uploads\/2022\/04\/esp-portraits-1942-joris-ribas-ribas-01-copyright-laetizia-bazzoni.jpg);\"><h4 class=\"theName\">Jordi Ribas Ribas<\/h4><\/a><\/li><\/ul><\/div><\/section>\n\n\n<div class=\"wp-block-group allServicesList\"><div class=\"wp-block-group__inner-container is-layout-flow wp-block-group-is-layout-flow\">\n<h4 class=\"wp-block-heading\">Tous nos services en revalidation<\/h4>\n\n\n\n<!-- Page-list plugin v.5.9 wordpress.org\/plugins\/page-list\/ -->\n<!-- no pages to show -->\n<\/div><\/div>\n<\/div>\n<\/div>\n\n\n<style type=\"text\/css\">.otter-masonry .blocks-gallery-grid .blocks-gallery-item img{ width:100% }<\/style><div class=\"otter-masonry\" data-margin=\"8\">\n<figure class=\"wp-block-gallery has-nested-images columns-default is-cropped wp-block-gallery-1 is-layout-flex wp-block-gallery-is-layout-flex\">\n<figure class=\"wp-block-image size-medium\"><img fetchpriority=\"high\" decoding=\"async\" width=\"270\" height=\"300\" data-id=\"6979\" src=\"https:\/\/weareesp.com\/www\/wp-content\/uploads\/2023\/03\/12e461_d572a4b7d59a4ef7801e574684c2e599_mv2-270x300.webp\" alt=\"\" class=\"wp-image-6979\" srcset=\"https:\/\/weareesp.com\/www\/wp-content\/uploads\/2023\/03\/12e461_d572a4b7d59a4ef7801e574684c2e599_mv2-270x300.webp 270w, https:\/\/weareesp.com\/www\/wp-content\/uploads\/2023\/03\/12e461_d572a4b7d59a4ef7801e574684c2e599_mv2.webp 640w\" sizes=\"(max-width: 270px) 100vw, 270px\" \/><\/figure>\n\n\n\n<figure class=\"wp-block-image size-medium\"><img decoding=\"async\" width=\"300\" height=\"300\" data-id=\"6065\" src=\"https:\/\/weareesp.com\/www\/wp-content\/uploads\/2023\/02\/kinezi-4-300x300.jpg\" alt=\"\" class=\"wp-image-6065\" srcset=\"https:\/\/weareesp.com\/www\/wp-content\/uploads\/2023\/02\/kinezi-4-300x300.jpg 300w, https:\/\/weareesp.com\/www\/wp-content\/uploads\/2023\/02\/kinezi-4-1024x1024.jpg 1024w, https:\/\/weareesp.com\/www\/wp-content\/uploads\/2023\/02\/kinezi-4-150x150.jpg 150w, https:\/\/weareesp.com\/www\/wp-content\/uploads\/2023\/02\/kinezi-4-768x768.jpg 768w, https:\/\/weareesp.com\/www\/wp-content\/uploads\/2023\/02\/kinezi-4-1536x1536.jpg 1536w, https:\/\/weareesp.com\/www\/wp-content\/uploads\/2023\/02\/kinezi-4.jpg 1600w\" sizes=\"(max-width: 300px) 100vw, 300px\" \/><\/figure>\n\n\n\n<figure class=\"wp-block-image size-medium\"><img decoding=\"async\" width=\"300\" height=\"262\" data-id=\"5854\" src=\"https:\/\/weareesp.com\/www\/wp-content\/uploads\/2023\/02\/WhatsApp-Image-2023-01-29-at-23.20.04-e1676395049570-300x262.jpg\" alt=\"\" class=\"wp-image-5854\" srcset=\"https:\/\/weareesp.com\/www\/wp-content\/uploads\/2023\/02\/WhatsApp-Image-2023-01-29-at-23.20.04-e1676395049570-300x262.jpg 300w, https:\/\/weareesp.com\/www\/wp-content\/uploads\/2023\/02\/WhatsApp-Image-2023-01-29-at-23.20.04-e1676395049570.jpg 768w\" sizes=\"(max-width: 300px) 100vw, 300px\" \/><\/figure>\n<\/figure>\n<\/div>","protected":false},"excerpt":{"rendered":"<p>Qu\u2019est-ce que la kin\u00e9sith\u00e9rapie :&nbsp; La kin\u00e9sith\u00e9rapie est la th\u00e9rapie par le mouvement. Le kin\u00e9sith\u00e9rapeute a donc comme mission de [&hellip;]<\/p>\n","protected":false},"author":3,"featured_media":3215,"parent":2268,"menu_order":0,"comment_status":"closed","ping_status":"closed","template":"templates\/tpl-services.php","meta":{"_acf_changed":false,"_themeisle_gutenberg_block_has_review":false,"footnotes":""},"class_list":["post-2282","page","type-page","status-publish","has-post-thumbnail","hentry"],"featured_image_src":"https:\/\/weareesp.com\/www\/wp-content\/uploads\/2022\/06\/esp-services-physical-therapy-2531-copyright-laetizia-bazzoni.jpg","acf":[],"yoast_head":"<!-- This site is optimized with the Yoast SEO plugin v27.4 - https:\/\/yoast.com\/product\/yoast-seo-wordpress\/ -->\n<title>Kin\u00e9sitherapie de qualit\u00e9 ESP Bruxelles &amp; Kortenberg \u2013 REHAB<\/title>\n<meta name=\"description\" content=\"Vous recherchez une physioth\u00e9rapie de qualit\u00e9 \u00e0 Bruxelles &amp; Kortenberg ? ESP propose des soins de r\u00e9\u00e9ducation personnalis\u00e9s pour vous aider \u00e0 r\u00e9cup\u00e9rer pleinement et \u00e0 vivre sans douleur. Prenez rendez-vous d\u00e8s aujourd&#039;hui pour un accompagnement expert!\" \/>\n<meta name=\"robots\" content=\"index, follow, max-snippet:-1, max-image-preview:large, max-video-preview:-1\" \/>\n<link rel=\"canonical\" href=\"https:\/\/weareesp.com\/fr\/services\/revalidation\/kinesitherapie-bruxelles-kortenberg\/\" \/>\n<meta property=\"og:locale\" content=\"fr_FR\" \/>\n<meta property=\"og:type\" content=\"article\" \/>\n<meta property=\"og:title\" content=\"Kin\u00e9sitherapie de qualit\u00e9 ESP Bruxelles &amp; Kortenberg \u2013 REHAB\" \/>\n<meta property=\"og:description\" content=\"Vous recherchez une physioth\u00e9rapie de qualit\u00e9 \u00e0 Bruxelles &amp; Kortenberg ? ESP propose des soins de r\u00e9\u00e9ducation personnalis\u00e9s pour vous aider \u00e0 r\u00e9cup\u00e9rer pleinement et \u00e0 vivre sans douleur. Prenez rendez-vous d\u00e8s aujourd&#039;hui pour un accompagnement expert!\" \/>\n<meta property=\"og:url\" content=\"https:\/\/weareesp.com\/fr\/services\/revalidation\/kinesitherapie-bruxelles-kortenberg\/\" \/>\n<meta property=\"og:site_name\" content=\"ESP\" \/>\n<meta property=\"article:publisher\" content=\"https:\/\/fr-fr.facebook.com\/elite.sport.performance.rolandclaes\/\" \/>\n<meta property=\"article:modified_time\" content=\"2024-10-27T13:22:02+00:00\" \/>\n<meta property=\"og:image\" content=\"https:\/\/weareesp.com\/www\/wp-content\/uploads\/2022\/06\/esp-services-physical-therapy-2531-copyright-laetizia-bazzoni.jpg\" \/>\n\t<meta property=\"og:image:width\" content=\"1650\" \/>\n\t<meta property=\"og:image:height\" content=\"1100\" \/>\n\t<meta property=\"og:image:type\" content=\"image\/jpeg\" \/>\n<meta name=\"twitter:card\" content=\"summary_large_image\" \/>\n<meta name=\"twitter:label1\" content=\"Dur\u00e9e de lecture estim\u00e9e\" \/>\n\t<meta name=\"twitter:data1\" content=\"1 minute\" \/>\n<script type=\"application\/ld+json\" class=\"yoast-schema-graph\">{\"@context\":\"https:\\\/\\\/schema.org\",\"@graph\":[{\"@type\":\"WebPage\",\"@id\":\"https:\\\/\\\/weareesp.com\\\/fr\\\/services\\\/revalidation\\\/kinesitherapie-bruxelles-kortenberg\\\/\",\"url\":\"https:\\\/\\\/weareesp.com\\\/fr\\\/services\\\/revalidation\\\/kinesitherapie-bruxelles-kortenberg\\\/\",\"name\":\"Kin\u00e9sitherapie de qualit\u00e9 ESP Bruxelles & Kortenberg \u2013 REHAB\",\"isPartOf\":{\"@id\":\"https:\\\/\\\/weareesp.com\\\/fr\\\/#website\"},\"primaryImageOfPage\":{\"@id\":\"https:\\\/\\\/weareesp.com\\\/fr\\\/services\\\/revalidation\\\/kinesitherapie-bruxelles-kortenberg\\\/#primaryimage\"},\"image\":{\"@id\":\"https:\\\/\\\/weareesp.com\\\/fr\\\/services\\\/revalidation\\\/kinesitherapie-bruxelles-kortenberg\\\/#primaryimage\"},\"thumbnailUrl\":\"https:\\\/\\\/weareesp.com\\\/www\\\/wp-content\\\/uploads\\\/2022\\\/06\\\/esp-services-physical-therapy-2531-copyright-laetizia-bazzoni.jpg\",\"datePublished\":\"2022-04-30T13:56:44+00:00\",\"dateModified\":\"2024-10-27T13:22:02+00:00\",\"description\":\"Vous recherchez une physioth\u00e9rapie de qualit\u00e9 \u00e0 Bruxelles & Kortenberg ? ESP propose des soins de r\u00e9\u00e9ducation personnalis\u00e9s pour vous aider \u00e0 r\u00e9cup\u00e9rer pleinement et \u00e0 vivre sans douleur. Prenez rendez-vous d\u00e8s aujourd'hui pour un accompagnement expert!\",\"breadcrumb\":{\"@id\":\"https:\\\/\\\/weareesp.com\\\/fr\\\/services\\\/revalidation\\\/kinesitherapie-bruxelles-kortenberg\\\/#breadcrumb\"},\"inLanguage\":\"fr-FR\",\"potentialAction\":[{\"@type\":\"ReadAction\",\"target\":[\"https:\\\/\\\/weareesp.com\\\/fr\\\/services\\\/revalidation\\\/kinesitherapie-bruxelles-kortenberg\\\/\"]}]},{\"@type\":\"ImageObject\",\"inLanguage\":\"fr-FR\",\"@id\":\"https:\\\/\\\/weareesp.com\\\/fr\\\/services\\\/revalidation\\\/kinesitherapie-bruxelles-kortenberg\\\/#primaryimage\",\"url\":\"https:\\\/\\\/weareesp.com\\\/www\\\/wp-content\\\/uploads\\\/2022\\\/06\\\/esp-services-physical-therapy-2531-copyright-laetizia-bazzoni.jpg\",\"contentUrl\":\"https:\\\/\\\/weareesp.com\\\/www\\\/wp-content\\\/uploads\\\/2022\\\/06\\\/esp-services-physical-therapy-2531-copyright-laetizia-bazzoni.jpg\",\"width\":1650,\"height\":1100,\"caption\":\"Service : Kin\u00e9sith\u00e9rapie\"},{\"@type\":\"BreadcrumbList\",\"@id\":\"https:\\\/\\\/weareesp.com\\\/fr\\\/services\\\/revalidation\\\/kinesitherapie-bruxelles-kortenberg\\\/#breadcrumb\",\"itemListElement\":[{\"@type\":\"ListItem\",\"position\":1,\"name\":\"Accueil\",\"item\":\"https:\\\/\\\/weareesp.com\\\/fr\\\/\"},{\"@type\":\"ListItem\",\"position\":2,\"name\":\"Services\",\"item\":\"https:\\\/\\\/weareesp.com\\\/fr\\\/services\\\/\"},{\"@type\":\"ListItem\",\"position\":3,\"name\":\"Revalidation\",\"item\":\"https:\\\/\\\/weareesp.com\\\/fr\\\/services\\\/revalidation\\\/\"},{\"@type\":\"ListItem\",\"position\":4,\"name\":\"Kin\u00e9sith\u00e9rapie\"}]},{\"@type\":\"WebSite\",\"@id\":\"https:\\\/\\\/weareesp.com\\\/fr\\\/#website\",\"url\":\"https:\\\/\\\/weareesp.com\\\/fr\\\/\",\"name\":\"ESP\",\"description\":\"Elite Sport Performance\",\"publisher\":{\"@id\":\"https:\\\/\\\/weareesp.com\\\/fr\\\/#organization\"},\"potentialAction\":[{\"@type\":\"SearchAction\",\"target\":{\"@type\":\"EntryPoint\",\"urlTemplate\":\"https:\\\/\\\/weareesp.com\\\/fr\\\/?s={search_term_string}\"},\"query-input\":{\"@type\":\"PropertyValueSpecification\",\"valueRequired\":true,\"valueName\":\"search_term_string\"}}],\"inLanguage\":\"fr-FR\"},{\"@type\":\"Organization\",\"@id\":\"https:\\\/\\\/weareesp.com\\\/fr\\\/#organization\",\"name\":\"ESP - Elite Sport Performance\",\"url\":\"https:\\\/\\\/weareesp.com\\\/fr\\\/\",\"logo\":{\"@type\":\"ImageObject\",\"inLanguage\":\"fr-FR\",\"@id\":\"https:\\\/\\\/weareesp.com\\\/fr\\\/#\\\/schema\\\/logo\\\/image\\\/\",\"url\":\"https:\\\/\\\/weareesp.com\\\/www\\\/wp-content\\\/uploads\\\/2022\\\/05\\\/logo-esp.svg\",\"contentUrl\":\"https:\\\/\\\/weareesp.com\\\/www\\\/wp-content\\\/uploads\\\/2022\\\/05\\\/logo-esp.svg\",\"width\":1,\"height\":1,\"caption\":\"ESP - Elite Sport Performance\"},\"image\":{\"@id\":\"https:\\\/\\\/weareesp.com\\\/fr\\\/#\\\/schema\\\/logo\\\/image\\\/\"},\"sameAs\":[\"https:\\\/\\\/fr-fr.facebook.com\\\/elite.sport.performance.rolandclaes\\\/\",\"https:\\\/\\\/www.instagram.com\\\/weareesp\\\/\",\"https:\\\/\\\/www.linkedin.com\\\/company\\\/weareesp\\\/?viewAsMember=true\"]}]}<\/script>\n<!-- \/ Yoast SEO plugin. -->","yoast_head_json":{"title":"Kin\u00e9sitherapie de qualit\u00e9 ESP Bruxelles & Kortenberg \u2013 REHAB","description":"Vous recherchez une physioth\u00e9rapie de qualit\u00e9 \u00e0 Bruxelles & Kortenberg ? ESP propose des soins de r\u00e9\u00e9ducation personnalis\u00e9s pour vous aider \u00e0 r\u00e9cup\u00e9rer pleinement et \u00e0 vivre sans douleur. Prenez rendez-vous d\u00e8s aujourd'hui pour un accompagnement expert!","robots":{"index":"index","follow":"follow","max-snippet":"max-snippet:-1","max-image-preview":"max-image-preview:large","max-video-preview":"max-video-preview:-1"},"canonical":"https:\/\/weareesp.com\/fr\/services\/revalidation\/kinesitherapie-bruxelles-kortenberg\/","og_locale":"fr_FR","og_type":"article","og_title":"Kin\u00e9sitherapie de qualit\u00e9 ESP Bruxelles & Kortenberg \u2013 REHAB","og_description":"Vous recherchez une physioth\u00e9rapie de qualit\u00e9 \u00e0 Bruxelles & Kortenberg ? ESP propose des soins de r\u00e9\u00e9ducation personnalis\u00e9s pour vous aider \u00e0 r\u00e9cup\u00e9rer pleinement et \u00e0 vivre sans douleur. Prenez rendez-vous d\u00e8s aujourd'hui pour un accompagnement expert!","og_url":"https:\/\/weareesp.com\/fr\/services\/revalidation\/kinesitherapie-bruxelles-kortenberg\/","og_site_name":"ESP","article_publisher":"https:\/\/fr-fr.facebook.com\/elite.sport.performance.rolandclaes\/","article_modified_time":"2024-10-27T13:22:02+00:00","og_image":[{"width":1650,"height":1100,"url":"https:\/\/weareesp.com\/www\/wp-content\/uploads\/2022\/06\/esp-services-physical-therapy-2531-copyright-laetizia-bazzoni.jpg","type":"image\/jpeg"}],"twitter_card":"summary_large_image","twitter_misc":{"Dur\u00e9e de lecture estim\u00e9e":"1 minute"},"schema":{"@context":"https:\/\/schema.org","@graph":[{"@type":"WebPage","@id":"https:\/\/weareesp.com\/fr\/services\/revalidation\/kinesitherapie-bruxelles-kortenberg\/","url":"https:\/\/weareesp.com\/fr\/services\/revalidation\/kinesitherapie-bruxelles-kortenberg\/","name":"Kin\u00e9sitherapie de qualit\u00e9 ESP Bruxelles & Kortenberg \u2013 REHAB","isPartOf":{"@id":"https:\/\/weareesp.com\/fr\/#website"},"primaryImageOfPage":{"@id":"https:\/\/weareesp.com\/fr\/services\/revalidation\/kinesitherapie-bruxelles-kortenberg\/#primaryimage"},"image":{"@id":"https:\/\/weareesp.com\/fr\/services\/revalidation\/kinesitherapie-bruxelles-kortenberg\/#primaryimage"},"thumbnailUrl":"https:\/\/weareesp.com\/www\/wp-content\/uploads\/2022\/06\/esp-services-physical-therapy-2531-copyright-laetizia-bazzoni.jpg","datePublished":"2022-04-30T13:56:44+00:00","dateModified":"2024-10-27T13:22:02+00:00","description":"Vous recherchez une physioth\u00e9rapie de qualit\u00e9 \u00e0 Bruxelles & Kortenberg ? ESP propose des soins de r\u00e9\u00e9ducation personnalis\u00e9s pour vous aider \u00e0 r\u00e9cup\u00e9rer pleinement et \u00e0 vivre sans douleur. Prenez rendez-vous d\u00e8s aujourd'hui pour un accompagnement expert!","breadcrumb":{"@id":"https:\/\/weareesp.com\/fr\/services\/revalidation\/kinesitherapie-bruxelles-kortenberg\/#breadcrumb"},"inLanguage":"fr-FR","potentialAction":[{"@type":"ReadAction","target":["https:\/\/weareesp.com\/fr\/services\/revalidation\/kinesitherapie-bruxelles-kortenberg\/"]}]},{"@type":"ImageObject","inLanguage":"fr-FR","@id":"https:\/\/weareesp.com\/fr\/services\/revalidation\/kinesitherapie-bruxelles-kortenberg\/#primaryimage","url":"https:\/\/weareesp.com\/www\/wp-content\/uploads\/2022\/06\/esp-services-physical-therapy-2531-copyright-laetizia-bazzoni.jpg","contentUrl":"https:\/\/weareesp.com\/www\/wp-content\/uploads\/2022\/06\/esp-services-physical-therapy-2531-copyright-laetizia-bazzoni.jpg","width":1650,"height":1100,"caption":"Service : Kin\u00e9sith\u00e9rapie"},{"@type":"BreadcrumbList","@id":"https:\/\/weareesp.com\/fr\/services\/revalidation\/kinesitherapie-bruxelles-kortenberg\/#breadcrumb","itemListElement":[{"@type":"ListItem","position":1,"name":"Accueil","item":"https:\/\/weareesp.com\/fr\/"},{"@type":"ListItem","position":2,"name":"Services","item":"https:\/\/weareesp.com\/fr\/services\/"},{"@type":"ListItem","position":3,"name":"Revalidation","item":"https:\/\/weareesp.com\/fr\/services\/revalidation\/"},{"@type":"ListItem","position":4,"name":"Kin\u00e9sith\u00e9rapie"}]},{"@type":"WebSite","@id":"https:\/\/weareesp.com\/fr\/#website","url":"https:\/\/weareesp.com\/fr\/","name":"ESP","description":"Elite Sport Performance","publisher":{"@id":"https:\/\/weareesp.com\/fr\/#organization"},"potentialAction":[{"@type":"SearchAction","target":{"@type":"EntryPoint","urlTemplate":"https:\/\/weareesp.com\/fr\/?s={search_term_string}"},"query-input":{"@type":"PropertyValueSpecification","valueRequired":true,"valueName":"search_term_string"}}],"inLanguage":"fr-FR"},{"@type":"Organization","@id":"https:\/\/weareesp.com\/fr\/#organization","name":"ESP - Elite Sport Performance","url":"https:\/\/weareesp.com\/fr\/","logo":{"@type":"ImageObject","inLanguage":"fr-FR","@id":"https:\/\/weareesp.com\/fr\/#\/schema\/logo\/image\/","url":"https:\/\/weareesp.com\/www\/wp-content\/uploads\/2022\/05\/logo-esp.svg","contentUrl":"https:\/\/weareesp.com\/www\/wp-content\/uploads\/2022\/05\/logo-esp.svg","width":1,"height":1,"caption":"ESP - Elite Sport Performance"},"image":{"@id":"https:\/\/weareesp.com\/fr\/#\/schema\/logo\/image\/"},"sameAs":["https:\/\/fr-fr.facebook.com\/elite.sport.performance.rolandclaes\/","https:\/\/www.instagram.com\/weareesp\/","https:\/\/www.linkedin.com\/company\/weareesp\/?viewAsMember=true"]}]}},"_links":{"self":[{"href":"https:\/\/weareesp.com\/fr\/wp-json\/wp\/v2\/pages\/2282","targetHints":{"allow":["GET"]}}],"collection":[{"href":"https:\/\/weareesp.com\/fr\/wp-json\/wp\/v2\/pages"}],"about":[{"href":"https:\/\/weareesp.com\/fr\/wp-json\/wp\/v2\/types\/page"}],"author":[{"embeddable":true,"href":"https:\/\/weareesp.com\/fr\/wp-json\/wp\/v2\/users\/3"}],"replies":[{"embeddable":true,"href":"https:\/\/weareesp.com\/fr\/wp-json\/wp\/v2\/comments?post=2282"}],"version-history":[{"count":13,"href":"https:\/\/weareesp.com\/fr\/wp-json\/wp\/v2\/pages\/2282\/revisions"}],"predecessor-version":[{"id":8621,"href":"https:\/\/weareesp.com\/fr\/wp-json\/wp\/v2\/pages\/2282\/revisions\/8621"}],"up":[{"embeddable":true,"href":"https:\/\/weareesp.com\/fr\/wp-json\/wp\/v2\/pages\/2268"}],"wp:featuredmedia":[{"embeddable":true,"href":"https:\/\/weareesp.com\/fr\/wp-json\/wp\/v2\/media\/3215"}],"wp:attachment":[{"href":"https:\/\/weareesp.com\/fr\/wp-json\/wp\/v2\/media?parent=2282"}],"curies":[{"name":"wp","href":"https:\/\/api.w.org\/{rel}","templated":true}]}}