{"id":2442,"date":"2022-05-02T12:10:44","date_gmt":"2022-05-02T10:10:44","guid":{"rendered":"https:\/\/weareesp.com\/www\/services\/la-transformation-du-corps\/"},"modified":"2024-12-28T13:33:32","modified_gmt":"2024-12-28T12:33:32","slug":"la-transformation-du-corps","status":"publish","type":"page","link":"https:\/\/weareesp.com\/fr\/services\/la-transformation-du-corps\/","title":{"rendered":"Personal Training"},"content":{"rendered":"\n<div class=\"wp-block-columns alignwide is-layout-flex wp-container-core-columns-is-layout-9d6595d7 wp-block-columns-is-layout-flex\">\n<div class=\"wp-block-column is-vertically-aligned-center is-layout-flow wp-block-column-is-layout-flow\">\n<p class=\"has-medium-font-size\">Chez ESP, nous croyons au pouvoir de la personnalisation et \u00e0 un <strong>engagement profond <\/strong>envers le bien-\u00eatre de nos clients. Nous comprenons que chaque individu est <strong>unique<\/strong>, avec ses propres objectifs, ambitions et d\u00e9fis. C\u2019est pourquoi nous sommes \u00e0 vos c\u00f4t\u00e9s, pr\u00eats \u00e0 vous accompagner dans votre parcours de remise en forme, \u00e0 chaque \u00e9tape.<\/p>\n\n\n\n<p class=\"has-medium-font-size\">Notre \u00e9quipe d\u2019entra\u00eeneurs d\u00e9vou\u00e9s s\u2019engage \u00e0 concevoir le programme d\u2019entra\u00eenement parfaitement adapt\u00e9 \u00e0 vos besoins et \u00e0 vos objectifs <strong>sp\u00e9cifiques<\/strong>. Nous ne croyons pas en une approche universelle, car nous savons que votre parcours est aussi <strong>unique<\/strong> que vous. Nous prenons le temps de comprendre vos aspirations, d\u2019\u00e9valuer votre condition physique actuelle et de cr\u00e9er un <strong>plan complet<\/strong> qui vous permettra d\u2019atteindre des r\u00e9sultats <strong>exceptionnels<\/strong>.<\/p>\n\n\n\n<p class=\"has-medium-font-size\">Mais cela ne s\u2019arr\u00eate pas l\u00e0. Nous croyons fermement que l\u2019entra\u00eenement personnel est un v\u00e9ritable processus <strong>collaboratif<\/strong>. Nous nous consid\u00e9rons comme votre partenaire, votre motivateur et votre confident. Ensemble, nous travaillerons sans rel\u00e2che pour repousser vos limites, surmonter les obstacles et c\u00e9l\u00e9brer chaque \u00e9tape importante de votre parcours.<\/p>\n\n\n\n<p class=\"has-medium-font-size\">Pas de promesses en l\u2019air, pas de solutions rapides, et certainement PAS DE BLABLA ! Nous sommes l\u00e0 pour vous offrir une s\u00e9ance d\u2019entra\u00eenement <strong>solide<\/strong> et satisfaisante, couvrant tous les aspects <strong>essentiels<\/strong> de la condition physique : <strong>force, mobilit\u00e9, stabilit\u00e9 et endurance cardiovasculaire<\/strong>. Nos entra\u00eeneurs <strong>hautement qualifi\u00e9s<\/strong> con\u00e7oivent des s\u00e9ances <strong>sur mesure<\/strong> qui vous mettront au d\u00e9fi et vous inspireront, vous permettant de progresser et de vous d\u00e9passer \u00e0 chaque entra\u00eenement.<\/p>\n<\/div>\n\n\n\n<div class=\"wp-block-column is-vertically-aligned-top is-layout-flow wp-block-column-is-layout-flow\">\n<p class=\"has-medium-font-size\">La force ne se r\u00e9sume pas \u00e0 une simple question de puissance physique ; elle incarne aussi <strong>la r\u00e9silience int\u00e9rieure et la d\u00e9termination<\/strong>. Nous vous donnerons les moyens de puiser au plus profond de vous-m\u00eame, de r\u00e9v\u00e9ler votre v\u00e9ritable potentiel et de surpasser vos propres attentes.<\/p>\n\n\n\n<p class=\"has-medium-font-size\">Notre approche met un accent particulier sur <strong>la mobilit\u00e9 et la stabilit\u00e9<\/strong>, qui am\u00e9liorent vos sch\u00e9mas de mouvement globaux, facilitent vos activit\u00e9s quotidiennes et <strong>r\u00e9duisent consid\u00e9rablement le risque de blessures<\/strong>. Et n\u2019oublions pas l\u2019importance d\u2019une condition cardiovasculaire optimale : un c\u0153ur et des poumons solides sont la cl\u00e9 pour vous soutenir dans tous les aspects de votre vie.<\/p>\n\n\n\n<p class=\"has-medium-font-size\">Mais il ne s\u2019agit pas seulement des b\u00e9n\u00e9fices physiques ; nous nous soucions profond\u00e9ment de <strong>votre bien-\u00eatre global<\/strong>. Nous voulons que vous vous sentiez confiant, plein d\u2019\u00e9nergie et pr\u00eat \u00e0 relever tous les d\u00e9fis qui se pr\u00e9senteront \u00e0 vous.<\/p>\n\n\n\n<p class=\"has-medium-font-size\">Notre approche holistique de l\u2019entra\u00eenement personnel prend en compte bien plus que vos objectifs physiques : elle englobe \u00e9galement votre <strong>bien-\u00eatre mental et \u00e9motionnel<\/strong>. Nous sommes l\u00e0 pour vous accompagner dans la cr\u00e9ation d\u2019un mode de vie sain et \u00e9quilibr\u00e9, qui vous apportera joie, \u00e9panouissement et satisfaction au quotidien.<\/p>\n\n\n\n<p class=\"has-medium-font-size\"><strong>Pr\u00eat(e) \u00e0 COMMENCER<\/strong> un voyage transformationnel ? <strong>Alors rejoignez ESP !<\/strong> Laissez-nous \u00eatre votre partenaire dans l\u2019atteinte de vos objectifs, une s\u00e9ance \u00e0 la fois. Ensemble, nous b\u00e2tirons une base solide de force, de r\u00e9silience et de r\u00e9ussite. Pas de blabla, pas de raccourcis, juste une exp\u00e9rience d\u2019entra\u00eenement authentique et gratifiante, qui vous laissera un sentiment de puissance et d\u2019accomplissement !<\/p>\n<\/div>\n<\/div>\n\n\n\n<p class=\"has-text-align-center has-danger-color has-text-color has-medium-font-size\"><strong>Commencez d\u00e8s aujourd&rsquo;hui \u00e0 d\u00e9couvrir ce dont vous \u00eates vraiment capable.<\/strong> <strong>Nous avons h\u00e2te de faire partie de VOTRE histoire \u00e0 succ\u00e8s\u00a0!<\/strong><\/p>\n\n\n\n<div class=\"wp-block-buttons is-content-justification-center is-layout-flex wp-container-core-buttons-is-layout-16018d1d wp-block-buttons-is-layout-flex\">\n<div class=\"wp-block-button has-custom-width wp-block-button__width-100 has-custom-font-size has-medium-font-size\"><a class=\"wp-block-button__link has-background wp-element-button\" href=\"https:\/\/weareesp.com\/fr\/contact\/\" style=\"border-radius:20px;background-color:#f90101\"><strong>Contactez-nous d\u00e8s aujourd&rsquo;hui !<\/strong><\/a><\/div>\n<\/div>\n\n\n\n<div style=\"height:30px\" aria-hidden=\"true\" class=\"wp-block-spacer\"><\/div>\n\n\n\n<div class=\"wp-block-media-text is-stacked-on-mobile\"><figure class=\"wp-block-media-text__media\"><img fetchpriority=\"high\" decoding=\"async\" width=\"1024\" height=\"683\" src=\"https:\/\/weareesp.com\/wp-content\/uploads\/2022\/06\/esp-services-fat-loss-1024x683.jpg\" alt=\"Service : Amincissement\" class=\"wp-image-3261 size-full\" srcset=\"https:\/\/weareesp.com\/www\/wp-content\/uploads\/2022\/06\/esp-services-fat-loss-1024x683.jpg 1024w, https:\/\/weareesp.com\/www\/wp-content\/uploads\/2022\/06\/esp-services-fat-loss-300x200.jpg 300w, https:\/\/weareesp.com\/www\/wp-content\/uploads\/2022\/06\/esp-services-fat-loss-768x512.jpg 768w, https:\/\/weareesp.com\/www\/wp-content\/uploads\/2022\/06\/esp-services-fat-loss-1536x1024.jpg 1536w, https:\/\/weareesp.com\/www\/wp-content\/uploads\/2022\/06\/esp-services-fat-loss.jpg 1650w\" sizes=\"(max-width: 1024px) 100vw, 1024px\" \/><\/figure><div class=\"wp-block-media-text__content\">\n<h2 class=\"wp-block-heading\">Perdre du Poids<\/h2>\n<\/div><\/div>\n\n\n\n<div class=\"wp-block-media-text has-media-on-the-right is-stacked-on-mobile\"><div class=\"wp-block-media-text__content\">\n<h2 class=\"wp-block-heading\">Sant\u00e9 am\u00e9lior\u00e9e<\/h2>\n<\/div><figure class=\"wp-block-media-text__media\"><img decoding=\"async\" width=\"1024\" height=\"683\" src=\"https:\/\/weareesp.com\/wp-content\/uploads\/2022\/06\/esp-services-improved-health-1024x683.jpg\" alt=\"Service : Sant\u00e9 am\u00e9lior\u00e9e\" class=\"wp-image-3257 size-full\" srcset=\"https:\/\/weareesp.com\/www\/wp-content\/uploads\/2022\/06\/esp-services-improved-health-1024x683.jpg 1024w, https:\/\/weareesp.com\/www\/wp-content\/uploads\/2022\/06\/esp-services-improved-health-300x200.jpg 300w, https:\/\/weareesp.com\/www\/wp-content\/uploads\/2022\/06\/esp-services-improved-health-768x512.jpg 768w, https:\/\/weareesp.com\/www\/wp-content\/uploads\/2022\/06\/esp-services-improved-health-1536x1024.jpg 1536w, https:\/\/weareesp.com\/www\/wp-content\/uploads\/2022\/06\/esp-services-improved-health.jpg 1650w\" sizes=\"(max-width: 1024px) 100vw, 1024px\" \/><\/figure><\/div>\n\n\n\n<div class=\"wp-block-media-text is-stacked-on-mobile\"><figure class=\"wp-block-media-text__media\"><img decoding=\"async\" width=\"1024\" height=\"683\" src=\"https:\/\/weareesp.com\/wp-content\/uploads\/2022\/06\/esp-services-muscle-building-2660-copyright-laetizia-bazzoni-1024x683.jpg\" alt=\"Service : Renforcement musculaire\" class=\"wp-image-3209 size-full\" srcset=\"https:\/\/weareesp.com\/www\/wp-content\/uploads\/2022\/06\/esp-services-muscle-building-2660-copyright-laetizia-bazzoni-1024x683.jpg 1024w, https:\/\/weareesp.com\/www\/wp-content\/uploads\/2022\/06\/esp-services-muscle-building-2660-copyright-laetizia-bazzoni-300x200.jpg 300w, https:\/\/weareesp.com\/www\/wp-content\/uploads\/2022\/06\/esp-services-muscle-building-2660-copyright-laetizia-bazzoni-768x512.jpg 768w, https:\/\/weareesp.com\/www\/wp-content\/uploads\/2022\/06\/esp-services-muscle-building-2660-copyright-laetizia-bazzoni-1536x1024.jpg 1536w, https:\/\/weareesp.com\/www\/wp-content\/uploads\/2022\/06\/esp-services-muscle-building-2660-copyright-laetizia-bazzoni.jpg 1650w\" sizes=\"(max-width: 1024px) 100vw, 1024px\" \/><\/figure><div class=\"wp-block-media-text__content\">\n<h2 class=\"wp-block-heading\">Renforcement musculaire<\/h2>\n<\/div><\/div>\n\n\n\n<div class=\"wp-block-media-text has-media-on-the-right is-stacked-on-mobile\"><div class=\"wp-block-media-text__content\">\n<h2 class=\"wp-block-heading\">Nutrition &amp; Nutritherapie<\/h2>\n<\/div><figure class=\"wp-block-media-text__media\"><img loading=\"lazy\" decoding=\"async\" width=\"1024\" height=\"683\" src=\"https:\/\/weareesp.com\/wp-content\/uploads\/2022\/04\/esp-page-nutrition-illustration-1024x683.jpg\" alt=\"\" class=\"wp-image-2094 size-full\" srcset=\"https:\/\/weareesp.com\/www\/wp-content\/uploads\/2022\/04\/esp-page-nutrition-illustration-1024x683.jpg 1024w, https:\/\/weareesp.com\/www\/wp-content\/uploads\/2022\/04\/esp-page-nutrition-illustration-300x200.jpg 300w, https:\/\/weareesp.com\/www\/wp-content\/uploads\/2022\/04\/esp-page-nutrition-illustration-768x512.jpg 768w, https:\/\/weareesp.com\/www\/wp-content\/uploads\/2022\/04\/esp-page-nutrition-illustration-1536x1024.jpg 1536w, https:\/\/weareesp.com\/www\/wp-content\/uploads\/2022\/04\/esp-page-nutrition-illustration-1200x800.jpg 1200w, https:\/\/weareesp.com\/www\/wp-content\/uploads\/2022\/04\/esp-page-nutrition-illustration.jpg 1600w\" sizes=\"(max-width: 1024px) 100vw, 1024px\" \/><\/figure><\/div>\n\n\n\n<div class=\"wp-block-media-text is-stacked-on-mobile\"><figure class=\"wp-block-media-text__media\"><a href=\"https:\/\/weareesp.com\/fr\/services\/la-transformation-du-corps\/coaching-mental-pnl\/\"><img loading=\"lazy\" decoding=\"async\" width=\"1024\" height=\"683\" src=\"https:\/\/weareesp.com\/wp-content\/uploads\/2022\/06\/esp-services-mental-coaching-nlp-1024x683.jpg\" alt=\"Mental Coaching (NLP)\" class=\"wp-image-3367 size-full\" srcset=\"https:\/\/weareesp.com\/www\/wp-content\/uploads\/2022\/06\/esp-services-mental-coaching-nlp-1024x683.jpg 1024w, https:\/\/weareesp.com\/www\/wp-content\/uploads\/2022\/06\/esp-services-mental-coaching-nlp-300x200.jpg 300w, https:\/\/weareesp.com\/www\/wp-content\/uploads\/2022\/06\/esp-services-mental-coaching-nlp-768x512.jpg 768w, https:\/\/weareesp.com\/www\/wp-content\/uploads\/2022\/06\/esp-services-mental-coaching-nlp-1536x1024.jpg 1536w, https:\/\/weareesp.com\/www\/wp-content\/uploads\/2022\/06\/esp-services-mental-coaching-nlp.jpg 1650w\" sizes=\"(max-width: 1024px) 100vw, 1024px\" \/><\/a><\/figure><div class=\"wp-block-media-text__content\">\n<h2 class=\"wp-block-heading\">Coaching mental (PNL)<\/h2>\n\n\n\n<div class=\"wp-block-buttons is-layout-flex wp-block-buttons-is-layout-flex\">\n<div class=\"wp-block-button is-style-fill\"><a class=\"wp-block-button__link has-danger-background-color has-background wp-element-button\" href=\"https:\/\/weareesp.com\/fr\/services\/la-transformation-du-corps\/coaching-mental-pnl\/\">Lire plus&#8230;<\/a><\/div>\n<\/div>\n<\/div><\/div>\n\n\n\n<div class=\"wp-block-media-text has-media-on-the-right is-stacked-on-mobile\"><div class=\"wp-block-media-text__content\">\n<h2 class=\"wp-block-heading\">Entra\u00eenement personnalis\u00e9 (1-sur-1)<\/h2>\n<\/div><figure class=\"wp-block-media-text__media\"><img loading=\"lazy\" decoding=\"async\" width=\"1024\" height=\"683\" src=\"https:\/\/weareesp.com\/wp-content\/uploads\/2022\/06\/esp-services-online-training-1024x683.jpg\" alt=\"Service : Entrainement personnalis\u00e9 (en ligne)\" class=\"wp-image-3252 size-full\" srcset=\"https:\/\/weareesp.com\/www\/wp-content\/uploads\/2022\/06\/esp-services-online-training-1024x683.jpg 1024w, https:\/\/weareesp.com\/www\/wp-content\/uploads\/2022\/06\/esp-services-online-training-300x200.jpg 300w, https:\/\/weareesp.com\/www\/wp-content\/uploads\/2022\/06\/esp-services-online-training-768x512.jpg 768w, https:\/\/weareesp.com\/www\/wp-content\/uploads\/2022\/06\/esp-services-online-training-1536x1024.jpg 1536w, https:\/\/weareesp.com\/www\/wp-content\/uploads\/2022\/06\/esp-services-online-training.jpg 1650w\" sizes=\"(max-width: 1024px) 100vw, 1024px\" \/><\/figure><\/div>\n\n\n\n<div class=\"wp-block-media-text alignwide is-stacked-on-mobile\"><figure class=\"wp-block-media-text__media\"><img loading=\"lazy\" decoding=\"async\" width=\"1024\" height=\"581\" src=\"https:\/\/weareesp.com\/www\/wp-content\/uploads\/2022\/07\/esp-about-kortenberg.jpg\" alt=\"\" class=\"wp-image-3489 size-full\" srcset=\"https:\/\/weareesp.com\/www\/wp-content\/uploads\/2022\/07\/esp-about-kortenberg.jpg 1024w, https:\/\/weareesp.com\/www\/wp-content\/uploads\/2022\/07\/esp-about-kortenberg-300x170.jpg 300w, https:\/\/weareesp.com\/www\/wp-content\/uploads\/2022\/07\/esp-about-kortenberg-768x436.jpg 768w\" sizes=\"(max-width: 1024px) 100vw, 1024px\" \/><\/figure><div class=\"wp-block-media-text__content\">\n<h2 class=\"wp-block-heading has-text-align-left\">Entra\u00eenements en Groupe<\/h2>\n\n\n\n<div class=\"wp-block-buttons is-layout-flex wp-block-buttons-is-layout-flex\">\n<div class=\"wp-block-button\"><a class=\"wp-block-button__link has-danger-background-color has-background wp-element-button\" href=\"https:\/\/weareesp.com\/fr\/services\/entrainements-en-groupe-2\/\">Lire plus&#8230;<\/a><\/div>\n<\/div>\n<\/div><\/div>\n\n\n\n<p><\/p>\n","protected":false},"excerpt":{"rendered":"<p>Chez ESP, nous croyons au pouvoir de la personnalisation et \u00e0 un engagement profond envers le bien-\u00eatre de nos clients. [&hellip;]<\/p>\n","protected":false},"author":1,"featured_media":3024,"parent":2214,"menu_order":0,"comment_status":"closed","ping_status":"closed","template":"templates\/tpl-services.php","meta":{"_acf_changed":false,"_themeisle_gutenberg_block_has_review":false,"footnotes":""},"class_list":["post-2442","page","type-page","status-publish","has-post-thumbnail","hentry"],"featured_image_src":"https:\/\/weareesp.com\/www\/wp-content\/uploads\/2022\/06\/esp-services-body-transformation-2664-copyright-laetizia-bazzoni-e1711579182195.jpg","acf":[],"yoast_head":"<!-- This site is optimized with the Yoast SEO plugin v27.3 - https:\/\/yoast.com\/product\/yoast-seo-wordpress\/ -->\n<title>Personal Training - ESP<\/title>\n<meta name=\"robots\" content=\"index, follow, max-snippet:-1, max-image-preview:large, max-video-preview:-1\" \/>\n<link rel=\"canonical\" href=\"https:\/\/weareesp.com\/fr\/services\/la-transformation-du-corps\/\" \/>\n<meta property=\"og:locale\" content=\"fr_FR\" \/>\n<meta property=\"og:type\" content=\"article\" \/>\n<meta property=\"og:title\" content=\"Personal Training - ESP\" \/>\n<meta property=\"og:description\" content=\"Chez ESP, nous croyons au pouvoir de la personnalisation et \u00e0 un engagement profond envers le bien-\u00eatre de nos clients. [&hellip;]\" \/>\n<meta property=\"og:url\" content=\"https:\/\/weareesp.com\/fr\/services\/la-transformation-du-corps\/\" \/>\n<meta property=\"og:site_name\" content=\"ESP\" \/>\n<meta property=\"article:publisher\" content=\"https:\/\/fr-fr.facebook.com\/elite.sport.performance.rolandclaes\/\" \/>\n<meta property=\"article:modified_time\" content=\"2024-12-28T12:33:32+00:00\" \/>\n<meta property=\"og:image\" content=\"https:\/\/weareesp.com\/www\/wp-content\/uploads\/2022\/06\/esp-services-body-transformation-2664-copyright-laetizia-bazzoni-e1711579182195.jpg\" \/>\n\t<meta property=\"og:image:width\" content=\"1650\" \/>\n\t<meta property=\"og:image:height\" content=\"1100\" \/>\n\t<meta property=\"og:image:type\" content=\"image\/jpeg\" \/>\n<meta name=\"twitter:card\" content=\"summary_large_image\" \/>\n<meta name=\"twitter:label1\" content=\"Dur\u00e9e de lecture estim\u00e9e\" \/>\n\t<meta name=\"twitter:data1\" content=\"2 minutes\" \/>\n<script type=\"application\/ld+json\" class=\"yoast-schema-graph\">{\"@context\":\"https:\\\/\\\/schema.org\",\"@graph\":[{\"@type\":\"WebPage\",\"@id\":\"https:\\\/\\\/weareesp.com\\\/fr\\\/services\\\/la-transformation-du-corps\\\/\",\"url\":\"https:\\\/\\\/weareesp.com\\\/fr\\\/services\\\/la-transformation-du-corps\\\/\",\"name\":\"Personal Training - ESP\",\"isPartOf\":{\"@id\":\"https:\\\/\\\/weareesp.com\\\/fr\\\/#website\"},\"primaryImageOfPage\":{\"@id\":\"https:\\\/\\\/weareesp.com\\\/fr\\\/services\\\/la-transformation-du-corps\\\/#primaryimage\"},\"image\":{\"@id\":\"https:\\\/\\\/weareesp.com\\\/fr\\\/services\\\/la-transformation-du-corps\\\/#primaryimage\"},\"thumbnailUrl\":\"https:\\\/\\\/weareesp.com\\\/www\\\/wp-content\\\/uploads\\\/2022\\\/06\\\/esp-services-body-transformation-2664-copyright-laetizia-bazzoni-e1711579182195.jpg\",\"datePublished\":\"2022-05-02T10:10:44+00:00\",\"dateModified\":\"2024-12-28T12:33:32+00:00\",\"breadcrumb\":{\"@id\":\"https:\\\/\\\/weareesp.com\\\/fr\\\/services\\\/la-transformation-du-corps\\\/#breadcrumb\"},\"inLanguage\":\"fr-FR\",\"potentialAction\":[{\"@type\":\"ReadAction\",\"target\":[\"https:\\\/\\\/weareesp.com\\\/fr\\\/services\\\/la-transformation-du-corps\\\/\"]}]},{\"@type\":\"ImageObject\",\"inLanguage\":\"fr-FR\",\"@id\":\"https:\\\/\\\/weareesp.com\\\/fr\\\/services\\\/la-transformation-du-corps\\\/#primaryimage\",\"url\":\"https:\\\/\\\/weareesp.com\\\/www\\\/wp-content\\\/uploads\\\/2022\\\/06\\\/esp-services-body-transformation-2664-copyright-laetizia-bazzoni-e1711579182195.jpg\",\"contentUrl\":\"https:\\\/\\\/weareesp.com\\\/www\\\/wp-content\\\/uploads\\\/2022\\\/06\\\/esp-services-body-transformation-2664-copyright-laetizia-bazzoni-e1711579182195.jpg\",\"width\":1650,\"height\":1100,\"caption\":\"Service : Transformation du corps\"},{\"@type\":\"BreadcrumbList\",\"@id\":\"https:\\\/\\\/weareesp.com\\\/fr\\\/services\\\/la-transformation-du-corps\\\/#breadcrumb\",\"itemListElement\":[{\"@type\":\"ListItem\",\"position\":1,\"name\":\"Accueil\",\"item\":\"https:\\\/\\\/weareesp.com\\\/fr\\\/\"},{\"@type\":\"ListItem\",\"position\":2,\"name\":\"Services\",\"item\":\"https:\\\/\\\/weareesp.com\\\/fr\\\/services\\\/\"},{\"@type\":\"ListItem\",\"position\":3,\"name\":\"Personal Training\"}]},{\"@type\":\"WebSite\",\"@id\":\"https:\\\/\\\/weareesp.com\\\/fr\\\/#website\",\"url\":\"https:\\\/\\\/weareesp.com\\\/fr\\\/\",\"name\":\"ESP\",\"description\":\"Elite Sport Performance\",\"publisher\":{\"@id\":\"https:\\\/\\\/weareesp.com\\\/fr\\\/#organization\"},\"potentialAction\":[{\"@type\":\"SearchAction\",\"target\":{\"@type\":\"EntryPoint\",\"urlTemplate\":\"https:\\\/\\\/weareesp.com\\\/fr\\\/?s={search_term_string}\"},\"query-input\":{\"@type\":\"PropertyValueSpecification\",\"valueRequired\":true,\"valueName\":\"search_term_string\"}}],\"inLanguage\":\"fr-FR\"},{\"@type\":\"Organization\",\"@id\":\"https:\\\/\\\/weareesp.com\\\/fr\\\/#organization\",\"name\":\"ESP - Elite Sport Performance\",\"url\":\"https:\\\/\\\/weareesp.com\\\/fr\\\/\",\"logo\":{\"@type\":\"ImageObject\",\"inLanguage\":\"fr-FR\",\"@id\":\"https:\\\/\\\/weareesp.com\\\/fr\\\/#\\\/schema\\\/logo\\\/image\\\/\",\"url\":\"https:\\\/\\\/weareesp.com\\\/www\\\/wp-content\\\/uploads\\\/2022\\\/05\\\/logo-esp.svg\",\"contentUrl\":\"https:\\\/\\\/weareesp.com\\\/www\\\/wp-content\\\/uploads\\\/2022\\\/05\\\/logo-esp.svg\",\"width\":1,\"height\":1,\"caption\":\"ESP - Elite Sport Performance\"},\"image\":{\"@id\":\"https:\\\/\\\/weareesp.com\\\/fr\\\/#\\\/schema\\\/logo\\\/image\\\/\"},\"sameAs\":[\"https:\\\/\\\/fr-fr.facebook.com\\\/elite.sport.performance.rolandclaes\\\/\",\"https:\\\/\\\/www.instagram.com\\\/weareesp\\\/\",\"https:\\\/\\\/www.linkedin.com\\\/company\\\/weareesp\\\/?viewAsMember=true\"]}]}<\/script>\n<!-- \/ Yoast SEO plugin. -->","yoast_head_json":{"title":"Personal Training - ESP","robots":{"index":"index","follow":"follow","max-snippet":"max-snippet:-1","max-image-preview":"max-image-preview:large","max-video-preview":"max-video-preview:-1"},"canonical":"https:\/\/weareesp.com\/fr\/services\/la-transformation-du-corps\/","og_locale":"fr_FR","og_type":"article","og_title":"Personal Training - ESP","og_description":"Chez ESP, nous croyons au pouvoir de la personnalisation et \u00e0 un engagement profond envers le bien-\u00eatre de nos clients. [&hellip;]","og_url":"https:\/\/weareesp.com\/fr\/services\/la-transformation-du-corps\/","og_site_name":"ESP","article_publisher":"https:\/\/fr-fr.facebook.com\/elite.sport.performance.rolandclaes\/","article_modified_time":"2024-12-28T12:33:32+00:00","og_image":[{"width":1650,"height":1100,"url":"https:\/\/weareesp.com\/www\/wp-content\/uploads\/2022\/06\/esp-services-body-transformation-2664-copyright-laetizia-bazzoni-e1711579182195.jpg","type":"image\/jpeg"}],"twitter_card":"summary_large_image","twitter_misc":{"Dur\u00e9e de lecture estim\u00e9e":"2 minutes"},"schema":{"@context":"https:\/\/schema.org","@graph":[{"@type":"WebPage","@id":"https:\/\/weareesp.com\/fr\/services\/la-transformation-du-corps\/","url":"https:\/\/weareesp.com\/fr\/services\/la-transformation-du-corps\/","name":"Personal Training - ESP","isPartOf":{"@id":"https:\/\/weareesp.com\/fr\/#website"},"primaryImageOfPage":{"@id":"https:\/\/weareesp.com\/fr\/services\/la-transformation-du-corps\/#primaryimage"},"image":{"@id":"https:\/\/weareesp.com\/fr\/services\/la-transformation-du-corps\/#primaryimage"},"thumbnailUrl":"https:\/\/weareesp.com\/www\/wp-content\/uploads\/2022\/06\/esp-services-body-transformation-2664-copyright-laetizia-bazzoni-e1711579182195.jpg","datePublished":"2022-05-02T10:10:44+00:00","dateModified":"2024-12-28T12:33:32+00:00","breadcrumb":{"@id":"https:\/\/weareesp.com\/fr\/services\/la-transformation-du-corps\/#breadcrumb"},"inLanguage":"fr-FR","potentialAction":[{"@type":"ReadAction","target":["https:\/\/weareesp.com\/fr\/services\/la-transformation-du-corps\/"]}]},{"@type":"ImageObject","inLanguage":"fr-FR","@id":"https:\/\/weareesp.com\/fr\/services\/la-transformation-du-corps\/#primaryimage","url":"https:\/\/weareesp.com\/www\/wp-content\/uploads\/2022\/06\/esp-services-body-transformation-2664-copyright-laetizia-bazzoni-e1711579182195.jpg","contentUrl":"https:\/\/weareesp.com\/www\/wp-content\/uploads\/2022\/06\/esp-services-body-transformation-2664-copyright-laetizia-bazzoni-e1711579182195.jpg","width":1650,"height":1100,"caption":"Service : Transformation du corps"},{"@type":"BreadcrumbList","@id":"https:\/\/weareesp.com\/fr\/services\/la-transformation-du-corps\/#breadcrumb","itemListElement":[{"@type":"ListItem","position":1,"name":"Accueil","item":"https:\/\/weareesp.com\/fr\/"},{"@type":"ListItem","position":2,"name":"Services","item":"https:\/\/weareesp.com\/fr\/services\/"},{"@type":"ListItem","position":3,"name":"Personal Training"}]},{"@type":"WebSite","@id":"https:\/\/weareesp.com\/fr\/#website","url":"https:\/\/weareesp.com\/fr\/","name":"ESP","description":"Elite Sport Performance","publisher":{"@id":"https:\/\/weareesp.com\/fr\/#organization"},"potentialAction":[{"@type":"SearchAction","target":{"@type":"EntryPoint","urlTemplate":"https:\/\/weareesp.com\/fr\/?s={search_term_string}"},"query-input":{"@type":"PropertyValueSpecification","valueRequired":true,"valueName":"search_term_string"}}],"inLanguage":"fr-FR"},{"@type":"Organization","@id":"https:\/\/weareesp.com\/fr\/#organization","name":"ESP - Elite Sport Performance","url":"https:\/\/weareesp.com\/fr\/","logo":{"@type":"ImageObject","inLanguage":"fr-FR","@id":"https:\/\/weareesp.com\/fr\/#\/schema\/logo\/image\/","url":"https:\/\/weareesp.com\/www\/wp-content\/uploads\/2022\/05\/logo-esp.svg","contentUrl":"https:\/\/weareesp.com\/www\/wp-content\/uploads\/2022\/05\/logo-esp.svg","width":1,"height":1,"caption":"ESP - Elite Sport Performance"},"image":{"@id":"https:\/\/weareesp.com\/fr\/#\/schema\/logo\/image\/"},"sameAs":["https:\/\/fr-fr.facebook.com\/elite.sport.performance.rolandclaes\/","https:\/\/www.instagram.com\/weareesp\/","https:\/\/www.linkedin.com\/company\/weareesp\/?viewAsMember=true"]}]}},"_links":{"self":[{"href":"https:\/\/weareesp.com\/fr\/wp-json\/wp\/v2\/pages\/2442","targetHints":{"allow":["GET"]}}],"collection":[{"href":"https:\/\/weareesp.com\/fr\/wp-json\/wp\/v2\/pages"}],"about":[{"href":"https:\/\/weareesp.com\/fr\/wp-json\/wp\/v2\/types\/page"}],"author":[{"embeddable":true,"href":"https:\/\/weareesp.com\/fr\/wp-json\/wp\/v2\/users\/1"}],"replies":[{"embeddable":true,"href":"https:\/\/weareesp.com\/fr\/wp-json\/wp\/v2\/comments?post=2442"}],"version-history":[{"count":56,"href":"https:\/\/weareesp.com\/fr\/wp-json\/wp\/v2\/pages\/2442\/revisions"}],"predecessor-version":[{"id":10297,"href":"https:\/\/weareesp.com\/fr\/wp-json\/wp\/v2\/pages\/2442\/revisions\/10297"}],"up":[{"embeddable":true,"href":"https:\/\/weareesp.com\/fr\/wp-json\/wp\/v2\/pages\/2214"}],"wp:featuredmedia":[{"embeddable":true,"href":"https:\/\/weareesp.com\/fr\/wp-json\/wp\/v2\/media\/3024"}],"wp:attachment":[{"href":"https:\/\/weareesp.com\/fr\/wp-json\/wp\/v2\/media?parent=2442"}],"curies":[{"name":"wp","href":"https:\/\/api.w.org\/{rel}","templated":true}]}}