{"id":3568,"date":"2022-07-16T17:26:04","date_gmt":"2022-07-16T15:26:04","guid":{"rendered":"https:\/\/weareesp.com\/www\/a-propos\/"},"modified":"2024-11-19T23:18:33","modified_gmt":"2024-11-19T22:18:33","slug":"a-propos","status":"publish","type":"page","link":"https:\/\/weareesp.com\/fr\/a-propos\/","title":{"rendered":"\u00c0 propos"},"content":{"rendered":"\n<div class=\"wp-block-group introPage\"><div class=\"wp-block-group__inner-container is-layout-flow wp-block-group-is-layout-flow\">\n<div class=\"wp-block-group\"><div class=\"wp-block-group__inner-container is-layout-constrained wp-block-group-is-layout-constrained\">\n<p><strong>ESP <\/strong>est une clinique m\u00e9dicale sportive appartenant \u00e0 une famille o\u00f9 le travail acharn\u00e9, l\u2019entra\u00eenement, les soins aux patients et aux athl\u00e8tes se conjuguent pour offrir des services m\u00e9dicaux de qualit\u00e9 sup\u00e9rieure \u00e0 la communaut\u00e9. Fond\u00e9e par une famille <strong>(3 g\u00e9n\u00e9rations)<\/strong> de passionn\u00e9s de sport, d\u00e9termin\u00e9e \u00e0 fournir les meilleurs soins possibles aux athl\u00e8tes et aux patients, cette clinique est depuis des ann\u00e9es une r\u00e9f\u00e9rence <strong>fiable<\/strong> en mati\u00e8re d\u2019<strong>expertise<\/strong> m\u00e9dicale et d\u2019entra\u00eenement.<\/p>\n\n\n\n<p>Le personnel d&rsquo;<strong>ESP<\/strong> est compos\u00e9 de professionnels hautement qualifi\u00e9s et exp\u00e9riment\u00e9s, partageant l&rsquo;engagement de la famille envers le travail acharn\u00e9, l&rsquo;entra\u00eenement et l&rsquo;excellence dans les soins aux patients et aux athl\u00e8tes. <strong>Experts<\/strong> dans leur domaine respectif, ils travaillent sans rel\u00e2che pour offrir le plus haut niveau de soins \u00e0 tous ceux qui franchissent nos portes.<\/p>\n\n\n\n<p>Que vous soyez un athl\u00e8te professionnel confront\u00e9 \u00e0 une <strong>blessure sportive<\/strong> ou un sportif du week-end cherchant \u00e0 am\u00e9liorer sa <strong>condition physique<\/strong>, le personnel d&rsquo;<strong>ESP<\/strong> est d\u00e9vou\u00e9 \u00e0 vous aider \u00e0 atteindre vos objectifs. Nous comprenons que chaque personne est unique et prenons le temps de d\u00e9velopper des plans de traitement ou d&rsquo;entra\u00eenement <strong>personnalis\u00e9s<\/strong>, adapt\u00e9s aux besoins et aux objectifs <strong>sp\u00e9cifiques<\/strong> de chacun.<\/p>\n\n\n\n<p>Chez <strong>ESP<\/strong>, votre bien-\u00eatre est notre priorit\u00e9. Le personnel s&rsquo;engage \u00e0 cr\u00e9er un environnement accueillant et bienveillant o\u00f9 vous vous sentez \u00e0 l\u2019aise et pris en charge. Nous prenons le temps d&rsquo;\u00e9couter vos pr\u00e9occupations et vos questions, et travaillons en \u00e9troite collaboration avec vous pour \u00e9laborer des plans de traitement adapt\u00e9s \u00e0 votre mode de vie et \u00e0 vos objectifs. Ainsi, ne soyez pas intimid\u00e9 par notre nom \u00ab\u00a0Elite Sport Performance\u00a0\u00bb, car <strong>TOUT LE MONDE est le bienvenu<\/strong> !<\/p>\n\n\n\n<p>En plus des soins aux patients, <strong>ESP<\/strong> accorde \u00e9galement une grande importance aux soins des <strong>athl\u00e8tes<\/strong>. Nous comprenons que les athl\u00e8tes ont des besoins et des exigences <strong>sp\u00e9cifiques<\/strong>, et nous sommes d\u00e9termin\u00e9s \u00e0 les aider \u00e0 atteindre leur plein potentiel. De la <strong>pr\u00e9vention<\/strong> des blessures \u00e0 la <strong>r\u00e9adaptation<\/strong>, le personnel d&rsquo;<strong>ESP<\/strong> collabore \u00e9troitement avec les athl\u00e8tes et d&rsquo;autres experts m\u00e9dicaux de haut niveau pour s&rsquo;assurer qu&rsquo;ils puissent performer au mieux de leurs capacit\u00e9s.<\/p>\n\n\n\n<p>Dans l&rsquo;ensemble, <strong>ESP<\/strong> est un lieu o\u00f9 le travail acharn\u00e9, l\u2019entra\u00eenement, et les soins aux patients et aux athl\u00e8tes se rejoignent pour offrir des services <strong>exceptionnels<\/strong> de r\u00e9adaptation et d\u2019entra\u00eenement. Notre personnel est d\u00e9vou\u00e9 \u00e0 aider les patients et les athl\u00e8tes \u00e0 atteindre leurs objectifs, avec un niveau d\u2019expertise et de compassion <strong>incomparable<\/strong>. Que vous soyez un athl\u00e8te chevronn\u00e9 ou que vous commenciez tout juste votre parcours de remise en forme, <strong>ESP<\/strong> est l\u2019endroit id\u00e9al pour recevoir les soins et le soutien n\u00e9cessaires \u00e0 votre r\u00e9ussite.<\/p>\n<\/div><\/div>\n<\/div><\/div>\n\n\n\n<p>D\u00e9sormais, bien que notre sp\u00e9cialisation soit la revalidation des athl\u00e8tes et des blessures sportives en g\u00e9n\u00e9ral, nous traitons \u00e9galement un large \u00e9ventail de blessures qui peuvent survenir \u00e0 tout un chacun.<\/p>\n\n\n\n<ul class=\"wp-block-list\">\n<li>Douleurs et blessures \u00e0 la cheville<\/li>\n\n\n\n<li>Douleurs et blessures au pied<\/li>\n\n\n\n<li>Douleurs et blessures au genou<\/li>\n\n\n\n<li>Douleurs et blessures \u00e0 la hanche<\/li>\n\n\n\n<li>Douleurs et blessures au coude<\/li>\n\n\n\n<li>Douleurs et blessures \u00e0 l&rsquo;\u00e9paule<\/li>\n\n\n\n<li>Douleurs thoraciques<\/li>\n\n\n\n<li>Douleurs dans le bas du dos<\/li>\n\n\n\n<li>Douleurs \u00e0 la nuque<\/li>\n\n\n\n<li>Revalidation pr\u00e9- et postop\u00e9ratoire  <\/li>\n<\/ul>\n\n\n\n<p>Avec plus de <strong>1500 m\u00b2<\/strong> d\u2019espace de travail et d\u2019entra\u00eenement \u2013 en int\u00e9rieur et en ext\u00e9rieur \u2013, notre centre dispose de plusieurs espaces de soins sp\u00e9cialis\u00e9s ainsi que d\u2019une gamme d\u2019\u00e9quipements sportifs de pointe, con\u00e7us pour le renforcement musculaire et l\u2019am\u00e9lioration de la condition physique de mani\u00e8re cibl\u00e9e. Nos entra\u00eeneurs et th\u00e9rapeutes sont hautement qualifi\u00e9s et poss\u00e8dent chacun une vaste exp\u00e9rience internationale dans leur domaine. <\/p>\n\n\n\n<p>L&rsquo;une de nos sp\u00e9cificit\u00e9s ? Offrir \u00e0 chaque patient un suivi et un programme <strong>personnalis\u00e9s<\/strong>, avec un seul objectif : garantir une revalidation ou un suivi en Personal Training <strong>d&rsquo;excellence<\/strong>. Nous sommes impatients de vous accueillir chez <strong>ESP<\/strong> pour d\u00e9buter votre programme personnalis\u00e9 ou votre revalidation, et atteindre les r\u00e9sultats que vous d\u00e9sirez.<\/p>\n\n\n\n<p class=\"has-danger-color has-text-color\"><strong>Heures d&rsquo;ouverture ESP &#8211; Kortenberg<\/strong><\/p>\n\n\n\n<ul class=\"wp-block-list\">\n<li>Lundi &#8211; Vendredi (8.00-20.00h | Sur Rendez-Vous)<\/li>\n\n\n\n<li>Samedi (8.00-18.00h | Sur Rendez-Vous)<\/li>\n\n\n\n<li>Dimanche (Sur Rendez-Vous)<\/li>\n<\/ul>\n\n\n\n<p><\/p>\n","protected":false},"excerpt":{"rendered":"<p>ESP est une clinique m\u00e9dicale sportive appartenant \u00e0 une famille o\u00f9 le travail acharn\u00e9, l\u2019entra\u00eenement, les soins aux patients et [&hellip;]<\/p>\n","protected":false},"author":1,"featured_media":3455,"parent":0,"menu_order":0,"comment_status":"closed","ping_status":"closed","template":"","meta":{"_acf_changed":false,"_themeisle_gutenberg_block_has_review":false,"footnotes":""},"class_list":["post-3568","page","type-page","status-publish","has-post-thumbnail","hentry"],"featured_image_src":"https:\/\/weareesp.com\/www\/wp-content\/uploads\/2022\/07\/esp-homepage-define-your-goals-with-experts-copyright-laetizia-bazzoni.jpg","acf":[],"yoast_head":"<!-- This site is optimized with the Yoast SEO plugin v27.3 - https:\/\/yoast.com\/product\/yoast-seo-wordpress\/ -->\n<title>\u00c0 propos - ESP<\/title>\n<meta name=\"robots\" content=\"index, follow, max-snippet:-1, max-image-preview:large, max-video-preview:-1\" \/>\n<link rel=\"canonical\" href=\"https:\/\/weareesp.com\/fr\/a-propos\/\" \/>\n<meta property=\"og:locale\" content=\"fr_FR\" \/>\n<meta property=\"og:type\" content=\"article\" \/>\n<meta property=\"og:title\" content=\"\u00c0 propos - ESP\" \/>\n<meta property=\"og:description\" content=\"ESP est une clinique m\u00e9dicale sportive appartenant \u00e0 une famille o\u00f9 le travail acharn\u00e9, l\u2019entra\u00eenement, les soins aux patients et [&hellip;]\" \/>\n<meta property=\"og:url\" content=\"https:\/\/weareesp.com\/fr\/a-propos\/\" \/>\n<meta property=\"og:site_name\" content=\"ESP\" \/>\n<meta property=\"article:publisher\" content=\"https:\/\/fr-fr.facebook.com\/elite.sport.performance.rolandclaes\/\" \/>\n<meta property=\"article:modified_time\" content=\"2024-11-19T22:18:33+00:00\" \/>\n<meta property=\"og:image\" content=\"https:\/\/weareesp.com\/www\/wp-content\/uploads\/2022\/07\/esp-homepage-define-your-goals-with-experts-copyright-laetizia-bazzoni.jpg\" \/>\n\t<meta property=\"og:image:width\" content=\"1600\" \/>\n\t<meta property=\"og:image:height\" content=\"900\" \/>\n\t<meta property=\"og:image:type\" content=\"image\/jpeg\" \/>\n<meta name=\"twitter:card\" content=\"summary_large_image\" \/>\n<meta name=\"twitter:label1\" content=\"Dur\u00e9e de lecture estim\u00e9e\" \/>\n\t<meta name=\"twitter:data1\" content=\"4 minutes\" \/>\n<script type=\"application\/ld+json\" class=\"yoast-schema-graph\">{\"@context\":\"https:\\\/\\\/schema.org\",\"@graph\":[{\"@type\":\"WebPage\",\"@id\":\"https:\\\/\\\/weareesp.com\\\/fr\\\/a-propos\\\/\",\"url\":\"https:\\\/\\\/weareesp.com\\\/fr\\\/a-propos\\\/\",\"name\":\"\u00c0 propos - ESP\",\"isPartOf\":{\"@id\":\"https:\\\/\\\/weareesp.com\\\/fr\\\/#website\"},\"primaryImageOfPage\":{\"@id\":\"https:\\\/\\\/weareesp.com\\\/fr\\\/a-propos\\\/#primaryimage\"},\"image\":{\"@id\":\"https:\\\/\\\/weareesp.com\\\/fr\\\/a-propos\\\/#primaryimage\"},\"thumbnailUrl\":\"https:\\\/\\\/weareesp.com\\\/www\\\/wp-content\\\/uploads\\\/2022\\\/07\\\/esp-homepage-define-your-goals-with-experts-copyright-laetizia-bazzoni.jpg\",\"datePublished\":\"2022-07-16T15:26:04+00:00\",\"dateModified\":\"2024-11-19T22:18:33+00:00\",\"breadcrumb\":{\"@id\":\"https:\\\/\\\/weareesp.com\\\/fr\\\/a-propos\\\/#breadcrumb\"},\"inLanguage\":\"fr-FR\",\"potentialAction\":[{\"@type\":\"ReadAction\",\"target\":[\"https:\\\/\\\/weareesp.com\\\/fr\\\/a-propos\\\/\"]}]},{\"@type\":\"ImageObject\",\"inLanguage\":\"fr-FR\",\"@id\":\"https:\\\/\\\/weareesp.com\\\/fr\\\/a-propos\\\/#primaryimage\",\"url\":\"https:\\\/\\\/weareesp.com\\\/www\\\/wp-content\\\/uploads\\\/2022\\\/07\\\/esp-homepage-define-your-goals-with-experts-copyright-laetizia-bazzoni.jpg\",\"contentUrl\":\"https:\\\/\\\/weareesp.com\\\/www\\\/wp-content\\\/uploads\\\/2022\\\/07\\\/esp-homepage-define-your-goals-with-experts-copyright-laetizia-bazzoni.jpg\",\"width\":1600,\"height\":900},{\"@type\":\"BreadcrumbList\",\"@id\":\"https:\\\/\\\/weareesp.com\\\/fr\\\/a-propos\\\/#breadcrumb\",\"itemListElement\":[{\"@type\":\"ListItem\",\"position\":1,\"name\":\"Accueil\",\"item\":\"https:\\\/\\\/weareesp.com\\\/fr\\\/\"},{\"@type\":\"ListItem\",\"position\":2,\"name\":\"\u00c0 propos\"}]},{\"@type\":\"WebSite\",\"@id\":\"https:\\\/\\\/weareesp.com\\\/fr\\\/#website\",\"url\":\"https:\\\/\\\/weareesp.com\\\/fr\\\/\",\"name\":\"ESP\",\"description\":\"Elite Sport Performance\",\"publisher\":{\"@id\":\"https:\\\/\\\/weareesp.com\\\/fr\\\/#organization\"},\"potentialAction\":[{\"@type\":\"SearchAction\",\"target\":{\"@type\":\"EntryPoint\",\"urlTemplate\":\"https:\\\/\\\/weareesp.com\\\/fr\\\/?s={search_term_string}\"},\"query-input\":{\"@type\":\"PropertyValueSpecification\",\"valueRequired\":true,\"valueName\":\"search_term_string\"}}],\"inLanguage\":\"fr-FR\"},{\"@type\":\"Organization\",\"@id\":\"https:\\\/\\\/weareesp.com\\\/fr\\\/#organization\",\"name\":\"ESP - Elite Sport Performance\",\"url\":\"https:\\\/\\\/weareesp.com\\\/fr\\\/\",\"logo\":{\"@type\":\"ImageObject\",\"inLanguage\":\"fr-FR\",\"@id\":\"https:\\\/\\\/weareesp.com\\\/fr\\\/#\\\/schema\\\/logo\\\/image\\\/\",\"url\":\"https:\\\/\\\/weareesp.com\\\/www\\\/wp-content\\\/uploads\\\/2022\\\/05\\\/logo-esp.svg\",\"contentUrl\":\"https:\\\/\\\/weareesp.com\\\/www\\\/wp-content\\\/uploads\\\/2022\\\/05\\\/logo-esp.svg\",\"width\":1,\"height\":1,\"caption\":\"ESP - Elite Sport Performance\"},\"image\":{\"@id\":\"https:\\\/\\\/weareesp.com\\\/fr\\\/#\\\/schema\\\/logo\\\/image\\\/\"},\"sameAs\":[\"https:\\\/\\\/fr-fr.facebook.com\\\/elite.sport.performance.rolandclaes\\\/\",\"https:\\\/\\\/www.instagram.com\\\/weareesp\\\/\",\"https:\\\/\\\/www.linkedin.com\\\/company\\\/weareesp\\\/?viewAsMember=true\"]}]}<\/script>\n<!-- \/ Yoast SEO plugin. -->","yoast_head_json":{"title":"\u00c0 propos - ESP","robots":{"index":"index","follow":"follow","max-snippet":"max-snippet:-1","max-image-preview":"max-image-preview:large","max-video-preview":"max-video-preview:-1"},"canonical":"https:\/\/weareesp.com\/fr\/a-propos\/","og_locale":"fr_FR","og_type":"article","og_title":"\u00c0 propos - ESP","og_description":"ESP est une clinique m\u00e9dicale sportive appartenant \u00e0 une famille o\u00f9 le travail acharn\u00e9, l\u2019entra\u00eenement, les soins aux patients et [&hellip;]","og_url":"https:\/\/weareesp.com\/fr\/a-propos\/","og_site_name":"ESP","article_publisher":"https:\/\/fr-fr.facebook.com\/elite.sport.performance.rolandclaes\/","article_modified_time":"2024-11-19T22:18:33+00:00","og_image":[{"width":1600,"height":900,"url":"https:\/\/weareesp.com\/www\/wp-content\/uploads\/2022\/07\/esp-homepage-define-your-goals-with-experts-copyright-laetizia-bazzoni.jpg","type":"image\/jpeg"}],"twitter_card":"summary_large_image","twitter_misc":{"Dur\u00e9e de lecture estim\u00e9e":"4 minutes"},"schema":{"@context":"https:\/\/schema.org","@graph":[{"@type":"WebPage","@id":"https:\/\/weareesp.com\/fr\/a-propos\/","url":"https:\/\/weareesp.com\/fr\/a-propos\/","name":"\u00c0 propos - ESP","isPartOf":{"@id":"https:\/\/weareesp.com\/fr\/#website"},"primaryImageOfPage":{"@id":"https:\/\/weareesp.com\/fr\/a-propos\/#primaryimage"},"image":{"@id":"https:\/\/weareesp.com\/fr\/a-propos\/#primaryimage"},"thumbnailUrl":"https:\/\/weareesp.com\/www\/wp-content\/uploads\/2022\/07\/esp-homepage-define-your-goals-with-experts-copyright-laetizia-bazzoni.jpg","datePublished":"2022-07-16T15:26:04+00:00","dateModified":"2024-11-19T22:18:33+00:00","breadcrumb":{"@id":"https:\/\/weareesp.com\/fr\/a-propos\/#breadcrumb"},"inLanguage":"fr-FR","potentialAction":[{"@type":"ReadAction","target":["https:\/\/weareesp.com\/fr\/a-propos\/"]}]},{"@type":"ImageObject","inLanguage":"fr-FR","@id":"https:\/\/weareesp.com\/fr\/a-propos\/#primaryimage","url":"https:\/\/weareesp.com\/www\/wp-content\/uploads\/2022\/07\/esp-homepage-define-your-goals-with-experts-copyright-laetizia-bazzoni.jpg","contentUrl":"https:\/\/weareesp.com\/www\/wp-content\/uploads\/2022\/07\/esp-homepage-define-your-goals-with-experts-copyright-laetizia-bazzoni.jpg","width":1600,"height":900},{"@type":"BreadcrumbList","@id":"https:\/\/weareesp.com\/fr\/a-propos\/#breadcrumb","itemListElement":[{"@type":"ListItem","position":1,"name":"Accueil","item":"https:\/\/weareesp.com\/fr\/"},{"@type":"ListItem","position":2,"name":"\u00c0 propos"}]},{"@type":"WebSite","@id":"https:\/\/weareesp.com\/fr\/#website","url":"https:\/\/weareesp.com\/fr\/","name":"ESP","description":"Elite Sport Performance","publisher":{"@id":"https:\/\/weareesp.com\/fr\/#organization"},"potentialAction":[{"@type":"SearchAction","target":{"@type":"EntryPoint","urlTemplate":"https:\/\/weareesp.com\/fr\/?s={search_term_string}"},"query-input":{"@type":"PropertyValueSpecification","valueRequired":true,"valueName":"search_term_string"}}],"inLanguage":"fr-FR"},{"@type":"Organization","@id":"https:\/\/weareesp.com\/fr\/#organization","name":"ESP - Elite Sport Performance","url":"https:\/\/weareesp.com\/fr\/","logo":{"@type":"ImageObject","inLanguage":"fr-FR","@id":"https:\/\/weareesp.com\/fr\/#\/schema\/logo\/image\/","url":"https:\/\/weareesp.com\/www\/wp-content\/uploads\/2022\/05\/logo-esp.svg","contentUrl":"https:\/\/weareesp.com\/www\/wp-content\/uploads\/2022\/05\/logo-esp.svg","width":1,"height":1,"caption":"ESP - Elite Sport Performance"},"image":{"@id":"https:\/\/weareesp.com\/fr\/#\/schema\/logo\/image\/"},"sameAs":["https:\/\/fr-fr.facebook.com\/elite.sport.performance.rolandclaes\/","https:\/\/www.instagram.com\/weareesp\/","https:\/\/www.linkedin.com\/company\/weareesp\/?viewAsMember=true"]}]}},"_links":{"self":[{"href":"https:\/\/weareesp.com\/fr\/wp-json\/wp\/v2\/pages\/3568","targetHints":{"allow":["GET"]}}],"collection":[{"href":"https:\/\/weareesp.com\/fr\/wp-json\/wp\/v2\/pages"}],"about":[{"href":"https:\/\/weareesp.com\/fr\/wp-json\/wp\/v2\/types\/page"}],"author":[{"embeddable":true,"href":"https:\/\/weareesp.com\/fr\/wp-json\/wp\/v2\/users\/1"}],"replies":[{"embeddable":true,"href":"https:\/\/weareesp.com\/fr\/wp-json\/wp\/v2\/comments?post=3568"}],"version-history":[{"count":44,"href":"https:\/\/weareesp.com\/fr\/wp-json\/wp\/v2\/pages\/3568\/revisions"}],"predecessor-version":[{"id":10268,"href":"https:\/\/weareesp.com\/fr\/wp-json\/wp\/v2\/pages\/3568\/revisions\/10268"}],"wp:featuredmedia":[{"embeddable":true,"href":"https:\/\/weareesp.com\/fr\/wp-json\/wp\/v2\/media\/3455"}],"wp:attachment":[{"href":"https:\/\/weareesp.com\/fr\/wp-json\/wp\/v2\/media?parent=3568"}],"curies":[{"name":"wp","href":"https:\/\/api.w.org\/{rel}","templated":true}]}}