{"id":6967,"date":"2023-03-20T19:17:41","date_gmt":"2023-03-20T18:17:41","guid":{"rendered":"https:\/\/weareesp.com\/services\/entrainements-en-groupe-2\/"},"modified":"2023-08-22T11:45:20","modified_gmt":"2023-08-22T09:45:20","slug":"entrainements-en-groupe-2","status":"publish","type":"page","link":"https:\/\/weareesp.com\/fr\/services\/entrainements-en-groupe-2\/","title":{"rendered":"Entra\u00eenements en Groupe"},"content":{"rendered":"\n<p>Bienvenue \u00e0 notre programme de entra\u00eenement en groupe! Nous sommes ravis de vous avoir ici et avons h\u00e2te de voir ce que nous pouvons accomplir ensemble!<\/p>\n\n\n\n<p>Parfois, l&rsquo;entra\u00eenement en groupe peut \u00eatre une exp\u00e9rience difficile. Il est facile de se d\u00e9courager et d&rsquo;avoir l&rsquo;impression de ne pas progresser. Mais nous tenons \u00e0 vous rappeler que le progr\u00e8s est un progr\u00e8s, aussi petit soit-il. Chaque fois que vous vous pr\u00e9sentez et faites de votre mieux, vous vous rapprochez un peu plus de vos objectifs.<\/p>\n\n\n\n<p>Nous sommes tous dans le m\u00eame bateau. Utilisons ce programme comme une occasion de nous soutenir et de nous encourager les uns les autres. Ensemble, nous pouvons nous d\u00e9passer pour donner le meilleur de nous-m\u00eames et r\u00e9aliser des choses incroyables.<\/p>\n\n\n\n<p>Rappelez-vous, tout le monde commence quelque part. Il ne s&rsquo;agit pas d&rsquo;\u00eatre parfait ou le meilleur tout de suite. Il s&rsquo;agit de faire ce premier pas et de continuer \u00e0 avancer, aussi difficile que cela puisse para\u00eetre.<\/p>\n\n\n\n<p>Alors profitons au maximum de ce programme et mettons-nous au d\u00e9fi d&rsquo;atteindre de nouveaux sommets. Travaillons dur, soutenons-nous les uns les autres et c\u00e9l\u00e9brons nos victoires en cours de route. Nous sommes impatients de voir ce que nous pouvons accomplir ensemble&nbsp;!<\/p>\n\n\n\n<p class=\"has-danger-color has-text-color\" id=\"tw-target-text\"><strong>Quels types d\u2019entra\u00eenements en Groupe proposons-nous ?<\/strong><\/p>\n\n\n\n<p>L&rsquo;entra\u00eenement en groupe est un excellent moyen de se mettre en forme tout en s&rsquo;amusant avec les autres. Cela peut \u00eatre une excellente source de motivation et de responsabilit\u00e9, ainsi qu&rsquo;une fa\u00e7on amusante de se faire de nouveaux amis. Voici quelques-uns des diff\u00e9rents types d&rsquo;entra\u00eenement physique en groupe que vous pouvez essayer&nbsp;:<\/p>\n\n\n\n<ol class=\"wp-block-list\">\n<li><strong>A\u00e9robic<\/strong>\/<strong>Fitness<\/strong> :Le fitness est un entra\u00eenement \u00e0 haute \u00e9nergie qui combine des mouvements de danse avec des exercices cardio. C&rsquo;est un excellent moyen de stimuler votre c\u0153ur et de br\u00fbler des calories.<\/li>\n\n\n\n<li><strong>Bootcamp<\/strong> : Les s\u00e9ances d&rsquo;entra\u00eenement Bootcamp sont intenses et impliquent g\u00e9n\u00e9ralement une combinaison d&rsquo;exercices de musculation, de cardio et de pliom\u00e9trie. Ils sont parfaits pour d\u00e9velopper la force et l&rsquo;endurance.<\/li>\n\n\n\n<li><strong>Yoga<\/strong> : Le yoga est un entra\u00eenement \u00e0 faible impact qui peut aider \u00e0 am\u00e9liorer la flexibilit\u00e9, l&rsquo;\u00e9quilibre et la force. Cela peut aussi \u00eatre un excellent moyen de se d\u00e9tendre et de r\u00e9duire le stress.<\/li>\n\n\n\n<li><strong>Pilates<\/strong> : Le Pilates est un entra\u00eenement \u00e0 faible impact qui se concentre sur le renforcement de vos muscles abdominaux. Il est id\u00e9al pour am\u00e9liorer la posture et l&rsquo;\u00e9quilibre.<\/li>\n\n\n\n<li><strong>Spinning<\/strong> : Les cours de cyclisme sont un excellent moyen d&rsquo;obtenir un entra\u00eenement cardio de haute intensit\u00e9 tout en renfor\u00e7ant la force du bas du corps.<\/li>\n\n\n\n<li><strong>HIIT<\/strong>&nbsp;: HIIT signifie entra\u00eenement par intervalles \u00e0 <strong>haute intensit\u00e9.<\/strong> Il s&rsquo;agit de courtes p\u00e9riodes d&rsquo;exercice intense suivies de p\u00e9riodes de repos. C&rsquo;est un excellent moyen de br\u00fbler des calories et d&rsquo;am\u00e9liorer la sant\u00e9 cardiovasculaire.<\/li>\n\n\n\n<li><strong>Sessions de Musculation<\/strong>: Les cours de musculation se concentrent sur la construction musculaire et l&rsquo;am\u00e9lioration de la force globale. Ils peuvent \u00eatre un excellent compl\u00e9ment aux entra\u00eenements cardio.<\/li>\n<\/ol>\n\n\n\n<p class=\"has-danger-color has-text-color\"><strong>Comment \u00e7a marche?<\/strong><\/p>\n\n\n\n<p>Nous travaillons avec un syst\u00e8me de r\u00e9servation en ligne avec un maximum de 6 personnes par session de groupe. Dans notre espace client vous pouvez cr\u00e9er un compte en souscrivant l\u2019un des abonnements sur notre page&nbsp;<a href=\"https:\/\/weareesp.com\/fr\/tarifs\/\">Tarifs<\/a>.<\/p>\n\n\n\n<p>1 lesson = 1 credit.<\/p>\n\n\n\n<p class=\"has-danger-color has-text-color\"><strong>Nos forfaits mensuels :<\/strong><\/p>\n\n\n\n<ul class=\"wp-block-list\">\n<li><a href=\"https:\/\/www.paynplan.nl\/p\/32348\">The Oncer Package<\/a>&nbsp;( 4 credits\/1xSemaine)<\/li>\n<\/ul>\n\n\n\n<ul class=\"wp-block-list\">\n<li><a href=\"https:\/\/www.paynplan.nl\/p\/32349\">The Twicer Package<\/a>&nbsp;( 8 credits\/2xSemaine)<\/li>\n<\/ul>\n\n\n\n<ul class=\"wp-block-list\">\n<li><a href=\"https:\/\/www.paynplan.nl\/p\/32531\">The Trippler Package<\/a>&nbsp;( 12 credits\/3xSemaine)<\/li>\n<\/ul>\n\n\n\n<ul class=\"wp-block-list\">\n<li><a href=\"https:\/\/www.paynplan.nl\/p\/32532\">The Quatro Stagioni Package<\/a>&nbsp;( 16 credits\/4xSemaine)<\/li>\n<\/ul>\n\n\n\n<ul class=\"wp-block-list\">\n<li><a href=\"https:\/\/www.paynplan.nl\/p\/32533\">The Mambo N\u00b05 Package<\/a>&nbsp;( 20 credits\/5xSemaine)<\/li>\n<\/ul>\n\n\n\n<ul class=\"wp-block-list\">\n<li><a href=\"https:\/\/www.paynplan.nl\/p\/32534\">The ULTIMATE Chizzled Sixpackage<\/a>&nbsp;( 24 credits\/6xSemaine)<\/li>\n<\/ul>\n\n\n\n<p>*Vous pouvez venir autant de fois que vous le souhaitez par semaine !<\/p>\n\n\n\n<p class=\"has-danger-color has-text-color\" id=\"tw-target-text\"><strong>Les avantages des entra\u00eenements en groupe<\/strong><\/p>\n\n\n\n<p>Assister \u00e0 des cours d\u2019entra\u00eenement en groupe cr\u00e9e un environnement positif pour commencer votre parcours de remise en forme. S\u2019entra\u00eener avec les autres est un bon moyen de rester responsable de<strong>&nbsp;\u00catre Pr\u00e9sent!<\/strong><\/p>\n\n\n\n<p>Les cours d\u2019entra\u00eenement en groupe offrent une fa\u00e7on amusante de se mettre en forme tout en rencontrant d\u2019autres personnes partageant les m\u00eames id\u00e9es qui veulent changer leur mode de vie et devenir FORT&nbsp;!. L\u2019aspect social d\u2019aller aux cours de groupe est un avantage suppl\u00e9mentaire aux avantages pour la sant\u00e9 d\u2019une fr\u00e9quentation r\u00e9guli\u00e8re.<\/p>\n\n\n\n<h2 class=\"wp-block-heading has-text-align-center has-text-color has-large-font-size\" style=\"color:#f80505\">COMMENCEZ VOTRE TRAJET MAINTENANT&nbsp;!<\/h2>\n\n\n\n<div class=\"wp-block-buttons is-content-justification-center is-layout-flex wp-container-core-buttons-is-layout-16018d1d wp-block-buttons-is-layout-flex\">\n<div class=\"wp-block-button\"><a class=\"wp-block-button__link has-danger-background-color has-background has-text-align-center wp-element-button\" href=\"https:\/\/weareesp.com\/fr\/tarifs\/\">REJOIGNEZ LA FAMILLE !<\/a><\/div>\n<\/div>\n\n\n\n<div style=\"height:50px\" aria-hidden=\"true\" class=\"wp-block-spacer\"><\/div>\n","protected":false},"excerpt":{"rendered":"<p>Bienvenue \u00e0 notre programme de entra\u00eenement en groupe! Nous sommes ravis de vous avoir ici et avons h\u00e2te de voir [&hellip;]<\/p>\n","protected":false},"author":3,"featured_media":3489,"parent":2214,"menu_order":0,"comment_status":"closed","ping_status":"closed","template":"","meta":{"_acf_changed":false,"_themeisle_gutenberg_block_has_review":false,"footnotes":""},"class_list":["post-6967","page","type-page","status-publish","has-post-thumbnail","hentry"],"featured_image_src":"https:\/\/weareesp.com\/www\/wp-content\/uploads\/2022\/07\/esp-about-kortenberg.jpg","acf":[],"yoast_head":"<!-- This site is optimized with the Yoast SEO plugin v27.5 - https:\/\/yoast.com\/product\/yoast-seo-wordpress\/ -->\n<title>Entra\u00eenements en Groupe - ESP<\/title>\n<meta name=\"robots\" content=\"index, follow, max-snippet:-1, max-image-preview:large, max-video-preview:-1\" \/>\n<link rel=\"canonical\" href=\"https:\/\/weareesp.com\/fr\/services\/entrainements-en-groupe-2\/\" \/>\n<meta property=\"og:locale\" content=\"fr_FR\" \/>\n<meta property=\"og:type\" content=\"article\" \/>\n<meta property=\"og:title\" content=\"Entra\u00eenements en Groupe - ESP\" \/>\n<meta property=\"og:description\" content=\"Bienvenue \u00e0 notre programme de entra\u00eenement en groupe! Nous sommes ravis de vous avoir ici et avons h\u00e2te de voir [&hellip;]\" \/>\n<meta property=\"og:url\" content=\"https:\/\/weareesp.com\/fr\/services\/entrainements-en-groupe-2\/\" \/>\n<meta property=\"og:site_name\" content=\"ESP\" \/>\n<meta property=\"article:publisher\" content=\"https:\/\/fr-fr.facebook.com\/elite.sport.performance.rolandclaes\/\" \/>\n<meta property=\"article:modified_time\" content=\"2023-08-22T09:45:20+00:00\" \/>\n<meta property=\"og:image\" content=\"https:\/\/weareesp.com\/www\/wp-content\/uploads\/2022\/07\/esp-about-kortenberg.jpg\" \/>\n\t<meta property=\"og:image:width\" content=\"1024\" \/>\n\t<meta property=\"og:image:height\" content=\"581\" \/>\n\t<meta property=\"og:image:type\" content=\"image\/jpeg\" \/>\n<meta name=\"twitter:card\" content=\"summary_large_image\" \/>\n<meta name=\"twitter:label1\" content=\"Dur\u00e9e de lecture estim\u00e9e\" \/>\n\t<meta name=\"twitter:data1\" content=\"4 minutes\" \/>\n<script type=\"application\/ld+json\" class=\"yoast-schema-graph\">{\"@context\":\"https:\\\/\\\/schema.org\",\"@graph\":[{\"@type\":\"WebPage\",\"@id\":\"https:\\\/\\\/weareesp.com\\\/fr\\\/services\\\/entrainements-en-groupe-2\\\/\",\"url\":\"https:\\\/\\\/weareesp.com\\\/fr\\\/services\\\/entrainements-en-groupe-2\\\/\",\"name\":\"Entra\u00eenements en Groupe - ESP\",\"isPartOf\":{\"@id\":\"https:\\\/\\\/weareesp.com\\\/fr\\\/#website\"},\"primaryImageOfPage\":{\"@id\":\"https:\\\/\\\/weareesp.com\\\/fr\\\/services\\\/entrainements-en-groupe-2\\\/#primaryimage\"},\"image\":{\"@id\":\"https:\\\/\\\/weareesp.com\\\/fr\\\/services\\\/entrainements-en-groupe-2\\\/#primaryimage\"},\"thumbnailUrl\":\"https:\\\/\\\/weareesp.com\\\/www\\\/wp-content\\\/uploads\\\/2022\\\/07\\\/esp-about-kortenberg.jpg\",\"datePublished\":\"2023-03-20T18:17:41+00:00\",\"dateModified\":\"2023-08-22T09:45:20+00:00\",\"breadcrumb\":{\"@id\":\"https:\\\/\\\/weareesp.com\\\/fr\\\/services\\\/entrainements-en-groupe-2\\\/#breadcrumb\"},\"inLanguage\":\"fr-FR\",\"potentialAction\":[{\"@type\":\"ReadAction\",\"target\":[\"https:\\\/\\\/weareesp.com\\\/fr\\\/services\\\/entrainements-en-groupe-2\\\/\"]}]},{\"@type\":\"ImageObject\",\"inLanguage\":\"fr-FR\",\"@id\":\"https:\\\/\\\/weareesp.com\\\/fr\\\/services\\\/entrainements-en-groupe-2\\\/#primaryimage\",\"url\":\"https:\\\/\\\/weareesp.com\\\/www\\\/wp-content\\\/uploads\\\/2022\\\/07\\\/esp-about-kortenberg.jpg\",\"contentUrl\":\"https:\\\/\\\/weareesp.com\\\/www\\\/wp-content\\\/uploads\\\/2022\\\/07\\\/esp-about-kortenberg.jpg\",\"width\":1024,\"height\":581},{\"@type\":\"BreadcrumbList\",\"@id\":\"https:\\\/\\\/weareesp.com\\\/fr\\\/services\\\/entrainements-en-groupe-2\\\/#breadcrumb\",\"itemListElement\":[{\"@type\":\"ListItem\",\"position\":1,\"name\":\"Accueil\",\"item\":\"https:\\\/\\\/weareesp.com\\\/fr\\\/\"},{\"@type\":\"ListItem\",\"position\":2,\"name\":\"Services\",\"item\":\"https:\\\/\\\/weareesp.com\\\/fr\\\/services\\\/\"},{\"@type\":\"ListItem\",\"position\":3,\"name\":\"Entra\u00eenements en Groupe\"}]},{\"@type\":\"WebSite\",\"@id\":\"https:\\\/\\\/weareesp.com\\\/fr\\\/#website\",\"url\":\"https:\\\/\\\/weareesp.com\\\/fr\\\/\",\"name\":\"ESP\",\"description\":\"Elite Sport Performance\",\"publisher\":{\"@id\":\"https:\\\/\\\/weareesp.com\\\/fr\\\/#organization\"},\"potentialAction\":[{\"@type\":\"SearchAction\",\"target\":{\"@type\":\"EntryPoint\",\"urlTemplate\":\"https:\\\/\\\/weareesp.com\\\/fr\\\/?s={search_term_string}\"},\"query-input\":{\"@type\":\"PropertyValueSpecification\",\"valueRequired\":true,\"valueName\":\"search_term_string\"}}],\"inLanguage\":\"fr-FR\"},{\"@type\":\"Organization\",\"@id\":\"https:\\\/\\\/weareesp.com\\\/fr\\\/#organization\",\"name\":\"ESP - Elite Sport Performance\",\"url\":\"https:\\\/\\\/weareesp.com\\\/fr\\\/\",\"logo\":{\"@type\":\"ImageObject\",\"inLanguage\":\"fr-FR\",\"@id\":\"https:\\\/\\\/weareesp.com\\\/fr\\\/#\\\/schema\\\/logo\\\/image\\\/\",\"url\":\"https:\\\/\\\/weareesp.com\\\/www\\\/wp-content\\\/uploads\\\/2022\\\/05\\\/logo-esp.svg\",\"contentUrl\":\"https:\\\/\\\/weareesp.com\\\/www\\\/wp-content\\\/uploads\\\/2022\\\/05\\\/logo-esp.svg\",\"width\":1,\"height\":1,\"caption\":\"ESP - Elite Sport Performance\"},\"image\":{\"@id\":\"https:\\\/\\\/weareesp.com\\\/fr\\\/#\\\/schema\\\/logo\\\/image\\\/\"},\"sameAs\":[\"https:\\\/\\\/fr-fr.facebook.com\\\/elite.sport.performance.rolandclaes\\\/\",\"https:\\\/\\\/www.instagram.com\\\/weareesp\\\/\",\"https:\\\/\\\/www.linkedin.com\\\/company\\\/weareesp\\\/?viewAsMember=true\"]}]}<\/script>\n<!-- \/ Yoast SEO plugin. -->","yoast_head_json":{"title":"Entra\u00eenements en Groupe - ESP","robots":{"index":"index","follow":"follow","max-snippet":"max-snippet:-1","max-image-preview":"max-image-preview:large","max-video-preview":"max-video-preview:-1"},"canonical":"https:\/\/weareesp.com\/fr\/services\/entrainements-en-groupe-2\/","og_locale":"fr_FR","og_type":"article","og_title":"Entra\u00eenements en Groupe - ESP","og_description":"Bienvenue \u00e0 notre programme de entra\u00eenement en groupe! Nous sommes ravis de vous avoir ici et avons h\u00e2te de voir [&hellip;]","og_url":"https:\/\/weareesp.com\/fr\/services\/entrainements-en-groupe-2\/","og_site_name":"ESP","article_publisher":"https:\/\/fr-fr.facebook.com\/elite.sport.performance.rolandclaes\/","article_modified_time":"2023-08-22T09:45:20+00:00","og_image":[{"width":1024,"height":581,"url":"https:\/\/weareesp.com\/www\/wp-content\/uploads\/2022\/07\/esp-about-kortenberg.jpg","type":"image\/jpeg"}],"twitter_card":"summary_large_image","twitter_misc":{"Dur\u00e9e de lecture estim\u00e9e":"4 minutes"},"schema":{"@context":"https:\/\/schema.org","@graph":[{"@type":"WebPage","@id":"https:\/\/weareesp.com\/fr\/services\/entrainements-en-groupe-2\/","url":"https:\/\/weareesp.com\/fr\/services\/entrainements-en-groupe-2\/","name":"Entra\u00eenements en Groupe - ESP","isPartOf":{"@id":"https:\/\/weareesp.com\/fr\/#website"},"primaryImageOfPage":{"@id":"https:\/\/weareesp.com\/fr\/services\/entrainements-en-groupe-2\/#primaryimage"},"image":{"@id":"https:\/\/weareesp.com\/fr\/services\/entrainements-en-groupe-2\/#primaryimage"},"thumbnailUrl":"https:\/\/weareesp.com\/www\/wp-content\/uploads\/2022\/07\/esp-about-kortenberg.jpg","datePublished":"2023-03-20T18:17:41+00:00","dateModified":"2023-08-22T09:45:20+00:00","breadcrumb":{"@id":"https:\/\/weareesp.com\/fr\/services\/entrainements-en-groupe-2\/#breadcrumb"},"inLanguage":"fr-FR","potentialAction":[{"@type":"ReadAction","target":["https:\/\/weareesp.com\/fr\/services\/entrainements-en-groupe-2\/"]}]},{"@type":"ImageObject","inLanguage":"fr-FR","@id":"https:\/\/weareesp.com\/fr\/services\/entrainements-en-groupe-2\/#primaryimage","url":"https:\/\/weareesp.com\/www\/wp-content\/uploads\/2022\/07\/esp-about-kortenberg.jpg","contentUrl":"https:\/\/weareesp.com\/www\/wp-content\/uploads\/2022\/07\/esp-about-kortenberg.jpg","width":1024,"height":581},{"@type":"BreadcrumbList","@id":"https:\/\/weareesp.com\/fr\/services\/entrainements-en-groupe-2\/#breadcrumb","itemListElement":[{"@type":"ListItem","position":1,"name":"Accueil","item":"https:\/\/weareesp.com\/fr\/"},{"@type":"ListItem","position":2,"name":"Services","item":"https:\/\/weareesp.com\/fr\/services\/"},{"@type":"ListItem","position":3,"name":"Entra\u00eenements en Groupe"}]},{"@type":"WebSite","@id":"https:\/\/weareesp.com\/fr\/#website","url":"https:\/\/weareesp.com\/fr\/","name":"ESP","description":"Elite Sport Performance","publisher":{"@id":"https:\/\/weareesp.com\/fr\/#organization"},"potentialAction":[{"@type":"SearchAction","target":{"@type":"EntryPoint","urlTemplate":"https:\/\/weareesp.com\/fr\/?s={search_term_string}"},"query-input":{"@type":"PropertyValueSpecification","valueRequired":true,"valueName":"search_term_string"}}],"inLanguage":"fr-FR"},{"@type":"Organization","@id":"https:\/\/weareesp.com\/fr\/#organization","name":"ESP - Elite Sport Performance","url":"https:\/\/weareesp.com\/fr\/","logo":{"@type":"ImageObject","inLanguage":"fr-FR","@id":"https:\/\/weareesp.com\/fr\/#\/schema\/logo\/image\/","url":"https:\/\/weareesp.com\/www\/wp-content\/uploads\/2022\/05\/logo-esp.svg","contentUrl":"https:\/\/weareesp.com\/www\/wp-content\/uploads\/2022\/05\/logo-esp.svg","width":1,"height":1,"caption":"ESP - Elite Sport Performance"},"image":{"@id":"https:\/\/weareesp.com\/fr\/#\/schema\/logo\/image\/"},"sameAs":["https:\/\/fr-fr.facebook.com\/elite.sport.performance.rolandclaes\/","https:\/\/www.instagram.com\/weareesp\/","https:\/\/www.linkedin.com\/company\/weareesp\/?viewAsMember=true"]}]}},"_links":{"self":[{"href":"https:\/\/weareesp.com\/fr\/wp-json\/wp\/v2\/pages\/6967","targetHints":{"allow":["GET"]}}],"collection":[{"href":"https:\/\/weareesp.com\/fr\/wp-json\/wp\/v2\/pages"}],"about":[{"href":"https:\/\/weareesp.com\/fr\/wp-json\/wp\/v2\/types\/page"}],"author":[{"embeddable":true,"href":"https:\/\/weareesp.com\/fr\/wp-json\/wp\/v2\/users\/3"}],"replies":[{"embeddable":true,"href":"https:\/\/weareesp.com\/fr\/wp-json\/wp\/v2\/comments?post=6967"}],"version-history":[{"count":18,"href":"https:\/\/weareesp.com\/fr\/wp-json\/wp\/v2\/pages\/6967\/revisions"}],"predecessor-version":[{"id":7678,"href":"https:\/\/weareesp.com\/fr\/wp-json\/wp\/v2\/pages\/6967\/revisions\/7678"}],"up":[{"embeddable":true,"href":"https:\/\/weareesp.com\/fr\/wp-json\/wp\/v2\/pages\/2214"}],"wp:featuredmedia":[{"embeddable":true,"href":"https:\/\/weareesp.com\/fr\/wp-json\/wp\/v2\/media\/3489"}],"wp:attachment":[{"href":"https:\/\/weareesp.com\/fr\/wp-json\/wp\/v2\/media?parent=6967"}],"curies":[{"name":"wp","href":"https:\/\/api.w.org\/{rel}","templated":true}]}}