{"id":7342,"date":"2023-05-05T19:21:54","date_gmt":"2023-05-05T17:21:54","guid":{"rendered":"https:\/\/weareesp.com\/esp-academy\/"},"modified":"2024-02-26T15:39:14","modified_gmt":"2024-02-26T14:39:14","slug":"esp-academy","status":"publish","type":"page","link":"https:\/\/weareesp.com\/fr\/esp-academy\/","title":{"rendered":"ESP ACADEMY"},"content":{"rendered":"\n<div style=\"height:50px\" aria-hidden=\"true\" class=\"wp-block-spacer\"><\/div>\n\n\n\n<p class=\"has-text-align-center has-text-color has-medium-font-size\" style=\"color:#f60101\"><strong>Bienvenue dans le monde des possibilit\u00e9s illimit\u00e9es, o\u00f9 les champions sont fa\u00e7onn\u00e9s et les r\u00eaves se transforment en r\u00e9alit\u00e9.<\/strong><\/p>\n\n\n\n<p class=\"has-text-align-center\">\u00c0<strong> l&rsquo;Acad\u00e9mie de Performance Athl\u00e9tique ESP<\/strong>, nous nous engageons \u00e0 vous donner, l&rsquo;athl\u00e8te, le r\u00f4le principal dans votre propre succ\u00e8s. Avec notre engagement ind\u00e9fectible envers votre croissance, une planification pr\u00e9cise et une \u00e9quipe d&rsquo;entra\u00eeneurs exceptionnels, nous veillons \u00e0 ce que chaque pas que vous faites vous rapproche de votre but.<\/p>\n\n\n\n<p class=\"has-text-align-center\">Nos entra\u00eeneurs ne sont pas seulement des mentors ; ils sont les<strong> architectes de votre parcours athl\u00e9tique<\/strong>. Avec leur vaste expertise et leur passion in\u00e9branlable, ils vous guident \u00e0 travers les subtilit\u00e9s de votre sport, d\u00e9bloquant votre v\u00e9ritable potentiel. Leur compr\u00e9hension profonde des m\u00e9thodologies d&rsquo;entra\u00eenement et des techniques de pointe leur permet de concevoir des programmes personnalis\u00e9s adapt\u00e9s \u00e0 vos forces et faiblesses uniques. En analysant m\u00e9ticuleusement vos performances et en fixant des objectifs sp\u00e9cifiques, ils cr\u00e9ent une feuille de route pour votre r\u00e9ussite.<\/p>\n\n\n\n<p class=\"has-text-align-center\">Mais ce qui distingue vraiment notre acad\u00e9mie, c&rsquo;est le <strong>niveau de soin et d&rsquo;attention que nous investissons dans votre d\u00e9veloppement<\/strong>. Vous n&rsquo;\u00eates pas juste un autre athl\u00e8te sur notre liste ; vous \u00eates au centre de notre <strong>attention<\/strong>. Nous comprenons que des performances optimales n\u00e9cessitent un \u00e9quilibre d\u00e9licat entre puissance physique, force mentale et bien-\u00eatre \u00e9motionnel. C&rsquo;est pourquoi nous nous effor\u00e7ons de cr\u00e9er un environnement bienveillant et favorable, en veillant \u00e0 ce que vous disposiez des outils et des ressources n\u00e9cessaires pour vous \u00e9panouir.<\/p>\n\n\n\n<p class=\"has-text-align-center\">D\u00e8s que vous franchirez les portes de notre acad\u00e9mie, vous ressentirez un <strong>profond<\/strong> sentiment d&rsquo;appartenance. Nous croyons en la force du travail d&rsquo;\u00e9quipe et favorisons une culture de camaraderie o\u00f9 les athl\u00e8tes s&rsquo;inspirent et se soutiennent mutuellement. Vous serez entour\u00e9 d&rsquo;athl\u00e8tes partageant les m\u00eames ambitions, cr\u00e9ant une atmosph\u00e8re de comp\u00e9tition saine et <strong>d&rsquo;am\u00e9lioration continue<\/strong>.<\/p>\n\n\n\n<p class=\"has-text-align-center\">Dans notre acad\u00e9mie, nous croyons fermement \u00e0 la philosophie du<strong> travail dur mais efficace<\/strong>. Nous comprenons que le succ\u00e8s ne se r\u00e9alise pas par une simple ex\u00e9cution aveugle, mais par des efforts calcul\u00e9s. Nos entra\u00eeneurs respectent des protocoles d&rsquo;entra\u00eenement m\u00e9ticuleux, soigneusement structur\u00e9s pour <strong>la<\/strong> <strong>pr\u00e9-saison, la saison et la p\u00e9riode hors-saison<\/strong>, garantissant ainsi que vous optimisez votre potentiel \u00e0 chaque phase de votre d\u00e9veloppement. Gr\u00e2ce \u00e0 une combinaison de principes d&rsquo;entra\u00eenement scientifiques et de technologies innovantes, nous optimisons vos performances et vous dotons des outils n\u00e9cessaires pour atteindre de nouveaux sommets.<\/p>\n\n\n\n<p class=\"has-text-align-center\">Rappelez-vous, vous \u00eates le <strong>protagoniste<\/strong> de cette pi\u00e8ce, et nous sommes l\u00e0 pour vous mettre en sc\u00e8ne afin que vous triomphez. Le parcours peut \u00eatre exigeant, mais nous sommes l\u00e0 pour vous soutenir \u00e0 chaque \u00e9tape. Que vous aspiriez \u00e0 monter sur le podium ou \u00e0 battre des records, nous croyons en votre capacit\u00e9 \u00e0 atteindre vos objectifs. Avec notre acad\u00e9mie comme tremplin, <strong>le ciel n&rsquo;est pas la limite!<\/strong><\/p>\n\n\n\n<p class=\"has-text-align-center\"><strong>Rejoignez-nous<\/strong> et embarquez-vous dans une aventure extraordinaire o\u00f9 vos r\u00eaves deviendront r\u00e9alit\u00e9. Vous repousserez vos limites et ferez na\u00eetre le champion en vous. Il est temps de lib\u00e9rer votre <strong>VRAI<\/strong> potentiel et de laisser votre empreinte dans le monde du sport.<\/p>\n\n\n\n<div style=\"height:30px\" aria-hidden=\"true\" class=\"wp-block-spacer\"><\/div>\n\n\n\n<p class=\"has-text-align-center has-text-color has-medium-font-size\" style=\"color:#f90808\"><strong>Bienvenue \u00e0 l&rsquo;Acad\u00e9mie de Performance Athl\u00e9tique, o\u00f9 TON Voyage vers le Succ\u00e8s D\u00e9bute!<\/strong><\/p>\n\n\n\n<div style=\"height:30px\" aria-hidden=\"true\" class=\"wp-block-spacer\"><\/div>\n\n\n\n<div class=\"wp-block-buttons is-content-justification-center is-layout-flex wp-container-core-buttons-is-layout-16018d1d wp-block-buttons-is-layout-flex\">\n<div class=\"wp-block-button has-custom-width wp-block-button__width-75 has-custom-font-size has-medium-font-size\"><a class=\"wp-block-button__link has-white-color has-text-color has-background has-text-align-center wp-element-button\" href=\"https:\/\/weareesp.com\/fr\/contact\/\" style=\"border-radius:49px;background-color:#fa0c0c\" target=\"_blank\" rel=\"noreferrer noopener\"><strong>INSCRIS-TOI!<\/strong><\/a><\/div>\n<\/div>\n\n\n\n<div style=\"height:30px\" aria-hidden=\"true\" class=\"wp-block-spacer\"><\/div>\n\n\n\n<figure class=\"wp-block-video\"><video height=\"1080\" style=\"aspect-ratio: 1920 \/ 1080;\" width=\"1920\" autoplay controls loop muted src=\"https:\/\/weareesp.com\/www\/wp-content\/uploads\/2023\/05\/espad-2.mp4\"><\/video><\/figure>\n\n\n\n<div style=\"height:30px\" aria-hidden=\"true\" class=\"wp-block-spacer\"><\/div>\n\n\n\n<div class=\"wp-block-buttons is-content-justification-center is-layout-flex wp-container-core-buttons-is-layout-16018d1d wp-block-buttons-is-layout-flex\">\n<div class=\"wp-block-button has-custom-width wp-block-button__width-75 has-custom-font-size has-medium-font-size\"><a class=\"wp-block-button__link has-white-color has-text-color has-background has-text-align-center wp-element-button\" href=\"https:\/\/weareesp.com\/fr\/contact\/\" style=\"border-radius:49px;background-color:#fa0c0c\" target=\"_blank\" rel=\"noreferrer noopener\"><strong>INSCRIS-TOI!<\/strong><\/a><\/div>\n<\/div>\n\n\n\n<div style=\"height:50px\" aria-hidden=\"true\" class=\"wp-block-spacer\"><\/div>\n\n\n\n<div class=\"wp-block-columns is-layout-flex wp-container-core-columns-is-layout-9d6595d7 wp-block-columns-is-layout-flex\">\n<div class=\"wp-block-column is-layout-flow wp-block-column-is-layout-flow\">\n<figure class=\"wp-block-video\"><video height=\"500\" style=\"aspect-ratio: 500 \/ 500;\" width=\"500\" autoplay controls loop muted src=\"https:\/\/weareesp.com\/www\/wp-content\/uploads\/2023\/05\/Amos-Lewis-1.mp4\"><\/video><\/figure>\n<\/div>\n\n\n\n<div class=\"wp-block-column is-layout-flow wp-block-column-is-layout-flow\">\n<figure class=\"wp-block-video\"><video height=\"500\" style=\"aspect-ratio: 500 \/ 500;\" width=\"500\" autoplay controls loop muted src=\"https:\/\/weareesp.com\/www\/wp-content\/uploads\/2023\/05\/Amos-Lewis-2.mp4\"><\/video><\/figure>\n<\/div>\n\n\n\n<div class=\"wp-block-column is-layout-flow wp-block-column-is-layout-flow\">\n<figure class=\"wp-block-video\"><video height=\"500\" style=\"aspect-ratio: 500 \/ 500;\" width=\"500\" autoplay controls loop muted src=\"https:\/\/weareesp.com\/www\/wp-content\/uploads\/2023\/05\/Amos-Lewis-3.mp4\"><\/video><\/figure>\n<\/div>\n<\/div>\n","protected":false},"excerpt":{"rendered":"<p>Bienvenue dans le monde des possibilit\u00e9s illimit\u00e9es, o\u00f9 les champions sont fa\u00e7onn\u00e9s et les r\u00eaves se transforment en r\u00e9alit\u00e9. \u00c0 [&hellip;]<\/p>\n","protected":false},"author":3,"featured_media":7310,"parent":0,"menu_order":0,"comment_status":"closed","ping_status":"closed","template":"","meta":{"_acf_changed":false,"_themeisle_gutenberg_block_has_review":false,"footnotes":""},"class_list":["post-7342","page","type-page","status-publish","has-post-thumbnail","hentry"],"featured_image_src":"https:\/\/weareesp.com\/www\/wp-content\/uploads\/2023\/05\/kr4-1-scaled.jpg","acf":[],"yoast_head":"<!-- This site is optimized with the Yoast SEO plugin v27.4 - https:\/\/yoast.com\/product\/yoast-seo-wordpress\/ -->\n<title>ESP ACADEMY - ESP<\/title>\n<meta name=\"robots\" content=\"index, follow, max-snippet:-1, max-image-preview:large, max-video-preview:-1\" \/>\n<link rel=\"canonical\" href=\"https:\/\/weareesp.com\/fr\/esp-academy\/\" \/>\n<meta property=\"og:locale\" content=\"fr_FR\" \/>\n<meta property=\"og:type\" content=\"article\" \/>\n<meta property=\"og:title\" content=\"ESP ACADEMY - ESP\" \/>\n<meta property=\"og:description\" content=\"Bienvenue dans le monde des possibilit\u00e9s illimit\u00e9es, o\u00f9 les champions sont fa\u00e7onn\u00e9s et les r\u00eaves se transforment en r\u00e9alit\u00e9. \u00c0 [&hellip;]\" \/>\n<meta property=\"og:url\" content=\"https:\/\/weareesp.com\/fr\/esp-academy\/\" \/>\n<meta property=\"og:site_name\" content=\"ESP\" \/>\n<meta property=\"article:publisher\" content=\"https:\/\/fr-fr.facebook.com\/elite.sport.performance.rolandclaes\/\" \/>\n<meta property=\"article:modified_time\" content=\"2024-02-26T14:39:14+00:00\" \/>\n<meta property=\"og:image\" content=\"https:\/\/weareesp.com\/www\/wp-content\/uploads\/2023\/05\/kr4-1-scaled.jpg\" \/>\n\t<meta property=\"og:image:width\" content=\"2560\" \/>\n\t<meta property=\"og:image:height\" content=\"2048\" \/>\n\t<meta property=\"og:image:type\" content=\"image\/jpeg\" \/>\n<meta name=\"twitter:card\" content=\"summary_large_image\" \/>\n<meta name=\"twitter:label1\" content=\"Dur\u00e9e de lecture estim\u00e9e\" \/>\n\t<meta name=\"twitter:data1\" content=\"3 minutes\" \/>\n<script type=\"application\/ld+json\" class=\"yoast-schema-graph\">{\"@context\":\"https:\\\/\\\/schema.org\",\"@graph\":[{\"@type\":\"WebPage\",\"@id\":\"https:\\\/\\\/weareesp.com\\\/fr\\\/esp-academy\\\/\",\"url\":\"https:\\\/\\\/weareesp.com\\\/fr\\\/esp-academy\\\/\",\"name\":\"ESP ACADEMY - ESP\",\"isPartOf\":{\"@id\":\"https:\\\/\\\/weareesp.com\\\/fr\\\/#website\"},\"primaryImageOfPage\":{\"@id\":\"https:\\\/\\\/weareesp.com\\\/fr\\\/esp-academy\\\/#primaryimage\"},\"image\":{\"@id\":\"https:\\\/\\\/weareesp.com\\\/fr\\\/esp-academy\\\/#primaryimage\"},\"thumbnailUrl\":\"https:\\\/\\\/weareesp.com\\\/www\\\/wp-content\\\/uploads\\\/2023\\\/05\\\/kr4-1-scaled.jpg\",\"datePublished\":\"2023-05-05T17:21:54+00:00\",\"dateModified\":\"2024-02-26T14:39:14+00:00\",\"breadcrumb\":{\"@id\":\"https:\\\/\\\/weareesp.com\\\/fr\\\/esp-academy\\\/#breadcrumb\"},\"inLanguage\":\"fr-FR\",\"potentialAction\":[{\"@type\":\"ReadAction\",\"target\":[\"https:\\\/\\\/weareesp.com\\\/fr\\\/esp-academy\\\/\"]}]},{\"@type\":\"ImageObject\",\"inLanguage\":\"fr-FR\",\"@id\":\"https:\\\/\\\/weareesp.com\\\/fr\\\/esp-academy\\\/#primaryimage\",\"url\":\"https:\\\/\\\/weareesp.com\\\/www\\\/wp-content\\\/uploads\\\/2023\\\/05\\\/kr4-1-scaled.jpg\",\"contentUrl\":\"https:\\\/\\\/weareesp.com\\\/www\\\/wp-content\\\/uploads\\\/2023\\\/05\\\/kr4-1-scaled.jpg\",\"width\":2560,\"height\":2048,\"caption\":\"Kraainem Football training Performance rehab zaventem kortenberg kinesitherapie coaching\"},{\"@type\":\"BreadcrumbList\",\"@id\":\"https:\\\/\\\/weareesp.com\\\/fr\\\/esp-academy\\\/#breadcrumb\",\"itemListElement\":[{\"@type\":\"ListItem\",\"position\":1,\"name\":\"Accueil\",\"item\":\"https:\\\/\\\/weareesp.com\\\/fr\\\/\"},{\"@type\":\"ListItem\",\"position\":2,\"name\":\"ESP ACADEMY\"}]},{\"@type\":\"WebSite\",\"@id\":\"https:\\\/\\\/weareesp.com\\\/fr\\\/#website\",\"url\":\"https:\\\/\\\/weareesp.com\\\/fr\\\/\",\"name\":\"ESP\",\"description\":\"Elite Sport Performance\",\"publisher\":{\"@id\":\"https:\\\/\\\/weareesp.com\\\/fr\\\/#organization\"},\"potentialAction\":[{\"@type\":\"SearchAction\",\"target\":{\"@type\":\"EntryPoint\",\"urlTemplate\":\"https:\\\/\\\/weareesp.com\\\/fr\\\/?s={search_term_string}\"},\"query-input\":{\"@type\":\"PropertyValueSpecification\",\"valueRequired\":true,\"valueName\":\"search_term_string\"}}],\"inLanguage\":\"fr-FR\"},{\"@type\":\"Organization\",\"@id\":\"https:\\\/\\\/weareesp.com\\\/fr\\\/#organization\",\"name\":\"ESP - Elite Sport Performance\",\"url\":\"https:\\\/\\\/weareesp.com\\\/fr\\\/\",\"logo\":{\"@type\":\"ImageObject\",\"inLanguage\":\"fr-FR\",\"@id\":\"https:\\\/\\\/weareesp.com\\\/fr\\\/#\\\/schema\\\/logo\\\/image\\\/\",\"url\":\"https:\\\/\\\/weareesp.com\\\/www\\\/wp-content\\\/uploads\\\/2022\\\/05\\\/logo-esp.svg\",\"contentUrl\":\"https:\\\/\\\/weareesp.com\\\/www\\\/wp-content\\\/uploads\\\/2022\\\/05\\\/logo-esp.svg\",\"width\":1,\"height\":1,\"caption\":\"ESP - Elite Sport Performance\"},\"image\":{\"@id\":\"https:\\\/\\\/weareesp.com\\\/fr\\\/#\\\/schema\\\/logo\\\/image\\\/\"},\"sameAs\":[\"https:\\\/\\\/fr-fr.facebook.com\\\/elite.sport.performance.rolandclaes\\\/\",\"https:\\\/\\\/www.instagram.com\\\/weareesp\\\/\",\"https:\\\/\\\/www.linkedin.com\\\/company\\\/weareesp\\\/?viewAsMember=true\"]}]}<\/script>\n<!-- \/ Yoast SEO plugin. -->","yoast_head_json":{"title":"ESP ACADEMY - ESP","robots":{"index":"index","follow":"follow","max-snippet":"max-snippet:-1","max-image-preview":"max-image-preview:large","max-video-preview":"max-video-preview:-1"},"canonical":"https:\/\/weareesp.com\/fr\/esp-academy\/","og_locale":"fr_FR","og_type":"article","og_title":"ESP ACADEMY - ESP","og_description":"Bienvenue dans le monde des possibilit\u00e9s illimit\u00e9es, o\u00f9 les champions sont fa\u00e7onn\u00e9s et les r\u00eaves se transforment en r\u00e9alit\u00e9. \u00c0 [&hellip;]","og_url":"https:\/\/weareesp.com\/fr\/esp-academy\/","og_site_name":"ESP","article_publisher":"https:\/\/fr-fr.facebook.com\/elite.sport.performance.rolandclaes\/","article_modified_time":"2024-02-26T14:39:14+00:00","og_image":[{"width":2560,"height":2048,"url":"https:\/\/weareesp.com\/www\/wp-content\/uploads\/2023\/05\/kr4-1-scaled.jpg","type":"image\/jpeg"}],"twitter_card":"summary_large_image","twitter_misc":{"Dur\u00e9e de lecture estim\u00e9e":"3 minutes"},"schema":{"@context":"https:\/\/schema.org","@graph":[{"@type":"WebPage","@id":"https:\/\/weareesp.com\/fr\/esp-academy\/","url":"https:\/\/weareesp.com\/fr\/esp-academy\/","name":"ESP ACADEMY - ESP","isPartOf":{"@id":"https:\/\/weareesp.com\/fr\/#website"},"primaryImageOfPage":{"@id":"https:\/\/weareesp.com\/fr\/esp-academy\/#primaryimage"},"image":{"@id":"https:\/\/weareesp.com\/fr\/esp-academy\/#primaryimage"},"thumbnailUrl":"https:\/\/weareesp.com\/www\/wp-content\/uploads\/2023\/05\/kr4-1-scaled.jpg","datePublished":"2023-05-05T17:21:54+00:00","dateModified":"2024-02-26T14:39:14+00:00","breadcrumb":{"@id":"https:\/\/weareesp.com\/fr\/esp-academy\/#breadcrumb"},"inLanguage":"fr-FR","potentialAction":[{"@type":"ReadAction","target":["https:\/\/weareesp.com\/fr\/esp-academy\/"]}]},{"@type":"ImageObject","inLanguage":"fr-FR","@id":"https:\/\/weareesp.com\/fr\/esp-academy\/#primaryimage","url":"https:\/\/weareesp.com\/www\/wp-content\/uploads\/2023\/05\/kr4-1-scaled.jpg","contentUrl":"https:\/\/weareesp.com\/www\/wp-content\/uploads\/2023\/05\/kr4-1-scaled.jpg","width":2560,"height":2048,"caption":"Kraainem Football training Performance rehab zaventem kortenberg kinesitherapie coaching"},{"@type":"BreadcrumbList","@id":"https:\/\/weareesp.com\/fr\/esp-academy\/#breadcrumb","itemListElement":[{"@type":"ListItem","position":1,"name":"Accueil","item":"https:\/\/weareesp.com\/fr\/"},{"@type":"ListItem","position":2,"name":"ESP ACADEMY"}]},{"@type":"WebSite","@id":"https:\/\/weareesp.com\/fr\/#website","url":"https:\/\/weareesp.com\/fr\/","name":"ESP","description":"Elite Sport Performance","publisher":{"@id":"https:\/\/weareesp.com\/fr\/#organization"},"potentialAction":[{"@type":"SearchAction","target":{"@type":"EntryPoint","urlTemplate":"https:\/\/weareesp.com\/fr\/?s={search_term_string}"},"query-input":{"@type":"PropertyValueSpecification","valueRequired":true,"valueName":"search_term_string"}}],"inLanguage":"fr-FR"},{"@type":"Organization","@id":"https:\/\/weareesp.com\/fr\/#organization","name":"ESP - Elite Sport Performance","url":"https:\/\/weareesp.com\/fr\/","logo":{"@type":"ImageObject","inLanguage":"fr-FR","@id":"https:\/\/weareesp.com\/fr\/#\/schema\/logo\/image\/","url":"https:\/\/weareesp.com\/www\/wp-content\/uploads\/2022\/05\/logo-esp.svg","contentUrl":"https:\/\/weareesp.com\/www\/wp-content\/uploads\/2022\/05\/logo-esp.svg","width":1,"height":1,"caption":"ESP - Elite Sport Performance"},"image":{"@id":"https:\/\/weareesp.com\/fr\/#\/schema\/logo\/image\/"},"sameAs":["https:\/\/fr-fr.facebook.com\/elite.sport.performance.rolandclaes\/","https:\/\/www.instagram.com\/weareesp\/","https:\/\/www.linkedin.com\/company\/weareesp\/?viewAsMember=true"]}]}},"_links":{"self":[{"href":"https:\/\/weareesp.com\/fr\/wp-json\/wp\/v2\/pages\/7342","targetHints":{"allow":["GET"]}}],"collection":[{"href":"https:\/\/weareesp.com\/fr\/wp-json\/wp\/v2\/pages"}],"about":[{"href":"https:\/\/weareesp.com\/fr\/wp-json\/wp\/v2\/types\/page"}],"author":[{"embeddable":true,"href":"https:\/\/weareesp.com\/fr\/wp-json\/wp\/v2\/users\/3"}],"replies":[{"embeddable":true,"href":"https:\/\/weareesp.com\/fr\/wp-json\/wp\/v2\/comments?post=7342"}],"version-history":[{"count":10,"href":"https:\/\/weareesp.com\/fr\/wp-json\/wp\/v2\/pages\/7342\/revisions"}],"predecessor-version":[{"id":8416,"href":"https:\/\/weareesp.com\/fr\/wp-json\/wp\/v2\/pages\/7342\/revisions\/8416"}],"wp:featuredmedia":[{"embeddable":true,"href":"https:\/\/weareesp.com\/fr\/wp-json\/wp\/v2\/media\/7310"}],"wp:attachment":[{"href":"https:\/\/weareesp.com\/fr\/wp-json\/wp\/v2\/media?parent=7342"}],"curies":[{"name":"wp","href":"https:\/\/api.w.org\/{rel}","templated":true}]}}