{"id":9699,"date":"2024-07-21T18:05:09","date_gmt":"2024-07-21T16:05:09","guid":{"rendered":"https:\/\/weareesp.com\/pedicure-medicale\/"},"modified":"2024-07-21T18:05:09","modified_gmt":"2024-07-21T16:05:09","slug":"pedicure-medicale","status":"publish","type":"page","link":"https:\/\/weareesp.com\/fr\/pedicure-medicale\/","title":{"rendered":"P\u00e9dicure M\u00e9dicale"},"content":{"rendered":"\n<p>Une p\u00e9dicure m\u00e9dicale est un traitement sp\u00e9cialis\u00e9 qui donne la priorit\u00e9 \u00e0 la sant\u00e9 et au bien-\u00eatre de vos pieds, en particulier pour ceux ayant des conditions m\u00e9dicales sp\u00e9cifiques ou des pr\u00e9occupations particuli\u00e8res. Chez ESP, nous maintenons les normes les plus \u00e9lev\u00e9es en employant uniquement les meilleurs sp\u00e9cialistes dans notre centre param\u00e9dical. Nos p\u00e9dicures m\u00e9dicales utilisent des \u00e9quipements et techniques de grade m\u00e9dical, incluant le limage, le gommage et l&rsquo;hydratation des pieds, pour soulager les sympt\u00f4mes associ\u00e9s au diab\u00e8te, \u00e0 l&rsquo;arthrite et \u00e0 une mauvaise circulation sanguine. Ce traitement est \u00e9galement b\u00e9n\u00e9fique pour les personnes souffrant de probl\u00e8mes d&rsquo;ongles tels que les infections fongiques, les ongles incarn\u00e9s ou \u00e9paissis. Nous recommandons vivement de consulter un professionnel de sant\u00e9 ou un p\u00e9dicure dipl\u00f4m\u00e9 pour garantir les meilleurs soins pour vos pieds.<\/p>\n","protected":false},"excerpt":{"rendered":"<p>Une p\u00e9dicure m\u00e9dicale est un traitement sp\u00e9cialis\u00e9 qui donne la priorit\u00e9 \u00e0 la sant\u00e9 et au bien-\u00eatre de vos pieds, [&hellip;]<\/p>\n","protected":false},"author":3,"featured_media":9694,"parent":0,"menu_order":0,"comment_status":"closed","ping_status":"closed","template":"","meta":{"_acf_changed":false,"_themeisle_gutenberg_block_has_review":false,"footnotes":""},"class_list":["post-9699","page","type-page","status-publish","has-post-thumbnail","hentry"],"featured_image_src":"https:\/\/weareesp.com\/www\/wp-content\/uploads\/2024\/07\/AdobeStock_205447453.jpg","acf":[],"yoast_head":"<!-- This site is optimized with the Yoast SEO plugin v27.3 - https:\/\/yoast.com\/product\/yoast-seo-wordpress\/ -->\n<title>P\u00e9dicure M\u00e9dicale - ESP<\/title>\n<meta name=\"description\" content=\"Une p\u00e9dicure m\u00e9dicale est un traitement sp\u00e9cialis\u00e9 qui donne la priorit\u00e9 \u00e0 la sant\u00e9 et au bien-\u00eatre de vos pieds, en particulier pour ceux ayant des conditions m\u00e9dicales sp\u00e9cifiques ou des pr\u00e9occupations particuli\u00e8res. Chez ESP, nous maintenons les normes les plus \u00e9lev\u00e9es en employant uniquement les meilleurs sp\u00e9cialistes dans notre centre param\u00e9dical.\" \/>\n<meta name=\"robots\" content=\"index, follow, max-snippet:-1, max-image-preview:large, max-video-preview:-1\" \/>\n<link rel=\"canonical\" href=\"https:\/\/weareesp.com\/fr\/pedicure-medicale\/\" \/>\n<meta property=\"og:locale\" content=\"fr_FR\" \/>\n<meta property=\"og:type\" content=\"article\" \/>\n<meta property=\"og:title\" content=\"P\u00e9dicure M\u00e9dicale - ESP\" \/>\n<meta property=\"og:description\" content=\"Une p\u00e9dicure m\u00e9dicale est un traitement sp\u00e9cialis\u00e9 qui donne la priorit\u00e9 \u00e0 la sant\u00e9 et au bien-\u00eatre de vos pieds, en particulier pour ceux ayant des conditions m\u00e9dicales sp\u00e9cifiques ou des pr\u00e9occupations particuli\u00e8res. Chez ESP, nous maintenons les normes les plus \u00e9lev\u00e9es en employant uniquement les meilleurs sp\u00e9cialistes dans notre centre param\u00e9dical.\" \/>\n<meta property=\"og:url\" content=\"https:\/\/weareesp.com\/fr\/pedicure-medicale\/\" \/>\n<meta property=\"og:site_name\" content=\"ESP\" \/>\n<meta property=\"article:publisher\" content=\"https:\/\/fr-fr.facebook.com\/elite.sport.performance.rolandclaes\/\" \/>\n<meta property=\"og:image\" content=\"https:\/\/weareesp.com\/www\/wp-content\/uploads\/2024\/07\/AdobeStock_205447453.jpg\" \/>\n\t<meta property=\"og:image:width\" content=\"2000\" \/>\n\t<meta property=\"og:image:height\" content=\"1333\" \/>\n\t<meta property=\"og:image:type\" content=\"image\/jpeg\" \/>\n<meta name=\"twitter:card\" content=\"summary_large_image\" \/>\n<meta name=\"twitter:label1\" content=\"Dur\u00e9e de lecture estim\u00e9e\" \/>\n\t<meta name=\"twitter:data1\" content=\"1 minute\" \/>\n<script type=\"application\/ld+json\" class=\"yoast-schema-graph\">{\"@context\":\"https:\\\/\\\/schema.org\",\"@graph\":[{\"@type\":\"WebPage\",\"@id\":\"https:\\\/\\\/weareesp.com\\\/fr\\\/pedicure-medicale\\\/\",\"url\":\"https:\\\/\\\/weareesp.com\\\/fr\\\/pedicure-medicale\\\/\",\"name\":\"P\u00e9dicure M\u00e9dicale - ESP\",\"isPartOf\":{\"@id\":\"https:\\\/\\\/weareesp.com\\\/fr\\\/#website\"},\"primaryImageOfPage\":{\"@id\":\"https:\\\/\\\/weareesp.com\\\/fr\\\/pedicure-medicale\\\/#primaryimage\"},\"image\":{\"@id\":\"https:\\\/\\\/weareesp.com\\\/fr\\\/pedicure-medicale\\\/#primaryimage\"},\"thumbnailUrl\":\"https:\\\/\\\/weareesp.com\\\/www\\\/wp-content\\\/uploads\\\/2024\\\/07\\\/AdobeStock_205447453.jpg\",\"datePublished\":\"2024-07-21T16:05:09+00:00\",\"description\":\"Une p\u00e9dicure m\u00e9dicale est un traitement sp\u00e9cialis\u00e9 qui donne la priorit\u00e9 \u00e0 la sant\u00e9 et au bien-\u00eatre de vos pieds, en particulier pour ceux ayant des conditions m\u00e9dicales sp\u00e9cifiques ou des pr\u00e9occupations particuli\u00e8res. Chez ESP, nous maintenons les normes les plus \u00e9lev\u00e9es en employant uniquement les meilleurs sp\u00e9cialistes dans notre centre param\u00e9dical.\",\"breadcrumb\":{\"@id\":\"https:\\\/\\\/weareesp.com\\\/fr\\\/pedicure-medicale\\\/#breadcrumb\"},\"inLanguage\":\"fr-FR\",\"potentialAction\":[{\"@type\":\"ReadAction\",\"target\":[\"https:\\\/\\\/weareesp.com\\\/fr\\\/pedicure-medicale\\\/\"]}]},{\"@type\":\"ImageObject\",\"inLanguage\":\"fr-FR\",\"@id\":\"https:\\\/\\\/weareesp.com\\\/fr\\\/pedicure-medicale\\\/#primaryimage\",\"url\":\"https:\\\/\\\/weareesp.com\\\/www\\\/wp-content\\\/uploads\\\/2024\\\/07\\\/AdobeStock_205447453.jpg\",\"contentUrl\":\"https:\\\/\\\/weareesp.com\\\/www\\\/wp-content\\\/uploads\\\/2024\\\/07\\\/AdobeStock_205447453.jpg\",\"width\":2000,\"height\":1333,\"caption\":\"Close up of doctor in gloves making procedure for foot with special electric equipment fo client. Caring about foot and nails at beauty salon. Podiatry and medical concept. SSUCv3H4sIAAAAAAAEAI1Wy47sJhDdR8o\\\/tLweJzzMK1+QzZWyyyK6CxpwNxraOAbPVWs0\\\/55yP2ZssJJsug2cKupxqqj3n386HJqjTt40vx3elxWsfQhzypPOPg6wjV4e+876HCevw7K57H3cTpqUdZ6TSysVLo2wwiuQ0dmdQHoDe9781319eB7cDkECjprfnQ75bPTkfv0GFhi4\\\/mWFSvNxQX3zybgQ9ODinJrn+cfLvyj+w8UxuD1lf8aLG76U3D++P8OgT24w1y8vYKuPOQav157ALkac4l+WX\\\/Kp7Pvndc3Rn1KO5nU8g3QhumPbPQ57inTQl2uhYCNKDedS6mPbC2PazvSolZy7VmEMJ46gY4++FN8\\\/Pla5m1xw+p7gxx0NUohLblXLrcZtJ7FolWOkxayTPSFW2Z49bWgUdtSonrRIE9d2WPetlACW5Kgt7gXXiN7uvzvVvP7IbrqsiTJG63WefMprPxvMFaeiKRL0AF\\\/\\\/B9RGA5TeADlmnJW48y34W42cI0q\\\/4gzpRhLzUtLEIeuLH4D+diuOVFfZc3kwfAtkhNZqp2HrH2IdrWHBD9sKawQYWeP0UvMbHMGIULkT3ODTuTCQULUKhMCEiU1ggG2oUjRF4+w8uY0u2TFR3znF3qUE7agMDWa0q9DOgdenDVBJIVQNhGCXBoCxXZ3FQfsyKRRXN+tx1NPSCwso4qS6W\\\/shgE8lssMl8uj0nK+HpEMsM44hriX8B3TBoVSsJGE18tblNjDOZJWnHGPpOhKV68lNb96UoWSCVP6YmC4uF6TkgKyKzswAC5VOhiqdwW3TLUgHlKxcAWV6qKgr62IoOLHkpWKPdZXDu5k+TX6wJR8Fk3tNxoVt3gQXpPICmrGBVmiKuFDoEyW0jzEXgQHS1N3E\\\/T37EdiQ\\\/9ud3l10kROgTV1cbvQWmrgvHKKYIcVWzYFzXNtzCvHNFbUB1MQrOSk6VfEAponXivwcU1SZ53eqZBdo4mUM0JMfw9C6\\\/WNeGXB\\\/J3aeiRKnB1skhiPBqlynVz\\\/sBrAs0snpXCUQXiTKqlKNUz7HW+8r3yNVYYOHxpuvoeQ5QxUxzjGNPpcNmjFSNZ4RgllxDdO6IEyIyR3msbhc4M8sLX+PIeUN+LaMUe+PtZ6tj6sR4i3CI7cknK6ERqije20+xWI+u2m1NjAKx8tqY4j5Rs3HiNVYeNmXJaZYwKzHpKISow51XfMcj2HI8zatdNwn5jOMM3FaTZLNPIao7W1Q+BouH7M0BJIpQhS9H6znM78INNpBlyKWtkwg3nZC4Vb2TLVaOctYBx2xX\\\/j68Q9GfeW69QsAAA==\"},{\"@type\":\"BreadcrumbList\",\"@id\":\"https:\\\/\\\/weareesp.com\\\/fr\\\/pedicure-medicale\\\/#breadcrumb\",\"itemListElement\":[{\"@type\":\"ListItem\",\"position\":1,\"name\":\"Accueil\",\"item\":\"https:\\\/\\\/weareesp.com\\\/fr\\\/\"},{\"@type\":\"ListItem\",\"position\":2,\"name\":\"P\u00e9dicure M\u00e9dicale\"}]},{\"@type\":\"WebSite\",\"@id\":\"https:\\\/\\\/weareesp.com\\\/fr\\\/#website\",\"url\":\"https:\\\/\\\/weareesp.com\\\/fr\\\/\",\"name\":\"ESP\",\"description\":\"Elite Sport Performance\",\"publisher\":{\"@id\":\"https:\\\/\\\/weareesp.com\\\/fr\\\/#organization\"},\"potentialAction\":[{\"@type\":\"SearchAction\",\"target\":{\"@type\":\"EntryPoint\",\"urlTemplate\":\"https:\\\/\\\/weareesp.com\\\/fr\\\/?s={search_term_string}\"},\"query-input\":{\"@type\":\"PropertyValueSpecification\",\"valueRequired\":true,\"valueName\":\"search_term_string\"}}],\"inLanguage\":\"fr-FR\"},{\"@type\":\"Organization\",\"@id\":\"https:\\\/\\\/weareesp.com\\\/fr\\\/#organization\",\"name\":\"ESP - Elite Sport Performance\",\"url\":\"https:\\\/\\\/weareesp.com\\\/fr\\\/\",\"logo\":{\"@type\":\"ImageObject\",\"inLanguage\":\"fr-FR\",\"@id\":\"https:\\\/\\\/weareesp.com\\\/fr\\\/#\\\/schema\\\/logo\\\/image\\\/\",\"url\":\"https:\\\/\\\/weareesp.com\\\/www\\\/wp-content\\\/uploads\\\/2022\\\/05\\\/logo-esp.svg\",\"contentUrl\":\"https:\\\/\\\/weareesp.com\\\/www\\\/wp-content\\\/uploads\\\/2022\\\/05\\\/logo-esp.svg\",\"width\":1,\"height\":1,\"caption\":\"ESP - Elite Sport Performance\"},\"image\":{\"@id\":\"https:\\\/\\\/weareesp.com\\\/fr\\\/#\\\/schema\\\/logo\\\/image\\\/\"},\"sameAs\":[\"https:\\\/\\\/fr-fr.facebook.com\\\/elite.sport.performance.rolandclaes\\\/\",\"https:\\\/\\\/www.instagram.com\\\/weareesp\\\/\",\"https:\\\/\\\/www.linkedin.com\\\/company\\\/weareesp\\\/?viewAsMember=true\"]}]}<\/script>\n<!-- \/ Yoast SEO plugin. -->","yoast_head_json":{"title":"P\u00e9dicure M\u00e9dicale - ESP","description":"Une p\u00e9dicure m\u00e9dicale est un traitement sp\u00e9cialis\u00e9 qui donne la priorit\u00e9 \u00e0 la sant\u00e9 et au bien-\u00eatre de vos pieds, en particulier pour ceux ayant des conditions m\u00e9dicales sp\u00e9cifiques ou des pr\u00e9occupations particuli\u00e8res. Chez ESP, nous maintenons les normes les plus \u00e9lev\u00e9es en employant uniquement les meilleurs sp\u00e9cialistes dans notre centre param\u00e9dical.","robots":{"index":"index","follow":"follow","max-snippet":"max-snippet:-1","max-image-preview":"max-image-preview:large","max-video-preview":"max-video-preview:-1"},"canonical":"https:\/\/weareesp.com\/fr\/pedicure-medicale\/","og_locale":"fr_FR","og_type":"article","og_title":"P\u00e9dicure M\u00e9dicale - ESP","og_description":"Une p\u00e9dicure m\u00e9dicale est un traitement sp\u00e9cialis\u00e9 qui donne la priorit\u00e9 \u00e0 la sant\u00e9 et au bien-\u00eatre de vos pieds, en particulier pour ceux ayant des conditions m\u00e9dicales sp\u00e9cifiques ou des pr\u00e9occupations particuli\u00e8res. Chez ESP, nous maintenons les normes les plus \u00e9lev\u00e9es en employant uniquement les meilleurs sp\u00e9cialistes dans notre centre param\u00e9dical.","og_url":"https:\/\/weareesp.com\/fr\/pedicure-medicale\/","og_site_name":"ESP","article_publisher":"https:\/\/fr-fr.facebook.com\/elite.sport.performance.rolandclaes\/","og_image":[{"width":2000,"height":1333,"url":"https:\/\/weareesp.com\/www\/wp-content\/uploads\/2024\/07\/AdobeStock_205447453.jpg","type":"image\/jpeg"}],"twitter_card":"summary_large_image","twitter_misc":{"Dur\u00e9e de lecture estim\u00e9e":"1 minute"},"schema":{"@context":"https:\/\/schema.org","@graph":[{"@type":"WebPage","@id":"https:\/\/weareesp.com\/fr\/pedicure-medicale\/","url":"https:\/\/weareesp.com\/fr\/pedicure-medicale\/","name":"P\u00e9dicure M\u00e9dicale - ESP","isPartOf":{"@id":"https:\/\/weareesp.com\/fr\/#website"},"primaryImageOfPage":{"@id":"https:\/\/weareesp.com\/fr\/pedicure-medicale\/#primaryimage"},"image":{"@id":"https:\/\/weareesp.com\/fr\/pedicure-medicale\/#primaryimage"},"thumbnailUrl":"https:\/\/weareesp.com\/www\/wp-content\/uploads\/2024\/07\/AdobeStock_205447453.jpg","datePublished":"2024-07-21T16:05:09+00:00","description":"Une p\u00e9dicure m\u00e9dicale est un traitement sp\u00e9cialis\u00e9 qui donne la priorit\u00e9 \u00e0 la sant\u00e9 et au bien-\u00eatre de vos pieds, en particulier pour ceux ayant des conditions m\u00e9dicales sp\u00e9cifiques ou des pr\u00e9occupations particuli\u00e8res. Chez ESP, nous maintenons les normes les plus \u00e9lev\u00e9es en employant uniquement les meilleurs sp\u00e9cialistes dans notre centre param\u00e9dical.","breadcrumb":{"@id":"https:\/\/weareesp.com\/fr\/pedicure-medicale\/#breadcrumb"},"inLanguage":"fr-FR","potentialAction":[{"@type":"ReadAction","target":["https:\/\/weareesp.com\/fr\/pedicure-medicale\/"]}]},{"@type":"ImageObject","inLanguage":"fr-FR","@id":"https:\/\/weareesp.com\/fr\/pedicure-medicale\/#primaryimage","url":"https:\/\/weareesp.com\/www\/wp-content\/uploads\/2024\/07\/AdobeStock_205447453.jpg","contentUrl":"https:\/\/weareesp.com\/www\/wp-content\/uploads\/2024\/07\/AdobeStock_205447453.jpg","width":2000,"height":1333,"caption":"Close up of doctor in gloves making procedure for foot with special electric equipment fo client. Caring about foot and nails at beauty salon. Podiatry and medical concept. SSUCv3H4sIAAAAAAAEAI1Wy47sJhDdR8o\/tLweJzzMK1+QzZWyyyK6CxpwNxraOAbPVWs0\/55yP2ZssJJsug2cKupxqqj3n386HJqjTt40vx3elxWsfQhzypPOPg6wjV4e+876HCevw7K57H3cTpqUdZ6TSysVLo2wwiuQ0dmdQHoDe9781319eB7cDkECjprfnQ75bPTkfv0GFhi4\/mWFSvNxQX3zybgQ9ODinJrn+cfLvyj+w8UxuD1lf8aLG76U3D++P8OgT24w1y8vYKuPOQav157ALkac4l+WX\/Kp7Pvndc3Rn1KO5nU8g3QhumPbPQ57inTQl2uhYCNKDedS6mPbC2PazvSolZy7VmEMJ46gY4++FN8\/Pla5m1xw+p7gxx0NUohLblXLrcZtJ7FolWOkxayTPSFW2Z49bWgUdtSonrRIE9d2WPetlACW5Kgt7gXXiN7uvzvVvP7IbrqsiTJG63WefMprPxvMFaeiKRL0AF\/\/B9RGA5TeADlmnJW48y34W42cI0q\/4gzpRhLzUtLEIeuLH4D+diuOVFfZc3kwfAtkhNZqp2HrH2IdrWHBD9sKawQYWeP0UvMbHMGIULkT3ODTuTCQULUKhMCEiU1ggG2oUjRF4+w8uY0u2TFR3znF3qUE7agMDWa0q9DOgdenDVBJIVQNhGCXBoCxXZ3FQfsyKRRXN+tx1NPSCwso4qS6W\/shgE8lssMl8uj0nK+HpEMsM44hriX8B3TBoVSsJGE18tblNjDOZJWnHGPpOhKV68lNb96UoWSCVP6YmC4uF6TkgKyKzswAC5VOhiqdwW3TLUgHlKxcAWV6qKgr62IoOLHkpWKPdZXDu5k+TX6wJR8Fk3tNxoVt3gQXpPICmrGBVmiKuFDoEyW0jzEXgQHS1N3E\/T37EdiQ\/9ud3l10kROgTV1cbvQWmrgvHKKYIcVWzYFzXNtzCvHNFbUB1MQrOSk6VfEAponXivwcU1SZ53eqZBdo4mUM0JMfw9C6\/WNeGXB\/J3aeiRKnB1skhiPBqlynVz\/sBrAs0snpXCUQXiTKqlKNUz7HW+8r3yNVYYOHxpuvoeQ5QxUxzjGNPpcNmjFSNZ4RgllxDdO6IEyIyR3msbhc4M8sLX+PIeUN+LaMUe+PtZ6tj6sR4i3CI7cknK6ERqije20+xWI+u2m1NjAKx8tqY4j5Rs3HiNVYeNmXJaZYwKzHpKISow51XfMcj2HI8zatdNwn5jOMM3FaTZLNPIao7W1Q+BouH7M0BJIpQhS9H6znM78INNpBlyKWtkwg3nZC4Vb2TLVaOctYBx2xX\/j68Q9GfeW69QsAAA=="},{"@type":"BreadcrumbList","@id":"https:\/\/weareesp.com\/fr\/pedicure-medicale\/#breadcrumb","itemListElement":[{"@type":"ListItem","position":1,"name":"Accueil","item":"https:\/\/weareesp.com\/fr\/"},{"@type":"ListItem","position":2,"name":"P\u00e9dicure M\u00e9dicale"}]},{"@type":"WebSite","@id":"https:\/\/weareesp.com\/fr\/#website","url":"https:\/\/weareesp.com\/fr\/","name":"ESP","description":"Elite Sport Performance","publisher":{"@id":"https:\/\/weareesp.com\/fr\/#organization"},"potentialAction":[{"@type":"SearchAction","target":{"@type":"EntryPoint","urlTemplate":"https:\/\/weareesp.com\/fr\/?s={search_term_string}"},"query-input":{"@type":"PropertyValueSpecification","valueRequired":true,"valueName":"search_term_string"}}],"inLanguage":"fr-FR"},{"@type":"Organization","@id":"https:\/\/weareesp.com\/fr\/#organization","name":"ESP - Elite Sport Performance","url":"https:\/\/weareesp.com\/fr\/","logo":{"@type":"ImageObject","inLanguage":"fr-FR","@id":"https:\/\/weareesp.com\/fr\/#\/schema\/logo\/image\/","url":"https:\/\/weareesp.com\/www\/wp-content\/uploads\/2022\/05\/logo-esp.svg","contentUrl":"https:\/\/weareesp.com\/www\/wp-content\/uploads\/2022\/05\/logo-esp.svg","width":1,"height":1,"caption":"ESP - Elite Sport Performance"},"image":{"@id":"https:\/\/weareesp.com\/fr\/#\/schema\/logo\/image\/"},"sameAs":["https:\/\/fr-fr.facebook.com\/elite.sport.performance.rolandclaes\/","https:\/\/www.instagram.com\/weareesp\/","https:\/\/www.linkedin.com\/company\/weareesp\/?viewAsMember=true"]}]}},"_links":{"self":[{"href":"https:\/\/weareesp.com\/fr\/wp-json\/wp\/v2\/pages\/9699","targetHints":{"allow":["GET"]}}],"collection":[{"href":"https:\/\/weareesp.com\/fr\/wp-json\/wp\/v2\/pages"}],"about":[{"href":"https:\/\/weareesp.com\/fr\/wp-json\/wp\/v2\/types\/page"}],"author":[{"embeddable":true,"href":"https:\/\/weareesp.com\/fr\/wp-json\/wp\/v2\/users\/3"}],"replies":[{"embeddable":true,"href":"https:\/\/weareesp.com\/fr\/wp-json\/wp\/v2\/comments?post=9699"}],"version-history":[{"count":1,"href":"https:\/\/weareesp.com\/fr\/wp-json\/wp\/v2\/pages\/9699\/revisions"}],"predecessor-version":[{"id":9700,"href":"https:\/\/weareesp.com\/fr\/wp-json\/wp\/v2\/pages\/9699\/revisions\/9700"}],"wp:featuredmedia":[{"embeddable":true,"href":"https:\/\/weareesp.com\/fr\/wp-json\/wp\/v2\/media\/9694"}],"wp:attachment":[{"href":"https:\/\/weareesp.com\/fr\/wp-json\/wp\/v2\/media?parent=9699"}],"curies":[{"name":"wp","href":"https:\/\/api.w.org\/{rel}","templated":true}]}}