{"id":2322,"date":"2022-05-01T11:48:47","date_gmt":"2022-05-01T09:48:47","guid":{"rendered":"https:\/\/weareesp.com\/www\/over-ons\/"},"modified":"2024-11-19T23:13:39","modified_gmt":"2024-11-19T22:13:39","slug":"over-ons","status":"publish","type":"page","link":"https:\/\/weareesp.com\/nl\/over-ons\/","title":{"rendered":"Over ons"},"content":{"rendered":"\n<div class=\"wp-block-group alignfull introPage\"><div class=\"wp-block-group__inner-container is-layout-flow wp-block-group-is-layout-flow\">\n<div style=\"height:30px\" aria-hidden=\"true\" class=\"wp-block-spacer\"><\/div>\n\n\n\n<p><strong>ESP<\/strong> is een sportmedische kliniek in familiebeheer waar hard werken, training, pati\u00ebntenzorg en atletenzorg samenkomen om de best mogelijke revalidatie en training te bieden. Opgericht door een familie van sportliefhebbers, die gepassioneerd zijn over het leveren van de best mogelijke zorg aan atleten en pati\u00ebnten, is deze kliniek al jarenlang een <strong>betrouwbare<\/strong> bron van medische en trainingsdeskundigheid.<\/p>\n\n\n\n<p><strong>Team ESP<\/strong> bestaat uit hoogopgeleide en ervaren professionals die de toewijding van de familie delen aan hard werken, training en uitmuntendheid in pati\u00ebnt- en atletenzorg. Als <strong>experts<\/strong> in hun vakgebieden werken zij onvermoeibaar om het hoogste niveau van zorg te bieden aan iedereen die onze deuren binnenkomt.<\/p>\n\n\n\n<p>Of het nu gaat om een professionele atleet die herstelt van een <strong>sportblessure<\/strong> of een recreatieve sporter die zijn <strong>fitheid<\/strong> wil verbeteren, het team van <strong>ESP<\/strong> staat klaar om u te helpen uw doelen te bereiken. Wij begrijpen dat elke persoon <strong>uniek<\/strong> is en nemen de tijd om gepersonaliseerde behandel- en trainingsplannen te ontwikkelen die perfect aansluiten bij de specifieke behoeften en doelstellingen van iedere cli\u00ebnt.<\/p>\n\n\n\n<p>Bij ons staat u centraal. Ons team is toegewijd aan het cre\u00ebren van een gastvrije en ondersteunende omgeving waar u zich op uw gemak voelt en met zorg wordt omringd. We nemen de tijd om naar uw zorgen en vragen te luisteren en werken nauw met u samen om behandelplannen te ontwikkelen die aansluiten bij uw levensstijl en doelen. Laat u niet afschrikken door onze naam \u201cElite Sport Performance\u201d \u2013 <strong>IEDEREEN is welkom !<\/strong><\/p>\n\n\n\n<p>Naast pati\u00ebntenzorg hecht <strong>ESP<\/strong> ook veel waarde aan atletenzorg. Wij begrijpen dat atleten unieke behoeften en eisen hebben, en wij zetten ons in om hen te helpen hun volledige potentieel te bereiken. <strong>Van blessurepreventie tot revalidatie<\/strong> werkt het team van <strong>ESP<\/strong> nauw samen met atleten en andere sportmedische experts om ervoor te zorgen dat zij optimaal kunnen presteren.<\/p>\n\n\n\n<p>Al met al is <strong>ESP<\/strong> een plek waar hard werken, training, pati\u00ebntenzorg en atletenzorg samenkomen om <strong>uitzonderlijke revalidatie- en trainingsdiensten<\/strong> te bieden. Ons team is toegewijd aan het helpen van pati\u00ebnten en atleten bij het bereiken van hun doelen, met een onge\u00ebvenaard niveau van <strong>expertise<\/strong> en toewijding. Of u nu een ervaren atleet bent of net begint aan uw fitnesstraject, bij <strong>ESP<\/strong> vindt u de zorg en ondersteuning die u nodig heeft om te slagen.<\/p>\n<\/div><\/div>\n\n\n\n<p>Hoewel wij gespecialiseerd zijn in de behandeling van sporters en sportgerelateerde blessures, bieden wij ook uitgebreide zorg aan een breder publiek voor een verscheidenheid aan <strong>blessures<\/strong> en aandoeningen. Of het nu gaat om rug- en nekklachten, overbelastingsblessures, postoperatief herstel of andere musculoskeletale aandoeningen, bij <strong>ESP<\/strong> bent u in goede handen :<\/p>\n\n\n\n<ul class=\"wp-block-list\">\n<li>Enkelpijn en -letsels<\/li>\n\n\n\n<li>Pijn en letsels aan voeten<\/li>\n\n\n\n<li>Pijn en letsels in de knie<\/li>\n\n\n\n<li>Heuppijn en -letsels<\/li>\n\n\n\n<li>Elleboogpijn en -letsels<\/li>\n\n\n\n<li>Schouderpijn en -letsels<\/li>\n\n\n\n<li>Thoracale pijn<\/li>\n\n\n\n<li>Lage rugpijn<\/li>\n\n\n\n<li>Nekpijn<\/li>\n\n\n\n<li>Pre- en postoperatieve revalidatie<\/li>\n<\/ul>\n\n\n\n<p>Ons team werkt nauw samen met u om op maat gemaakte behandelplannen te ontwikkelen die gericht zijn op herstel, pijnvermindering en het verbeteren van uw mobiliteit en kwaliteit van leven.<\/p>\n\n\n\n<p>Onze kliniek beschikt over meerdere priv\u00e9-behandelkamers, ultramoderne kracht- en conditieapparatuur, en meer dan <strong>1500 vierkante meter<\/strong> aan binnen- en buitenfaciliteiten. Onze trainers en kinesitherapeuten blinken uit in vaardigheden en <strong>expertise<\/strong>, en we zijn trots op onze <strong>persoonlijke<\/strong>, \u00e9\u00e9n-op-\u00e9\u00e9n pati\u00ebntenzorg. Hierdoor worden uw revalidatiebehoeften volledig <strong>ge\u00efndividualiseerd<\/strong> en progressief aangepast om de best mogelijke resultaten te bereiken. <\/p>\n\n\n\n<p>Wij kijken ernaar uit u bij <strong>ESP<\/strong> te verwelkomen en u een eersteklas revalidatie-ervaring te bieden.<\/p>\n\n\n\n<p class=\"has-danger-color has-text-color\"><strong>Openingsuren<\/strong> <strong>ESP Kortenberg<\/strong><\/p>\n\n\n\n<ul class=\"wp-block-list\">\n<li>Maandag &#8211; Vrijdag (8.00-20.00u | Enkel op Afspraak)<\/li>\n\n\n\n<li>Zaterdag (8.00-18.00u | Enkel op Afspraak)<\/li>\n\n\n\n<li>Zondag (Enkel op Afspraak)<\/li>\n<\/ul>\n","protected":false},"excerpt":{"rendered":"<p>ESP is een sportmedische kliniek in familiebeheer waar hard werken, training, pati\u00ebntenzorg en atletenzorg samenkomen om de best mogelijke revalidatie [&hellip;]<\/p>\n","protected":false},"author":1,"featured_media":3454,"parent":0,"menu_order":0,"comment_status":"closed","ping_status":"closed","template":"","meta":{"_acf_changed":false,"_themeisle_gutenberg_block_has_review":false,"footnotes":""},"class_list":["post-2322","page","type-page","status-publish","has-post-thumbnail","hentry"],"featured_image_src":"https:\/\/weareesp.com\/www\/wp-content\/uploads\/2022\/07\/esp-homepage-define-your-goals-with-experts-copyright-laetizia-bazzoni.jpg","acf":[],"yoast_head":"<!-- This site is optimized with the Yoast SEO plugin v27.3 - https:\/\/yoast.com\/product\/yoast-seo-wordpress\/ -->\n<title>Over ons - ESP<\/title>\n<meta name=\"robots\" content=\"index, follow, max-snippet:-1, max-image-preview:large, max-video-preview:-1\" \/>\n<link rel=\"canonical\" href=\"https:\/\/weareesp.com\/nl\/over-ons\/\" \/>\n<meta property=\"og:locale\" content=\"nl_NL\" \/>\n<meta property=\"og:type\" content=\"article\" \/>\n<meta property=\"og:title\" content=\"Over ons - ESP\" \/>\n<meta property=\"og:description\" content=\"ESP is een sportmedische kliniek in familiebeheer waar hard werken, training, pati\u00ebntenzorg en atletenzorg samenkomen om de best mogelijke revalidatie [&hellip;]\" \/>\n<meta property=\"og:url\" content=\"https:\/\/weareesp.com\/nl\/over-ons\/\" \/>\n<meta property=\"og:site_name\" content=\"ESP\" \/>\n<meta property=\"article:publisher\" content=\"https:\/\/fr-fr.facebook.com\/elite.sport.performance.rolandclaes\/\" \/>\n<meta property=\"article:modified_time\" content=\"2024-11-19T22:13:39+00:00\" \/>\n<meta property=\"og:image\" content=\"https:\/\/weareesp.com\/www\/wp-content\/uploads\/2022\/07\/esp-homepage-define-your-goals-with-experts-copyright-laetizia-bazzoni.jpg\" \/>\n\t<meta property=\"og:image:width\" content=\"1600\" \/>\n\t<meta property=\"og:image:height\" content=\"900\" \/>\n\t<meta property=\"og:image:type\" content=\"image\/jpeg\" \/>\n<meta name=\"twitter:card\" content=\"summary_large_image\" \/>\n<meta name=\"twitter:label1\" content=\"Geschatte leestijd\" \/>\n\t<meta name=\"twitter:data1\" content=\"2 minuten\" \/>\n<script type=\"application\/ld+json\" class=\"yoast-schema-graph\">{\"@context\":\"https:\\\/\\\/schema.org\",\"@graph\":[{\"@type\":\"WebPage\",\"@id\":\"https:\\\/\\\/weareesp.com\\\/nl\\\/over-ons\\\/\",\"url\":\"https:\\\/\\\/weareesp.com\\\/nl\\\/over-ons\\\/\",\"name\":\"Over ons - ESP\",\"isPartOf\":{\"@id\":\"https:\\\/\\\/weareesp.com\\\/nl\\\/#website\"},\"primaryImageOfPage\":{\"@id\":\"https:\\\/\\\/weareesp.com\\\/nl\\\/over-ons\\\/#primaryimage\"},\"image\":{\"@id\":\"https:\\\/\\\/weareesp.com\\\/nl\\\/over-ons\\\/#primaryimage\"},\"thumbnailUrl\":\"https:\\\/\\\/weareesp.com\\\/www\\\/wp-content\\\/uploads\\\/2022\\\/07\\\/esp-homepage-define-your-goals-with-experts-copyright-laetizia-bazzoni.jpg\",\"datePublished\":\"2022-05-01T09:48:47+00:00\",\"dateModified\":\"2024-11-19T22:13:39+00:00\",\"breadcrumb\":{\"@id\":\"https:\\\/\\\/weareesp.com\\\/nl\\\/over-ons\\\/#breadcrumb\"},\"inLanguage\":\"nl-NL\",\"potentialAction\":[{\"@type\":\"ReadAction\",\"target\":[\"https:\\\/\\\/weareesp.com\\\/nl\\\/over-ons\\\/\"]}]},{\"@type\":\"ImageObject\",\"inLanguage\":\"nl-NL\",\"@id\":\"https:\\\/\\\/weareesp.com\\\/nl\\\/over-ons\\\/#primaryimage\",\"url\":\"https:\\\/\\\/weareesp.com\\\/www\\\/wp-content\\\/uploads\\\/2022\\\/07\\\/esp-homepage-define-your-goals-with-experts-copyright-laetizia-bazzoni.jpg\",\"contentUrl\":\"https:\\\/\\\/weareesp.com\\\/www\\\/wp-content\\\/uploads\\\/2022\\\/07\\\/esp-homepage-define-your-goals-with-experts-copyright-laetizia-bazzoni.jpg\",\"width\":1600,\"height\":900},{\"@type\":\"BreadcrumbList\",\"@id\":\"https:\\\/\\\/weareesp.com\\\/nl\\\/over-ons\\\/#breadcrumb\",\"itemListElement\":[{\"@type\":\"ListItem\",\"position\":1,\"name\":\"Home\",\"item\":\"https:\\\/\\\/weareesp.com\\\/nl\\\/\"},{\"@type\":\"ListItem\",\"position\":2,\"name\":\"Over ons\"}]},{\"@type\":\"WebSite\",\"@id\":\"https:\\\/\\\/weareesp.com\\\/nl\\\/#website\",\"url\":\"https:\\\/\\\/weareesp.com\\\/nl\\\/\",\"name\":\"ESP\",\"description\":\"Elite Sport Performance\",\"publisher\":{\"@id\":\"https:\\\/\\\/weareesp.com\\\/nl\\\/#organization\"},\"potentialAction\":[{\"@type\":\"SearchAction\",\"target\":{\"@type\":\"EntryPoint\",\"urlTemplate\":\"https:\\\/\\\/weareesp.com\\\/nl\\\/?s={search_term_string}\"},\"query-input\":{\"@type\":\"PropertyValueSpecification\",\"valueRequired\":true,\"valueName\":\"search_term_string\"}}],\"inLanguage\":\"nl-NL\"},{\"@type\":\"Organization\",\"@id\":\"https:\\\/\\\/weareesp.com\\\/nl\\\/#organization\",\"name\":\"ESP - Elite Sport Performance\",\"url\":\"https:\\\/\\\/weareesp.com\\\/nl\\\/\",\"logo\":{\"@type\":\"ImageObject\",\"inLanguage\":\"nl-NL\",\"@id\":\"https:\\\/\\\/weareesp.com\\\/nl\\\/#\\\/schema\\\/logo\\\/image\\\/\",\"url\":\"https:\\\/\\\/weareesp.com\\\/www\\\/wp-content\\\/uploads\\\/2022\\\/05\\\/logo-esp.svg\",\"contentUrl\":\"https:\\\/\\\/weareesp.com\\\/www\\\/wp-content\\\/uploads\\\/2022\\\/05\\\/logo-esp.svg\",\"width\":1,\"height\":1,\"caption\":\"ESP - Elite Sport Performance\"},\"image\":{\"@id\":\"https:\\\/\\\/weareesp.com\\\/nl\\\/#\\\/schema\\\/logo\\\/image\\\/\"},\"sameAs\":[\"https:\\\/\\\/fr-fr.facebook.com\\\/elite.sport.performance.rolandclaes\\\/\",\"https:\\\/\\\/www.instagram.com\\\/weareesp\\\/\",\"https:\\\/\\\/www.linkedin.com\\\/company\\\/weareesp\\\/?viewAsMember=true\"]}]}<\/script>\n<!-- \/ Yoast SEO plugin. -->","yoast_head_json":{"title":"Over ons - ESP","robots":{"index":"index","follow":"follow","max-snippet":"max-snippet:-1","max-image-preview":"max-image-preview:large","max-video-preview":"max-video-preview:-1"},"canonical":"https:\/\/weareesp.com\/nl\/over-ons\/","og_locale":"nl_NL","og_type":"article","og_title":"Over ons - ESP","og_description":"ESP is een sportmedische kliniek in familiebeheer waar hard werken, training, pati\u00ebntenzorg en atletenzorg samenkomen om de best mogelijke revalidatie [&hellip;]","og_url":"https:\/\/weareesp.com\/nl\/over-ons\/","og_site_name":"ESP","article_publisher":"https:\/\/fr-fr.facebook.com\/elite.sport.performance.rolandclaes\/","article_modified_time":"2024-11-19T22:13:39+00:00","og_image":[{"width":1600,"height":900,"url":"https:\/\/weareesp.com\/www\/wp-content\/uploads\/2022\/07\/esp-homepage-define-your-goals-with-experts-copyright-laetizia-bazzoni.jpg","type":"image\/jpeg"}],"twitter_card":"summary_large_image","twitter_misc":{"Geschatte leestijd":"2 minuten"},"schema":{"@context":"https:\/\/schema.org","@graph":[{"@type":"WebPage","@id":"https:\/\/weareesp.com\/nl\/over-ons\/","url":"https:\/\/weareesp.com\/nl\/over-ons\/","name":"Over ons - ESP","isPartOf":{"@id":"https:\/\/weareesp.com\/nl\/#website"},"primaryImageOfPage":{"@id":"https:\/\/weareesp.com\/nl\/over-ons\/#primaryimage"},"image":{"@id":"https:\/\/weareesp.com\/nl\/over-ons\/#primaryimage"},"thumbnailUrl":"https:\/\/weareesp.com\/www\/wp-content\/uploads\/2022\/07\/esp-homepage-define-your-goals-with-experts-copyright-laetizia-bazzoni.jpg","datePublished":"2022-05-01T09:48:47+00:00","dateModified":"2024-11-19T22:13:39+00:00","breadcrumb":{"@id":"https:\/\/weareesp.com\/nl\/over-ons\/#breadcrumb"},"inLanguage":"nl-NL","potentialAction":[{"@type":"ReadAction","target":["https:\/\/weareesp.com\/nl\/over-ons\/"]}]},{"@type":"ImageObject","inLanguage":"nl-NL","@id":"https:\/\/weareesp.com\/nl\/over-ons\/#primaryimage","url":"https:\/\/weareesp.com\/www\/wp-content\/uploads\/2022\/07\/esp-homepage-define-your-goals-with-experts-copyright-laetizia-bazzoni.jpg","contentUrl":"https:\/\/weareesp.com\/www\/wp-content\/uploads\/2022\/07\/esp-homepage-define-your-goals-with-experts-copyright-laetizia-bazzoni.jpg","width":1600,"height":900},{"@type":"BreadcrumbList","@id":"https:\/\/weareesp.com\/nl\/over-ons\/#breadcrumb","itemListElement":[{"@type":"ListItem","position":1,"name":"Home","item":"https:\/\/weareesp.com\/nl\/"},{"@type":"ListItem","position":2,"name":"Over ons"}]},{"@type":"WebSite","@id":"https:\/\/weareesp.com\/nl\/#website","url":"https:\/\/weareesp.com\/nl\/","name":"ESP","description":"Elite Sport Performance","publisher":{"@id":"https:\/\/weareesp.com\/nl\/#organization"},"potentialAction":[{"@type":"SearchAction","target":{"@type":"EntryPoint","urlTemplate":"https:\/\/weareesp.com\/nl\/?s={search_term_string}"},"query-input":{"@type":"PropertyValueSpecification","valueRequired":true,"valueName":"search_term_string"}}],"inLanguage":"nl-NL"},{"@type":"Organization","@id":"https:\/\/weareesp.com\/nl\/#organization","name":"ESP - Elite Sport Performance","url":"https:\/\/weareesp.com\/nl\/","logo":{"@type":"ImageObject","inLanguage":"nl-NL","@id":"https:\/\/weareesp.com\/nl\/#\/schema\/logo\/image\/","url":"https:\/\/weareesp.com\/www\/wp-content\/uploads\/2022\/05\/logo-esp.svg","contentUrl":"https:\/\/weareesp.com\/www\/wp-content\/uploads\/2022\/05\/logo-esp.svg","width":1,"height":1,"caption":"ESP - Elite Sport Performance"},"image":{"@id":"https:\/\/weareesp.com\/nl\/#\/schema\/logo\/image\/"},"sameAs":["https:\/\/fr-fr.facebook.com\/elite.sport.performance.rolandclaes\/","https:\/\/www.instagram.com\/weareesp\/","https:\/\/www.linkedin.com\/company\/weareesp\/?viewAsMember=true"]}]}},"_links":{"self":[{"href":"https:\/\/weareesp.com\/nl\/wp-json\/wp\/v2\/pages\/2322","targetHints":{"allow":["GET"]}}],"collection":[{"href":"https:\/\/weareesp.com\/nl\/wp-json\/wp\/v2\/pages"}],"about":[{"href":"https:\/\/weareesp.com\/nl\/wp-json\/wp\/v2\/types\/page"}],"author":[{"embeddable":true,"href":"https:\/\/weareesp.com\/nl\/wp-json\/wp\/v2\/users\/1"}],"replies":[{"embeddable":true,"href":"https:\/\/weareesp.com\/nl\/wp-json\/wp\/v2\/comments?post=2322"}],"version-history":[{"count":25,"href":"https:\/\/weareesp.com\/nl\/wp-json\/wp\/v2\/pages\/2322\/revisions"}],"predecessor-version":[{"id":10266,"href":"https:\/\/weareesp.com\/nl\/wp-json\/wp\/v2\/pages\/2322\/revisions\/10266"}],"wp:featuredmedia":[{"embeddable":true,"href":"https:\/\/weareesp.com\/nl\/wp-json\/wp\/v2\/media\/3454"}],"wp:attachment":[{"href":"https:\/\/weareesp.com\/nl\/wp-json\/wp\/v2\/media?parent=2322"}],"curies":[{"name":"wp","href":"https:\/\/api.w.org\/{rel}","templated":true}]}}