{"id":7043,"date":"2023-04-10T14:12:05","date_gmt":"2023-04-10T12:12:05","guid":{"rendered":"https:\/\/weareesp.com\/diensten\/rehab\/kinesitherapie\/"},"modified":"2024-10-27T14:26:39","modified_gmt":"2024-10-27T13:26:39","slug":"kinesitherapie-brussel-kortenberg","status":"publish","type":"page","link":"https:\/\/weareesp.com\/nl\/diensten\/rehab\/kinesitherapie-brussel-kortenberg\/","title":{"rendered":"Kinesitherapie"},"content":{"rendered":"\n<div class=\"wp-block-columns is-layout-flex wp-container-core-columns-is-layout-9d6595d7 wp-block-columns-is-layout-flex\">\n<div class=\"wp-block-column is-layout-flow wp-block-column-is-layout-flow\" style=\"flex-basis:66.66%\">\n<h2 class=\"wp-block-heading has-text-color\" style=\"color:#fb0606\">Wat is Kin\u00e9sitherapie:<\/h2>\n\n\n\n<p><div id=\"tw-target-text-container\" class=\"tw-ta-container F0azHf tw-nfl\" tabindex=\"0\">&#13;\n<p id=\"tw-target-text\" class=\"tw-data-text tw-text-large tw-ta\" dir=\"ltr\" data-placeholder=\"Translation\"><span class=\"Y2IQFc\" lang=\"nl\">Kin\u00e9sith\u00e9rapie is bewegingstherapie. De kin\u00e9sitherapeut heeft dus de missie om een \u200b\u200bmens te revalideren of te versterken. Het doel is dus om een \u200b\u200bfunctie te verbeteren en de kwaliteit van leven van de pati\u00ebnt te verbeteren. De rol van de kin\u00e9sitherapeut is ook het uitvoeren van preventieve werkzaamheden om te voorkomen dat nieuwe blessures ontstaan \u200b\u200bof terugkeren.<\/span><\/p>&#13;\n&#13;\n<\/div>&#13;\n<div id=\"tw-target-rmn-container\" class=\"tw-target-rmn tw-ta-container F0azHf tw-nfl\">&#13;\n<pre id=\"tw-target-rmn\" class=\"tw-data-placeholder tw-text-small tw-ta\" dir=\"ltr\" data-placeholder=\"\"><\/pre>&#13;\n<\/div>&#13;\n<div class=\"iYB33c\">&#13;\n<div class=\"dlJLJe\">&#13;\n<div data-cviv=\"false\" data-ved=\"2ahUKEwi3qKeeoZ_-AhX3hv0HHf2RC_UQz_AEegQIBRAP\">&#13;\n<div class=\"U9URNb\"><img decoding=\"async\" id=\"dimg_3\" class=\"YQ4gaf zr758c wA1Bge\" src=\"data:image\/png;base64,iVBORw0KGgoAAAANSUhEUgAAABQAAAAUCAQAAAAngNWGAAABDUlEQVR4AYXRgUZDYRjH4TegFTKgpEqiFJgoWAoMEQGBgBboChaaAKxLKAhAhQqAdAmpBIQolkCFqp2nITvNKXuA7+\/Hhzey5OWjE4Nq3rzY1f9\/NGHPB549492+8Ww060iCS2XdctZdI3GsECmb+HJoIX6x6EgDm+lURTH+YB7V9nAqE5WNme4YKuOiY6iMe6PaQxUUIuTbswgFVNJwA8sO3Bn6yR6bWZMSNtJwDtuWfHpQxaPx9C9zadil7jrCigbq6UXceNIVKTWUIqypm2ytJdTiNyNeXclF6GttOVfeDEc7qzjR23r3OMFqZKng1kw0mXGLrfibHTScOZWgGv9TdC6ROFeMTgwYiIxvJzMRWQbeGZUAAAAASUVORK5CYII=\" alt=\"Community Verified icon\" width=\"16\" height=\"16\" data-atf=\"0\" data-frt=\"0\"\/><\/div>&#13;\n<\/div>&#13;\n<\/div>&#13;\n<div id=\"tw-tmenu\" class=\"tw-menu\"><\/div>&#13;\n<\/div><\/p>\n\n\n\n<p>De pati\u00ebnt is dus ook een <strong>hoofdrolspeler<\/strong> in zijn behandeling en werkt samen met de <strong><span class=\"Y2IQFc\" lang=\"nl\">kin\u00e9sitherapeut<\/span><\/strong>.<\/p>\n\n\n\n<p>Tijdens een sessie kan de kin\u00e9sitherapeut verschillende technieken gebruiken:<\/p>\n\n\n\n<ul class=\"wp-block-list\">\n<li>Manuele therapie (massages, stretching, mobilisaties, scraping, dry-needling, etc.)<\/li>\n\n\n\n<li>Machine (EMS, elektrotherapie&#8230;)<\/li>\n\n\n\n<li>Functionele revalidatie (spierversterking, zelfstretching, enz.)<\/li>\n<\/ul>\n\n\n\n<p>Welke specialiteiten zijn er aanwezig in ons centrum:<\/p>\n\n\n\n<ol class=\"wp-block-list\">\n<li>algemene Kin\u00e9sitherapie\n<ol class=\"wp-block-list\">\n<li>Blessure behandeling<\/li>\n\n\n\n<li>Posttraumatische revalidatie<\/li>\n\n\n\n<li>Postoperatieve revalidatie<\/li>\n\n\n\n<li>looprevalidatie<\/li>\n<\/ol>\n<\/li>\n\n\n\n<li>Sport Kin\u00e9sitherapie\n<ol class=\"wp-block-list\">\n<li>Heratletisering<\/li>\n\n\n\n<li>Oefentraining<\/li>\n\n\n\n<li>blessurepreventie<\/li>\n\n\n\n<li>Posttraumatische revalidatie<\/li>\n\n\n\n<li>Postoperatieve revalidatie<\/li>\n<\/ol>\n<\/li>\n\n\n\n<li>Neurologische kin\u00e9sitherapie\n<ol class=\"wp-block-list\">\n<li>Zorg na alle soorten neurologische aandoeningen<\/li>\n<\/ol>\n<\/li>\n<\/ol>\n\n\n\n<p>Prijs en vergoeding:<\/p>\n\n\n\n<figure class=\"wp-block-table\"><table><tbody><tr><td><\/td><td class=\"has-text-align-center\" data-align=\"center\"><strong>Honorarium<\/strong><\/td><td class=\"has-text-align-center\" data-align=\"center\"><strong>Vergoeding<\/strong><\/td><\/tr><tr><td>Consultatie 30 Min. (Standaard RIZIV)<\/td><td class=\"has-text-align-center\" data-align=\"center\">      30\u20ac         <\/td><td class=\"has-text-align-center\" data-align=\"center\">           23,75\u20ac                    <\/td><\/tr><tr><td>Administratieve dossierkosten (1e sessie)<\/td><td class=\"has-text-align-center\" data-align=\"center\">7,00\u20ac<\/td><td class=\"has-text-align-center\" data-align=\"center\">7,00\u20ac<\/td><\/tr><\/tbody><\/table><\/figure>\n<\/div>\n\n\n\n<div class=\"wp-block-column is-layout-flow wp-block-column-is-layout-flow\" style=\"flex-basis:33.33%\"><section id=\"team-block_ecc4ac36cffd1132385956c4e62c709c\" class=\"team\"><div class=\"teamContainer\"><h4>Onze specialisten in<br\/>Kin\u00e9sith\u00e9rapie<\/h4><ul class=\"teamMembersList cols3\"><li><a class=\"teamFig\" href=\"https:\/\/weareesp.com\/nl\/\/team\/#memb13017\" title=\"Sarah Esposito\" style=\"background-image:url(https:\/\/weareesp.com\/www\/wp-content\/uploads\/2025\/11\/Sarah.jpg);\"><h4 class=\"theName\">Sarah Esposito<\/h4><\/a><\/li><li><a class=\"teamFig\" href=\"https:\/\/weareesp.com\/nl\/\/team\/#memb10088\" title=\"Estefan\u00eda Ruiz Guerra\" style=\"background-image:url(https:\/\/weareesp.com\/www\/wp-content\/uploads\/2024\/10\/Untitled-design-68.png);\"><h4 class=\"theName\">Estefan\u00eda Ruiz Guerra<\/h4><\/a><\/li><li><a class=\"teamFig\" href=\"https:\/\/weareesp.com\/nl\/\/team\/#memb8596\" title=\"Mircea Presura\" style=\"background-image:url(https:\/\/weareesp.com\/www\/wp-content\/uploads\/2024\/03\/Untitled-design-13.jpg);\"><h4 class=\"theName\">Mircea Presura<\/h4><\/a><\/li><li><a class=\"teamFig\" href=\"https:\/\/weareesp.com\/nl\/\/team\/#memb2306\" title=\"Jordi Ribas Ribas\" style=\"background-image:url(https:\/\/weareesp.com\/www\/wp-content\/uploads\/2022\/04\/esp-portraits-1942-joris-ribas-ribas-01-copyright-laetizia-bazzoni.jpg);\"><h4 class=\"theName\">Jordi Ribas Ribas<\/h4><\/a><\/li><\/ul><\/div><\/section>\n\n\n<div class=\"wp-block-group allServicesList\"><div class=\"wp-block-group__inner-container is-layout-flow wp-block-group-is-layout-flow\">\n<h4 class=\"wp-block-heading\">Onze diensten in revalidatie<\/h4>\n\n\n\n<!-- Page-list plugin v.5.9 wordpress.org\/plugins\/page-list\/ -->\n<!-- no pages to show -->\n<\/div><\/div>\n<\/div>\n<\/div>\n<style type=\"text\/css\">.otter-masonry .blocks-gallery-grid .blocks-gallery-item img{ width:100% }<\/style><div class=\"otter-masonry\" data-margin=\"8\">\n<figure class=\"wp-block-gallery has-nested-images columns-default is-cropped wp-block-gallery-1 is-layout-flex wp-block-gallery-is-layout-flex\">\n<figure class=\"wp-block-image size-medium\"><img fetchpriority=\"high\" decoding=\"async\" width=\"270\" height=\"300\" data-id=\"6979\" src=\"https:\/\/weareesp.com\/www\/wp-content\/uploads\/2023\/03\/12e461_d572a4b7d59a4ef7801e574684c2e599_mv2-270x300.webp\" alt=\"\" class=\"wp-image-6979\" srcset=\"https:\/\/weareesp.com\/www\/wp-content\/uploads\/2023\/03\/12e461_d572a4b7d59a4ef7801e574684c2e599_mv2-270x300.webp 270w, https:\/\/weareesp.com\/www\/wp-content\/uploads\/2023\/03\/12e461_d572a4b7d59a4ef7801e574684c2e599_mv2.webp 640w\" sizes=\"(max-width: 270px) 100vw, 270px\" \/><\/figure>\n\n\n\n<figure class=\"wp-block-image size-medium\"><img decoding=\"async\" width=\"300\" height=\"300\" data-id=\"6065\" src=\"https:\/\/weareesp.com\/www\/wp-content\/uploads\/2023\/02\/kinezi-4-300x300.jpg\" alt=\"\" class=\"wp-image-6065\" srcset=\"https:\/\/weareesp.com\/www\/wp-content\/uploads\/2023\/02\/kinezi-4-300x300.jpg 300w, https:\/\/weareesp.com\/www\/wp-content\/uploads\/2023\/02\/kinezi-4-1024x1024.jpg 1024w, https:\/\/weareesp.com\/www\/wp-content\/uploads\/2023\/02\/kinezi-4-150x150.jpg 150w, https:\/\/weareesp.com\/www\/wp-content\/uploads\/2023\/02\/kinezi-4-768x768.jpg 768w, https:\/\/weareesp.com\/www\/wp-content\/uploads\/2023\/02\/kinezi-4-1536x1536.jpg 1536w, https:\/\/weareesp.com\/www\/wp-content\/uploads\/2023\/02\/kinezi-4.jpg 1600w\" sizes=\"(max-width: 300px) 100vw, 300px\" \/><\/figure>\n\n\n\n<figure class=\"wp-block-image size-medium\"><img decoding=\"async\" data-id=\"5854\" src=\"https:\/\/weareesp.com\/www\/wp-content\/uploads\/2023\/02\/WhatsApp-Image-2023-01-29-at-23.20.04.jpg\" alt=\"\" class=\"wp-image-5854\"\/><\/figure>\n<\/figure>\n<\/div>","protected":false},"excerpt":{"rendered":"<p>Wat is Kin\u00e9sitherapie: &#13; Kin\u00e9sith\u00e9rapie is bewegingstherapie. De kin\u00e9sitherapeut heeft dus de missie om een \u200b\u200bmens te revalideren of te [&hellip;]<\/p>\n","protected":false},"author":3,"featured_media":3214,"parent":3278,"menu_order":0,"comment_status":"closed","ping_status":"closed","template":"templates\/tpl-services.php","meta":{"_acf_changed":false,"_themeisle_gutenberg_block_has_review":false,"footnotes":""},"class_list":["post-7043","page","type-page","status-publish","has-post-thumbnail","hentry"],"featured_image_src":"https:\/\/weareesp.com\/www\/wp-content\/uploads\/2022\/06\/esp-services-physical-therapy-2531-copyright-laetizia-bazzoni.jpg","acf":[],"yoast_head":"<!-- This site is optimized with the Yoast SEO plugin v27.4 - https:\/\/yoast.com\/product\/yoast-seo-wordpress\/ -->\n<title>Kinesitherapie ESP Brussel &amp; Kortenberg \u2013 REHAB<\/title>\n<meta name=\"description\" content=\"Op zoek naar kwaliteitsfysiotherapie in Brussel &amp; Kortenberg? ESP biedt persoonlijke revalidatiezorg om u volledig te laten herstellen en pijnvrij te leven. Maak vandaag nog een afspraak voor deskundige zorg!\" \/>\n<meta name=\"robots\" content=\"index, follow, max-snippet:-1, max-image-preview:large, max-video-preview:-1\" \/>\n<link rel=\"canonical\" href=\"https:\/\/weareesp.com\/nl\/diensten\/rehab\/kinesitherapie-brussel-kortenberg\/\" \/>\n<meta property=\"og:locale\" content=\"nl_NL\" \/>\n<meta property=\"og:type\" content=\"article\" \/>\n<meta property=\"og:title\" content=\"Kinesitherapie ESP Brussel &amp; Kortenberg \u2013 REHAB\" \/>\n<meta property=\"og:description\" content=\"Op zoek naar kwaliteitsfysiotherapie in Brussel &amp; Kortenberg? ESP biedt persoonlijke revalidatiezorg om u volledig te laten herstellen en pijnvrij te leven. Maak vandaag nog een afspraak voor deskundige zorg!\" \/>\n<meta property=\"og:url\" content=\"https:\/\/weareesp.com\/nl\/diensten\/rehab\/kinesitherapie-brussel-kortenberg\/\" \/>\n<meta property=\"og:site_name\" content=\"ESP\" \/>\n<meta property=\"article:publisher\" content=\"https:\/\/fr-fr.facebook.com\/elite.sport.performance.rolandclaes\/\" \/>\n<meta property=\"article:modified_time\" content=\"2024-10-27T13:26:39+00:00\" \/>\n<meta property=\"og:image\" content=\"https:\/\/weareesp.com\/www\/wp-content\/uploads\/2022\/06\/esp-services-physical-therapy-2531-copyright-laetizia-bazzoni.jpg\" \/>\n\t<meta property=\"og:image:width\" content=\"1650\" \/>\n\t<meta property=\"og:image:height\" content=\"1100\" \/>\n\t<meta property=\"og:image:type\" content=\"image\/jpeg\" \/>\n<meta name=\"twitter:card\" content=\"summary_large_image\" \/>\n<meta name=\"twitter:label1\" content=\"Geschatte leestijd\" \/>\n\t<meta name=\"twitter:data1\" content=\"1 minuut\" \/>\n<script type=\"application\/ld+json\" class=\"yoast-schema-graph\">{\"@context\":\"https:\\\/\\\/schema.org\",\"@graph\":[{\"@type\":\"WebPage\",\"@id\":\"https:\\\/\\\/weareesp.com\\\/nl\\\/diensten\\\/rehab\\\/kinesitherapie-brussel-kortenberg\\\/\",\"url\":\"https:\\\/\\\/weareesp.com\\\/nl\\\/diensten\\\/rehab\\\/kinesitherapie-brussel-kortenberg\\\/\",\"name\":\"Kinesitherapie ESP Brussel & Kortenberg \u2013 REHAB\",\"isPartOf\":{\"@id\":\"https:\\\/\\\/weareesp.com\\\/nl\\\/#website\"},\"primaryImageOfPage\":{\"@id\":\"https:\\\/\\\/weareesp.com\\\/nl\\\/diensten\\\/rehab\\\/kinesitherapie-brussel-kortenberg\\\/#primaryimage\"},\"image\":{\"@id\":\"https:\\\/\\\/weareesp.com\\\/nl\\\/diensten\\\/rehab\\\/kinesitherapie-brussel-kortenberg\\\/#primaryimage\"},\"thumbnailUrl\":\"https:\\\/\\\/weareesp.com\\\/www\\\/wp-content\\\/uploads\\\/2022\\\/06\\\/esp-services-physical-therapy-2531-copyright-laetizia-bazzoni.jpg\",\"datePublished\":\"2023-04-10T12:12:05+00:00\",\"dateModified\":\"2024-10-27T13:26:39+00:00\",\"description\":\"Op zoek naar kwaliteitsfysiotherapie in Brussel & Kortenberg? ESP biedt persoonlijke revalidatiezorg om u volledig te laten herstellen en pijnvrij te leven. Maak vandaag nog een afspraak voor deskundige zorg!\",\"breadcrumb\":{\"@id\":\"https:\\\/\\\/weareesp.com\\\/nl\\\/diensten\\\/rehab\\\/kinesitherapie-brussel-kortenberg\\\/#breadcrumb\"},\"inLanguage\":\"nl-NL\",\"potentialAction\":[{\"@type\":\"ReadAction\",\"target\":[\"https:\\\/\\\/weareesp.com\\\/nl\\\/diensten\\\/rehab\\\/kinesitherapie-brussel-kortenberg\\\/\"]}]},{\"@type\":\"ImageObject\",\"inLanguage\":\"nl-NL\",\"@id\":\"https:\\\/\\\/weareesp.com\\\/nl\\\/diensten\\\/rehab\\\/kinesitherapie-brussel-kortenberg\\\/#primaryimage\",\"url\":\"https:\\\/\\\/weareesp.com\\\/www\\\/wp-content\\\/uploads\\\/2022\\\/06\\\/esp-services-physical-therapy-2531-copyright-laetizia-bazzoni.jpg\",\"contentUrl\":\"https:\\\/\\\/weareesp.com\\\/www\\\/wp-content\\\/uploads\\\/2022\\\/06\\\/esp-services-physical-therapy-2531-copyright-laetizia-bazzoni.jpg\",\"width\":1650,\"height\":1100,\"caption\":\"Service : Fysiotherapie\"},{\"@type\":\"BreadcrumbList\",\"@id\":\"https:\\\/\\\/weareesp.com\\\/nl\\\/diensten\\\/rehab\\\/kinesitherapie-brussel-kortenberg\\\/#breadcrumb\",\"itemListElement\":[{\"@type\":\"ListItem\",\"position\":1,\"name\":\"Home\",\"item\":\"https:\\\/\\\/weareesp.com\\\/nl\\\/\"},{\"@type\":\"ListItem\",\"position\":2,\"name\":\"Diensten\",\"item\":\"https:\\\/\\\/weareesp.com\\\/nl\\\/diensten\\\/\"},{\"@type\":\"ListItem\",\"position\":3,\"name\":\"Revalidatie\",\"item\":\"https:\\\/\\\/weareesp.com\\\/nl\\\/diensten\\\/rehab\\\/\"},{\"@type\":\"ListItem\",\"position\":4,\"name\":\"Kinesitherapie\"}]},{\"@type\":\"WebSite\",\"@id\":\"https:\\\/\\\/weareesp.com\\\/nl\\\/#website\",\"url\":\"https:\\\/\\\/weareesp.com\\\/nl\\\/\",\"name\":\"ESP\",\"description\":\"Elite Sport Performance\",\"publisher\":{\"@id\":\"https:\\\/\\\/weareesp.com\\\/nl\\\/#organization\"},\"potentialAction\":[{\"@type\":\"SearchAction\",\"target\":{\"@type\":\"EntryPoint\",\"urlTemplate\":\"https:\\\/\\\/weareesp.com\\\/nl\\\/?s={search_term_string}\"},\"query-input\":{\"@type\":\"PropertyValueSpecification\",\"valueRequired\":true,\"valueName\":\"search_term_string\"}}],\"inLanguage\":\"nl-NL\"},{\"@type\":\"Organization\",\"@id\":\"https:\\\/\\\/weareesp.com\\\/nl\\\/#organization\",\"name\":\"ESP - Elite Sport Performance\",\"url\":\"https:\\\/\\\/weareesp.com\\\/nl\\\/\",\"logo\":{\"@type\":\"ImageObject\",\"inLanguage\":\"nl-NL\",\"@id\":\"https:\\\/\\\/weareesp.com\\\/nl\\\/#\\\/schema\\\/logo\\\/image\\\/\",\"url\":\"https:\\\/\\\/weareesp.com\\\/www\\\/wp-content\\\/uploads\\\/2022\\\/05\\\/logo-esp.svg\",\"contentUrl\":\"https:\\\/\\\/weareesp.com\\\/www\\\/wp-content\\\/uploads\\\/2022\\\/05\\\/logo-esp.svg\",\"width\":1,\"height\":1,\"caption\":\"ESP - Elite Sport Performance\"},\"image\":{\"@id\":\"https:\\\/\\\/weareesp.com\\\/nl\\\/#\\\/schema\\\/logo\\\/image\\\/\"},\"sameAs\":[\"https:\\\/\\\/fr-fr.facebook.com\\\/elite.sport.performance.rolandclaes\\\/\",\"https:\\\/\\\/www.instagram.com\\\/weareesp\\\/\",\"https:\\\/\\\/www.linkedin.com\\\/company\\\/weareesp\\\/?viewAsMember=true\"]}]}<\/script>\n<!-- \/ Yoast SEO plugin. -->","yoast_head_json":{"title":"Kinesitherapie ESP Brussel & Kortenberg \u2013 REHAB","description":"Op zoek naar kwaliteitsfysiotherapie in Brussel & Kortenberg? ESP biedt persoonlijke revalidatiezorg om u volledig te laten herstellen en pijnvrij te leven. Maak vandaag nog een afspraak voor deskundige zorg!","robots":{"index":"index","follow":"follow","max-snippet":"max-snippet:-1","max-image-preview":"max-image-preview:large","max-video-preview":"max-video-preview:-1"},"canonical":"https:\/\/weareesp.com\/nl\/diensten\/rehab\/kinesitherapie-brussel-kortenberg\/","og_locale":"nl_NL","og_type":"article","og_title":"Kinesitherapie ESP Brussel & Kortenberg \u2013 REHAB","og_description":"Op zoek naar kwaliteitsfysiotherapie in Brussel & Kortenberg? ESP biedt persoonlijke revalidatiezorg om u volledig te laten herstellen en pijnvrij te leven. Maak vandaag nog een afspraak voor deskundige zorg!","og_url":"https:\/\/weareesp.com\/nl\/diensten\/rehab\/kinesitherapie-brussel-kortenberg\/","og_site_name":"ESP","article_publisher":"https:\/\/fr-fr.facebook.com\/elite.sport.performance.rolandclaes\/","article_modified_time":"2024-10-27T13:26:39+00:00","og_image":[{"width":1650,"height":1100,"url":"https:\/\/weareesp.com\/www\/wp-content\/uploads\/2022\/06\/esp-services-physical-therapy-2531-copyright-laetizia-bazzoni.jpg","type":"image\/jpeg"}],"twitter_card":"summary_large_image","twitter_misc":{"Geschatte leestijd":"1 minuut"},"schema":{"@context":"https:\/\/schema.org","@graph":[{"@type":"WebPage","@id":"https:\/\/weareesp.com\/nl\/diensten\/rehab\/kinesitherapie-brussel-kortenberg\/","url":"https:\/\/weareesp.com\/nl\/diensten\/rehab\/kinesitherapie-brussel-kortenberg\/","name":"Kinesitherapie ESP Brussel & Kortenberg \u2013 REHAB","isPartOf":{"@id":"https:\/\/weareesp.com\/nl\/#website"},"primaryImageOfPage":{"@id":"https:\/\/weareesp.com\/nl\/diensten\/rehab\/kinesitherapie-brussel-kortenberg\/#primaryimage"},"image":{"@id":"https:\/\/weareesp.com\/nl\/diensten\/rehab\/kinesitherapie-brussel-kortenberg\/#primaryimage"},"thumbnailUrl":"https:\/\/weareesp.com\/www\/wp-content\/uploads\/2022\/06\/esp-services-physical-therapy-2531-copyright-laetizia-bazzoni.jpg","datePublished":"2023-04-10T12:12:05+00:00","dateModified":"2024-10-27T13:26:39+00:00","description":"Op zoek naar kwaliteitsfysiotherapie in Brussel & Kortenberg? ESP biedt persoonlijke revalidatiezorg om u volledig te laten herstellen en pijnvrij te leven. Maak vandaag nog een afspraak voor deskundige zorg!","breadcrumb":{"@id":"https:\/\/weareesp.com\/nl\/diensten\/rehab\/kinesitherapie-brussel-kortenberg\/#breadcrumb"},"inLanguage":"nl-NL","potentialAction":[{"@type":"ReadAction","target":["https:\/\/weareesp.com\/nl\/diensten\/rehab\/kinesitherapie-brussel-kortenberg\/"]}]},{"@type":"ImageObject","inLanguage":"nl-NL","@id":"https:\/\/weareesp.com\/nl\/diensten\/rehab\/kinesitherapie-brussel-kortenberg\/#primaryimage","url":"https:\/\/weareesp.com\/www\/wp-content\/uploads\/2022\/06\/esp-services-physical-therapy-2531-copyright-laetizia-bazzoni.jpg","contentUrl":"https:\/\/weareesp.com\/www\/wp-content\/uploads\/2022\/06\/esp-services-physical-therapy-2531-copyright-laetizia-bazzoni.jpg","width":1650,"height":1100,"caption":"Service : Fysiotherapie"},{"@type":"BreadcrumbList","@id":"https:\/\/weareesp.com\/nl\/diensten\/rehab\/kinesitherapie-brussel-kortenberg\/#breadcrumb","itemListElement":[{"@type":"ListItem","position":1,"name":"Home","item":"https:\/\/weareesp.com\/nl\/"},{"@type":"ListItem","position":2,"name":"Diensten","item":"https:\/\/weareesp.com\/nl\/diensten\/"},{"@type":"ListItem","position":3,"name":"Revalidatie","item":"https:\/\/weareesp.com\/nl\/diensten\/rehab\/"},{"@type":"ListItem","position":4,"name":"Kinesitherapie"}]},{"@type":"WebSite","@id":"https:\/\/weareesp.com\/nl\/#website","url":"https:\/\/weareesp.com\/nl\/","name":"ESP","description":"Elite Sport Performance","publisher":{"@id":"https:\/\/weareesp.com\/nl\/#organization"},"potentialAction":[{"@type":"SearchAction","target":{"@type":"EntryPoint","urlTemplate":"https:\/\/weareesp.com\/nl\/?s={search_term_string}"},"query-input":{"@type":"PropertyValueSpecification","valueRequired":true,"valueName":"search_term_string"}}],"inLanguage":"nl-NL"},{"@type":"Organization","@id":"https:\/\/weareesp.com\/nl\/#organization","name":"ESP - Elite Sport Performance","url":"https:\/\/weareesp.com\/nl\/","logo":{"@type":"ImageObject","inLanguage":"nl-NL","@id":"https:\/\/weareesp.com\/nl\/#\/schema\/logo\/image\/","url":"https:\/\/weareesp.com\/www\/wp-content\/uploads\/2022\/05\/logo-esp.svg","contentUrl":"https:\/\/weareesp.com\/www\/wp-content\/uploads\/2022\/05\/logo-esp.svg","width":1,"height":1,"caption":"ESP - Elite Sport Performance"},"image":{"@id":"https:\/\/weareesp.com\/nl\/#\/schema\/logo\/image\/"},"sameAs":["https:\/\/fr-fr.facebook.com\/elite.sport.performance.rolandclaes\/","https:\/\/www.instagram.com\/weareesp\/","https:\/\/www.linkedin.com\/company\/weareesp\/?viewAsMember=true"]}]}},"_links":{"self":[{"href":"https:\/\/weareesp.com\/nl\/wp-json\/wp\/v2\/pages\/7043","targetHints":{"allow":["GET"]}}],"collection":[{"href":"https:\/\/weareesp.com\/nl\/wp-json\/wp\/v2\/pages"}],"about":[{"href":"https:\/\/weareesp.com\/nl\/wp-json\/wp\/v2\/types\/page"}],"author":[{"embeddable":true,"href":"https:\/\/weareesp.com\/nl\/wp-json\/wp\/v2\/users\/3"}],"replies":[{"embeddable":true,"href":"https:\/\/weareesp.com\/nl\/wp-json\/wp\/v2\/comments?post=7043"}],"version-history":[{"count":8,"href":"https:\/\/weareesp.com\/nl\/wp-json\/wp\/v2\/pages\/7043\/revisions"}],"predecessor-version":[{"id":10095,"href":"https:\/\/weareesp.com\/nl\/wp-json\/wp\/v2\/pages\/7043\/revisions\/10095"}],"up":[{"embeddable":true,"href":"https:\/\/weareesp.com\/nl\/wp-json\/wp\/v2\/pages\/3278"}],"wp:featuredmedia":[{"embeddable":true,"href":"https:\/\/weareesp.com\/nl\/wp-json\/wp\/v2\/media\/3214"}],"wp:attachment":[{"href":"https:\/\/weareesp.com\/nl\/wp-json\/wp\/v2\/media?parent=7043"}],"curies":[{"name":"wp","href":"https:\/\/api.w.org\/{rel}","templated":true}]}}